{"id":97,"date":"2013-03-25T09:35:37","date_gmt":"2013-03-25T09:35:37","guid":{"rendered":"https:\/\/avaldsnes.info\/?page_id=97"},"modified":"2016-09-09T11:04:29","modified_gmt":"2016-09-09T11:04:29","slug":"subpage","status":"publish","type":"page","link":"https:\/\/avaldsnes.info\/en\/viking\/subpage\/","title":{"rendered":"Viking voyages"},"content":{"rendered":"<p><span style=\"color: #888888;\">Text: Marit Synn\u00f8ve Vea<\/span><\/p>\n<div id=\"attachment_4611\" style=\"width: 310px\" class=\"wp-caption aligncenter\"><a href=\"https:\/\/avaldsnes.info\/content\/uploads\/2013\/03\/kart-vikingferdene.-Revidert.jpg\"><img loading=\"lazy\" decoding=\"async\" aria-describedby=\"caption-attachment-4611\" class=\"size-medium wp-image-4611\" src=\"https:\/\/avaldsnes.info\/content\/uploads\/2013\/03\/kart-vikingferdene.-Revidert-300x300.jpg\" alt=\"The Viking Voyages. (Illustration Dag Frognes)\" width=\"300\" height=\"300\" srcset=\"https:\/\/avaldsnes.info\/content\/uploads\/2013\/03\/kart-vikingferdene.-Revidert-300x300.jpg 300w, https:\/\/avaldsnes.info\/content\/uploads\/2013\/03\/kart-vikingferdene.-Revidert-150x150.jpg 150w, https:\/\/avaldsnes.info\/content\/uploads\/2013\/03\/kart-vikingferdene.-Revidert-109x109.jpg 109w, https:\/\/avaldsnes.info\/content\/uploads\/2013\/03\/kart-vikingferdene.-Revidert-100x100.jpg 100w, https:\/\/avaldsnes.info\/content\/uploads\/2013\/03\/kart-vikingferdene.-Revidert.jpg 1000w\" sizes=\"(max-width: 300px) 100vw, 300px\" \/><\/a><p id=\"caption-attachment-4611\" class=\"wp-caption-text\">The Viking Voyages. (Illustration Dag Frognes)<\/p><\/div>\n<p>The Vikings are famous as seafarers and explorers. They sailed over greater distances than anyone else at that time; from Vinland in the west to Asia Minor in the east, and perhaps even farther. This was due both to the unique seaworthiness of the Viking ships, and the Norsemen\u2019s skill as a sailors and navigators.<\/p>\n<p>Some Viking voyages were plundering expeditions. It is these Viking raids we hear most about. But the long journeys of the Norsemen were often motivated by factors other than looting. Some travelled to be &#8220;mercenaries&#8221; for combatant rulers abroad. Other voyages were primarily trading or emigration journeys, while still others have the character of being pure journeys of discoveriy.<\/p>\n<p><strong>WHY DID THE VIKING RAIDS START?<\/strong><br \/>\nHere are some of the most usual reasons given:<\/p>\n<p><strong>Population explosion:<\/strong> The Vikings&#8217; travels were at first pirate expeditions, but gradually they developed into voyages of emigration.<br \/>\n<b>Internal, political conditions:<\/b> Disputes and struggles between different pretenders to the throne.<br \/>\n<b>Social conditions<\/b>: They were forced by poverty. \u00a0(This is not very probable since those who equipped the Viking raids were rich)<br \/>\n<b>Protection of trading routes:<\/b> Between Scandinavia, Friesland and England.<br \/>\n<b>Climate changes<\/b>: Warmer climate meant that new areas could be settled, eg. Greenland.<br \/>\n<b>Opportunities for trade and ravaging<\/b>: Closely connected with Charles the Great\u2019s warfare on the Continent<br \/>\n<b>The Viking raids were military attacks<\/b>:\u00a0 A kind of \u201cguerrilla warfare\u201d to defend themselves against the aggression of Charles the Great.<\/p>\n<div id=\"attachment_1703\" style=\"width: 310px\" class=\"wp-caption aligncenter\"><a href=\"https:\/\/avaldsnes.info\/content\/uploads\/2013\/03\/800px-Authentic_Viking_recreation.jpg\"><img loading=\"lazy\" decoding=\"async\" aria-describedby=\"caption-attachment-1703\" class=\"size-medium wp-image-1703\" src=\"https:\/\/avaldsnes.info\/content\/uploads\/2013\/03\/800px-Authentic_Viking_recreation-300x225.jpg\" alt=\"Rekonstruert hus etter norr\u00f8ne tufter funnet p\u00e5  Newfoundland, Canada. (Foto Dylan Kereluk, Wikimedia Commons)\" width=\"300\" height=\"225\" srcset=\"https:\/\/avaldsnes.info\/content\/uploads\/2013\/03\/800px-Authentic_Viking_recreation-300x225.jpg 300w, https:\/\/avaldsnes.info\/content\/uploads\/2013\/03\/800px-Authentic_Viking_recreation.jpg 800w\" sizes=\"(max-width: 300px) 100vw, 300px\" \/><\/a><p id=\"caption-attachment-1703\" class=\"wp-caption-text\">Reconstructed longhouse on a Norse settlement found in\u00a0 Newfoundland, Canada. (Photo Dylan Kereluk, Wikimedia Commons)<\/p><\/div>\n<p><strong>WHERE DID THE VIKINGS TRAVEL?<\/strong><br \/>\n<strong>Swedish Vikings<\/strong>: Mostly eastwards, they have also been hold responsible for giving name to Russia.<br \/>\n<strong>Danish Vikings:<\/strong> Mostly to Southern England and the Continent. They established a kingdom in England called Danelaw.<br \/>\n<strong>Norwegian Vikings:<\/strong> Mostly westward. Iceland, Greenland, North America, islands in the North Sea and Northern Atlantic, Ireland, Scotland, Northern England<\/p>\n<p><strong>NORWEGIAN SEA VOYAGES<\/strong><br \/>\nNorway is an elongated country with deep fjords and mountains that make it difficult to travel by land. But Norway has a long coastline, and for most Norwegians the sea was the main route, and the boats and ships\u00a0were the most common mode of transport. This is also reflected in the fact that Norway has been named after the fairway along the coast &#8211; The North Way &#8211; and not after land areas within or after the groups of people who lived in the country.<\/p>\n<p><strong>The Danish professor Johannes Br\u00f8ndsted formulates it this way in his book VIKINGENE (Gyldendal Oslo 1961):<\/strong><br \/>\n<em>Norway has its face turned to the West, towards the great ocean and its islands. It was first and foremost Norwegians who, more often than all other Scandinavians, both before and during the Viking era defied the powerful, ice-grey North Atlantic and its storms, even though they had no idea what they could hope to find.<\/em><\/p>\n<div id=\"attachment_1710\" style=\"width: 310px\" class=\"wp-caption aligncenter\"><a href=\"https:\/\/avaldsnes.info\/content\/uploads\/2013\/03\/Halfdan-i-Haga-Sofia.-Wikimedia-commons.jpg\"><img loading=\"lazy\" decoding=\"async\" aria-describedby=\"caption-attachment-1710\" class=\"size-medium wp-image-1710 \" src=\"https:\/\/avaldsnes.info\/content\/uploads\/2013\/03\/Halfdan-i-Haga-Sofia.-Wikimedia-commons-300x225.jpg\" alt=\"En av to runeinnskrifter i Haga Sofia i Konstantinopel. Bare navnet Halfdan er tolket. Han tilh\u00f8rte trolig keiserens skandinaviske livgarde kalt v\u00e6ringene. (Foto Wikimedia Commons)  \" width=\"300\" height=\"225\" srcset=\"https:\/\/avaldsnes.info\/content\/uploads\/2013\/03\/Halfdan-i-Haga-Sofia.-Wikimedia-commons-300x225.jpg 300w, https:\/\/avaldsnes.info\/content\/uploads\/2013\/03\/Halfdan-i-Haga-Sofia.-Wikimedia-commons.jpg 800w\" sizes=\"(max-width: 300px) 100vw, 300px\" \/><\/a><p id=\"caption-attachment-1710\" class=\"wp-caption-text\">One of two runic inscriptions in Haga Sophia in Constantinople. Only the name Halfdan is interpreted. He probably belonged to the Emperor&#8217;s bodyguards called Varangians (V\u00e6ringer). (Photo Wikimedia Commons)<\/p><\/div>\n<p><em>In a way, the Norwegian, westerly area was divided into two: Firstly, a southerly area consisting of the islands of Northern Scotland, which were populated by Norwegians at the beginning of the Viking Age. From here, they went on to cover the Scottish coasts, Ireland and the Isle of Man, then all the Irish and England coastlands surrounding the Irish Sea, which in Viking times was rightly called the Norwegian Sea. From here, the Norwegians penetrated far into England from the Northwest, fighting against their Danish rivals. Subsequently, the area of the Vikings expanded with explosive speed so that it stretched to the North and then the South of France and southwards to the Mediterranean. France was the West European playground for both Norwegian and Danish Viking raids.<\/em><\/p>\n<p><em>Later on, the northernmost part of the Norwegian area of interest encompassed the Faeroe Islands, Iceland and Greenland and the wide scope of these raids was to a large part due to the pressure that Harald Fairhair was putting on Norwegian earls, chieftains and freemen, as he ruthlessly and determinedly strove to unite Norway under one throne.<\/em><\/p>\n<p><em>These later voyages from Norway over the North Atlantic were not plundering raids or piracy of the usual kind but were necessitated by particular circumstances and should be regarded as daring attempts to colonise foreign territories. For the areas they covered were both bleak and isolated.<\/em><\/p>","protected":false},"excerpt":{"rendered":"<p>Text: Marit Synn\u00f8ve Vea The Vikings are famous as seafarers and explorers. They sailed over greater distances than anyone else at that time; from Vinland in the west to Asia Minor in the east, and perhaps even farther. This was due both to the unique seaworthiness of the Viking ships, and the Norsemen\u2019s skill as [&hellip;]<\/p>\n","protected":false},"author":1,"featured_media":0,"parent":20,"menu_order":1,"comment_status":"closed","ping_status":"open","template":"","meta":{"footnotes":""},"yoast_head":"<!-- This site is optimized with the Yoast SEO plugin v27.1.1 - https:\/\/yoast.com\/product\/yoast-seo-wordpress\/ -->\n<title>Vikingferder vikingtokt vikingskip<\/title>\n<meta name=\"description\" content=\"Vikingene er kjente som sj\u00f8farere og oppdagere. De seilte over st\u00f8rre avstander enn noen andre i sin samtid. Dette skyldtes b\u00e5de de enest\u00e5ende vikingskipene, og vikingenes dyktighet som sj\u00f8folk og navigat\u00f8rer.\" \/>\n<meta name=\"robots\" content=\"index, follow, max-snippet:-1, max-image-preview:large, max-video-preview:-1\" \/>\n<link rel=\"canonical\" href=\"https:\/\/avaldsnes.info\/en\/viking\/subpage\/\" \/>\n<meta property=\"og:locale\" content=\"en_US\" \/>\n<meta property=\"og:type\" content=\"article\" \/>\n<meta property=\"og:title\" content=\"Vikingferder vikingtokt vikingskip\" \/>\n<meta property=\"og:description\" content=\"Vikingene er kjente som sj\u00f8farere og oppdagere. De seilte over st\u00f8rre avstander enn noen andre i sin samtid. Dette skyldtes b\u00e5de de enest\u00e5ende vikingskipene, og vikingenes dyktighet som sj\u00f8folk og navigat\u00f8rer.\" \/>\n<meta property=\"og:url\" content=\"https:\/\/avaldsnes.info\/en\/viking\/subpage\/\" \/>\n<meta property=\"og:site_name\" content=\"Avaldsnes\" \/>\n<meta property=\"article:modified_time\" content=\"2016-09-09T11:04:29+00:00\" \/>\n<meta property=\"og:image\" content=\"https:\/\/avaldsnes.info\/content\/uploads\/2013\/03\/kart-vikingferdene.-Revidert-300x300.jpg\" \/>\n<meta name=\"twitter:label1\" content=\"Est. reading time\" \/>\n\t<meta name=\"twitter:data1\" content=\"8 minutes\" \/>\n<script type=\"application\/ld+json\" class=\"yoast-schema-graph\">{\"@context\":\"https:\/\/schema.org\",\"@graph\":[{\"@type\":\"WebPage\",\"@id\":\"https:\/\/avaldsnes.info\/en\/viking\/subpage\/\",\"url\":\"https:\/\/avaldsnes.info\/en\/viking\/subpage\/\",\"name\":\"Vikingferder vikingtokt vikingskip\",\"isPartOf\":{\"@id\":\"https:\/\/avaldsnes.info\/en\/#website\"},\"primaryImageOfPage\":{\"@id\":\"https:\/\/avaldsnes.info\/en\/viking\/subpage\/#primaryimage\"},\"image\":{\"@id\":\"https:\/\/avaldsnes.info\/en\/viking\/subpage\/#primaryimage\"},\"thumbnailUrl\":\"https:\/\/avaldsnes.info\/content\/uploads\/2013\/03\/kart-vikingferdene.-Revidert-300x300.jpg\",\"datePublished\":\"2013-03-25T09:35:37+00:00\",\"dateModified\":\"2016-09-09T11:04:29+00:00\",\"description\":\"Vikingene er kjente som sj\u00f8farere og oppdagere. De seilte over st\u00f8rre avstander enn noen andre i sin samtid. Dette skyldtes b\u00e5de de enest\u00e5ende vikingskipene, og vikingenes dyktighet som sj\u00f8folk og navigat\u00f8rer.\",\"breadcrumb\":{\"@id\":\"https:\/\/avaldsnes.info\/en\/viking\/subpage\/#breadcrumb\"},\"inLanguage\":\"en-US\",\"potentialAction\":[{\"@type\":\"ReadAction\",\"target\":[[\"https:\/\/avaldsnes.info\/en\/viking\/subpage\/\"]]}]},{\"@type\":\"ImageObject\",\"inLanguage\":\"en-US\",\"@id\":\"https:\/\/avaldsnes.info\/en\/viking\/subpage\/#primaryimage\",\"url\":\"https:\/\/avaldsnes.info\/content\/uploads\/2013\/03\/kart-vikingferdene.-Revidert-300x300.jpg\",\"contentUrl\":\"https:\/\/avaldsnes.info\/content\/uploads\/2013\/03\/kart-vikingferdene.-Revidert-300x300.jpg\"},{\"@type\":\"BreadcrumbList\",\"@id\":\"https:\/\/avaldsnes.info\/en\/viking\/subpage\/#breadcrumb\",\"itemListElement\":[{\"@type\":\"ListItem\",\"position\":1,\"name\":\"Home\",\"item\":\"https:\/\/avaldsnes.info\/en\/\"},{\"@type\":\"ListItem\",\"position\":2,\"name\":\"Viking voyages\"}]},{\"@type\":\"WebSite\",\"@id\":\"https:\/\/avaldsnes.info\/en\/#website\",\"url\":\"https:\/\/avaldsnes.info\/en\/\",\"name\":\"Avaldsnes\",\"description\":\"Norges eldste kongesete\",\"potentialAction\":[{\"@type\":\"SearchAction\",\"target\":{\"@type\":\"EntryPoint\",\"urlTemplate\":\"https:\/\/avaldsnes.info\/en\/?s={search_term_string}\"},\"query-input\":{\"@type\":\"PropertyValueSpecification\",\"valueRequired\":true,\"valueName\":\"search_term_string\"}}],\"inLanguage\":\"en-US\"}]}<\/script>\n<!-- \/ Yoast SEO plugin. -->","yoast_head_json":{"title":"Vikingferder vikingtokt vikingskip","description":"Vikingene er kjente som sj\u00f8farere og oppdagere. De seilte over st\u00f8rre avstander enn noen andre i sin samtid. Dette skyldtes b\u00e5de de enest\u00e5ende vikingskipene, og vikingenes dyktighet som sj\u00f8folk og navigat\u00f8rer.","robots":{"index":"index","follow":"follow","max-snippet":"max-snippet:-1","max-image-preview":"max-image-preview:large","max-video-preview":"max-video-preview:-1"},"canonical":"https:\/\/avaldsnes.info\/en\/viking\/subpage\/","og_locale":"en_US","og_type":"article","og_title":"Vikingferder vikingtokt vikingskip","og_description":"Vikingene er kjente som sj\u00f8farere og oppdagere. De seilte over st\u00f8rre avstander enn noen andre i sin samtid. Dette skyldtes b\u00e5de de enest\u00e5ende vikingskipene, og vikingenes dyktighet som sj\u00f8folk og navigat\u00f8rer.","og_url":"https:\/\/avaldsnes.info\/en\/viking\/subpage\/","og_site_name":"Avaldsnes","article_modified_time":"2016-09-09T11:04:29+00:00","og_image":[{"url":"https:\/\/avaldsnes.info\/content\/uploads\/2013\/03\/kart-vikingferdene.-Revidert-300x300.jpg","type":"","width":"","height":""}],"twitter_misc":{"Est. reading time":"8 minutes"},"schema":{"@context":"https:\/\/schema.org","@graph":[{"@type":"WebPage","@id":"https:\/\/avaldsnes.info\/en\/viking\/subpage\/","url":"https:\/\/avaldsnes.info\/en\/viking\/subpage\/","name":"Vikingferder vikingtokt vikingskip","isPartOf":{"@id":"https:\/\/avaldsnes.info\/en\/#website"},"primaryImageOfPage":{"@id":"https:\/\/avaldsnes.info\/en\/viking\/subpage\/#primaryimage"},"image":{"@id":"https:\/\/avaldsnes.info\/en\/viking\/subpage\/#primaryimage"},"thumbnailUrl":"https:\/\/avaldsnes.info\/content\/uploads\/2013\/03\/kart-vikingferdene.-Revidert-300x300.jpg","datePublished":"2013-03-25T09:35:37+00:00","dateModified":"2016-09-09T11:04:29+00:00","description":"Vikingene er kjente som sj\u00f8farere og oppdagere. De seilte over st\u00f8rre avstander enn noen andre i sin samtid. Dette skyldtes b\u00e5de de enest\u00e5ende vikingskipene, og vikingenes dyktighet som sj\u00f8folk og navigat\u00f8rer.","breadcrumb":{"@id":"https:\/\/avaldsnes.info\/en\/viking\/subpage\/#breadcrumb"},"inLanguage":"en-US","potentialAction":[{"@type":"ReadAction","target":[["https:\/\/avaldsnes.info\/en\/viking\/subpage\/"]]}]},{"@type":"ImageObject","inLanguage":"en-US","@id":"https:\/\/avaldsnes.info\/en\/viking\/subpage\/#primaryimage","url":"https:\/\/avaldsnes.info\/content\/uploads\/2013\/03\/kart-vikingferdene.-Revidert-300x300.jpg","contentUrl":"https:\/\/avaldsnes.info\/content\/uploads\/2013\/03\/kart-vikingferdene.-Revidert-300x300.jpg"},{"@type":"BreadcrumbList","@id":"https:\/\/avaldsnes.info\/en\/viking\/subpage\/#breadcrumb","itemListElement":[{"@type":"ListItem","position":1,"name":"Home","item":"https:\/\/avaldsnes.info\/en\/"},{"@type":"ListItem","position":2,"name":"Viking voyages"}]},{"@type":"WebSite","@id":"https:\/\/avaldsnes.info\/en\/#website","url":"https:\/\/avaldsnes.info\/en\/","name":"Avaldsnes","description":"Norges eldste kongesete","potentialAction":[{"@type":"SearchAction","target":{"@type":"EntryPoint","urlTemplate":"https:\/\/avaldsnes.info\/en\/?s={search_term_string}"},"query-input":{"@type":"PropertyValueSpecification","valueRequired":true,"valueName":"search_term_string"}}],"inLanguage":"en-US"}]}},"_links":{"self":[{"href":"https:\/\/avaldsnes.info\/en\/wp-json\/wp\/v2\/pages\/97"}],"collection":[{"href":"https:\/\/avaldsnes.info\/en\/wp-json\/wp\/v2\/pages"}],"about":[{"href":"https:\/\/avaldsnes.info\/en\/wp-json\/wp\/v2\/types\/page"}],"author":[{"embeddable":true,"href":"https:\/\/avaldsnes.info\/en\/wp-json\/wp\/v2\/users\/1"}],"replies":[{"embeddable":true,"href":"https:\/\/avaldsnes.info\/en\/wp-json\/wp\/v2\/comments?post=97"}],"version-history":[{"count":48,"href":"https:\/\/avaldsnes.info\/en\/wp-json\/wp\/v2\/pages\/97\/revisions"}],"predecessor-version":[{"id":4791,"href":"https:\/\/avaldsnes.info\/en\/wp-json\/wp\/v2\/pages\/97\/revisions\/4791"}],"up":[{"embeddable":true,"href":"https:\/\/avaldsnes.info\/en\/wp-json\/wp\/v2\/pages\/20"}],"wp:attachment":[{"href":"https:\/\/avaldsnes.info\/en\/wp-json\/wp\/v2\/media?parent=97"}],"curies":[{"name":"wp","href":"https:\/\/api.w.org\/{rel}","templated":true}]}}