{"id":9,"date":"2012-12-10T13:52:01","date_gmt":"2012-12-10T13:52:01","guid":{"rendered":"https:\/\/avaldsnes.info\/?page_id=9"},"modified":"2025-02-18T13:10:22","modified_gmt":"2025-02-18T13:10:22","slug":"historiesenter","status":"publish","type":"page","link":"https:\/\/avaldsnes.info\/en\/historiesenter\/","title":{"rendered":"History Centre"},"content":{"rendered":"<p><\/p>\n<div id=\"attachment_6447\" style=\"width: 234px\" class=\"wp-caption aligncenter\"><a href=\"https:\/\/avaldsnes.info\/content\/uploads\/2012\/12\/Tim.jpg\"><img loading=\"lazy\" decoding=\"async\" aria-describedby=\"caption-attachment-6447\" class=\"size-medium wp-image-6447\" src=\"https:\/\/avaldsnes.info\/content\/uploads\/2012\/12\/Tim-224x300.jpg\" alt=\"For more information about opening hours, prices, guided tours etc: Contact Historiske Avaldsnes . Phone: +47 52 81 24 00\" width=\"224\" height=\"300\" srcset=\"https:\/\/avaldsnes.info\/content\/uploads\/2012\/12\/Tim-224x300.jpg 224w, https:\/\/avaldsnes.info\/content\/uploads\/2012\/12\/Tim.jpg 764w\" sizes=\"(max-width: 224px) 100vw, 224px\" \/><\/a><p id=\"caption-attachment-6447\" class=\"wp-caption-text\">For more information about opening hours, prices, guided tours etc: Contact <a href=\"https:\/\/opplevavaldsnes.no\/english\/\">Historiske Avaldsnes <\/a><\/p><\/div>\n<p>For 3000 years princes and kings ruled at Avaldsnes and controlled the ships that were forced to sail through the narrow strait Karmsund along &#8220;Nordvegen&#8221; &#8211; &#8220;the way to the north&#8221;, the shipping route that gave Norway its name.<\/p>\n<p>Nordvegen History Centre tells the story about how Avaldsnes became The First Royal Seat of Norway. Harald Fairhair, the king who unified Norway into one kingdom, will present you for princes and kings who ruled the \u201cNorth way\u201d from Avaldsnes.<\/p>\n<p>Some of these rulers we know from the sagas of the Norwegian kings, the heroic sagas and old skaldic poems. Others have become known to us through archaeological digs.<\/p>\n<p>You will also get a glimpse into the magic world that people once believed to be true. You will meet sorcerers, shield maidens and Norse gods.<\/p>\n<p><strong>AVALDSNES &#8211; A PLACE FOR SAGATELLING<\/strong><\/p>\n<p>According to Snorre Sturlason, the God Odin came to Avaldsnes in 998 AD to tell King Olav Tryggvason great and wondrous stories about the past. In the 13th century Snorre himself visited the site. In the 17th century, Tormod Torf\u00e6us wrote the first Norwegian history in Latin while he lived at Avaldsnes.\u00a0At the Nordvegen History Centre, we tell these stories of old using films, sound clips, lights, figures and objects.<\/p>\n<p><strong>A HIDDEN, UNDERGROUND BUILDING<\/strong>G<\/p>\n<p>Avaldsnes is one of Norway\u2019s most important areas of cultural history. In order to best preserve the integrity of the church stemming from the Middle Ages as well as the historical landscape, most of the Centre is located underground.<\/p>\n<p>From Karmsundet Strait, we are able to see the front of the majestic building with its glass and concrete front. From atop the plateau where the church is located, we can only see its round entrance which was built to symbolize Mime\u2019s Well, the source of all knowledge and wisdom in Norse mythology.<\/p>\n<p>Nordvegen History Centre was designed by <a href=\"https:\/\/arkitektur-n.no\/prosjekter\/nordvegen-historiesenter\">Telje-Torp-Aasen arkitektkontor<\/a>.<\/p>\n<p>It was opened by Queen Sonja on April 29, 2005.<\/p>\n<div id=\"attachment_5691\" style=\"width: 310px\" class=\"wp-caption aligncenter\"><a href=\"https:\/\/www.followthevikings.com\"><img loading=\"lazy\" decoding=\"async\" aria-describedby=\"caption-attachment-5691\" class=\"size-medium wp-image-5691\" src=\"https:\/\/avaldsnes.info\/content\/uploads\/2012\/12\/Logo-Follow-the-Vikings-300x212.jpg\" alt=\"Se nettsiden til FOLLOW THE VIKINGS\" width=\"300\" height=\"212\" srcset=\"https:\/\/avaldsnes.info\/content\/uploads\/2012\/12\/Logo-Follow-the-Vikings-300x212.jpg 300w, https:\/\/avaldsnes.info\/content\/uploads\/2012\/12\/Logo-Follow-the-Vikings.jpg 842w\" sizes=\"(max-width: 300px) 100vw, 300px\" \/><\/a><p id=\"caption-attachment-5691\" class=\"wp-caption-text\">Look up the web page for FOLLOW THE VIKINGS, and learn more about Viking attractions in Europe.<\/p><\/div>\n<p><strong>WELCOME TO AN EXCITING VISIT!<\/strong><\/p>\n<p><strong>FOLLOW THE VIKINGS<\/strong><\/p>\n<p>Avaldsnes is partner in the European Viking Cultural Route called FOLLOW THE VIKINGS.<\/p>\n<p>The project brings together a network of partners from across the Viking world to broaden and develop the audience to Viking heritage and its sites across Europe.<\/p>\n<p><\/p>","protected":false},"excerpt":{"rendered":"<p>Nordvegen History Centre tells the story about how Avaldsnes became The First Royal Throne of Norway. Harald Fairhair, the king who unified Norway into one kingdom, will present you for princes and kings who ruled the \u201cNorth Way\u201d from Avaldsnes.<\/p>\n<p>Some of these rulers we know from the sagas of the Norwegian kings, the heroic sagas and old skaldic poems. Others have become known to us through archaeological digs.<br \/>\nYou will also get a glimpse into the magic world that people once believed to be true and meet sorcerers, shield maidens and Norse gods.<\/p>\n<p>At the Nordvegen History Centre, we tell these stories of old using films, sound clips, lights, figures and objects. WELCOME TO AN EXCITING VISIT!<\/p>\n","protected":false},"author":1,"featured_media":1318,"parent":0,"menu_order":2,"comment_status":"closed","ping_status":"open","template":"","meta":{"footnotes":""},"yoast_head":"<!-- This site is optimized with the Yoast SEO plugin v27.1.1 - https:\/\/yoast.com\/product\/yoast-seo-wordpress\/ -->\n<title>Nordvegen Historiesenter Avaldsnes - Norges eldste kongesete<\/title>\n<meta name=\"description\" content=\"Nordvegen Historiesenter forteller om h\u00f8vdinger og konger som hersket p\u00e5 Avaldsnes. Nordvegen History Centre tells about the chieftains and kings that ruled at Avaldsnes for 3000 years.\" \/>\n<meta name=\"robots\" content=\"index, follow, max-snippet:-1, max-image-preview:large, max-video-preview:-1\" \/>\n<link rel=\"canonical\" href=\"https:\/\/avaldsnes.info\/en\/historiesenter\/\" \/>\n<meta property=\"og:locale\" content=\"en_US\" \/>\n<meta property=\"og:type\" content=\"article\" \/>\n<meta property=\"og:title\" content=\"Nordvegen Historiesenter Avaldsnes - Norges eldste kongesete\" \/>\n<meta property=\"og:description\" content=\"Nordvegen Historiesenter forteller om h\u00f8vdinger og konger som hersket p\u00e5 Avaldsnes. Nordvegen History Centre tells about the chieftains and kings that ruled at Avaldsnes for 3000 years.\" \/>\n<meta property=\"og:url\" content=\"https:\/\/avaldsnes.info\/en\/historiesenter\/\" \/>\n<meta property=\"og:site_name\" content=\"Avaldsnes\" \/>\n<meta property=\"article:modified_time\" content=\"2025-02-18T13:10:22+00:00\" \/>\n<meta property=\"og:image\" content=\"https:\/\/avaldsnes.info\/content\/uploads\/2012\/12\/olav-tryggvason-foto-\u00d8.-Iversen-mindre.jpg\" \/>\n\t<meta property=\"og:image:width\" content=\"1500\" \/>\n\t<meta property=\"og:image:height\" content=\"1000\" \/>\n\t<meta property=\"og:image:type\" content=\"image\/jpeg\" \/>\n<meta name=\"twitter:label1\" content=\"Est. reading time\" \/>\n\t<meta name=\"twitter:data1\" content=\"4 minutes\" \/>\n<script type=\"application\/ld+json\" class=\"yoast-schema-graph\">{\"@context\":\"https:\/\/schema.org\",\"@graph\":[{\"@type\":\"WebPage\",\"@id\":\"https:\/\/avaldsnes.info\/en\/historiesenter\/\",\"url\":\"https:\/\/avaldsnes.info\/en\/historiesenter\/\",\"name\":\"Nordvegen Historiesenter Avaldsnes - Norges eldste kongesete\",\"isPartOf\":{\"@id\":\"https:\/\/avaldsnes.info\/en\/#website\"},\"primaryImageOfPage\":{\"@id\":\"https:\/\/avaldsnes.info\/en\/historiesenter\/#primaryimage\"},\"image\":{\"@id\":\"https:\/\/avaldsnes.info\/en\/historiesenter\/#primaryimage\"},\"thumbnailUrl\":\"https:\/\/avaldsnes.info\/content\/uploads\/2012\/12\/olav-tryggvason-foto-\u00d8.-Iversen-mindre.jpg\",\"datePublished\":\"2012-12-10T13:52:01+00:00\",\"dateModified\":\"2025-02-18T13:10:22+00:00\",\"description\":\"Nordvegen Historiesenter forteller om h\u00f8vdinger og konger som hersket p\u00e5 Avaldsnes. Nordvegen History Centre tells about the chieftains and kings that ruled at Avaldsnes for 3000 years.\",\"breadcrumb\":{\"@id\":\"https:\/\/avaldsnes.info\/en\/historiesenter\/#breadcrumb\"},\"inLanguage\":\"en-US\",\"potentialAction\":[{\"@type\":\"ReadAction\",\"target\":[[\"https:\/\/avaldsnes.info\/en\/historiesenter\/\"]]}]},{\"@type\":\"ImageObject\",\"inLanguage\":\"en-US\",\"@id\":\"https:\/\/avaldsnes.info\/en\/historiesenter\/#primaryimage\",\"url\":\"https:\/\/avaldsnes.info\/content\/uploads\/2012\/12\/olav-tryggvason-foto-\u00d8.-Iversen-mindre.jpg\",\"contentUrl\":\"https:\/\/avaldsnes.info\/content\/uploads\/2012\/12\/olav-tryggvason-foto-\u00d8.-Iversen-mindre.jpg\",\"width\":1500,\"height\":1000,\"caption\":\"Sagaen forteller at Olav Tryggvason \u00e5pnet flere gravhauger p\u00e5 Avaldsnes. (Foto \u00d8rjan Iversen)\"},{\"@type\":\"BreadcrumbList\",\"@id\":\"https:\/\/avaldsnes.info\/en\/historiesenter\/#breadcrumb\",\"itemListElement\":[{\"@type\":\"ListItem\",\"position\":1,\"name\":\"Home\",\"item\":\"https:\/\/avaldsnes.info\/en\/\"},{\"@type\":\"ListItem\",\"position\":2,\"name\":\"History Centre\"}]},{\"@type\":\"WebSite\",\"@id\":\"https:\/\/avaldsnes.info\/en\/#website\",\"url\":\"https:\/\/avaldsnes.info\/en\/\",\"name\":\"Avaldsnes\",\"description\":\"Norges eldste kongesete\",\"potentialAction\":[{\"@type\":\"SearchAction\",\"target\":{\"@type\":\"EntryPoint\",\"urlTemplate\":\"https:\/\/avaldsnes.info\/en\/?s={search_term_string}\"},\"query-input\":{\"@type\":\"PropertyValueSpecification\",\"valueRequired\":true,\"valueName\":\"search_term_string\"}}],\"inLanguage\":\"en-US\"}]}<\/script>\n<!-- \/ Yoast SEO plugin. -->","yoast_head_json":{"title":"Nordvegen Historiesenter Avaldsnes - Norges eldste kongesete","description":"Nordvegen Historiesenter forteller om h\u00f8vdinger og konger som hersket p\u00e5 Avaldsnes. Nordvegen History Centre tells about the chieftains and kings that ruled at Avaldsnes for 3000 years.","robots":{"index":"index","follow":"follow","max-snippet":"max-snippet:-1","max-image-preview":"max-image-preview:large","max-video-preview":"max-video-preview:-1"},"canonical":"https:\/\/avaldsnes.info\/en\/historiesenter\/","og_locale":"en_US","og_type":"article","og_title":"Nordvegen Historiesenter Avaldsnes - Norges eldste kongesete","og_description":"Nordvegen Historiesenter forteller om h\u00f8vdinger og konger som hersket p\u00e5 Avaldsnes. Nordvegen History Centre tells about the chieftains and kings that ruled at Avaldsnes for 3000 years.","og_url":"https:\/\/avaldsnes.info\/en\/historiesenter\/","og_site_name":"Avaldsnes","article_modified_time":"2025-02-18T13:10:22+00:00","og_image":[{"width":1500,"height":1000,"url":"https:\/\/avaldsnes.info\/content\/uploads\/2012\/12\/olav-tryggvason-foto-\u00d8.-Iversen-mindre.jpg","type":"image\/jpeg"}],"twitter_misc":{"Est. reading time":"4 minutes"},"schema":{"@context":"https:\/\/schema.org","@graph":[{"@type":"WebPage","@id":"https:\/\/avaldsnes.info\/en\/historiesenter\/","url":"https:\/\/avaldsnes.info\/en\/historiesenter\/","name":"Nordvegen Historiesenter Avaldsnes - Norges eldste kongesete","isPartOf":{"@id":"https:\/\/avaldsnes.info\/en\/#website"},"primaryImageOfPage":{"@id":"https:\/\/avaldsnes.info\/en\/historiesenter\/#primaryimage"},"image":{"@id":"https:\/\/avaldsnes.info\/en\/historiesenter\/#primaryimage"},"thumbnailUrl":"https:\/\/avaldsnes.info\/content\/uploads\/2012\/12\/olav-tryggvason-foto-\u00d8.-Iversen-mindre.jpg","datePublished":"2012-12-10T13:52:01+00:00","dateModified":"2025-02-18T13:10:22+00:00","description":"Nordvegen Historiesenter forteller om h\u00f8vdinger og konger som hersket p\u00e5 Avaldsnes. Nordvegen History Centre tells about the chieftains and kings that ruled at Avaldsnes for 3000 years.","breadcrumb":{"@id":"https:\/\/avaldsnes.info\/en\/historiesenter\/#breadcrumb"},"inLanguage":"en-US","potentialAction":[{"@type":"ReadAction","target":[["https:\/\/avaldsnes.info\/en\/historiesenter\/"]]}]},{"@type":"ImageObject","inLanguage":"en-US","@id":"https:\/\/avaldsnes.info\/en\/historiesenter\/#primaryimage","url":"https:\/\/avaldsnes.info\/content\/uploads\/2012\/12\/olav-tryggvason-foto-\u00d8.-Iversen-mindre.jpg","contentUrl":"https:\/\/avaldsnes.info\/content\/uploads\/2012\/12\/olav-tryggvason-foto-\u00d8.-Iversen-mindre.jpg","width":1500,"height":1000,"caption":"Sagaen forteller at Olav Tryggvason \u00e5pnet flere gravhauger p\u00e5 Avaldsnes. (Foto \u00d8rjan Iversen)"},{"@type":"BreadcrumbList","@id":"https:\/\/avaldsnes.info\/en\/historiesenter\/#breadcrumb","itemListElement":[{"@type":"ListItem","position":1,"name":"Home","item":"https:\/\/avaldsnes.info\/en\/"},{"@type":"ListItem","position":2,"name":"History Centre"}]},{"@type":"WebSite","@id":"https:\/\/avaldsnes.info\/en\/#website","url":"https:\/\/avaldsnes.info\/en\/","name":"Avaldsnes","description":"Norges eldste kongesete","potentialAction":[{"@type":"SearchAction","target":{"@type":"EntryPoint","urlTemplate":"https:\/\/avaldsnes.info\/en\/?s={search_term_string}"},"query-input":{"@type":"PropertyValueSpecification","valueRequired":true,"valueName":"search_term_string"}}],"inLanguage":"en-US"}]}},"_links":{"self":[{"href":"https:\/\/avaldsnes.info\/en\/wp-json\/wp\/v2\/pages\/9"}],"collection":[{"href":"https:\/\/avaldsnes.info\/en\/wp-json\/wp\/v2\/pages"}],"about":[{"href":"https:\/\/avaldsnes.info\/en\/wp-json\/wp\/v2\/types\/page"}],"author":[{"embeddable":true,"href":"https:\/\/avaldsnes.info\/en\/wp-json\/wp\/v2\/users\/1"}],"replies":[{"embeddable":true,"href":"https:\/\/avaldsnes.info\/en\/wp-json\/wp\/v2\/comments?post=9"}],"version-history":[{"count":89,"href":"https:\/\/avaldsnes.info\/en\/wp-json\/wp\/v2\/pages\/9\/revisions"}],"predecessor-version":[{"id":6561,"href":"https:\/\/avaldsnes.info\/en\/wp-json\/wp\/v2\/pages\/9\/revisions\/6561"}],"wp:featuredmedia":[{"embeddable":true,"href":"https:\/\/avaldsnes.info\/en\/wp-json\/wp\/v2\/media\/1318"}],"wp:attachment":[{"href":"https:\/\/avaldsnes.info\/en\/wp-json\/wp\/v2\/media?parent=9"}],"curies":[{"name":"wp","href":"https:\/\/api.w.org\/{rel}","templated":true}]}}