{"id":85,"date":"2013-03-21T07:51:19","date_gmt":"2013-03-21T07:51:19","guid":{"rendered":"https:\/\/avaldsnes.info\/?page_id=85"},"modified":"2014-11-17T09:31:42","modified_gmt":"2014-11-17T09:31:42","slug":"subpage","status":"publish","type":"page","link":"https:\/\/avaldsnes.info\/en\/olavskirken\/subpage\/","title":{"rendered":"Virgin Mary&#8217;s Sewing Needle"},"content":{"rendered":"<p>Text: Marit Synn\u00f8ve Vea<\/p>\n<div id=\"attachment_1367\" style=\"width: 250px\" class=\"wp-caption aligncenter\"><a href=\"https:\/\/avaldsnes.info\/content\/uploads\/2013\/03\/MARIAS-SYN\u00c5L-I-MAI.jpg\"><img loading=\"lazy\" decoding=\"async\" aria-describedby=\"caption-attachment-1367\" class=\"size-medium wp-image-1367 \" alt=\"Jomfru Marais Syn\u00e5l. Vi reknar med at 2\/3 av steinen er over jorda, 1\/3 under. (Foto Marit Synn\u00f8ve Vea)\" src=\"https:\/\/avaldsnes.info\/content\/uploads\/2013\/03\/MARIAS-SYN\u00c5L-I-MAI-240x300.jpg\" width=\"240\" height=\"300\" srcset=\"https:\/\/avaldsnes.info\/content\/uploads\/2013\/03\/MARIAS-SYN\u00c5L-I-MAI-240x300.jpg 240w, https:\/\/avaldsnes.info\/content\/uploads\/2013\/03\/MARIAS-SYN\u00c5L-I-MAI-819x1024.jpg 819w, https:\/\/avaldsnes.info\/content\/uploads\/2013\/03\/MARIAS-SYN\u00c5L-I-MAI.jpg 1024w\" sizes=\"(max-width: 240px) 100vw, 240px\" \/><\/a><p id=\"caption-attachment-1367\" class=\"wp-caption-text\">Virgin Mary&#8217;s Sewing needle. We estimate that 2\/3 of the stone is above the soil, 1\/3 below. (Photo Marit Synn\u00f8ve Vea)<\/p><\/div>\n<p>On the north side of the church stands the Virgin Mary&#8217;s Sewing Needle which looks as if it is leaning against the church wall. Measuring 7.2 metres it is one of Norway&#8217;s tallest standing stones, but it has been even higher.<\/p>\n<p>Old legends tell us that doomsday will come when the stone touches the church wall, so in times gone by priests at Avaldsnes, under cover of darkness, have climbed up the stone and chipped pieces from the top, thus saving the world from destruction.<\/p>\n<p>The name of the stone comes from a runic inscription &#8220;Mikjall Maria n\u00e6str&#8221; which means Michael the next after Mary. This we can interpret as showing that the pagan cultures have been &#8220;Christianised&#8221; and given a place in St Michael\u2019s culture.<\/p>\n<p>The doomsday legend can be traced back to this time as Michael was known as the angel who would sound a horn to signal the end of the world.<\/p>\n<p>Originally Virgin Mary&#8217;s Sewing Needle was one of five huge standing stones that were erected at Avaldsnes, probably in the 3rd Century AD. These stones constituted a sacred place of heathen cult. Today, Virgin Mary&#8217;s Sewing Needle is the only one that stands on its original place.<\/p>\n<p>The first church at Avaldsnes was probably built by King Olav Tryggvason sometimes between 995 &#8211; 1000. According to tradition he built his small wooden church in the midst of the sacred place of heathen cult.<\/p>\n<div id=\"attachment_1374\" style=\"width: 208px\" class=\"wp-caption aligncenter\"><a href=\"https:\/\/avaldsnes.info\/content\/uploads\/2013\/03\/Cathrine-Glette-IMG_5774.jpg\"><img loading=\"lazy\" decoding=\"async\" aria-describedby=\"caption-attachment-1374\" class=\"size-medium wp-image-1374  \" alt=\"I dag er avstanden mellom Syn\u00e5la og kyrkjeveggen 9.2 cm, (Foto Cathrine Glette)\" src=\"https:\/\/avaldsnes.info\/content\/uploads\/2013\/03\/Cathrine-Glette-IMG_5774-198x300.jpg\" width=\"198\" height=\"300\" srcset=\"https:\/\/avaldsnes.info\/content\/uploads\/2013\/03\/Cathrine-Glette-IMG_5774-198x300.jpg 198w, https:\/\/avaldsnes.info\/content\/uploads\/2013\/03\/Cathrine-Glette-IMG_5774-677x1024.jpg 677w, https:\/\/avaldsnes.info\/content\/uploads\/2013\/03\/Cathrine-Glette-IMG_5774.jpg 1500w\" sizes=\"(max-width: 198px) 100vw, 198px\" \/><\/a><p id=\"caption-attachment-1374\" class=\"wp-caption-text\">Today the gap between the Doomsday stone and the Church wall is 9.2 cm!! (Photo Cathrine Glette)<\/p><\/div>\n<p>The second church is supposed to have been built by St. Olav. Thus; H\u00e5kon H\u00e5konson&#8217;s larger stone church which you can see at Avaldsnes today is the third church situated on the same place.<\/p>\n<p>H\u00e5kon H\u00e5konsson had great respect for the Doomsday Stone; when he built his royal church, he let the north wall of the church be angled slightly to prevent contact with the stone.<\/p>\n<p>Today the gap between the church wall and doomsday is only 9.2 cm. !!<\/p>\n<p>Virgin Mary\u2019s \u00a0Sewing Needle is also connected with the legend circuit around St. Olav. (See<a href=\"https:\/\/avaldsnes.info\/en\/olavskirken\/olavssegner\/\"> Legends about St. Olaf)<\/a><\/p>","protected":false},"excerpt":{"rendered":"<p>Text: Marit Synn\u00f8ve Vea On the north side of the church stands the Virgin Mary&#8217;s Sewing Needle which looks as if it is leaning against the church wall. Measuring 7.2 metres it is one of Norway&#8217;s tallest standing stones, but it has been even higher. Old legends tell us that doomsday will come when the [&hellip;]<\/p>\n","protected":false},"author":1,"featured_media":0,"parent":13,"menu_order":0,"comment_status":"closed","ping_status":"open","template":"","meta":{"footnotes":""},"yoast_head":"<!-- This site is optimized with the Yoast SEO plugin v27.1.1 - https:\/\/yoast.com\/product\/yoast-seo-wordpress\/ -->\n<title>Jomfru Marias Syn\u00e5l Avaldsnes, bautastein dommedag segn<\/title>\n<meta name=\"description\" content=\"Bautasteinen &quot;Jomfru Marias syn\u00e5l&quot; er 7,2m h\u00f8g, men den har vore h\u00f8gare. Segna fortel at dommedag kjem n\u00e5r toppen av bautaen r\u00f8rer kyrkjeveggen. Namnet kjem av ei runeinnskrift.\" \/>\n<meta name=\"robots\" content=\"index, follow, max-snippet:-1, max-image-preview:large, max-video-preview:-1\" \/>\n<link rel=\"canonical\" href=\"https:\/\/avaldsnes.info\/en\/olavskirken\/subpage\/\" \/>\n<meta property=\"og:locale\" content=\"en_US\" \/>\n<meta property=\"og:type\" content=\"article\" \/>\n<meta property=\"og:title\" content=\"Jomfru Marias Syn\u00e5l Avaldsnes, bautastein dommedag segn\" \/>\n<meta property=\"og:description\" content=\"Bautasteinen &quot;Jomfru Marias syn\u00e5l&quot; er 7,2m h\u00f8g, men den har vore h\u00f8gare. Segna fortel at dommedag kjem n\u00e5r toppen av bautaen r\u00f8rer kyrkjeveggen. Namnet kjem av ei runeinnskrift.\" \/>\n<meta property=\"og:url\" content=\"https:\/\/avaldsnes.info\/en\/olavskirken\/subpage\/\" \/>\n<meta property=\"og:site_name\" content=\"Avaldsnes\" \/>\n<meta property=\"article:modified_time\" content=\"2014-11-17T09:31:42+00:00\" \/>\n<meta property=\"og:image\" content=\"https:\/\/avaldsnes.info\/content\/uploads\/2013\/03\/Cathrine-Glette-IMG_5774-198x300.jpg\" \/>\n<meta name=\"twitter:label1\" content=\"Est. reading time\" \/>\n\t<meta name=\"twitter:data1\" content=\"4 minutes\" \/>\n<script type=\"application\/ld+json\" class=\"yoast-schema-graph\">{\"@context\":\"https:\/\/schema.org\",\"@graph\":[{\"@type\":\"WebPage\",\"@id\":\"https:\/\/avaldsnes.info\/en\/olavskirken\/subpage\/\",\"url\":\"https:\/\/avaldsnes.info\/en\/olavskirken\/subpage\/\",\"name\":\"Jomfru Marias Syn\u00e5l Avaldsnes, bautastein dommedag segn\",\"isPartOf\":{\"@id\":\"https:\/\/avaldsnes.info\/en\/#website\"},\"primaryImageOfPage\":{\"@id\":\"https:\/\/avaldsnes.info\/en\/olavskirken\/subpage\/#primaryimage\"},\"image\":{\"@id\":\"https:\/\/avaldsnes.info\/en\/olavskirken\/subpage\/#primaryimage\"},\"thumbnailUrl\":\"https:\/\/avaldsnes.info\/content\/uploads\/2013\/03\/Cathrine-Glette-IMG_5774-198x300.jpg\",\"datePublished\":\"2013-03-21T07:51:19+00:00\",\"dateModified\":\"2014-11-17T09:31:42+00:00\",\"description\":\"Bautasteinen \\\"Jomfru Marias syn\u00e5l\\\" er 7,2m h\u00f8g, men den har vore h\u00f8gare. Segna fortel at dommedag kjem n\u00e5r toppen av bautaen r\u00f8rer kyrkjeveggen. Namnet kjem av ei runeinnskrift.\",\"breadcrumb\":{\"@id\":\"https:\/\/avaldsnes.info\/en\/olavskirken\/subpage\/#breadcrumb\"},\"inLanguage\":\"en-US\",\"potentialAction\":[{\"@type\":\"ReadAction\",\"target\":[[\"https:\/\/avaldsnes.info\/en\/olavskirken\/subpage\/\"]]}]},{\"@type\":\"ImageObject\",\"inLanguage\":\"en-US\",\"@id\":\"https:\/\/avaldsnes.info\/en\/olavskirken\/subpage\/#primaryimage\",\"url\":\"https:\/\/avaldsnes.info\/content\/uploads\/2013\/03\/Cathrine-Glette-IMG_5774-198x300.jpg\",\"contentUrl\":\"https:\/\/avaldsnes.info\/content\/uploads\/2013\/03\/Cathrine-Glette-IMG_5774-198x300.jpg\"},{\"@type\":\"BreadcrumbList\",\"@id\":\"https:\/\/avaldsnes.info\/en\/olavskirken\/subpage\/#breadcrumb\",\"itemListElement\":[{\"@type\":\"ListItem\",\"position\":1,\"name\":\"Home\",\"item\":\"https:\/\/avaldsnes.info\/en\/\"},{\"@type\":\"ListItem\",\"position\":2,\"name\":\"Virgin Mary&#8217;s Sewing Needle\"}]},{\"@type\":\"WebSite\",\"@id\":\"https:\/\/avaldsnes.info\/en\/#website\",\"url\":\"https:\/\/avaldsnes.info\/en\/\",\"name\":\"Avaldsnes\",\"description\":\"Norges eldste kongesete\",\"potentialAction\":[{\"@type\":\"SearchAction\",\"target\":{\"@type\":\"EntryPoint\",\"urlTemplate\":\"https:\/\/avaldsnes.info\/en\/?s={search_term_string}\"},\"query-input\":{\"@type\":\"PropertyValueSpecification\",\"valueRequired\":true,\"valueName\":\"search_term_string\"}}],\"inLanguage\":\"en-US\"}]}<\/script>\n<!-- \/ Yoast SEO plugin. -->","yoast_head_json":{"title":"Jomfru Marias Syn\u00e5l Avaldsnes, bautastein dommedag segn","description":"Bautasteinen \"Jomfru Marias syn\u00e5l\" er 7,2m h\u00f8g, men den har vore h\u00f8gare. Segna fortel at dommedag kjem n\u00e5r toppen av bautaen r\u00f8rer kyrkjeveggen. Namnet kjem av ei runeinnskrift.","robots":{"index":"index","follow":"follow","max-snippet":"max-snippet:-1","max-image-preview":"max-image-preview:large","max-video-preview":"max-video-preview:-1"},"canonical":"https:\/\/avaldsnes.info\/en\/olavskirken\/subpage\/","og_locale":"en_US","og_type":"article","og_title":"Jomfru Marias Syn\u00e5l Avaldsnes, bautastein dommedag segn","og_description":"Bautasteinen \"Jomfru Marias syn\u00e5l\" er 7,2m h\u00f8g, men den har vore h\u00f8gare. Segna fortel at dommedag kjem n\u00e5r toppen av bautaen r\u00f8rer kyrkjeveggen. Namnet kjem av ei runeinnskrift.","og_url":"https:\/\/avaldsnes.info\/en\/olavskirken\/subpage\/","og_site_name":"Avaldsnes","article_modified_time":"2014-11-17T09:31:42+00:00","og_image":[{"url":"https:\/\/avaldsnes.info\/content\/uploads\/2013\/03\/Cathrine-Glette-IMG_5774-198x300.jpg","type":"","width":"","height":""}],"twitter_misc":{"Est. reading time":"4 minutes"},"schema":{"@context":"https:\/\/schema.org","@graph":[{"@type":"WebPage","@id":"https:\/\/avaldsnes.info\/en\/olavskirken\/subpage\/","url":"https:\/\/avaldsnes.info\/en\/olavskirken\/subpage\/","name":"Jomfru Marias Syn\u00e5l Avaldsnes, bautastein dommedag segn","isPartOf":{"@id":"https:\/\/avaldsnes.info\/en\/#website"},"primaryImageOfPage":{"@id":"https:\/\/avaldsnes.info\/en\/olavskirken\/subpage\/#primaryimage"},"image":{"@id":"https:\/\/avaldsnes.info\/en\/olavskirken\/subpage\/#primaryimage"},"thumbnailUrl":"https:\/\/avaldsnes.info\/content\/uploads\/2013\/03\/Cathrine-Glette-IMG_5774-198x300.jpg","datePublished":"2013-03-21T07:51:19+00:00","dateModified":"2014-11-17T09:31:42+00:00","description":"Bautasteinen \"Jomfru Marias syn\u00e5l\" er 7,2m h\u00f8g, men den har vore h\u00f8gare. Segna fortel at dommedag kjem n\u00e5r toppen av bautaen r\u00f8rer kyrkjeveggen. Namnet kjem av ei runeinnskrift.","breadcrumb":{"@id":"https:\/\/avaldsnes.info\/en\/olavskirken\/subpage\/#breadcrumb"},"inLanguage":"en-US","potentialAction":[{"@type":"ReadAction","target":[["https:\/\/avaldsnes.info\/en\/olavskirken\/subpage\/"]]}]},{"@type":"ImageObject","inLanguage":"en-US","@id":"https:\/\/avaldsnes.info\/en\/olavskirken\/subpage\/#primaryimage","url":"https:\/\/avaldsnes.info\/content\/uploads\/2013\/03\/Cathrine-Glette-IMG_5774-198x300.jpg","contentUrl":"https:\/\/avaldsnes.info\/content\/uploads\/2013\/03\/Cathrine-Glette-IMG_5774-198x300.jpg"},{"@type":"BreadcrumbList","@id":"https:\/\/avaldsnes.info\/en\/olavskirken\/subpage\/#breadcrumb","itemListElement":[{"@type":"ListItem","position":1,"name":"Home","item":"https:\/\/avaldsnes.info\/en\/"},{"@type":"ListItem","position":2,"name":"Virgin Mary&#8217;s Sewing Needle"}]},{"@type":"WebSite","@id":"https:\/\/avaldsnes.info\/en\/#website","url":"https:\/\/avaldsnes.info\/en\/","name":"Avaldsnes","description":"Norges eldste kongesete","potentialAction":[{"@type":"SearchAction","target":{"@type":"EntryPoint","urlTemplate":"https:\/\/avaldsnes.info\/en\/?s={search_term_string}"},"query-input":{"@type":"PropertyValueSpecification","valueRequired":true,"valueName":"search_term_string"}}],"inLanguage":"en-US"}]}},"_links":{"self":[{"href":"https:\/\/avaldsnes.info\/en\/wp-json\/wp\/v2\/pages\/85"}],"collection":[{"href":"https:\/\/avaldsnes.info\/en\/wp-json\/wp\/v2\/pages"}],"about":[{"href":"https:\/\/avaldsnes.info\/en\/wp-json\/wp\/v2\/types\/page"}],"author":[{"embeddable":true,"href":"https:\/\/avaldsnes.info\/en\/wp-json\/wp\/v2\/users\/1"}],"replies":[{"embeddable":true,"href":"https:\/\/avaldsnes.info\/en\/wp-json\/wp\/v2\/comments?post=85"}],"version-history":[{"count":27,"href":"https:\/\/avaldsnes.info\/en\/wp-json\/wp\/v2\/pages\/85\/revisions"}],"predecessor-version":[{"id":89,"href":"https:\/\/avaldsnes.info\/en\/wp-json\/wp\/v2\/pages\/85\/revisions\/89"}],"up":[{"embeddable":true,"href":"https:\/\/avaldsnes.info\/en\/wp-json\/wp\/v2\/pages\/13"}],"wp:attachment":[{"href":"https:\/\/avaldsnes.info\/en\/wp-json\/wp\/v2\/media?parent=85"}],"curies":[{"name":"wp","href":"https:\/\/api.w.org\/{rel}","templated":true}]}}