{"id":492,"date":"2013-07-22T12:28:09","date_gmt":"2013-07-22T12:28:09","guid":{"rendered":"https:\/\/avaldsnes.info\/?page_id=492"},"modified":"2022-11-24T11:35:24","modified_gmt":"2022-11-24T11:35:24","slug":"merovingertid-550-750-e-kr","status":"publish","type":"page","link":"https:\/\/avaldsnes.info\/en\/historie\/merovingertid-550-750-e-kr\/","title":{"rendered":"Merovingian period (550 &#8211; 750 AD)"},"content":{"rendered":"<p><span style=\"color: #888888;\">Text: Marit Synn\u00f8ve Vea<\/span><\/p>\n<div id=\"attachment_501\" style=\"width: 310px\" class=\"wp-caption alignnone\"><a href=\"https:\/\/avaldsnes.info\/content\/uploads\/2013\/07\/Borganlegg-detalj.-Foto-\u00d8rjan-Iversen.jpg\"><img loading=\"lazy\" decoding=\"async\" aria-describedby=\"caption-attachment-501\" class=\"size-medium wp-image-501 \" src=\"https:\/\/avaldsnes.info\/content\/uploads\/2013\/07\/Borganlegg-detalj.-Foto-\u00d8rjan-Iversen-300x225.jpg\" alt=\"Detalj fra borganlegget som ble funnet p\u00e5 Avaldsnes i 2012. Steinmurene er n\u00e5 dekket til igjen. dette for \u00e5 sikre anlegget som ikke ble fullstendig utgravd. (Foto \u00d8rjan Iversen)\" width=\"300\" height=\"225\" srcset=\"https:\/\/avaldsnes.info\/content\/uploads\/2013\/07\/Borganlegg-detalj.-Foto-\u00d8rjan-Iversen-300x225.jpg 300w, https:\/\/avaldsnes.info\/content\/uploads\/2013\/07\/Borganlegg-detalj.-Foto-\u00d8rjan-Iversen-1024x768.jpg 1024w, https:\/\/avaldsnes.info\/content\/uploads\/2013\/07\/Borganlegg-detalj.-Foto-\u00d8rjan-Iversen.jpg 1500w\" sizes=\"(max-width: 300px) 100vw, 300px\" \/><\/a><p id=\"caption-attachment-501\" class=\"wp-caption-text\">Detail of the fortress that was found at Avaldsnes in 2012. The stone walls are now covered again. This to conserve the ruins that was not completely excavated. (Photo \u00d8rjan Iversen)<\/p><\/div>\n<p>At the advent of the age named after the royal Frankian dynasty, a paradigmatic shift in cultural history occurs: both verbal and visual language becomes simpler, most of the graves lie under small mounds or on flat land and jewellery made of precious metals becomes a rarity. This is also the age when many farms lie abandoned and archaeological finds are few and far between. The decrease in findings has been interpreted as a social decline caused by climate change, the plague or wars.<\/p>\n<p><strong>A MEROVINGIAN FORTRESS FOUND AT AVALDSNES<\/strong><br \/>\nIn 2012, the Royal Manor Project made an exciting discovery which suggests that the kings at Avaldsnes were expecting to be attacked: They built a fortress in order to protect the settlement inside its walls. The fortress at Avaldsnes was constructed some time between 600 and 800 AD, most probably before the Viking Age. In other words, the rulers at Avaldsnes must have felt threatened at this time and we can read about such times of strife in the heroic sagas.<\/p>\n<p>The fortress at Avaldsnes is the only fortified settlement from prehistoric times that has been found in Norway. It was situated in a strategic position on a hillside to the east of the outbuilding, commanding a wide view over the strait of Karmsundet. The stone construction is only just 4 metres wide, extending from the burial mound we call the Cellar Mound and continuing about 30 metres southwards, along the edge of the slope.<\/p>\n<p>We do not know how far the fortress walls stretched and how large the area inside the walls originally was. In Norway, there are a number of hill forts that were built in rural areas during the Roman Age and the Age of Migration. The construction of the fortress at Avaldsnes appears to resemble hill forts of this kind, which were uninhabited fortifications on hilltops, where local people could seek refuge if they were attacked. However, the fortress at Avaldsnes differs from these in that it was built for the purpose of protecting a farm which already existed<\/p>\n<div id=\"attachment_504\" style=\"width: 310px\" class=\"wp-caption alignnone\"><a href=\"https:\/\/avaldsnes.info\/content\/uploads\/2013\/07\/Verkstedomr\u00e5det-1.-Foto-\u00d8rjan-Iversen.jpg\"><img loading=\"lazy\" decoding=\"async\" aria-describedby=\"caption-attachment-504\" class=\"size-medium wp-image-504 \" src=\"https:\/\/avaldsnes.info\/content\/uploads\/2013\/07\/Verkstedomr\u00e5det-1.-Foto-\u00d8rjan-Iversen-300x200.jpg\" alt=\"Omr\u00e5de for h\u00e5ndverk- og matproduksjon. (Foto \u00d8rjan Iversen) \" width=\"300\" height=\"200\" srcset=\"https:\/\/avaldsnes.info\/content\/uploads\/2013\/07\/Verkstedomr\u00e5det-1.-Foto-\u00d8rjan-Iversen-300x200.jpg 300w, https:\/\/avaldsnes.info\/content\/uploads\/2013\/07\/Verkstedomr\u00e5det-1.-Foto-\u00d8rjan-Iversen-1024x682.jpg 1024w, https:\/\/avaldsnes.info\/content\/uploads\/2013\/07\/Verkstedomr\u00e5det-1.-Foto-\u00d8rjan-Iversen-960x640.jpg 960w, https:\/\/avaldsnes.info\/content\/uploads\/2013\/07\/Verkstedomr\u00e5det-1.-Foto-\u00d8rjan-Iversen-480x320.jpg 480w, https:\/\/avaldsnes.info\/content\/uploads\/2013\/07\/Verkstedomr\u00e5det-1.-Foto-\u00d8rjan-Iversen.jpg 1500w\" sizes=\"(max-width: 300px) 100vw, 300px\" \/><\/a><p id=\"caption-attachment-504\" class=\"wp-caption-text\">&#8220;Workshop&#8221; area for forging, handicraft, grain drying, salt production etc.. (Photo \u00d8rjan Iversen)<\/p><\/div>\n<p>The stone foundations were probably encased in timber that served as a support for an outer palisade of vertical stakes. Those defending the fortress would have stood on the wooden floor inside, where they could stand protected and defend themselves with bows, arrows and spears against the attackers struggling up the slope.<\/p>\n<p><strong>THE WORKSHOP AREA<\/strong><br \/>\nInside the fortress lies the &#8220;production area\u201d or workshop area. Here, we have found many holes originating from posts from small houses, hollows, trenches, ovens, fireplaces and forges. These finds mean that this area was used for different kinds of workshop and handicraft activities during the period between 200-1000. Forges of different kinds were in use and corn was dried here \u2013 a necessary task, if the king and his followers and guests were to be fed. They also produced black salt by burning seaweed.<\/p>\n<p><strong>THE SALHUS MOUND (S\u00d8LUSHAUGEN)<\/strong><br \/>\nOnly a very few large burial mounds from the early part of the Merovingian Age have been found in Norway. One of them is the Rakne Mound, located in Romerrike and dating from ca. 550 AD. Another is the Salhus Mound at Avaldsnes, dating from the end of the 6th century\/the beginning of the 7th century. No funeral remains were found in these two strange mounds and it is possible that they were not burial mounds at all, but rather memorial mounds, perhaps dedicated to people who had died a long way from home or at sea.<\/p>\n<div id=\"attachment_524\" style=\"width: 310px\" class=\"wp-caption alignnone\"><a href=\"https:\/\/avaldsnes.info\/content\/uploads\/2013\/07\/Her-l\u00e5-Salhushaugen.jpg\"><img loading=\"lazy\" decoding=\"async\" aria-describedby=\"caption-attachment-524\" class=\"size-medium wp-image-524 \" src=\"https:\/\/avaldsnes.info\/content\/uploads\/2013\/07\/Her-l\u00e5-Salhushaugen-300x225.jpg\" alt=\"Salhushaugen l\u00e5 p\u00e5 et plat\u00e5 p\u00e5 grensa mellom Gunnarshaug og Nordb\u00f8. (Foto Marit Synn\u00f8ve Vea) \" width=\"300\" height=\"225\" srcset=\"https:\/\/avaldsnes.info\/content\/uploads\/2013\/07\/Her-l\u00e5-Salhushaugen-300x225.jpg 300w, https:\/\/avaldsnes.info\/content\/uploads\/2013\/07\/Her-l\u00e5-Salhushaugen.jpg 960w\" sizes=\"(max-width: 300px) 100vw, 300px\" \/><\/a><p id=\"caption-attachment-524\" class=\"wp-caption-text\">The Salhus mound lay on a plateau on the border between Gunnarshaug and Nordb\u00f8. (Photo Marit Synn\u00f8ve Vea)<\/p><\/div>\n<p>Once there were many burial mounds along the strait of Karmsundet and there has been some doubt as to which of these lost mounds was the original Salhus Mound. Because of its name, it was thought to lie at Salhus, near Karmsund Bridge. But this is probably not the case: according to the earliest written source about this topic, Salhus was situated on Gunnarshaug Farm on the border of Nordb\u00f8.<\/p>\n<p>The Salhus Mound was examined by Shetelig in 1906 and 1912. Br\u00f8gger conducted a minor archaeological excavation in 1908. Before these studies, the Salhus Mound was 43m in diameter and between 3.8 &#8211; 4.1 metres high, but a great deal of material was removed before the measurements were taken. During the excavation, it was assumed that its original height was about 5m. Its location on the plateau must have made it look even higher. The northern end of the mound was built over a smaller mound with a diameter of 13.8m and a height of 2.7m (Shetelig 1912b, summary by Ringstad 1987:66).<\/p>\n<p>The mound consisted of layers of grass turf and sandy soil and towards the bottom, coal and sand was found. To the east and north, the inside of the mound consisted of a mass of stones up to 1.5m thick. The mound lay on a rock bed and the base was flat and smooth. Several shafts were dug into the mound, but it was never completely excavated. No grave was found, but Shetelig concluded that it was possible that there was a grave in the mound.<\/p>\n<div id=\"attachment_575\" style=\"width: 310px\" class=\"wp-caption aligncenter\"><a href=\"https:\/\/avaldsnes.info\/content\/uploads\/2013\/07\/storhaug-salhushaugen1.jpg\"><img loading=\"lazy\" decoding=\"async\" aria-describedby=\"caption-attachment-575\" class=\"size-medium wp-image-575 \" src=\"https:\/\/avaldsnes.info\/content\/uploads\/2013\/07\/storhaug-salhushaugen1-300x225.jpg\" alt=\"1. Storhaug, 2. Salhushaugen. 3 Salhushaugene. Once there were many burial mounds along Karmsundet, just from the farm Gunnarshaug - where Storhaug is today - we know of 13 mounds. (Photo Gunnar Str\u00f8m)\" width=\"300\" height=\"225\" srcset=\"https:\/\/avaldsnes.info\/content\/uploads\/2013\/07\/storhaug-salhushaugen1-300x225.jpg 300w, https:\/\/avaldsnes.info\/content\/uploads\/2013\/07\/storhaug-salhushaugen1-1024x771.jpg 1024w, https:\/\/avaldsnes.info\/content\/uploads\/2013\/07\/storhaug-salhushaugen1.jpg 1296w\" sizes=\"(max-width: 300px) 100vw, 300px\" \/><\/a><p id=\"caption-attachment-575\" class=\"wp-caption-text\">1. Shipburial Storhaug, 2. Salhus Mound. 3. Salhus mounds. Once there were numerous burial mounds along the Karmsund. Alone from the farm Gunnarshaug we know 13 mounds. (Photo Gunnar Str\u00f8m)<\/p><\/div>\n<p><strong>THE FORGOTTEN HEROES OF THE MIGRATION PERIOD AND THE MEROVINGIAN PERIOD<\/strong><br \/>\nThe poems about heroes and gods, which were recited in the Viking Age, were actually about people and events from the Migration Period and the Merovingian Period. The same applies to the heroic sagas.<\/p>\n<p>These poems and stories are of course coloured by the times in which they were told, but we may nevertheless question why none of them give us the impression that poverty and isolation were characteristic features of these two ages? For the people portrayed in these stories, the North Sea and the Baltic Sea were a common playground and journeys backwards and forwards between the Nordic lands were as commonplace then as ferry trips to Hirtshals or Kiel are to Norwegians today.<\/p>\n<p>King Augvald was one of the kings who is supposed to have lived around the year 600 \u2013 a transition phase between the Migration Period and the MerovingianPeriod. According to the sagas, it was he who gave Avaldsnes its name. The story goes that Augvald came from afar and drove the earlier rulers out. He then settled at Avaldsnes, which was named after him.<\/p>\n<p>According to the old genealogies, King Augvald had a son called J\u00f8sur. J\u00f8sur had a son called Hj\u00f8r. When Hj\u00f8r died, his son Hj\u00f8rleiv with the nick name<em> &#8220;women lover&#8221;,<\/em> took over as king. Hj\u00f8rleiv travelled far north, to Bjarmland and also conquered a kingdom in Denmark. He died away from home, while on a Viking expedition. Two of his sons, Ublaud and Halv, are mentioned in Halv&#8217;s Saga and the Icelandic book of Landn\u00e1ma. And as this<a href=\"https:\/\/avaldsnes.info\/en\/informasjon\/halv\/\"> King Half <\/a>came to power, we have entered the Viking Age.<\/p>\n<div id=\"attachment_588\" style=\"width: 310px\" class=\"wp-caption alignnone\"><a href=\"https:\/\/avaldsnes.info\/content\/uploads\/2013\/07\/ringspenne-ferkingstad.jpg\"><img loading=\"lazy\" decoding=\"async\" aria-describedby=\"caption-attachment-588\" class=\"size-medium wp-image-588 \" src=\"https:\/\/avaldsnes.info\/content\/uploads\/2013\/07\/ringspenne-ferkingstad-300x202.jpg\" alt=\"Ringspenne med to drakehoder fra Ferkingstad. Funnet i en kvinnegrav,  trolig fra tiden mellom 725 - 800. (Foto AmS)\" width=\"300\" height=\"202\" srcset=\"https:\/\/avaldsnes.info\/content\/uploads\/2013\/07\/ringspenne-ferkingstad-300x202.jpg 300w, https:\/\/avaldsnes.info\/content\/uploads\/2013\/07\/ringspenne-ferkingstad.jpg 976w\" sizes=\"(max-width: 300px) 100vw, 300px\" \/><\/a><p id=\"caption-attachment-588\" class=\"wp-caption-text\">Ring Buckle with two dragon heads from Ferkingstad. Found in a woman&#8217;s grave, dated to between 725 &#8211; 800 (Photo AmS)<\/p><\/div>\n<p><strong>THE MEROVINGIAN PERIOD AT FERKINGSTAD<\/strong><br \/>\nMany findings from the Merovingian Period and the Viking Age have been found at Ferkingstad, which is situated on the west side of Karm\u00f8y. One example is a burial site with five cremation graves on flat ground and without mounds over them. These include a man&#8217;s grave, two women&#8217;s graves, a grave whose objects give no clear indication of the gender of the corpse and a boat grave with two bodies. Another woman from Ferkingstad who died during the 8th century was buried and covered with a small mound. Amongst the objects buried with her were two oval brooches of the so-called Berdal type..<\/p>\n<p><strong>THE MEROVINGIAN PERIOD: A TRANSITION PHASE<\/strong><br \/>\nThe Merovingian Period is a transition phase between the Migration Period and the Viking Age. The Merovingian Period is usually said to belong to the Early Iron Age, while the Later Iron Age begins with the Merovingian Period and continues on into the Viking Age.<\/p>\n<p>The Viking Age is traditionally defined as the time between two historic events: the attack on the Lindisfarne Monastery in 793 and the Battle of Stamford Bridge in 1066. However, archaeological research and findings indicate that the Viking Age must have begun around the year 750 and some scholars even believe it began as early as the year 700.<\/p>\n<div id=\"attachment_584\" style=\"width: 310px\" class=\"wp-caption alignnone\"><a href=\"https:\/\/avaldsnes.info\/content\/uploads\/2013\/07\/Sk\u00e5lspenne-fra-Ferkingstad-foto-AmS.jpg\"><img loading=\"lazy\" decoding=\"async\" aria-describedby=\"caption-attachment-584\" class=\"size-medium wp-image-584  \" src=\"https:\/\/avaldsnes.info\/content\/uploads\/2013\/07\/Sk\u00e5lspenne-fra-Ferkingstad-foto-AmS-300x187.jpg\" alt=\"En av to sk\u00e5lforma spenner fra den ubrente kvinnegraven p\u00e5 Ferkingstad. (Foto AmS) \" width=\"300\" height=\"187\" srcset=\"https:\/\/avaldsnes.info\/content\/uploads\/2013\/07\/Sk\u00e5lspenne-fra-Ferkingstad-foto-AmS-300x187.jpg 300w, https:\/\/avaldsnes.info\/content\/uploads\/2013\/07\/Sk\u00e5lspenne-fra-Ferkingstad-foto-AmS.jpg 1000w\" sizes=\"(max-width: 300px) 100vw, 300px\" \/><\/a><p id=\"caption-attachment-584\" class=\"wp-caption-text\">Oval brooche from a woman&#8217;s grave found at Ferkingstad. Note the ornamentation with two seated people. Brooches like these were used in pairs to hold up a woman&#8217;s over-dress.(Photo AmS)<\/p><\/div>\n<p><strong>EVENTS ON THE EUROPEAN MAINLAND<\/strong><br \/>\nThe Merovingians were a Frankian dynasty which established a kingdom during the 6th century in the area that is now France and parts of Germany. During the 8th century, the Arabians advanced northwards from Spain and it was not the king, but the king\u2019s chief courtier, Karl Martell of the Carolingian dynasty, who warded off the Arabian attack. This marked the end of the Merovingians\u2019 ancient royal dynasty and the Carolingian dynasty then came to power.<\/p>\n<p>In Sweden, this transition phase is called the &#8220;Vendel Era&#8221; due to rich archaeological finds discovered at Vendel in Uppland. Large burial mounds in Uppsala also stem from this time.<\/p>\n<p>&nbsp;<\/p>\n<p><span style=\"color: #808080;\">Last update November 2022<\/span><\/p>","protected":false},"excerpt":{"rendered":"<p>Text: Marit Synn\u00f8ve Vea At the advent of the age named after the royal Frankian dynasty, a paradigmatic shift in cultural history occurs: both verbal and visual language becomes simpler, most of the graves lie under small mounds or on flat land and jewellery made of precious metals becomes a rarity. This is also the [&hellip;]<\/p>\n","protected":false},"author":3,"featured_media":0,"parent":5,"menu_order":3,"comment_status":"closed","ping_status":"open","template":"","meta":{"footnotes":""},"yoast_head":"<!-- This site is optimized with the Yoast SEO plugin v27.1.1 - https:\/\/yoast.com\/product\/yoast-seo-wordpress\/ -->\n<title>Merovingertid (550 - 750 e.Kr) Avaldsnes<\/title>\n<meta name=\"description\" content=\"Fornsagaer og kvad forteller om navngitte konger fra merovingertid p\u00e5 Avaldsnes. I 2012 fant vi ogs\u00e5 et forsvarsverk fra denne tida. Dette tyder p\u00e5 at sagaenes historier om ufredstider var sanne..\" \/>\n<meta name=\"robots\" content=\"index, follow, max-snippet:-1, max-image-preview:large, max-video-preview:-1\" \/>\n<link rel=\"canonical\" href=\"https:\/\/avaldsnes.info\/en\/historie\/merovingertid-550-750-e-kr\/\" \/>\n<meta property=\"og:locale\" content=\"en_US\" \/>\n<meta property=\"og:type\" content=\"article\" \/>\n<meta property=\"og:title\" content=\"Merovingertid (550 - 750 e.Kr) Avaldsnes\" \/>\n<meta property=\"og:description\" content=\"Fornsagaer og kvad forteller om navngitte konger fra merovingertid p\u00e5 Avaldsnes. I 2012 fant vi ogs\u00e5 et forsvarsverk fra denne tida. Dette tyder p\u00e5 at sagaenes historier om ufredstider var sanne..\" \/>\n<meta property=\"og:url\" content=\"https:\/\/avaldsnes.info\/en\/historie\/merovingertid-550-750-e-kr\/\" \/>\n<meta property=\"og:site_name\" content=\"Avaldsnes\" \/>\n<meta property=\"article:modified_time\" content=\"2022-11-24T11:35:24+00:00\" \/>\n<meta property=\"og:image\" content=\"https:\/\/avaldsnes.info\/content\/uploads\/2013\/07\/storhaug-salhushaugen1-300x225.jpg\" \/>\n<meta name=\"twitter:label1\" content=\"Est. reading time\" \/>\n\t<meta name=\"twitter:data1\" content=\"16 minutes\" \/>\n<script type=\"application\/ld+json\" class=\"yoast-schema-graph\">{\"@context\":\"https:\/\/schema.org\",\"@graph\":[{\"@type\":\"WebPage\",\"@id\":\"https:\/\/avaldsnes.info\/en\/historie\/merovingertid-550-750-e-kr\/\",\"url\":\"https:\/\/avaldsnes.info\/en\/historie\/merovingertid-550-750-e-kr\/\",\"name\":\"Merovingertid (550 - 750 e.Kr) Avaldsnes\",\"isPartOf\":{\"@id\":\"https:\/\/avaldsnes.info\/en\/#website\"},\"primaryImageOfPage\":{\"@id\":\"https:\/\/avaldsnes.info\/en\/historie\/merovingertid-550-750-e-kr\/#primaryimage\"},\"image\":{\"@id\":\"https:\/\/avaldsnes.info\/en\/historie\/merovingertid-550-750-e-kr\/#primaryimage\"},\"thumbnailUrl\":\"https:\/\/avaldsnes.info\/content\/uploads\/2013\/07\/storhaug-salhushaugen1-300x225.jpg\",\"datePublished\":\"2013-07-22T12:28:09+00:00\",\"dateModified\":\"2022-11-24T11:35:24+00:00\",\"description\":\"Fornsagaer og kvad forteller om navngitte konger fra merovingertid p\u00e5 Avaldsnes. I 2012 fant vi ogs\u00e5 et forsvarsverk fra denne tida. Dette tyder p\u00e5 at sagaenes historier om ufredstider var sanne..\",\"breadcrumb\":{\"@id\":\"https:\/\/avaldsnes.info\/en\/historie\/merovingertid-550-750-e-kr\/#breadcrumb\"},\"inLanguage\":\"en-US\",\"potentialAction\":[{\"@type\":\"ReadAction\",\"target\":[[\"https:\/\/avaldsnes.info\/en\/historie\/merovingertid-550-750-e-kr\/\"]]}]},{\"@type\":\"ImageObject\",\"inLanguage\":\"en-US\",\"@id\":\"https:\/\/avaldsnes.info\/en\/historie\/merovingertid-550-750-e-kr\/#primaryimage\",\"url\":\"https:\/\/avaldsnes.info\/content\/uploads\/2013\/07\/storhaug-salhushaugen1-300x225.jpg\",\"contentUrl\":\"https:\/\/avaldsnes.info\/content\/uploads\/2013\/07\/storhaug-salhushaugen1-300x225.jpg\"},{\"@type\":\"BreadcrumbList\",\"@id\":\"https:\/\/avaldsnes.info\/en\/historie\/merovingertid-550-750-e-kr\/#breadcrumb\",\"itemListElement\":[{\"@type\":\"ListItem\",\"position\":1,\"name\":\"Home\",\"item\":\"https:\/\/avaldsnes.info\/en\/\"},{\"@type\":\"ListItem\",\"position\":2,\"name\":\"History\",\"item\":\"https:\/\/avaldsnes.info\/en\/historie\/\"},{\"@type\":\"ListItem\",\"position\":3,\"name\":\"Merovingian period (550 &#8211; 750 AD)\"}]},{\"@type\":\"WebSite\",\"@id\":\"https:\/\/avaldsnes.info\/en\/#website\",\"url\":\"https:\/\/avaldsnes.info\/en\/\",\"name\":\"Avaldsnes\",\"description\":\"Norges eldste kongesete\",\"potentialAction\":[{\"@type\":\"SearchAction\",\"target\":{\"@type\":\"EntryPoint\",\"urlTemplate\":\"https:\/\/avaldsnes.info\/en\/?s={search_term_string}\"},\"query-input\":{\"@type\":\"PropertyValueSpecification\",\"valueRequired\":true,\"valueName\":\"search_term_string\"}}],\"inLanguage\":\"en-US\"}]}<\/script>\n<!-- \/ Yoast SEO plugin. -->","yoast_head_json":{"title":"Merovingertid (550 - 750 e.Kr) Avaldsnes","description":"Fornsagaer og kvad forteller om navngitte konger fra merovingertid p\u00e5 Avaldsnes. I 2012 fant vi ogs\u00e5 et forsvarsverk fra denne tida. Dette tyder p\u00e5 at sagaenes historier om ufredstider var sanne..","robots":{"index":"index","follow":"follow","max-snippet":"max-snippet:-1","max-image-preview":"max-image-preview:large","max-video-preview":"max-video-preview:-1"},"canonical":"https:\/\/avaldsnes.info\/en\/historie\/merovingertid-550-750-e-kr\/","og_locale":"en_US","og_type":"article","og_title":"Merovingertid (550 - 750 e.Kr) Avaldsnes","og_description":"Fornsagaer og kvad forteller om navngitte konger fra merovingertid p\u00e5 Avaldsnes. I 2012 fant vi ogs\u00e5 et forsvarsverk fra denne tida. Dette tyder p\u00e5 at sagaenes historier om ufredstider var sanne..","og_url":"https:\/\/avaldsnes.info\/en\/historie\/merovingertid-550-750-e-kr\/","og_site_name":"Avaldsnes","article_modified_time":"2022-11-24T11:35:24+00:00","og_image":[{"url":"https:\/\/avaldsnes.info\/content\/uploads\/2013\/07\/storhaug-salhushaugen1-300x225.jpg","type":"","width":"","height":""}],"twitter_misc":{"Est. reading time":"16 minutes"},"schema":{"@context":"https:\/\/schema.org","@graph":[{"@type":"WebPage","@id":"https:\/\/avaldsnes.info\/en\/historie\/merovingertid-550-750-e-kr\/","url":"https:\/\/avaldsnes.info\/en\/historie\/merovingertid-550-750-e-kr\/","name":"Merovingertid (550 - 750 e.Kr) Avaldsnes","isPartOf":{"@id":"https:\/\/avaldsnes.info\/en\/#website"},"primaryImageOfPage":{"@id":"https:\/\/avaldsnes.info\/en\/historie\/merovingertid-550-750-e-kr\/#primaryimage"},"image":{"@id":"https:\/\/avaldsnes.info\/en\/historie\/merovingertid-550-750-e-kr\/#primaryimage"},"thumbnailUrl":"https:\/\/avaldsnes.info\/content\/uploads\/2013\/07\/storhaug-salhushaugen1-300x225.jpg","datePublished":"2013-07-22T12:28:09+00:00","dateModified":"2022-11-24T11:35:24+00:00","description":"Fornsagaer og kvad forteller om navngitte konger fra merovingertid p\u00e5 Avaldsnes. I 2012 fant vi ogs\u00e5 et forsvarsverk fra denne tida. Dette tyder p\u00e5 at sagaenes historier om ufredstider var sanne..","breadcrumb":{"@id":"https:\/\/avaldsnes.info\/en\/historie\/merovingertid-550-750-e-kr\/#breadcrumb"},"inLanguage":"en-US","potentialAction":[{"@type":"ReadAction","target":[["https:\/\/avaldsnes.info\/en\/historie\/merovingertid-550-750-e-kr\/"]]}]},{"@type":"ImageObject","inLanguage":"en-US","@id":"https:\/\/avaldsnes.info\/en\/historie\/merovingertid-550-750-e-kr\/#primaryimage","url":"https:\/\/avaldsnes.info\/content\/uploads\/2013\/07\/storhaug-salhushaugen1-300x225.jpg","contentUrl":"https:\/\/avaldsnes.info\/content\/uploads\/2013\/07\/storhaug-salhushaugen1-300x225.jpg"},{"@type":"BreadcrumbList","@id":"https:\/\/avaldsnes.info\/en\/historie\/merovingertid-550-750-e-kr\/#breadcrumb","itemListElement":[{"@type":"ListItem","position":1,"name":"Home","item":"https:\/\/avaldsnes.info\/en\/"},{"@type":"ListItem","position":2,"name":"History","item":"https:\/\/avaldsnes.info\/en\/historie\/"},{"@type":"ListItem","position":3,"name":"Merovingian period (550 &#8211; 750 AD)"}]},{"@type":"WebSite","@id":"https:\/\/avaldsnes.info\/en\/#website","url":"https:\/\/avaldsnes.info\/en\/","name":"Avaldsnes","description":"Norges eldste kongesete","potentialAction":[{"@type":"SearchAction","target":{"@type":"EntryPoint","urlTemplate":"https:\/\/avaldsnes.info\/en\/?s={search_term_string}"},"query-input":{"@type":"PropertyValueSpecification","valueRequired":true,"valueName":"search_term_string"}}],"inLanguage":"en-US"}]}},"_links":{"self":[{"href":"https:\/\/avaldsnes.info\/en\/wp-json\/wp\/v2\/pages\/492"}],"collection":[{"href":"https:\/\/avaldsnes.info\/en\/wp-json\/wp\/v2\/pages"}],"about":[{"href":"https:\/\/avaldsnes.info\/en\/wp-json\/wp\/v2\/types\/page"}],"author":[{"embeddable":true,"href":"https:\/\/avaldsnes.info\/en\/wp-json\/wp\/v2\/users\/3"}],"replies":[{"embeddable":true,"href":"https:\/\/avaldsnes.info\/en\/wp-json\/wp\/v2\/comments?post=492"}],"version-history":[{"count":145,"href":"https:\/\/avaldsnes.info\/en\/wp-json\/wp\/v2\/pages\/492\/revisions"}],"predecessor-version":[{"id":6481,"href":"https:\/\/avaldsnes.info\/en\/wp-json\/wp\/v2\/pages\/492\/revisions\/6481"}],"up":[{"embeddable":true,"href":"https:\/\/avaldsnes.info\/en\/wp-json\/wp\/v2\/pages\/5"}],"wp:attachment":[{"href":"https:\/\/avaldsnes.info\/en\/wp-json\/wp\/v2\/media?parent=492"}],"curies":[{"name":"wp","href":"https:\/\/api.w.org\/{rel}","templated":true}]}}