{"id":3194,"date":"2014-08-21T10:54:16","date_gmt":"2014-08-21T10:54:16","guid":{"rendered":"https:\/\/avaldsnes.info\/?page_id=3194"},"modified":"2026-02-25T09:01:16","modified_gmt":"2026-02-25T09:01:16","slug":"aktiviteter","status":"publish","type":"page","link":"https:\/\/avaldsnes.info\/en\/historiesenter\/aktiviteter\/","title":{"rendered":"Events"},"content":{"rendered":"<p><\/p>\n<p><p><strong>JOIN IN AT EVENTS AT AVALDSNES<\/strong><\/p>\n<p>We are happy to welcome you to place your event at Avaldsnes, full of cultural history and scenic surroundings!<\/p>\n<p>We conduct small and large arrangements for companies, associations and private persons.<\/p>\n<p>Below you will find suggestions of the various events we can offer.<\/p>\n<p><strong>Viking farm<\/strong><\/p>\n<p>Team building with a Viking profile; activities related to Viking training for the battlefield.<\/p>\n<p>At the Viking Farm you can attend a Viking feast. Being served is \u201dthe kings meal\u201d and \u201dAugvald\u2019s Miklablot\u201d.<\/p>\n<p>In the \u201dLonghouse\u201d and the \u201dViking boat house\u201d, the atmosphere allows you to travel in time.<\/p>\n<p>We set the table with tasteful dishes inspired by the Vikings\u2019 \u201dslow cooking\u201d and basic ingredients.<\/p>\n<p>The food are delivered from \u201dLothes mat og vinhus\u201d that prepares food from local meat- and vegetables producers.<\/p>\n<p>We also arrange tours to the Viking farm with for example the tale about mead and a taste of this sweet drink.<\/p>\n<p><a href=\"https:\/\/avaldsnes.info\/en\/vikinggard\/\">Read more about the Viking Farm<\/a><\/p>\n<p><strong>Nordvegen History Centre<\/strong><\/p>\n<p>The facilities at Nordvegen History Center is well suited for weddings and various celebrations.<\/p>\n<p>The view to the Karmsund strait is the context around the feast set table. We can also arrange day meetings, lunches, receptions, Christmas parties and other events of different sizes.<\/p>\n<p>It is possible to create an event with the \u201dViking theme \u201d at Nordvegen History Center as well as at the Viking Farm, in terms of both activities and food.<\/p>\n<p>The exhibition in Nordvegen History Centre and storytelling from one of our guides are available for all events.<\/p>\n<p><strong>St Olav\u2019s Church<\/strong><\/p>\n<p>We arrange guided tours in the church. Concerts of different kinds can be arranged as part of a bigger event.<\/p>\n<p><a href=\"https:\/\/avaldsnes.info\/en\/olavskirken\/\">Read more about St Olav&#8217;s church.<\/a><\/p>\n<p><strong>Contact us and together we can make an event that suits you and your guests!\u00a0<a href=\"mailto:post@vikinggarden.no\">post@vikinggarden.no<\/a><\/strong><\/p>\n<p>&nbsp;<\/p>\n<\/p>\n<p><\/p>","protected":false},"excerpt":{"rendered":"<p>JOIN IN AT EVENTS AT AVALDSNES We are happy to welcome you to place your event at Avaldsnes, full of cultural history and scenic surroundings! We conduct small and large arrangements for companies, associations and private persons. Below you will find suggestions of the various events we can offer. Viking farm Team building with a [&hellip;]<\/p>\n","protected":false},"author":3,"featured_media":0,"parent":9,"menu_order":0,"comment_status":"closed","ping_status":"open","template":"","meta":{"footnotes":""},"yoast_head":"<!-- This site is optimized with the Yoast SEO plugin v27.1.1 - https:\/\/yoast.com\/product\/yoast-seo-wordpress\/ -->\n<title>Utleie og arrangement Nordvegen Historiesenter<\/title>\n<meta name=\"description\" content=\"Velkommen til \u00e5 holde ditt arrangement i kulturhistoriske og naturskj\u00f8nne omgivelser p\u00e5 Avaldsnes! Vi gjennomf\u00f8rer store og sm\u00e5 arrangement b\u00e5de for bedrifter, lag og privatpersoner. Nedenfor finner du forslag p\u00e5 hvilke type arrangement vi kan tilby deg.\" \/>\n<meta name=\"robots\" content=\"index, follow, max-snippet:-1, max-image-preview:large, max-video-preview:-1\" \/>\n<link rel=\"canonical\" href=\"https:\/\/avaldsnes.info\/en\/historiesenter\/aktiviteter\/\" \/>\n<meta property=\"og:locale\" content=\"en_US\" \/>\n<meta property=\"og:type\" content=\"article\" \/>\n<meta property=\"og:title\" content=\"Utleie og arrangement Nordvegen Historiesenter\" \/>\n<meta property=\"og:description\" content=\"Velkommen til \u00e5 holde ditt arrangement i kulturhistoriske og naturskj\u00f8nne omgivelser p\u00e5 Avaldsnes! Vi gjennomf\u00f8rer store og sm\u00e5 arrangement b\u00e5de for bedrifter, lag og privatpersoner. Nedenfor finner du forslag p\u00e5 hvilke type arrangement vi kan tilby deg.\" \/>\n<meta property=\"og:url\" content=\"https:\/\/avaldsnes.info\/en\/historiesenter\/aktiviteter\/\" \/>\n<meta property=\"og:site_name\" content=\"Avaldsnes\" \/>\n<meta property=\"article:modified_time\" content=\"2026-02-25T09:01:16+00:00\" \/>\n<meta name=\"twitter:label1\" content=\"Est. reading time\" \/>\n\t<meta name=\"twitter:data1\" content=\"3 minutes\" \/>\n<script type=\"application\/ld+json\" class=\"yoast-schema-graph\">{\"@context\":\"https:\/\/schema.org\",\"@graph\":[{\"@type\":\"WebPage\",\"@id\":\"https:\/\/avaldsnes.info\/en\/historiesenter\/aktiviteter\/\",\"url\":\"https:\/\/avaldsnes.info\/en\/historiesenter\/aktiviteter\/\",\"name\":\"Utleie og arrangement Nordvegen Historiesenter\",\"isPartOf\":{\"@id\":\"https:\/\/avaldsnes.info\/en\/#website\"},\"datePublished\":\"2014-08-21T10:54:16+00:00\",\"dateModified\":\"2026-02-25T09:01:16+00:00\",\"description\":\"Velkommen til \u00e5 holde ditt arrangement i kulturhistoriske og naturskj\u00f8nne omgivelser p\u00e5 Avaldsnes! Vi gjennomf\u00f8rer store og sm\u00e5 arrangement b\u00e5de for bedrifter, lag og privatpersoner. Nedenfor finner du forslag p\u00e5 hvilke type arrangement vi kan tilby deg.\",\"breadcrumb\":{\"@id\":\"https:\/\/avaldsnes.info\/en\/historiesenter\/aktiviteter\/#breadcrumb\"},\"inLanguage\":\"en-US\",\"potentialAction\":[{\"@type\":\"ReadAction\",\"target\":[[\"https:\/\/avaldsnes.info\/en\/historiesenter\/aktiviteter\/\"]]}]},{\"@type\":\"BreadcrumbList\",\"@id\":\"https:\/\/avaldsnes.info\/en\/historiesenter\/aktiviteter\/#breadcrumb\",\"itemListElement\":[{\"@type\":\"ListItem\",\"position\":1,\"name\":\"Home\",\"item\":\"https:\/\/avaldsnes.info\/en\/\"},{\"@type\":\"ListItem\",\"position\":2,\"name\":\"History Centre\",\"item\":\"https:\/\/avaldsnes.info\/en\/historiesenter\/\"},{\"@type\":\"ListItem\",\"position\":3,\"name\":\"Events\"}]},{\"@type\":\"WebSite\",\"@id\":\"https:\/\/avaldsnes.info\/en\/#website\",\"url\":\"https:\/\/avaldsnes.info\/en\/\",\"name\":\"Avaldsnes\",\"description\":\"Norges eldste kongesete\",\"potentialAction\":[{\"@type\":\"SearchAction\",\"target\":{\"@type\":\"EntryPoint\",\"urlTemplate\":\"https:\/\/avaldsnes.info\/en\/?s={search_term_string}\"},\"query-input\":{\"@type\":\"PropertyValueSpecification\",\"valueRequired\":true,\"valueName\":\"search_term_string\"}}],\"inLanguage\":\"en-US\"}]}<\/script>\n<!-- \/ Yoast SEO plugin. -->","yoast_head_json":{"title":"Utleie og arrangement Nordvegen Historiesenter","description":"Velkommen til \u00e5 holde ditt arrangement i kulturhistoriske og naturskj\u00f8nne omgivelser p\u00e5 Avaldsnes! Vi gjennomf\u00f8rer store og sm\u00e5 arrangement b\u00e5de for bedrifter, lag og privatpersoner. Nedenfor finner du forslag p\u00e5 hvilke type arrangement vi kan tilby deg.","robots":{"index":"index","follow":"follow","max-snippet":"max-snippet:-1","max-image-preview":"max-image-preview:large","max-video-preview":"max-video-preview:-1"},"canonical":"https:\/\/avaldsnes.info\/en\/historiesenter\/aktiviteter\/","og_locale":"en_US","og_type":"article","og_title":"Utleie og arrangement Nordvegen Historiesenter","og_description":"Velkommen til \u00e5 holde ditt arrangement i kulturhistoriske og naturskj\u00f8nne omgivelser p\u00e5 Avaldsnes! Vi gjennomf\u00f8rer store og sm\u00e5 arrangement b\u00e5de for bedrifter, lag og privatpersoner. Nedenfor finner du forslag p\u00e5 hvilke type arrangement vi kan tilby deg.","og_url":"https:\/\/avaldsnes.info\/en\/historiesenter\/aktiviteter\/","og_site_name":"Avaldsnes","article_modified_time":"2026-02-25T09:01:16+00:00","twitter_misc":{"Est. reading time":"3 minutes"},"schema":{"@context":"https:\/\/schema.org","@graph":[{"@type":"WebPage","@id":"https:\/\/avaldsnes.info\/en\/historiesenter\/aktiviteter\/","url":"https:\/\/avaldsnes.info\/en\/historiesenter\/aktiviteter\/","name":"Utleie og arrangement Nordvegen Historiesenter","isPartOf":{"@id":"https:\/\/avaldsnes.info\/en\/#website"},"datePublished":"2014-08-21T10:54:16+00:00","dateModified":"2026-02-25T09:01:16+00:00","description":"Velkommen til \u00e5 holde ditt arrangement i kulturhistoriske og naturskj\u00f8nne omgivelser p\u00e5 Avaldsnes! Vi gjennomf\u00f8rer store og sm\u00e5 arrangement b\u00e5de for bedrifter, lag og privatpersoner. Nedenfor finner du forslag p\u00e5 hvilke type arrangement vi kan tilby deg.","breadcrumb":{"@id":"https:\/\/avaldsnes.info\/en\/historiesenter\/aktiviteter\/#breadcrumb"},"inLanguage":"en-US","potentialAction":[{"@type":"ReadAction","target":[["https:\/\/avaldsnes.info\/en\/historiesenter\/aktiviteter\/"]]}]},{"@type":"BreadcrumbList","@id":"https:\/\/avaldsnes.info\/en\/historiesenter\/aktiviteter\/#breadcrumb","itemListElement":[{"@type":"ListItem","position":1,"name":"Home","item":"https:\/\/avaldsnes.info\/en\/"},{"@type":"ListItem","position":2,"name":"History Centre","item":"https:\/\/avaldsnes.info\/en\/historiesenter\/"},{"@type":"ListItem","position":3,"name":"Events"}]},{"@type":"WebSite","@id":"https:\/\/avaldsnes.info\/en\/#website","url":"https:\/\/avaldsnes.info\/en\/","name":"Avaldsnes","description":"Norges eldste kongesete","potentialAction":[{"@type":"SearchAction","target":{"@type":"EntryPoint","urlTemplate":"https:\/\/avaldsnes.info\/en\/?s={search_term_string}"},"query-input":{"@type":"PropertyValueSpecification","valueRequired":true,"valueName":"search_term_string"}}],"inLanguage":"en-US"}]}},"_links":{"self":[{"href":"https:\/\/avaldsnes.info\/en\/wp-json\/wp\/v2\/pages\/3194"}],"collection":[{"href":"https:\/\/avaldsnes.info\/en\/wp-json\/wp\/v2\/pages"}],"about":[{"href":"https:\/\/avaldsnes.info\/en\/wp-json\/wp\/v2\/types\/page"}],"author":[{"embeddable":true,"href":"https:\/\/avaldsnes.info\/en\/wp-json\/wp\/v2\/users\/3"}],"replies":[{"embeddable":true,"href":"https:\/\/avaldsnes.info\/en\/wp-json\/wp\/v2\/comments?post=3194"}],"version-history":[{"count":24,"href":"https:\/\/avaldsnes.info\/en\/wp-json\/wp\/v2\/pages\/3194\/revisions"}],"predecessor-version":[{"id":6562,"href":"https:\/\/avaldsnes.info\/en\/wp-json\/wp\/v2\/pages\/3194\/revisions\/6562"}],"up":[{"embeddable":true,"href":"https:\/\/avaldsnes.info\/en\/wp-json\/wp\/v2\/pages\/9"}],"wp:attachment":[{"href":"https:\/\/avaldsnes.info\/en\/wp-json\/wp\/v2\/media?parent=3194"}],"curies":[{"name":"wp","href":"https:\/\/api.w.org\/{rel}","templated":true}]}}