{"id":3147,"date":"2014-08-15T10:09:05","date_gmt":"2014-08-15T10:09:05","guid":{"rendered":"https:\/\/avaldsnes.info\/?page_id=3147"},"modified":"2026-02-25T09:09:01","modified_gmt":"2026-02-25T09:09:01","slug":"arrangement","status":"publish","type":"page","link":"https:\/\/avaldsnes.info\/en\/historiesenter\/arrangement\/","title":{"rendered":"What&#8217;s on?"},"content":{"rendered":"<p><\/p>\n<p><div id=\"attachment_6303\" style=\"width: 310px\" class=\"wp-caption aligncenter\"><a href=\"https:\/\/avaldsnes.info\/content\/uploads\/2014\/08\/Viking-Festival-Avaldsnes-1.-Photo-Oscar-Andreas-Osmundsen.jpg\"><img loading=\"lazy\" decoding=\"async\" aria-describedby=\"caption-attachment-6303\" class=\"size-medium wp-image-6303\" src=\"https:\/\/avaldsnes.info\/content\/uploads\/2014\/08\/Viking-Festival-Avaldsnes-1.-Photo-Oscar-Andreas-Osmundsen-300x201.jpg\" alt=\"Vikingfestival p\u00e5 Avaldsnes. Foto Oscar Andreas Osmundsen\" width=\"300\" height=\"201\" srcset=\"https:\/\/avaldsnes.info\/content\/uploads\/2014\/08\/Viking-Festival-Avaldsnes-1.-Photo-Oscar-Andreas-Osmundsen-300x201.jpg 300w, https:\/\/avaldsnes.info\/content\/uploads\/2014\/08\/Viking-Festival-Avaldsnes-1.-Photo-Oscar-Andreas-Osmundsen-1024x687.jpg 1024w, https:\/\/avaldsnes.info\/content\/uploads\/2014\/08\/Viking-Festival-Avaldsnes-1.-Photo-Oscar-Andreas-Osmundsen-960x640.jpg 960w, https:\/\/avaldsnes.info\/content\/uploads\/2014\/08\/Viking-Festival-Avaldsnes-1.-Photo-Oscar-Andreas-Osmundsen-480x320.jpg 480w, https:\/\/avaldsnes.info\/content\/uploads\/2014\/08\/Viking-Festival-Avaldsnes-1.-Photo-Oscar-Andreas-Osmundsen.jpg 1500w\" sizes=\"(max-width: 300px) 100vw, 300px\" \/><\/a><p id=\"caption-attachment-6303\" class=\"wp-caption-text\">The Viking Festival at Avaldsnes.Photo Oscar Andreas Osmundsen<\/p><\/div>\n<p><strong>THE COMMEMORATION OF THE 1150TH ANNIVERSARY OF THE UNIFICATION OF NORWAY<\/strong><br \/>\nIn 2022, it is 1150 years since the Battle of Hafrsfjord when Harald Fairhair is supposed to have unified Norway into one kingdom. \u00a0The commemoration of the anniversary takes place where our first High King Harald Fairhair\u00b4s realm was centred: in Rogaland at the southwestern coast<\/p>\n<p>Here at Avaldsnes, the main celebration starts with the Viking Festival on 9 &#8211; 12 June. In addition to all the activities you usually find at the Viking Festival, 10 Viking ships will arrive at Avaldsnes and participate during the celebration.<\/p>\n<p>Read more about the commemoration here:<a href=\"https:\/\/rikssamlingsjubileet.no\/en\/\">\u00a0<em>Rikssamlingsjubileet Hafrsfjord &#8211; Nordvegen 2022.<\/em><\/a><\/p>\n<p>&nbsp;<\/p>\n<div id=\"attachment_6320\" style=\"width: 310px\" class=\"wp-caption aligncenter\"><a href=\"https:\/\/avaldsnes.info\/content\/uploads\/2014\/08\/Maktens-Havn-2.jpg\"><img loading=\"lazy\" decoding=\"async\" aria-describedby=\"caption-attachment-6320\" class=\"size-medium wp-image-6320\" src=\"https:\/\/avaldsnes.info\/content\/uploads\/2014\/08\/Maktens-Havn-2-300x225.jpg\" alt=\" The research project \u00abAvaldsnes Maktens Havn conducts\u00bb geophysical surveys of the harbor area (Photo Maktens Havn) \" width=\"300\" height=\"225\" srcset=\"https:\/\/avaldsnes.info\/content\/uploads\/2014\/08\/Maktens-Havn-2-300x225.jpg 300w, https:\/\/avaldsnes.info\/content\/uploads\/2014\/08\/Maktens-Havn-2-1024x768.jpg 1024w, https:\/\/avaldsnes.info\/content\/uploads\/2014\/08\/Maktens-Havn-2.jpg 2048w\" sizes=\"(max-width: 300px) 100vw, 300px\" \/><\/a><p id=\"caption-attachment-6320\" class=\"wp-caption-text\"><br \/>The research project \u00abAvaldsnes Maktens Havn conducts\u00bb geophysical surveys of the harbor area (Photo Maktens Havn)<\/p><\/div>\n<p><strong>RESEARCH PROJECT: AVALDSNES \u2013 THE PORT OF POWER<\/strong><br \/>\n13. of June 2019, we launched a new research project that is called <em>Avaldsnes &#8211; the port of power<\/em>. The project combines archaeology with technology from the offshore industry in a research study that will bring out new knowledge about the role the ports played for Avaldsnes, which was a maritime centre of power through 3000 years.<\/p>\n<p>The project is a collaboration between the Stavanger Maritime Museum, the Archaeological Museum, UiS, the Avaldsnes Project, Saga Subsea and Geopluss.<\/p>\n<p>In March 2022, the research project received a million gift from a private individual. The donation means that the project can take one big step forward. The funds will be used, among other things, to do more research on the Vikings&#8217; ship technology, archaeological investigations under water and excavations of graves and harbor areas from the Viking Age and the Middle Ages.<\/p>\n<p>The project also aims to excavate, conserve and exhibit the well-preserved medieval ship that is located in the sea at Avaldsnes. Maybe we can also find other shipwrecks from older time periods.<\/p>\n<p>Se also:<\/p>\n<p><a href=\"https:\/\/tvh.no\/2019\/06\/13\/under-vannflaten-her-ligger-det-et-godt-bevart-middelalderskip\/?fbclid=IwAR3uNeJdce9GeM6XbSPqlWbGJvobr0QiNiQpU8Yi2lvB5HB-8B3vyGIit8Y\">Under vannflaten ligger et godt bevart middelalderskip, TV Haugaland:\u00a0<\/a><\/p>\n<p><a href=\"https:\/\/tv.nrk.no\/serie\/distriktsnyheter-rogaland\/201906\/DKRO99061319\/avspiller\">Funn av middelalderb\u00e5t p\u00e5 Avaldsnes. NRK Rogaland<\/a><\/p>\n<div id=\"attachment_5686\" style=\"width: 310px\" class=\"wp-caption aligncenter\"><a href=\"https:\/\/avaldsnes.info\/content\/uploads\/2014\/08\/Marinarkeolog-ved-skipet.-Foto-Maktens-Havn.jpg\"><img loading=\"lazy\" decoding=\"async\" aria-describedby=\"caption-attachment-5686\" class=\"size-medium wp-image-5686\" src=\"https:\/\/avaldsnes.info\/content\/uploads\/2014\/08\/Marinarkeolog-ved-skipet.-Foto-Maktens-Havn-300x200.jpg\" alt=\"Marine archaeologist examines the well-preserved ship which is located in the sea at Avaldsnes. Photo: The Port of Power\" width=\"300\" height=\"200\" srcset=\"https:\/\/avaldsnes.info\/content\/uploads\/2014\/08\/Marinarkeolog-ved-skipet.-Foto-Maktens-Havn-300x200.jpg 300w, https:\/\/avaldsnes.info\/content\/uploads\/2014\/08\/Marinarkeolog-ved-skipet.-Foto-Maktens-Havn-1024x682.jpg 1024w, https:\/\/avaldsnes.info\/content\/uploads\/2014\/08\/Marinarkeolog-ved-skipet.-Foto-Maktens-Havn-960x640.jpg 960w, https:\/\/avaldsnes.info\/content\/uploads\/2014\/08\/Marinarkeolog-ved-skipet.-Foto-Maktens-Havn-480x320.jpg 480w, https:\/\/avaldsnes.info\/content\/uploads\/2014\/08\/Marinarkeolog-ved-skipet.-Foto-Maktens-Havn.jpg 2000w\" sizes=\"(max-width: 300px) 100vw, 300px\" \/><\/a><p id=\"caption-attachment-5686\" class=\"wp-caption-text\">Marine archaeologist examines the well-preserved ship which is located in the sea at Avaldsnes. Photo: The Port of Power<\/p><\/div>\n<p><a href=\"https:\/\/www.h-avis.no\/avaldsnes\/karmoy\/lokalhistorie\/na-skal-de-heve-skipet\/f\/5-62-826251?fbclid=IwAR2T_EmQgpud4NWOWB4vtcBqR9urDGsGSOZu455GOqifrVU05pTQBmcm01w&amp;access=granted\">N\u00e5 skal de heve skipet, Haugesunds Avis<\/a><\/p>\n<p><a href=\"https:\/\/karmoynytt.no\/dette-er-virkelig-et-drommeprosjekt\/13.06-01:07?fbclid=IwAR32KbhPHYaRR9YqwrDQfdMURu2FmE1CaeJ_JrP8ffDKzr8lS_TNKKCDWNk\">Dette er virkelig et dr\u00f8mmeprosjekt, Karm\u00f8yNytt<\/a><\/p>\n<p><strong>ARCHAEOLOGICAL EXCAVATIONS OF THE MEDIEVAL ROYAL MANOR<\/strong><br \/>\nIn 2017, the Avaldsnes Royal Manor project carried out excavations of what proved to be the main building in the medieval royal estate at Avaldsnes. The building are situated on the plateau just south of St Olaf\u2019s Church.<\/p>\n<p>The ruins are currently covered by a temporary building that will protect the walls until the conservation is finished. This will take several years.<\/p>\n<p><strong>THE AVALDSNES ROYAL MANOR PROJECT<\/strong><br \/>\nThe Royal Manor project is an archaeological research project that is based on the old royal residence Avaldsnes by the strait Karmsundet. The project is led by prof. Dagfinn Skre, Museum of Cultural History in Oslo.<\/p>\n<div id=\"attachment_4880\" style=\"width: 310px\" class=\"wp-caption aligncenter\"><a href=\"https:\/\/avaldsnes.info\/content\/uploads\/2014\/08\/Oppstart-utgravinger.-Foto-Karmoynytt.jpg\"><img loading=\"lazy\" decoding=\"async\" aria-describedby=\"caption-attachment-4880\" class=\"size-medium wp-image-4880\" src=\"https:\/\/avaldsnes.info\/content\/uploads\/2014\/08\/Oppstart-utgravinger.-Foto-Karmoynytt-300x200.jpg\" alt=\"8. June 2017 we celebrated that the excavtions of the medieval royal manor could starts agang. Mayor Jarle Nilsen and Dagfinn Skre, head of the Royal Manor project, take a High Five. Photo Karm\u00f8ynytt\" width=\"300\" height=\"200\" srcset=\"https:\/\/avaldsnes.info\/content\/uploads\/2014\/08\/Oppstart-utgravinger.-Foto-Karmoynytt-300x200.jpg 300w, https:\/\/avaldsnes.info\/content\/uploads\/2014\/08\/Oppstart-utgravinger.-Foto-Karmoynytt-1024x683.jpg 1024w, https:\/\/avaldsnes.info\/content\/uploads\/2014\/08\/Oppstart-utgravinger.-Foto-Karmoynytt-960x640.jpg 960w, https:\/\/avaldsnes.info\/content\/uploads\/2014\/08\/Oppstart-utgravinger.-Foto-Karmoynytt-480x320.jpg 480w, https:\/\/avaldsnes.info\/content\/uploads\/2014\/08\/Oppstart-utgravinger.-Foto-Karmoynytt.jpg 1440w\" sizes=\"(max-width: 300px) 100vw, 300px\" \/><\/a><p id=\"caption-attachment-4880\" class=\"wp-caption-text\">8. June 2017 we celebrated that the excavtions of the medieval royal manor could starts again. Mayor Jarle Nilsen and Dagfinn Skre, head of the Royal Manor project, take a High Five. Photo Karm\u00f8ynytt<\/p><\/div>\n<p>The Royal Manor project should initially investigate the story of the royal seat Avaldsnes and the rise of the Norwegian kingdom from approx. 200 to 1100 AD. During the excavations in 2012, the archaeologists made the unexpected discovery of walls from a royal hall built in stone. The Royal Manor project therefore expanded its thematic and chronological framework to include the institutionalized kingdom of the High Middle Ages.<\/p>\n<p>The ruins were found two weeks before the Royal Manor project was to finish its investigations. For reasons of safety, the ruins were covered over again until a proper scientific survey could be conducted.<\/p>\n<p>In December 2016, the Norwegian government granted NOK 5.4 million for investigations of the medieval ruins. Thus, the project was fully funded and the excavations of the royal estate could start on 6 June 2017.<\/p>\n<p><strong>2017. WHAT THE EXCAVATIONS REVEALED<\/strong><br \/>\nIt\u00a0caused a sensation when the Avaldsnes Royal Manor project in 2017 revealed the ruins of this fortified royal manor. Nobody had thought that there would be so much well-preserved masonry, or that the main building was so huge! The discovery of this royal manor shows that the medieval kings invested heavily in Avaldsnes.<\/p>\n<div id=\"attachment_4976\" style=\"width: 310px\" class=\"wp-caption aligncenter\"><a href=\"https:\/\/avaldsnes.info\/content\/uploads\/2013\/07\/med-reisbue.jpg\"><img loading=\"lazy\" decoding=\"async\" aria-describedby=\"caption-attachment-4976\" class=\"size-medium wp-image-4976\" src=\"https:\/\/avaldsnes.info\/content\/uploads\/2013\/07\/med-reisbue-300x200.jpg\" alt=\"Approx. 25 m of the royal building is uncovered outside the cemetary, but it continues towards St Olaf\u2019s church. The main building is 51 m long, included the tower. (Photo Marit Synn\u00f8ve Vea)\" width=\"300\" height=\"200\" srcset=\"https:\/\/avaldsnes.info\/content\/uploads\/2013\/07\/med-reisbue-300x200.jpg 300w, https:\/\/avaldsnes.info\/content\/uploads\/2013\/07\/med-reisbue-1024x682.jpg 1024w, https:\/\/avaldsnes.info\/content\/uploads\/2013\/07\/med-reisbue-960x640.jpg 960w, https:\/\/avaldsnes.info\/content\/uploads\/2013\/07\/med-reisbue-480x320.jpg 480w, https:\/\/avaldsnes.info\/content\/uploads\/2013\/07\/med-reisbue.jpg 2000w\" sizes=\"(max-width: 300px) 100vw, 300px\" \/><\/a><p id=\"caption-attachment-4976\" class=\"wp-caption-text\">Approx. 25 m of the royal building is uncovered outside the cemetary, but it continues towards St Olaf\u2019s church. The main building is 51 m long, included the tower. (Photo Marit Synn\u00f8ve Vea)<\/p><\/div>\n<p>The building had three floors built in stone, included the cellar. The cellar was used as a storage room, probably to store goods received from both taxation and trade.<\/p>\n<p>On the second floor, there were kitchens, workshops and working rooms. On the third floor was the representative hall and other rooms used by the king when he was at Avaldsnes.<\/p>\n<p>The building ends in a high gate tower. This was the main entrance to the royal manor. From the tower a covered passageway, perhaps in two floors, leads up to the chancel. The fa\u00e7ade from the south to the church is 70 m. The main building, including the tower, is about 51 meters.<\/p>\n<p><strong>WHO BUILT THE MEDIEVAL ROYAL MANOR?<\/strong><br \/>\nThe building was constructed sometime between 1240-1319, probably either by H\u00e5kon H\u00e5konsson, who built the Church of St Olaf, or by H\u00e5kon V Magnusson, who appointed St Olaf\u2019s church as a collegiate church. So far, it seems that the gate tower was built by H\u00e5kon H\u00e5konsson at the same time as the church, and that H\u00e5kon V Magnusson continued with the main building which was completed sometime around 1300.<\/p>\n<p>Most medieval ruins in Norway are sacral buildings such as churches and monasteries. Only three other medieval royal manors are known in Norway. They are located in Oslo, Bergen and T\u00f8nsberg.<\/p>\n<p><a href=\"https:\/\/avaldsnes.info\/en\/historie\/middelalder-1100-1537-e-kr\/\">Read more about Avaldsnes in the Medieval Period.<\/a><\/p>\n<div id=\"attachment_4978\" style=\"width: 310px\" class=\"wp-caption aligncenter\"><a href=\"https:\/\/avaldsnes.info\/content\/uploads\/2013\/07\/Dagfinn-Skre-i-tarnruinen-Foto-Marit-S.-vea.jpg\"><img loading=\"lazy\" decoding=\"async\" aria-describedby=\"caption-attachment-4978\" class=\"size-medium wp-image-4978\" src=\"https:\/\/avaldsnes.info\/content\/uploads\/2013\/07\/Dagfinn-Skre-i-tarnruinen-Foto-Marit-S.-vea-300x225.jpg\" alt=\"Dagfinn Skre inside the gate tower.  The nicely curved stones at the bottom of the doorway are similar to those in St. Olaf\u2019s church. This may indicate that H\u00e5kon H\u00e5konsson built the tower at the same time as he built the church (Photo Marit S. Vea)\" width=\"300\" height=\"225\" srcset=\"https:\/\/avaldsnes.info\/content\/uploads\/2013\/07\/Dagfinn-Skre-i-tarnruinen-Foto-Marit-S.-vea-300x225.jpg 300w, https:\/\/avaldsnes.info\/content\/uploads\/2013\/07\/Dagfinn-Skre-i-tarnruinen-Foto-Marit-S.-vea-1024x768.jpg 1024w, https:\/\/avaldsnes.info\/content\/uploads\/2013\/07\/Dagfinn-Skre-i-tarnruinen-Foto-Marit-S.-vea.jpg 2000w\" sizes=\"(max-width: 300px) 100vw, 300px\" \/><\/a><p id=\"caption-attachment-4978\" class=\"wp-caption-text\">Dagfinn Skre inside the gate tower. The nicely curved stones at the bottom of the doorway are similar to those in St. Olaf\u2019s church. This may indicate that H\u00e5kon H\u00e5konsson built the tower at the same time as he built the church (Photo Marit S. Vea)<\/p><\/div>\n<p><strong>CONSERVATION OF THE RUINS<\/strong><br \/>\nThe ruins are currently covered by a temporary building that will protect the walls until the conservation is finished. The conservation will be done in close cooperation with NIKU. (The Norwegian Institute for Cultural Heritage Research) and it will take several years before it is finished.\u00a0The conservation will enable the ruin to withstand wind and wear and tear.<\/p>\n<p>The ruins, together with St Olaf&#8217;s Church, will be the significant elements in a medieval park that will be developed in the central church area.<\/p>\n<p>The landscape around the ruin will be arranged so that the audience can walk around it. We will also provide information on how the royal estate may have looked and how the buildings were used.<\/p>\n<p><a href=\"https:\/\/avaldsnes.info\/en\/forskning\/\">Read more about the Avaldsnes Royal Manor Project<\/a><\/p>\n<p><strong>2017. THE NATIONAL GOVERNMENT GRANTS NOK 10 MILL TO THE AVALDSNES ROYAL MANOR PROJECT<\/strong><br \/>\nIn May 2017, the National Government granted NOK 10 million for the analysis and publication phase of the Avaldsnes Royal Manor project.\u00a0This makes it possible to write Avaldsnes&#8217;s history into a broader European context. Ie a story about how the Germanic tribes of northern Europe were transformed into kingdoms and eventually states.<\/p>\n<p>&nbsp;<\/p>\n<\/p>\n<p><\/p>","protected":false},"excerpt":{"rendered":"<p>THE COMMEMORATION OF THE 1150TH ANNIVERSARY OF THE UNIFICATION OF NORWAY In 2022, it is 1150 years since the Battle of Hafrsfjord when Harald Fairhair is supposed to have unified Norway into one kingdom. \u00a0The commemoration of the anniversary takes place where our first High King Harald Fairhair\u00b4s realm was centred: in Rogaland at the [&hellip;]<\/p>\n","protected":false},"author":3,"featured_media":0,"parent":9,"menu_order":3,"comment_status":"closed","ping_status":"open","template":"","meta":{"footnotes":""},"yoast_head":"<!-- This site is optimized with the Yoast SEO plugin v27.1.1 - https:\/\/yoast.com\/product\/yoast-seo-wordpress\/ -->\n<title>Hva skjer? Nordvegen Historiesenter, Avaldsnes<\/title>\n<meta name=\"description\" content=\"Foredrag, arrangementer, utstillinger. Se ogs\u00e5 program for 10 \u00e5rs jubileum\" \/>\n<meta name=\"robots\" content=\"index, follow, max-snippet:-1, max-image-preview:large, max-video-preview:-1\" \/>\n<link rel=\"canonical\" href=\"https:\/\/avaldsnes.info\/en\/historiesenter\/arrangement\/\" \/>\n<meta property=\"og:locale\" content=\"en_US\" \/>\n<meta property=\"og:type\" content=\"article\" \/>\n<meta property=\"og:title\" content=\"Hva skjer? Nordvegen Historiesenter, Avaldsnes\" \/>\n<meta property=\"og:description\" content=\"Foredrag, arrangementer, utstillinger. Se ogs\u00e5 program for 10 \u00e5rs jubileum\" \/>\n<meta property=\"og:url\" content=\"https:\/\/avaldsnes.info\/en\/historiesenter\/arrangement\/\" \/>\n<meta property=\"og:site_name\" content=\"Avaldsnes\" \/>\n<meta property=\"article:modified_time\" content=\"2026-02-25T09:09:01+00:00\" \/>\n<meta property=\"og:image\" content=\"https:\/\/avaldsnes.info\/content\/uploads\/2014\/08\/Viking-Festival-Avaldsnes-1.-Photo-Oscar-Andreas-Osmundsen-300x201.jpg\" \/>\n<meta name=\"twitter:label1\" content=\"Est. reading time\" \/>\n\t<meta name=\"twitter:data1\" content=\"16 minutes\" \/>\n<script type=\"application\/ld+json\" class=\"yoast-schema-graph\">{\"@context\":\"https:\/\/schema.org\",\"@graph\":[{\"@type\":\"WebPage\",\"@id\":\"https:\/\/avaldsnes.info\/en\/historiesenter\/arrangement\/\",\"url\":\"https:\/\/avaldsnes.info\/en\/historiesenter\/arrangement\/\",\"name\":\"Hva skjer? Nordvegen Historiesenter, Avaldsnes\",\"isPartOf\":{\"@id\":\"https:\/\/avaldsnes.info\/en\/#website\"},\"primaryImageOfPage\":{\"@id\":\"https:\/\/avaldsnes.info\/en\/historiesenter\/arrangement\/#primaryimage\"},\"image\":{\"@id\":\"https:\/\/avaldsnes.info\/en\/historiesenter\/arrangement\/#primaryimage\"},\"thumbnailUrl\":\"https:\/\/avaldsnes.info\/content\/uploads\/2014\/08\/Viking-Festival-Avaldsnes-1.-Photo-Oscar-Andreas-Osmundsen-300x201.jpg\",\"datePublished\":\"2014-08-15T10:09:05+00:00\",\"dateModified\":\"2026-02-25T09:09:01+00:00\",\"description\":\"Foredrag, arrangementer, utstillinger. Se ogs\u00e5 program for 10 \u00e5rs jubileum\",\"breadcrumb\":{\"@id\":\"https:\/\/avaldsnes.info\/en\/historiesenter\/arrangement\/#breadcrumb\"},\"inLanguage\":\"en-US\",\"potentialAction\":[{\"@type\":\"ReadAction\",\"target\":[[\"https:\/\/avaldsnes.info\/en\/historiesenter\/arrangement\/\"]]}]},{\"@type\":\"ImageObject\",\"inLanguage\":\"en-US\",\"@id\":\"https:\/\/avaldsnes.info\/en\/historiesenter\/arrangement\/#primaryimage\",\"url\":\"https:\/\/avaldsnes.info\/content\/uploads\/2014\/08\/Viking-Festival-Avaldsnes-1.-Photo-Oscar-Andreas-Osmundsen-300x201.jpg\",\"contentUrl\":\"https:\/\/avaldsnes.info\/content\/uploads\/2014\/08\/Viking-Festival-Avaldsnes-1.-Photo-Oscar-Andreas-Osmundsen-300x201.jpg\"},{\"@type\":\"BreadcrumbList\",\"@id\":\"https:\/\/avaldsnes.info\/en\/historiesenter\/arrangement\/#breadcrumb\",\"itemListElement\":[{\"@type\":\"ListItem\",\"position\":1,\"name\":\"Home\",\"item\":\"https:\/\/avaldsnes.info\/en\/\"},{\"@type\":\"ListItem\",\"position\":2,\"name\":\"History Centre\",\"item\":\"https:\/\/avaldsnes.info\/en\/historiesenter\/\"},{\"@type\":\"ListItem\",\"position\":3,\"name\":\"What&#8217;s on?\"}]},{\"@type\":\"WebSite\",\"@id\":\"https:\/\/avaldsnes.info\/en\/#website\",\"url\":\"https:\/\/avaldsnes.info\/en\/\",\"name\":\"Avaldsnes\",\"description\":\"Norges eldste kongesete\",\"potentialAction\":[{\"@type\":\"SearchAction\",\"target\":{\"@type\":\"EntryPoint\",\"urlTemplate\":\"https:\/\/avaldsnes.info\/en\/?s={search_term_string}\"},\"query-input\":{\"@type\":\"PropertyValueSpecification\",\"valueRequired\":true,\"valueName\":\"search_term_string\"}}],\"inLanguage\":\"en-US\"}]}<\/script>\n<!-- \/ Yoast SEO plugin. -->","yoast_head_json":{"title":"Hva skjer? Nordvegen Historiesenter, Avaldsnes","description":"Foredrag, arrangementer, utstillinger. Se ogs\u00e5 program for 10 \u00e5rs jubileum","robots":{"index":"index","follow":"follow","max-snippet":"max-snippet:-1","max-image-preview":"max-image-preview:large","max-video-preview":"max-video-preview:-1"},"canonical":"https:\/\/avaldsnes.info\/en\/historiesenter\/arrangement\/","og_locale":"en_US","og_type":"article","og_title":"Hva skjer? Nordvegen Historiesenter, Avaldsnes","og_description":"Foredrag, arrangementer, utstillinger. Se ogs\u00e5 program for 10 \u00e5rs jubileum","og_url":"https:\/\/avaldsnes.info\/en\/historiesenter\/arrangement\/","og_site_name":"Avaldsnes","article_modified_time":"2026-02-25T09:09:01+00:00","og_image":[{"url":"https:\/\/avaldsnes.info\/content\/uploads\/2014\/08\/Viking-Festival-Avaldsnes-1.-Photo-Oscar-Andreas-Osmundsen-300x201.jpg","type":"","width":"","height":""}],"twitter_misc":{"Est. reading time":"16 minutes"},"schema":{"@context":"https:\/\/schema.org","@graph":[{"@type":"WebPage","@id":"https:\/\/avaldsnes.info\/en\/historiesenter\/arrangement\/","url":"https:\/\/avaldsnes.info\/en\/historiesenter\/arrangement\/","name":"Hva skjer? Nordvegen Historiesenter, Avaldsnes","isPartOf":{"@id":"https:\/\/avaldsnes.info\/en\/#website"},"primaryImageOfPage":{"@id":"https:\/\/avaldsnes.info\/en\/historiesenter\/arrangement\/#primaryimage"},"image":{"@id":"https:\/\/avaldsnes.info\/en\/historiesenter\/arrangement\/#primaryimage"},"thumbnailUrl":"https:\/\/avaldsnes.info\/content\/uploads\/2014\/08\/Viking-Festival-Avaldsnes-1.-Photo-Oscar-Andreas-Osmundsen-300x201.jpg","datePublished":"2014-08-15T10:09:05+00:00","dateModified":"2026-02-25T09:09:01+00:00","description":"Foredrag, arrangementer, utstillinger. Se ogs\u00e5 program for 10 \u00e5rs jubileum","breadcrumb":{"@id":"https:\/\/avaldsnes.info\/en\/historiesenter\/arrangement\/#breadcrumb"},"inLanguage":"en-US","potentialAction":[{"@type":"ReadAction","target":[["https:\/\/avaldsnes.info\/en\/historiesenter\/arrangement\/"]]}]},{"@type":"ImageObject","inLanguage":"en-US","@id":"https:\/\/avaldsnes.info\/en\/historiesenter\/arrangement\/#primaryimage","url":"https:\/\/avaldsnes.info\/content\/uploads\/2014\/08\/Viking-Festival-Avaldsnes-1.-Photo-Oscar-Andreas-Osmundsen-300x201.jpg","contentUrl":"https:\/\/avaldsnes.info\/content\/uploads\/2014\/08\/Viking-Festival-Avaldsnes-1.-Photo-Oscar-Andreas-Osmundsen-300x201.jpg"},{"@type":"BreadcrumbList","@id":"https:\/\/avaldsnes.info\/en\/historiesenter\/arrangement\/#breadcrumb","itemListElement":[{"@type":"ListItem","position":1,"name":"Home","item":"https:\/\/avaldsnes.info\/en\/"},{"@type":"ListItem","position":2,"name":"History Centre","item":"https:\/\/avaldsnes.info\/en\/historiesenter\/"},{"@type":"ListItem","position":3,"name":"What&#8217;s on?"}]},{"@type":"WebSite","@id":"https:\/\/avaldsnes.info\/en\/#website","url":"https:\/\/avaldsnes.info\/en\/","name":"Avaldsnes","description":"Norges eldste kongesete","potentialAction":[{"@type":"SearchAction","target":{"@type":"EntryPoint","urlTemplate":"https:\/\/avaldsnes.info\/en\/?s={search_term_string}"},"query-input":{"@type":"PropertyValueSpecification","valueRequired":true,"valueName":"search_term_string"}}],"inLanguage":"en-US"}]}},"_links":{"self":[{"href":"https:\/\/avaldsnes.info\/en\/wp-json\/wp\/v2\/pages\/3147"}],"collection":[{"href":"https:\/\/avaldsnes.info\/en\/wp-json\/wp\/v2\/pages"}],"about":[{"href":"https:\/\/avaldsnes.info\/en\/wp-json\/wp\/v2\/types\/page"}],"author":[{"embeddable":true,"href":"https:\/\/avaldsnes.info\/en\/wp-json\/wp\/v2\/users\/3"}],"replies":[{"embeddable":true,"href":"https:\/\/avaldsnes.info\/en\/wp-json\/wp\/v2\/comments?post=3147"}],"version-history":[{"count":402,"href":"https:\/\/avaldsnes.info\/en\/wp-json\/wp\/v2\/pages\/3147\/revisions"}],"predecessor-version":[{"id":6564,"href":"https:\/\/avaldsnes.info\/en\/wp-json\/wp\/v2\/pages\/3147\/revisions\/6564"}],"up":[{"embeddable":true,"href":"https:\/\/avaldsnes.info\/en\/wp-json\/wp\/v2\/pages\/9"}],"wp:attachment":[{"href":"https:\/\/avaldsnes.info\/en\/wp-json\/wp\/v2\/media?parent=3147"}],"curies":[{"name":"wp","href":"https:\/\/api.w.org\/{rel}","templated":true}]}}