{"id":3084,"date":"2014-06-26T13:23:24","date_gmt":"2014-06-26T13:23:24","guid":{"rendered":"https:\/\/avaldsnes.info\/?page_id=3084"},"modified":"2015-05-19T08:42:33","modified_gmt":"2015-05-19T08:42:33","slug":"josur","status":"publish","type":"page","link":"https:\/\/avaldsnes.info\/en\/informasjon\/josur\/","title":{"rendered":"Josur and Hjor"},"content":{"rendered":"<p><span style=\"color: #808080;\">Text Marit Synn\u00f8ve Vea<\/span><br \/>\n&nbsp;<br \/>\nJosur\/J\u00f8sur and his son Hjor\/Hj\u00f8r are called kings in Rogaland and Hordaland, but when the sagas use the word \u00abkingdom\u00bb at this time, they mean kingdoms bound together by alliances and ties of loyalty and not by geographical borders, as they are nowadays. For this reason, there could be several kings in Rogaland and Hordaland (and Agder) at the same time and the area they ruled over could change, as and when they acquired \u201ckingdoms\u201d from one another.<\/p>\n<p>It appears that the descendants of Augvald retained Avaldsnes as their base, but Avaldsnes Peninsula itself may at times have belonged to Rogaland and at others to Hordaland. Written sources do not always agree: sometimes they talk about the same king ruling over \u201dthe great kingdom Rogaland and Agder\u201d, and at others over \u201cthe great kingdom Rogaland and Hordaland\u201d.<\/p>\n<p><strong>Josur (ON J\u01ebsurr)<\/strong><br \/>\nHalf\u2019s saga relates that King Augvald had a son called Josur who was born while Augvald, his queen and their entourage were out hunting along the border between Rogaland and Telemark. The place of his birth was later called J\u00f8sureid. Josur was brought up by Gunnvald Stordajarl. When Augvald died, Josur inherited his father\u2019s kingdom.<\/p>\n<p>Josur had been king for some years when his foster father was killed by a chieftain called Koll. So Josur set out to avenge the murder of his foster father.<\/p>\n<p>The Saga of Half &amp; his Heroes tells this about how Josur avenged his foster father:<\/p>\n<p><em>Josur had been king then for a while. Later he went with a great army to avenge his foster father, and when Koll saw his sails, he ran to his warships and sailed north round the Hard Sea into Grafdal Bay.<\/em><\/p>\n<p><em>Then King Alrek met King Josur, but with only a few men, because he wasn\u2019t expecting battle. They fought then, Josur against Alrek, and King Alrek and Koll fell with the better part of their army. Vikar, Alrek\u2019s son, didn\u2019t get back from mustering his forces before King Josur left. In that expedition, Josur took all the land that had been Koll\u2019s.<\/em><\/p>\n<p>The Saga of Half &amp; his Heroes tells this about how Josur died:<br \/>\n<em>Many years later, (*1) King Vikar came with many men against Josur, while he was in the land that Koll had owned, and they fought a battle, and King Josur fell first and with him all the landowners of the district. That\u2019s why it\u2019s called Kvinnherad, or Women\u2019s County, as only widows lived there after that. Then Vikar took possession of all the land that Koll had owned.<\/em><\/p>\n<p><em>For that, Hjor Josursson went against Vikar in battle, and they struggled a long while\u2014first one, then the other getting the upper hand\u2014and at last they came to a settlement. Vikar\u2019s son was Vatnar, who was buried in Vatnar\u2019s Howe\u2014his sons were Snjal and Hjal, who lie in the Brothers\u2019 Howe.<\/em><\/p>\n<p>(*1) Gautrek\u2019s Saga, which is about Vikar, relates that Vikar was a son of Harald Agdekonge. This is probably more in line with the truth. (See forgotten royal families)<\/p>\n<p>P.A. Munch writes the following about Vikar and his kingdom:<br \/>\n<em>The historical effect of these events is that towards the end of the 7th century Norway there was a Rygish or Egdish realm consisting of Rogaland and Agder, including other annexed territory, or rather, that Rogaland was not yet divided into the two counties of Rogaland and Agder, but comprised one sole county stretching from Ryvarden to Rygjarbit; that the king who now had the greatest power was Vikar Haraldsson, who conquered Hordaland and the non-rygish part of Telemark as well as the bordering areas of the Uplands, including partly Telemark itself and partly Voss, where Fundinn Noregr allowed Vikar\u2019s clan to rule [10]; that<\/em><\/p>\n<p><em>Vikar\u2019s descendants were first driven from Hordaland and later from Rogaland and that his grandsons Hjall and Snjall were only sea-kings and finally fell in battle against Aale den fr\u00f8kne. (Aale the courageous)<\/em><\/p>\n<p><em>It seems almost certain that Vikar really did have a famous Rygish hero by the name of Starkad in his service, whose strength, courage, skill as a skald, moodiness and combination of good and bad qualities have evoked extraordinary interest and helped to make him into an authentic saga hero, especially since it is presumed that he was the mythical J\u00f8tun Starkad Aludreng himself or one of his descendants; similarly, that Starkad really did slay Vikar and thereafter resided first with Frode Fr\u00f8kne, then with Aale Fr\u00f8kne and reached a very old age, though it is presumed that this would not have been more than 70-80 years.<\/em><\/p>\n<p>(P.A. Munch: The history of the Norwegian people, published by Chr. T\u00f8nsbergs Forlag, 1853.)<\/p>\n<p><strong>Hjor Josurson (ON hj\u01ebrr = sword)<\/strong><br \/>\nJosur had a son called Hjor who became king after his father. Hjor waged war with Vikar for a long time before they made peace. Nevertheless, Hjor must have been a king who brought years of prosperity to his people. Ancient sources tell us that he acquired great wealth and became ill and died in Rogaland.<\/p>\n<p>Hjor Josurson had a son called (*2)Hjorleif the woman-lover. Hjorleiv in turn had a son called Half (Halv). You can read about Hjorleiv and Half on separate webpages.<br \/>\nSeveral kings descended from Augvald bear the name of Hjor and it is important to keep in mind that confusions can have arisen. There may have been either fewer or more people with the name Hjor than those that appear in the old family trees.<\/p>\n<p>(*2). In English Hjorleiv\u2019s nick- name is also translated as Hjorleif the Womanizer &#8211; Hjorleif the Ladies\u2019 Man.<\/p>\n<p><strong>Augvald&#8217;s family tree<\/strong><\/p>\n<table border=\"0\" cellspacing=\"1\" cellpadding=\"0\">\n<tbody>\n<tr>\n<td width=\"115\"><\/td>\n<td width=\"240\">Fornjot (Ymir)<\/td>\n<\/tr>\n<tr>\n<td width=\"115\">\u00c6gir\u00a0&#8211;<\/td>\n<td width=\"240\">K\u00e5re (Vind)-\u00a0\u00a0 Loge<\/td>\n<\/tr>\n<tr>\n<td width=\"115\"><\/td>\n<td width=\"240\">Frost<\/td>\n<\/tr>\n<tr>\n<td width=\"115\"><\/td>\n<td width=\"240\">Sn\u00f8<\/td>\n<\/tr>\n<tr>\n<td width=\"115\"><\/td>\n<td width=\"240\">Thorre<\/td>\n<\/tr>\n<tr>\n<td width=\"115\">\u00a0Gor &#8211;<\/td>\n<td width=\"240\">Nor\u00a0&#8211;\u00a0\u00a0\u00a0\u00a0\u00a0\u00a0\u00a0\u00a0\u00a0\u00a0\u00a0\u00a0 Goe<\/td>\n<\/tr>\n<tr>\n<td width=\"115\"><\/td>\n<td width=\"240\">Gard Agde<\/td>\n<\/tr>\n<tr>\n<td width=\"115\"><\/td>\n<td width=\"240\">Rugalf<\/td>\n<\/tr>\n<tr>\n<td width=\"115\"><\/td>\n<td width=\"240\">Rognvald<\/td>\n<\/tr>\n<tr>\n<td width=\"115\"><\/td>\n<td width=\"240\"><b><span style=\"text-decoration: underline;\">Augvald<\/span><\/b><span style=\"text-decoration: underline;\">(ca 600 e.Kr.?)<\/span><\/td>\n<\/tr>\n<tr>\n<td width=\"115\"><\/td>\n<td width=\"240\"><span style=\"color: #ff0000;\">J\u00f8sur<\/span><\/td>\n<\/tr>\n<tr>\n<td width=\"115\"><\/td>\n<td width=\"240\"><span style=\"color: #ff0000;\">Hj\u00f8r J\u00f8surson<\/span><\/td>\n<\/tr>\n<tr>\n<td width=\"115\"><\/td>\n<td width=\"240\">Hj\u00f8rleiv den kvinnekj\u00e6re<\/td>\n<\/tr>\n<tr>\n<td width=\"115\"><\/td>\n<td width=\"240\">Halv<\/td>\n<\/tr>\n<tr>\n<td width=\"115\"><\/td>\n<td width=\"240\">Hj\u00f8r Halvson<\/td>\n<\/tr>\n<tr>\n<td width=\"115\"><\/td>\n<td width=\"240\">(Flein Hj\u00f8rson)<\/td>\n<\/tr>\n<tr>\n<td width=\"115\"><\/td>\n<td width=\"240\">(Hj\u00f8r Fleinson)<\/td>\n<\/tr>\n<tr>\n<td width=\"115\"><\/td>\n<td width=\"240\">Geirmund og H\u00e5mund Heljarskinn (Settlers in Island)<\/td>\n<\/tr>\n<\/tbody>\n<\/table>\n<p>&nbsp;<\/p>","protected":false},"excerpt":{"rendered":"<p>Text Marit Synn\u00f8ve Vea &nbsp; Josur\/J\u00f8sur and his son Hjor\/Hj\u00f8r are called kings in Rogaland and Hordaland, but when the sagas use the word \u00abkingdom\u00bb at this time, they mean kingdoms bound together by alliances and ties of loyalty and not by geographical borders, as they are nowadays. For this reason, there could be several [&hellip;]<\/p>\n","protected":false},"author":3,"featured_media":0,"parent":22,"menu_order":13,"comment_status":"closed","ping_status":"open","template":"","meta":{"footnotes":""},"yoast_head":"<!-- This site is optimized with the Yoast SEO plugin v27.1.1 - https:\/\/yoast.com\/product\/yoast-seo-wordpress\/ -->\n<title>J\u00f8sur og Hj\u00f8r. Josur and Hjor<\/title>\n<meta name=\"description\" content=\"J\u00f8sur og sonen Hj\u00f8r blir rekna som kongar i Rogaland og Hordaland. Josur and his son Hjor are called kings in Rogaland and Hordaland,\" \/>\n<meta name=\"robots\" content=\"index, follow, max-snippet:-1, max-image-preview:large, max-video-preview:-1\" \/>\n<link rel=\"canonical\" href=\"https:\/\/avaldsnes.info\/en\/informasjon\/josur\/\" \/>\n<meta property=\"og:locale\" content=\"en_US\" \/>\n<meta property=\"og:type\" content=\"article\" \/>\n<meta property=\"og:title\" content=\"J\u00f8sur og Hj\u00f8r. Josur and Hjor\" \/>\n<meta property=\"og:description\" content=\"J\u00f8sur og sonen Hj\u00f8r blir rekna som kongar i Rogaland og Hordaland. Josur and his son Hjor are called kings in Rogaland and Hordaland,\" \/>\n<meta property=\"og:url\" content=\"https:\/\/avaldsnes.info\/en\/informasjon\/josur\/\" \/>\n<meta property=\"og:site_name\" content=\"Avaldsnes\" \/>\n<meta property=\"article:modified_time\" content=\"2015-05-19T08:42:33+00:00\" \/>\n<meta name=\"twitter:label1\" content=\"Est. reading time\" \/>\n\t<meta name=\"twitter:data1\" content=\"10 minutes\" \/>\n<script type=\"application\/ld+json\" class=\"yoast-schema-graph\">{\"@context\":\"https:\/\/schema.org\",\"@graph\":[{\"@type\":\"WebPage\",\"@id\":\"https:\/\/avaldsnes.info\/en\/informasjon\/josur\/\",\"url\":\"https:\/\/avaldsnes.info\/en\/informasjon\/josur\/\",\"name\":\"J\u00f8sur og Hj\u00f8r. Josur and Hjor\",\"isPartOf\":{\"@id\":\"https:\/\/avaldsnes.info\/en\/#website\"},\"datePublished\":\"2014-06-26T13:23:24+00:00\",\"dateModified\":\"2015-05-19T08:42:33+00:00\",\"description\":\"J\u00f8sur og sonen Hj\u00f8r blir rekna som kongar i Rogaland og Hordaland. Josur and his son Hjor are called kings in Rogaland and Hordaland,\",\"breadcrumb\":{\"@id\":\"https:\/\/avaldsnes.info\/en\/informasjon\/josur\/#breadcrumb\"},\"inLanguage\":\"en-US\",\"potentialAction\":[{\"@type\":\"ReadAction\",\"target\":[[\"https:\/\/avaldsnes.info\/en\/informasjon\/josur\/\"]]}]},{\"@type\":\"BreadcrumbList\",\"@id\":\"https:\/\/avaldsnes.info\/en\/informasjon\/josur\/#breadcrumb\",\"itemListElement\":[{\"@type\":\"ListItem\",\"position\":1,\"name\":\"Home\",\"item\":\"https:\/\/avaldsnes.info\/en\/\"},{\"@type\":\"ListItem\",\"position\":2,\"name\":\"Josur and Hjor\"}]},{\"@type\":\"WebSite\",\"@id\":\"https:\/\/avaldsnes.info\/en\/#website\",\"url\":\"https:\/\/avaldsnes.info\/en\/\",\"name\":\"Avaldsnes\",\"description\":\"Norges eldste kongesete\",\"potentialAction\":[{\"@type\":\"SearchAction\",\"target\":{\"@type\":\"EntryPoint\",\"urlTemplate\":\"https:\/\/avaldsnes.info\/en\/?s={search_term_string}\"},\"query-input\":{\"@type\":\"PropertyValueSpecification\",\"valueRequired\":true,\"valueName\":\"search_term_string\"}}],\"inLanguage\":\"en-US\"}]}<\/script>\n<!-- \/ Yoast SEO plugin. -->","yoast_head_json":{"title":"J\u00f8sur og Hj\u00f8r. Josur and Hjor","description":"J\u00f8sur og sonen Hj\u00f8r blir rekna som kongar i Rogaland og Hordaland. Josur and his son Hjor are called kings in Rogaland and Hordaland,","robots":{"index":"index","follow":"follow","max-snippet":"max-snippet:-1","max-image-preview":"max-image-preview:large","max-video-preview":"max-video-preview:-1"},"canonical":"https:\/\/avaldsnes.info\/en\/informasjon\/josur\/","og_locale":"en_US","og_type":"article","og_title":"J\u00f8sur og Hj\u00f8r. Josur and Hjor","og_description":"J\u00f8sur og sonen Hj\u00f8r blir rekna som kongar i Rogaland og Hordaland. Josur and his son Hjor are called kings in Rogaland and Hordaland,","og_url":"https:\/\/avaldsnes.info\/en\/informasjon\/josur\/","og_site_name":"Avaldsnes","article_modified_time":"2015-05-19T08:42:33+00:00","twitter_misc":{"Est. reading time":"10 minutes"},"schema":{"@context":"https:\/\/schema.org","@graph":[{"@type":"WebPage","@id":"https:\/\/avaldsnes.info\/en\/informasjon\/josur\/","url":"https:\/\/avaldsnes.info\/en\/informasjon\/josur\/","name":"J\u00f8sur og Hj\u00f8r. Josur and Hjor","isPartOf":{"@id":"https:\/\/avaldsnes.info\/en\/#website"},"datePublished":"2014-06-26T13:23:24+00:00","dateModified":"2015-05-19T08:42:33+00:00","description":"J\u00f8sur og sonen Hj\u00f8r blir rekna som kongar i Rogaland og Hordaland. Josur and his son Hjor are called kings in Rogaland and Hordaland,","breadcrumb":{"@id":"https:\/\/avaldsnes.info\/en\/informasjon\/josur\/#breadcrumb"},"inLanguage":"en-US","potentialAction":[{"@type":"ReadAction","target":[["https:\/\/avaldsnes.info\/en\/informasjon\/josur\/"]]}]},{"@type":"BreadcrumbList","@id":"https:\/\/avaldsnes.info\/en\/informasjon\/josur\/#breadcrumb","itemListElement":[{"@type":"ListItem","position":1,"name":"Home","item":"https:\/\/avaldsnes.info\/en\/"},{"@type":"ListItem","position":2,"name":"Josur and Hjor"}]},{"@type":"WebSite","@id":"https:\/\/avaldsnes.info\/en\/#website","url":"https:\/\/avaldsnes.info\/en\/","name":"Avaldsnes","description":"Norges eldste kongesete","potentialAction":[{"@type":"SearchAction","target":{"@type":"EntryPoint","urlTemplate":"https:\/\/avaldsnes.info\/en\/?s={search_term_string}"},"query-input":{"@type":"PropertyValueSpecification","valueRequired":true,"valueName":"search_term_string"}}],"inLanguage":"en-US"}]}},"_links":{"self":[{"href":"https:\/\/avaldsnes.info\/en\/wp-json\/wp\/v2\/pages\/3084"}],"collection":[{"href":"https:\/\/avaldsnes.info\/en\/wp-json\/wp\/v2\/pages"}],"about":[{"href":"https:\/\/avaldsnes.info\/en\/wp-json\/wp\/v2\/types\/page"}],"author":[{"embeddable":true,"href":"https:\/\/avaldsnes.info\/en\/wp-json\/wp\/v2\/users\/3"}],"replies":[{"embeddable":true,"href":"https:\/\/avaldsnes.info\/en\/wp-json\/wp\/v2\/comments?post=3084"}],"version-history":[{"count":25,"href":"https:\/\/avaldsnes.info\/en\/wp-json\/wp\/v2\/pages\/3084\/revisions"}],"predecessor-version":[{"id":4172,"href":"https:\/\/avaldsnes.info\/en\/wp-json\/wp\/v2\/pages\/3084\/revisions\/4172"}],"up":[{"embeddable":true,"href":"https:\/\/avaldsnes.info\/en\/wp-json\/wp\/v2\/pages\/22"}],"wp:attachment":[{"href":"https:\/\/avaldsnes.info\/en\/wp-json\/wp\/v2\/media?parent=3084"}],"curies":[{"name":"wp","href":"https:\/\/api.w.org\/{rel}","templated":true}]}}