{"id":274,"date":"2013-04-11T12:35:15","date_gmt":"2013-04-11T12:35:15","guid":{"rendered":"https:\/\/avaldsnes.info\/?page_id=274"},"modified":"2019-10-02T12:43:18","modified_gmt":"2019-10-02T12:43:18","slug":"gardstun","status":"publish","type":"page","link":"https:\/\/avaldsnes.info\/en\/vikinggard\/gardstun\/","title":{"rendered":"Farm Yard"},"content":{"rendered":"<p><\/p>\n<p><span style=\"color: #888888;\">Text: Marit Synn\u00f8ve Vea<\/span><\/p>\n<div id=\"attachment_279\" style=\"width: 310px\" class=\"wp-caption aligncenter\"><a href=\"https:\/\/avaldsnes.info\/content\/uploads\/2013\/04\/Vikinggardkart-skisse-servicebygg-rettet.jpg\"><img loading=\"lazy\" decoding=\"async\" aria-describedby=\"caption-attachment-279\" class=\"size-medium wp-image-279 \" alt=\"Map of the Viking farm\" src=\"https:\/\/avaldsnes.info\/content\/uploads\/2013\/04\/Vikinggardkart-skisse-servicebygg-rettet-300x300.jpg\" width=\"300\" height=\"300\" srcset=\"https:\/\/avaldsnes.info\/content\/uploads\/2013\/04\/Vikinggardkart-skisse-servicebygg-rettet-300x300.jpg 300w, https:\/\/avaldsnes.info\/content\/uploads\/2013\/04\/Vikinggardkart-skisse-servicebygg-rettet-150x150.jpg 150w, https:\/\/avaldsnes.info\/content\/uploads\/2013\/04\/Vikinggardkart-skisse-servicebygg-rettet-109x109.jpg 109w, https:\/\/avaldsnes.info\/content\/uploads\/2013\/04\/Vikinggardkart-skisse-servicebygg-rettet-100x100.jpg 100w, https:\/\/avaldsnes.info\/content\/uploads\/2013\/04\/Vikinggardkart-skisse-servicebygg-rettet.jpg 800w\" sizes=\"(max-width: 300px) 100vw, 300px\" \/><\/a><p id=\"caption-attachment-279\" class=\"wp-caption-text\">Map of the Viking farm<\/p><\/div>\n<p>The farmyard is fenced in according to traditional methods. There are several gates to go through. The paths are covered with gravel or wooden shutters. There are several paths that go through the woods for those who want some peace and quiet.<\/p>\n<p>In the fields we grow various vegetables and different herbs that the Vikings would have used for flavoring, medicine and magic.<\/p>\n<p>Sometimes you can also find animals on the Viking Farm. In the Viking Age goats, pigs, cows, sheep and horses would have been kept on such a farm. There would also have been more fields for barley, rye and flax and larger grasslands for livestock.<\/p>\n<p><strong>THE RUNE STONE<\/strong><br \/>\nThe rune stone close by the gateway stands as a memorial stone to King Halv, the great, great grandson of king Augvald whose name gives us the place name of Avaldsnes today.<\/p>\n<p>The runes read: <em>&#8220;Holmrygr raisti stain \u00fean aft Halfr konungr&#8221;<\/em> in Old Norse, which translates as &#8220;<em>The rygr of the island raised this stone to the memory of King Halv<\/em>.&#8221; The tribe here were called <em>rygr (rugii)<\/em> giving this region of Norway the name Rogaland<\/p>\n<p><strong>THE BURIAL MOUND<\/strong><br \/>\nA burial mound lies just outside the fence. It is not authentic, but it was common practice to bury dead ancestors close to the farm.<\/p>\n<p>In the Viking Age, dead people were buried with clothes, weapons and other equipment they could use in the hereafter. Important persons got very rich burial gifts with them to the grave, and their burial mounds could be much larger than this.<\/p>\n<div id=\"attachment_2182\" style=\"width: 310px\" class=\"wp-caption aligncenter\"><a href=\"https:\/\/avaldsnes.info\/content\/uploads\/2013\/04\/Bautareisinga.jpg\"><img loading=\"lazy\" decoding=\"async\" aria-describedby=\"caption-attachment-2182\" class=\"size-medium wp-image-2182 \" alt=\"The runestone was erected on the old way. (Photo Marit S.Vea)\" src=\"https:\/\/avaldsnes.info\/content\/uploads\/2013\/04\/Bautareisinga-300x142.jpg\" width=\"300\" height=\"142\" srcset=\"https:\/\/avaldsnes.info\/content\/uploads\/2013\/04\/Bautareisinga-300x142.jpg 300w, https:\/\/avaldsnes.info\/content\/uploads\/2013\/04\/Bautareisinga-1024x487.jpg 1024w, https:\/\/avaldsnes.info\/content\/uploads\/2013\/04\/Bautareisinga.jpg 1641w\" sizes=\"(max-width: 300px) 100vw, 300px\" \/><\/a><p id=\"caption-attachment-2182\" class=\"wp-caption-text\">The runestone was erected \u00a0in the old way. (Photo Marit S.Vea)<\/p><\/div>\n<p>People who belonged to the royal family could be buried in ships which should sail them across to the next life. At Avaldsnes there are two such ships burials; Storhaug dated to 779 and Gr\u00f8nhaug dated to about 795.<\/p>\n<p><strong>THE TAR PIT<\/strong><br \/>\nThe tar pit was used to manufacture tar to preserve the wood used in Viking buildings and ships. Roots from certain pine trees would be collected in a mound, covered with turf and soil and then burnt slowly for several days. A hole and a channel under the pit allowed the tar to run out so that it could be collected in barrels.<\/p>\n<p>This tar pit at the Viking Farm was first used to produce the tar that was painted on the longhouse after it was built in 1997.<\/p>\n<p><strong>THE MARKED PLACE<\/strong><br \/>\nThe marked place provides space for tents and stalls to be set up by visiting Viking traders and craftsmen.<\/p>\n<div id=\"attachment_2184\" style=\"width: 310px\" class=\"wp-caption aligncenter\"><a href=\"https:\/\/avaldsnes.info\/content\/uploads\/2013\/04\/Tj\u00f8rebrenning-1.jpg\"><img loading=\"lazy\" decoding=\"async\" aria-describedby=\"caption-attachment-2184\" class=\"size-medium wp-image-2184 \" alt=\"Burning of tar for the longhaouse. (Photo Marit Synn\u00f8ve Vea)\" src=\"https:\/\/avaldsnes.info\/content\/uploads\/2013\/04\/Tj\u00f8rebrenning-1-300x206.jpg\" width=\"300\" height=\"206\" srcset=\"https:\/\/avaldsnes.info\/content\/uploads\/2013\/04\/Tj\u00f8rebrenning-1-300x206.jpg 300w, https:\/\/avaldsnes.info\/content\/uploads\/2013\/04\/Tj\u00f8rebrenning-1.jpg 1000w\" sizes=\"(max-width: 300px) 100vw, 300px\" \/><\/a><p id=\"caption-attachment-2184\" class=\"wp-caption-text\">Burning of tar for the longhouse. (Photo Marit Synn\u00f8ve Vea)<\/p><\/div>\n<p>Cloth and furs, bone and antler, glassbeads and jewelry, metals, soapstone and precious spiced were just some of the items widely traded in Viking Times.<\/p>\n<p><strong>GRILLS<\/strong><br \/>\nBy the seafront there are several grills that people can use. It is not allowed to use a one-time grills on the Viking Farm.<\/p>\n<p><\/p>","protected":false},"excerpt":{"rendered":"<p>Text: Marit Synn\u00f8ve Vea The farmyard is fenced in according to traditional methods. There are several gates to go through. The paths are covered with gravel or wooden shutters. There are several paths that go through the woods for those who want some peace and quiet. In the fields we grow various vegetables and different [&hellip;]<\/p>\n","protected":false},"author":3,"featured_media":0,"parent":11,"menu_order":2,"comment_status":"closed","ping_status":"open","template":"","meta":{"footnotes":""},"yoast_head":"<!-- This site is optimized with the Yoast SEO plugin v27.1.1 - https:\/\/yoast.com\/product\/yoast-seo-wordpress\/ -->\n<title>Gardstun - Vikinggarden Avaldsnes<\/title>\n<meta name=\"description\" content=\"Gardstunet er gjerda inn etter gamle inngjerdingsm\u00e5tar. I tillegg til husa, finn du tj\u00f8remile, gravhaug, bautastein, urtehage mm. Stiar g\u00e5r inn i skogen.\" \/>\n<meta name=\"robots\" content=\"index, follow, max-snippet:-1, max-image-preview:large, max-video-preview:-1\" \/>\n<link rel=\"canonical\" href=\"https:\/\/avaldsnes.info\/en\/vikinggard\/gardstun\/\" \/>\n<meta property=\"og:locale\" content=\"en_US\" \/>\n<meta property=\"og:type\" content=\"article\" \/>\n<meta property=\"og:title\" content=\"Gardstun - Vikinggarden Avaldsnes\" \/>\n<meta property=\"og:description\" content=\"Gardstunet er gjerda inn etter gamle inngjerdingsm\u00e5tar. I tillegg til husa, finn du tj\u00f8remile, gravhaug, bautastein, urtehage mm. Stiar g\u00e5r inn i skogen.\" \/>\n<meta property=\"og:url\" content=\"https:\/\/avaldsnes.info\/en\/vikinggard\/gardstun\/\" \/>\n<meta property=\"og:site_name\" content=\"Avaldsnes\" \/>\n<meta property=\"article:modified_time\" content=\"2019-10-02T12:43:18+00:00\" \/>\n<meta property=\"og:image\" content=\"https:\/\/avaldsnes.info\/content\/uploads\/2013\/04\/Vikinggardkart-skisse-4-300x300.jpg\" \/>\n<meta name=\"twitter:label1\" content=\"Est. reading time\" \/>\n\t<meta name=\"twitter:data1\" content=\"5 minutes\" \/>\n<script type=\"application\/ld+json\" class=\"yoast-schema-graph\">{\"@context\":\"https:\/\/schema.org\",\"@graph\":[{\"@type\":\"WebPage\",\"@id\":\"https:\/\/avaldsnes.info\/en\/vikinggard\/gardstun\/\",\"url\":\"https:\/\/avaldsnes.info\/en\/vikinggard\/gardstun\/\",\"name\":\"Gardstun - Vikinggarden Avaldsnes\",\"isPartOf\":{\"@id\":\"https:\/\/avaldsnes.info\/en\/#website\"},\"primaryImageOfPage\":{\"@id\":\"https:\/\/avaldsnes.info\/en\/vikinggard\/gardstun\/#primaryimage\"},\"image\":{\"@id\":\"https:\/\/avaldsnes.info\/en\/vikinggard\/gardstun\/#primaryimage\"},\"thumbnailUrl\":\"https:\/\/avaldsnes.info\/content\/uploads\/2013\/04\/Vikinggardkart-skisse-4-300x300.jpg\",\"datePublished\":\"2013-04-11T12:35:15+00:00\",\"dateModified\":\"2019-10-02T12:43:18+00:00\",\"description\":\"Gardstunet er gjerda inn etter gamle inngjerdingsm\u00e5tar. I tillegg til husa, finn du tj\u00f8remile, gravhaug, bautastein, urtehage mm. Stiar g\u00e5r inn i skogen.\",\"breadcrumb\":{\"@id\":\"https:\/\/avaldsnes.info\/en\/vikinggard\/gardstun\/#breadcrumb\"},\"inLanguage\":\"en-US\",\"potentialAction\":[{\"@type\":\"ReadAction\",\"target\":[[\"https:\/\/avaldsnes.info\/en\/vikinggard\/gardstun\/\"]]}]},{\"@type\":\"ImageObject\",\"inLanguage\":\"en-US\",\"@id\":\"https:\/\/avaldsnes.info\/en\/vikinggard\/gardstun\/#primaryimage\",\"url\":\"https:\/\/avaldsnes.info\/content\/uploads\/2013\/04\/Vikinggardkart-skisse-4-300x300.jpg\",\"contentUrl\":\"https:\/\/avaldsnes.info\/content\/uploads\/2013\/04\/Vikinggardkart-skisse-4-300x300.jpg\"},{\"@type\":\"BreadcrumbList\",\"@id\":\"https:\/\/avaldsnes.info\/en\/vikinggard\/gardstun\/#breadcrumb\",\"itemListElement\":[{\"@type\":\"ListItem\",\"position\":1,\"name\":\"Home\",\"item\":\"https:\/\/avaldsnes.info\/en\/\"},{\"@type\":\"ListItem\",\"position\":2,\"name\":\"Viking Farm\",\"item\":\"https:\/\/avaldsnes.info\/en\/vikinggard\/\"},{\"@type\":\"ListItem\",\"position\":3,\"name\":\"Farm Yard\"}]},{\"@type\":\"WebSite\",\"@id\":\"https:\/\/avaldsnes.info\/en\/#website\",\"url\":\"https:\/\/avaldsnes.info\/en\/\",\"name\":\"Avaldsnes\",\"description\":\"Norges eldste kongesete\",\"potentialAction\":[{\"@type\":\"SearchAction\",\"target\":{\"@type\":\"EntryPoint\",\"urlTemplate\":\"https:\/\/avaldsnes.info\/en\/?s={search_term_string}\"},\"query-input\":{\"@type\":\"PropertyValueSpecification\",\"valueRequired\":true,\"valueName\":\"search_term_string\"}}],\"inLanguage\":\"en-US\"}]}<\/script>\n<!-- \/ Yoast SEO plugin. -->","yoast_head_json":{"title":"Gardstun - Vikinggarden Avaldsnes","description":"Gardstunet er gjerda inn etter gamle inngjerdingsm\u00e5tar. I tillegg til husa, finn du tj\u00f8remile, gravhaug, bautastein, urtehage mm. Stiar g\u00e5r inn i skogen.","robots":{"index":"index","follow":"follow","max-snippet":"max-snippet:-1","max-image-preview":"max-image-preview:large","max-video-preview":"max-video-preview:-1"},"canonical":"https:\/\/avaldsnes.info\/en\/vikinggard\/gardstun\/","og_locale":"en_US","og_type":"article","og_title":"Gardstun - Vikinggarden Avaldsnes","og_description":"Gardstunet er gjerda inn etter gamle inngjerdingsm\u00e5tar. I tillegg til husa, finn du tj\u00f8remile, gravhaug, bautastein, urtehage mm. Stiar g\u00e5r inn i skogen.","og_url":"https:\/\/avaldsnes.info\/en\/vikinggard\/gardstun\/","og_site_name":"Avaldsnes","article_modified_time":"2019-10-02T12:43:18+00:00","og_image":[{"url":"https:\/\/avaldsnes.info\/content\/uploads\/2013\/04\/Vikinggardkart-skisse-4-300x300.jpg","type":"","width":"","height":""}],"twitter_misc":{"Est. reading time":"5 minutes"},"schema":{"@context":"https:\/\/schema.org","@graph":[{"@type":"WebPage","@id":"https:\/\/avaldsnes.info\/en\/vikinggard\/gardstun\/","url":"https:\/\/avaldsnes.info\/en\/vikinggard\/gardstun\/","name":"Gardstun - Vikinggarden Avaldsnes","isPartOf":{"@id":"https:\/\/avaldsnes.info\/en\/#website"},"primaryImageOfPage":{"@id":"https:\/\/avaldsnes.info\/en\/vikinggard\/gardstun\/#primaryimage"},"image":{"@id":"https:\/\/avaldsnes.info\/en\/vikinggard\/gardstun\/#primaryimage"},"thumbnailUrl":"https:\/\/avaldsnes.info\/content\/uploads\/2013\/04\/Vikinggardkart-skisse-4-300x300.jpg","datePublished":"2013-04-11T12:35:15+00:00","dateModified":"2019-10-02T12:43:18+00:00","description":"Gardstunet er gjerda inn etter gamle inngjerdingsm\u00e5tar. I tillegg til husa, finn du tj\u00f8remile, gravhaug, bautastein, urtehage mm. Stiar g\u00e5r inn i skogen.","breadcrumb":{"@id":"https:\/\/avaldsnes.info\/en\/vikinggard\/gardstun\/#breadcrumb"},"inLanguage":"en-US","potentialAction":[{"@type":"ReadAction","target":[["https:\/\/avaldsnes.info\/en\/vikinggard\/gardstun\/"]]}]},{"@type":"ImageObject","inLanguage":"en-US","@id":"https:\/\/avaldsnes.info\/en\/vikinggard\/gardstun\/#primaryimage","url":"https:\/\/avaldsnes.info\/content\/uploads\/2013\/04\/Vikinggardkart-skisse-4-300x300.jpg","contentUrl":"https:\/\/avaldsnes.info\/content\/uploads\/2013\/04\/Vikinggardkart-skisse-4-300x300.jpg"},{"@type":"BreadcrumbList","@id":"https:\/\/avaldsnes.info\/en\/vikinggard\/gardstun\/#breadcrumb","itemListElement":[{"@type":"ListItem","position":1,"name":"Home","item":"https:\/\/avaldsnes.info\/en\/"},{"@type":"ListItem","position":2,"name":"Viking Farm","item":"https:\/\/avaldsnes.info\/en\/vikinggard\/"},{"@type":"ListItem","position":3,"name":"Farm Yard"}]},{"@type":"WebSite","@id":"https:\/\/avaldsnes.info\/en\/#website","url":"https:\/\/avaldsnes.info\/en\/","name":"Avaldsnes","description":"Norges eldste kongesete","potentialAction":[{"@type":"SearchAction","target":{"@type":"EntryPoint","urlTemplate":"https:\/\/avaldsnes.info\/en\/?s={search_term_string}"},"query-input":{"@type":"PropertyValueSpecification","valueRequired":true,"valueName":"search_term_string"}}],"inLanguage":"en-US"}]}},"_links":{"self":[{"href":"https:\/\/avaldsnes.info\/en\/wp-json\/wp\/v2\/pages\/274"}],"collection":[{"href":"https:\/\/avaldsnes.info\/en\/wp-json\/wp\/v2\/pages"}],"about":[{"href":"https:\/\/avaldsnes.info\/en\/wp-json\/wp\/v2\/types\/page"}],"author":[{"embeddable":true,"href":"https:\/\/avaldsnes.info\/en\/wp-json\/wp\/v2\/users\/3"}],"replies":[{"embeddable":true,"href":"https:\/\/avaldsnes.info\/en\/wp-json\/wp\/v2\/comments?post=274"}],"version-history":[{"count":24,"href":"https:\/\/avaldsnes.info\/en\/wp-json\/wp\/v2\/pages\/274\/revisions"}],"predecessor-version":[{"id":3531,"href":"https:\/\/avaldsnes.info\/en\/wp-json\/wp\/v2\/pages\/274\/revisions\/3531"}],"up":[{"embeddable":true,"href":"https:\/\/avaldsnes.info\/en\/wp-json\/wp\/v2\/pages\/11"}],"wp:attachment":[{"href":"https:\/\/avaldsnes.info\/en\/wp-json\/wp\/v2\/media?parent=274"}],"curies":[{"name":"wp","href":"https:\/\/api.w.org\/{rel}","templated":true}]}}