{"id":2327,"date":"2013-10-16T19:39:42","date_gmt":"2013-10-16T19:39:42","guid":{"rendered":"https:\/\/avaldsnes.info\/?page_id=2327"},"modified":"2020-02-27T11:36:12","modified_gmt":"2020-02-27T11:36:12","slug":"hakon-v-magnusson","status":"publish","type":"page","link":"https:\/\/avaldsnes.info\/en\/informasjon\/hakon-v-magnusson\/","title":{"rendered":"Haakon V Magnusson"},"content":{"rendered":"<p><span style=\"color: #808080;\">Text: Marit Synn\u00f8ve Vea<\/span><\/p>\n<div id=\"attachment_3805\" style=\"width: 310px\" class=\"wp-caption aligncenter\"><a href=\"https:\/\/avaldsnes.info\/content\/uploads\/2013\/10\/Kongebrev-utstedt-av-Hakon-V-pa-Avaldsnes-i-1308.-1.jpg\"><img loading=\"lazy\" decoding=\"async\" aria-describedby=\"caption-attachment-3805\" class=\"wp-image-3805 size-medium\" src=\"https:\/\/avaldsnes.info\/content\/uploads\/2013\/10\/Kongebrev-utstedt-av-Hakon-V-pa-Avaldsnes-i-1308.-1-300x149.jpg\" alt=\"Kongebrev utstedt av H\u00e5kon V p\u00e5 Avaldsnes i 1308.  Det er eit vernebrev for domkapitlet i Nidaros og viser at kongen tok seg av regjeringsaker medan han var p\u00e5 Avaldsnes.\" width=\"300\" height=\"149\" srcset=\"https:\/\/avaldsnes.info\/content\/uploads\/2013\/10\/Kongebrev-utstedt-av-Hakon-V-pa-Avaldsnes-i-1308.-1-300x149.jpg 300w, https:\/\/avaldsnes.info\/content\/uploads\/2013\/10\/Kongebrev-utstedt-av-Hakon-V-pa-Avaldsnes-i-1308.-1.jpg 600w\" sizes=\"(max-width: 300px) 100vw, 300px\" \/><\/a><p id=\"caption-attachment-3805\" class=\"wp-caption-text\">Royal letter issued by Haakon V at Avaldsnes in 1308.<\/p><\/div>\n<p><strong>(H\u00e1kon H\u00e1leggr \u2013 Haakon &#8220;the longlegged&#8221;) (1270 &#8211; 1319) King of Norway from 1299 &#8211; 1319<\/strong><br \/>\nHaakon (H\u00e5kon) V Magnusson was the grandson of Haakon Haakonsson. His father was Magnus &#8220;the Law-mender&#8221; Haakonsson and his mother was Ingeborg Eriksdatter of Denmark. Haakon V succeeded to the throne after the death of his brother, Erik, in 1299. He made Oslo a capital of Norway, bestowing on it the same status as Bergen<\/p>\n<p><strong>Haakon V \u2013 a Christian king with European contacts<\/strong><br \/>\nEven though Haakon V strengthened the power of the king in relation to that of the bishops, he put a strong emphasis on Christianity and Christian charity. He dressed modestly in his everyday life and gave his sheriffs strict instructions to treat his subjects justly. Haakon V ordered the construction of hostels for the use of pilgrims travelling to the tomb of Olav the Holy in Nidaros. And it was probably Haakon V who had the hostel to house pilgrims and other travellers at Avaldsnes.<\/p>\n<p>Haakon V was also in close contact with the royal courts in Europe. He was a close friend of the French king Philip the Fair who, aided by the people, had gained control of the nobility and the secular power of the church. Perhaps it was this that inspired Haakon to establish his collegiate church and state administration system.<\/p>\n<div id=\"attachment_3807\" style=\"width: 310px\" class=\"wp-caption aligncenter\"><a href=\"https:\/\/avaldsnes.info\/content\/uploads\/2013\/10\/Ansikt-funnet-under-kirkegulvet.jpg\"><img loading=\"lazy\" decoding=\"async\" aria-describedby=\"caption-attachment-3807\" class=\"wp-image-3807 size-medium\" src=\"https:\/\/avaldsnes.info\/content\/uploads\/2013\/10\/Ansikt-funnet-under-kirkegulvet-300x225.jpg\" alt=\"Ansikt funne under golvet p\u00e5 Olavskyrkja under restaureringa i 2000. (Foto: \u00d8.Iversen)\" width=\"300\" height=\"225\" srcset=\"https:\/\/avaldsnes.info\/content\/uploads\/2013\/10\/Ansikt-funnet-under-kirkegulvet-300x225.jpg 300w, https:\/\/avaldsnes.info\/content\/uploads\/2013\/10\/Ansikt-funnet-under-kirkegulvet.jpg 640w\" sizes=\"(max-width: 300px) 100vw, 300px\" \/><\/a><p id=\"caption-attachment-3807\" class=\"wp-caption-text\">Face found under the floor at St. Olaf&#8217;s church during the restoration of the floor in 2000. (Photo: \u00d8.Iversen)<\/p><\/div>\n<p><strong>Haakon V makes St Olaf&#8217;s Church at Avaldsnes a collegiate church<\/strong><br \/>\nHaakon V Magnusson chose St Olaf&#8217;s Church at Avaldsnes as one of four royal, collegiate churches in Norway. As a result, St Olaf&#8217;s came to play a very important role in the administration of the Western Norway. The other three collegiate churches were situated in Oslo, Bergen and T\u00f8nsberg. St Olaf&#8217;s at Avaldsnes is the only collegiate church that is still standing today.<\/p>\n<p>A collegiate status meant that the king himself could decide who were to be its ministers and councillors. Elsewhere, this was the prerogative of the bishops. The collegiate churches also had men who were able to write and could look after the administration of the state. This was an important factor at a time when the king and the church were vying for power. The system of collegiate churches was an innovation which gave Norway a state church alongside the Roman Catholic Church.<\/p>\n<p><strong>Avaldsnes \u2013 important for Haakon V Magnusson<\/strong><br \/>\nHaakon V Magnusson was perhaps the king who resided for the longest time at Avaldsnes during the High Middle Ages. Five letters written by Haakon at Avaldsnes have been preserved. They show that the king dealt with matters of government while he was here. Haakon V also mentioned the royal church at Avaldsnes in his will.<\/p>\n<p>In 2012, The Royal Manor Project discovered the ruins of the medieval royal court where the king and his chancellors resided.(See:<a href=\"https:\/\/avaldsnes.info\/en\/informasjon\/hakon-hakonsson\/\">\u00a0Haakon Haakonsson<\/a>)<\/p>\n<p><strong>Haakon V \u2013 the last male heir of the Fairhair dynasty who reigned as king in Norway<\/strong><br \/>\nHaakon married Euphemia of R\u00fbgen and they had a daughter, Ingebj\u00f8rg, but no son. Haakon therefore changed the law of succession and allowed Ingebj\u00f8rg to marry a Swedish duke: Erik Magnusson.<\/p>\n<p>In 1319, their son, Magnus, was chosen as the king of Sweden when he was 3 years old. Haakon V Magnusson died in the same year, his daughter&#8217;s son Magnus then also became king of Norway and Norway entered into a personal union with Sweden. Magnus was the first member of the Swedish Folkung dynasty to rule in Norway.<\/p>\n<p>Haakon V Magnusson was buried at St Mary&#8217;s Church in Oslo.<\/p>","protected":false},"excerpt":{"rendered":"<p>Text: Marit Synn\u00f8ve Vea (H\u00e1kon H\u00e1leggr \u2013 Haakon &#8220;the longlegged&#8221;) (1270 &#8211; 1319) King of Norway from 1299 &#8211; 1319 Haakon (H\u00e5kon) V Magnusson was the grandson of Haakon Haakonsson. His father was Magnus &#8220;the Law-mender&#8221; Haakonsson and his mother was Ingeborg Eriksdatter of Denmark. Haakon V succeeded to the throne after the death of [&hellip;]<\/p>\n","protected":false},"author":3,"featured_media":0,"parent":22,"menu_order":2,"comment_status":"closed","ping_status":"open","template":"","meta":{"footnotes":""},"yoast_head":"<!-- This site is optimized with the Yoast SEO plugin v27.1.1 - https:\/\/yoast.com\/product\/yoast-seo-wordpress\/ -->\n<title>H\u00e5kon V MagnussonHaakon V Magnusson - Avaldsnes<\/title>\n<meta name=\"description\" content=\"Tekst: Marit Synn\u00f8ve Vea (H\u00e1kon H\u00e1leggr \u2013 H\u00e5kon den langbeinte) (1270 - 1319) Konge i Noreg fr\u00e5 1299 - 1319 H\u00e5kon V Magnusson var soneson av H\u00e5kon\" \/>\n<meta name=\"robots\" content=\"index, follow, max-snippet:-1, max-image-preview:large, max-video-preview:-1\" \/>\n<link rel=\"canonical\" href=\"https:\/\/avaldsnes.info\/en\/informasjon\/hakon-v-magnusson\/\" \/>\n<meta property=\"og:locale\" content=\"en_US\" \/>\n<meta property=\"og:type\" content=\"article\" \/>\n<meta property=\"og:title\" content=\"H\u00e5kon V MagnussonHaakon V Magnusson - Avaldsnes\" \/>\n<meta property=\"og:description\" content=\"Tekst: Marit Synn\u00f8ve Vea (H\u00e1kon H\u00e1leggr \u2013 H\u00e5kon den langbeinte) (1270 - 1319) Konge i Noreg fr\u00e5 1299 - 1319 H\u00e5kon V Magnusson var soneson av H\u00e5kon\" \/>\n<meta property=\"og:url\" content=\"https:\/\/avaldsnes.info\/en\/informasjon\/hakon-v-magnusson\/\" \/>\n<meta property=\"og:site_name\" content=\"Avaldsnes\" \/>\n<meta property=\"article:modified_time\" content=\"2020-02-27T11:36:12+00:00\" \/>\n<meta property=\"og:image\" content=\"https:\/\/avaldsnes.info\/content\/uploads\/2013\/10\/Kongebrev-utstedt-av-Hakon-V-pa-Avaldsnes-i-1308.-1-300x149.jpg\" \/>\n<meta name=\"twitter:label1\" content=\"Est. reading time\" \/>\n\t<meta name=\"twitter:data1\" content=\"6 minutes\" \/>\n<script type=\"application\/ld+json\" class=\"yoast-schema-graph\">{\"@context\":\"https:\/\/schema.org\",\"@graph\":[{\"@type\":\"WebPage\",\"@id\":\"https:\/\/avaldsnes.info\/en\/informasjon\/hakon-v-magnusson\/\",\"url\":\"https:\/\/avaldsnes.info\/en\/informasjon\/hakon-v-magnusson\/\",\"name\":\"H\u00e5kon V MagnussonHaakon V Magnusson - Avaldsnes\",\"isPartOf\":{\"@id\":\"https:\/\/avaldsnes.info\/en\/#website\"},\"primaryImageOfPage\":{\"@id\":\"https:\/\/avaldsnes.info\/en\/informasjon\/hakon-v-magnusson\/#primaryimage\"},\"image\":{\"@id\":\"https:\/\/avaldsnes.info\/en\/informasjon\/hakon-v-magnusson\/#primaryimage\"},\"thumbnailUrl\":\"https:\/\/avaldsnes.info\/content\/uploads\/2013\/10\/Kongebrev-utstedt-av-Hakon-V-pa-Avaldsnes-i-1308.-1-300x149.jpg\",\"datePublished\":\"2013-10-16T19:39:42+00:00\",\"dateModified\":\"2020-02-27T11:36:12+00:00\",\"description\":\"Tekst: Marit Synn\u00f8ve Vea (H\u00e1kon H\u00e1leggr \u2013 H\u00e5kon den langbeinte) (1270 - 1319) Konge i Noreg fr\u00e5 1299 - 1319 H\u00e5kon V Magnusson var soneson av H\u00e5kon\",\"breadcrumb\":{\"@id\":\"https:\/\/avaldsnes.info\/en\/informasjon\/hakon-v-magnusson\/#breadcrumb\"},\"inLanguage\":\"en-US\",\"potentialAction\":[{\"@type\":\"ReadAction\",\"target\":[[\"https:\/\/avaldsnes.info\/en\/informasjon\/hakon-v-magnusson\/\"]]}]},{\"@type\":\"ImageObject\",\"inLanguage\":\"en-US\",\"@id\":\"https:\/\/avaldsnes.info\/en\/informasjon\/hakon-v-magnusson\/#primaryimage\",\"url\":\"https:\/\/avaldsnes.info\/content\/uploads\/2013\/10\/Kongebrev-utstedt-av-Hakon-V-pa-Avaldsnes-i-1308.-1-300x149.jpg\",\"contentUrl\":\"https:\/\/avaldsnes.info\/content\/uploads\/2013\/10\/Kongebrev-utstedt-av-Hakon-V-pa-Avaldsnes-i-1308.-1-300x149.jpg\"},{\"@type\":\"BreadcrumbList\",\"@id\":\"https:\/\/avaldsnes.info\/en\/informasjon\/hakon-v-magnusson\/#breadcrumb\",\"itemListElement\":[{\"@type\":\"ListItem\",\"position\":1,\"name\":\"Home\",\"item\":\"https:\/\/avaldsnes.info\/en\/\"},{\"@type\":\"ListItem\",\"position\":2,\"name\":\"Haakon V Magnusson\"}]},{\"@type\":\"WebSite\",\"@id\":\"https:\/\/avaldsnes.info\/en\/#website\",\"url\":\"https:\/\/avaldsnes.info\/en\/\",\"name\":\"Avaldsnes\",\"description\":\"Norges eldste kongesete\",\"potentialAction\":[{\"@type\":\"SearchAction\",\"target\":{\"@type\":\"EntryPoint\",\"urlTemplate\":\"https:\/\/avaldsnes.info\/en\/?s={search_term_string}\"},\"query-input\":{\"@type\":\"PropertyValueSpecification\",\"valueRequired\":true,\"valueName\":\"search_term_string\"}}],\"inLanguage\":\"en-US\"}]}<\/script>\n<!-- \/ Yoast SEO plugin. -->","yoast_head_json":{"title":"H\u00e5kon V MagnussonHaakon V Magnusson - Avaldsnes","description":"Tekst: Marit Synn\u00f8ve Vea (H\u00e1kon H\u00e1leggr \u2013 H\u00e5kon den langbeinte) (1270 - 1319) Konge i Noreg fr\u00e5 1299 - 1319 H\u00e5kon V Magnusson var soneson av H\u00e5kon","robots":{"index":"index","follow":"follow","max-snippet":"max-snippet:-1","max-image-preview":"max-image-preview:large","max-video-preview":"max-video-preview:-1"},"canonical":"https:\/\/avaldsnes.info\/en\/informasjon\/hakon-v-magnusson\/","og_locale":"en_US","og_type":"article","og_title":"H\u00e5kon V MagnussonHaakon V Magnusson - Avaldsnes","og_description":"Tekst: Marit Synn\u00f8ve Vea (H\u00e1kon H\u00e1leggr \u2013 H\u00e5kon den langbeinte) (1270 - 1319) Konge i Noreg fr\u00e5 1299 - 1319 H\u00e5kon V Magnusson var soneson av H\u00e5kon","og_url":"https:\/\/avaldsnes.info\/en\/informasjon\/hakon-v-magnusson\/","og_site_name":"Avaldsnes","article_modified_time":"2020-02-27T11:36:12+00:00","og_image":[{"url":"https:\/\/avaldsnes.info\/content\/uploads\/2013\/10\/Kongebrev-utstedt-av-Hakon-V-pa-Avaldsnes-i-1308.-1-300x149.jpg","type":"","width":"","height":""}],"twitter_misc":{"Est. reading time":"6 minutes"},"schema":{"@context":"https:\/\/schema.org","@graph":[{"@type":"WebPage","@id":"https:\/\/avaldsnes.info\/en\/informasjon\/hakon-v-magnusson\/","url":"https:\/\/avaldsnes.info\/en\/informasjon\/hakon-v-magnusson\/","name":"H\u00e5kon V MagnussonHaakon V Magnusson - Avaldsnes","isPartOf":{"@id":"https:\/\/avaldsnes.info\/en\/#website"},"primaryImageOfPage":{"@id":"https:\/\/avaldsnes.info\/en\/informasjon\/hakon-v-magnusson\/#primaryimage"},"image":{"@id":"https:\/\/avaldsnes.info\/en\/informasjon\/hakon-v-magnusson\/#primaryimage"},"thumbnailUrl":"https:\/\/avaldsnes.info\/content\/uploads\/2013\/10\/Kongebrev-utstedt-av-Hakon-V-pa-Avaldsnes-i-1308.-1-300x149.jpg","datePublished":"2013-10-16T19:39:42+00:00","dateModified":"2020-02-27T11:36:12+00:00","description":"Tekst: Marit Synn\u00f8ve Vea (H\u00e1kon H\u00e1leggr \u2013 H\u00e5kon den langbeinte) (1270 - 1319) Konge i Noreg fr\u00e5 1299 - 1319 H\u00e5kon V Magnusson var soneson av H\u00e5kon","breadcrumb":{"@id":"https:\/\/avaldsnes.info\/en\/informasjon\/hakon-v-magnusson\/#breadcrumb"},"inLanguage":"en-US","potentialAction":[{"@type":"ReadAction","target":[["https:\/\/avaldsnes.info\/en\/informasjon\/hakon-v-magnusson\/"]]}]},{"@type":"ImageObject","inLanguage":"en-US","@id":"https:\/\/avaldsnes.info\/en\/informasjon\/hakon-v-magnusson\/#primaryimage","url":"https:\/\/avaldsnes.info\/content\/uploads\/2013\/10\/Kongebrev-utstedt-av-Hakon-V-pa-Avaldsnes-i-1308.-1-300x149.jpg","contentUrl":"https:\/\/avaldsnes.info\/content\/uploads\/2013\/10\/Kongebrev-utstedt-av-Hakon-V-pa-Avaldsnes-i-1308.-1-300x149.jpg"},{"@type":"BreadcrumbList","@id":"https:\/\/avaldsnes.info\/en\/informasjon\/hakon-v-magnusson\/#breadcrumb","itemListElement":[{"@type":"ListItem","position":1,"name":"Home","item":"https:\/\/avaldsnes.info\/en\/"},{"@type":"ListItem","position":2,"name":"Haakon V Magnusson"}]},{"@type":"WebSite","@id":"https:\/\/avaldsnes.info\/en\/#website","url":"https:\/\/avaldsnes.info\/en\/","name":"Avaldsnes","description":"Norges eldste kongesete","potentialAction":[{"@type":"SearchAction","target":{"@type":"EntryPoint","urlTemplate":"https:\/\/avaldsnes.info\/en\/?s={search_term_string}"},"query-input":{"@type":"PropertyValueSpecification","valueRequired":true,"valueName":"search_term_string"}}],"inLanguage":"en-US"}]}},"_links":{"self":[{"href":"https:\/\/avaldsnes.info\/en\/wp-json\/wp\/v2\/pages\/2327"}],"collection":[{"href":"https:\/\/avaldsnes.info\/en\/wp-json\/wp\/v2\/pages"}],"about":[{"href":"https:\/\/avaldsnes.info\/en\/wp-json\/wp\/v2\/types\/page"}],"author":[{"embeddable":true,"href":"https:\/\/avaldsnes.info\/en\/wp-json\/wp\/v2\/users\/3"}],"replies":[{"embeddable":true,"href":"https:\/\/avaldsnes.info\/en\/wp-json\/wp\/v2\/comments?post=2327"}],"version-history":[{"count":21,"href":"https:\/\/avaldsnes.info\/en\/wp-json\/wp\/v2\/pages\/2327\/revisions"}],"predecessor-version":[{"id":4183,"href":"https:\/\/avaldsnes.info\/en\/wp-json\/wp\/v2\/pages\/2327\/revisions\/4183"}],"up":[{"embeddable":true,"href":"https:\/\/avaldsnes.info\/en\/wp-json\/wp\/v2\/pages\/22"}],"wp:attachment":[{"href":"https:\/\/avaldsnes.info\/en\/wp-json\/wp\/v2\/media?parent=2327"}],"curies":[{"name":"wp","href":"https:\/\/api.w.org\/{rel}","templated":true}]}}