{"id":2323,"date":"2013-10-16T19:37:36","date_gmt":"2013-10-16T19:37:36","guid":{"rendered":"https:\/\/avaldsnes.info\/?page_id=2323"},"modified":"2015-05-19T08:54:04","modified_gmt":"2015-05-19T08:54:04","slug":"olav-den-hellige","status":"publish","type":"page","link":"https:\/\/avaldsnes.info\/en\/informasjon\/olav-den-hellige\/","title":{"rendered":"St Olaf"},"content":{"rendered":"<p><span style=\"color: #808080;\">Text: Marit Synn\u00f8ve Vea<\/span><\/p>\n<div id=\"attachment_1353\" style=\"width: 310px\" class=\"wp-caption aligncenter\"><a href=\"https:\/\/avaldsnes.info\/content\/uploads\/2012\/12\/Avaldsnes-kirke-i-mai2.jpg\"><img loading=\"lazy\" decoding=\"async\" aria-describedby=\"caption-attachment-1353\" class=\"wp-image-1353 size-medium\" src=\"https:\/\/avaldsnes.info\/content\/uploads\/2012\/12\/Avaldsnes-kirke-i-mai2-300x240.jpg\" alt=\"Mange pilegrimer bes\u00f8kte Olavskirken. Pilegrimene skulle g\u00e5 inn d\u00f8ren som var vendt mot nord. (Foto \u00d8rjan Iversen)\" width=\"300\" height=\"240\" srcset=\"https:\/\/avaldsnes.info\/content\/uploads\/2012\/12\/Avaldsnes-kirke-i-mai2-300x240.jpg 300w, https:\/\/avaldsnes.info\/content\/uploads\/2012\/12\/Avaldsnes-kirke-i-mai2-1024x819.jpg 1024w, https:\/\/avaldsnes.info\/content\/uploads\/2012\/12\/Avaldsnes-kirke-i-mai2.jpg 1280w\" sizes=\"(max-width: 300px) 100vw, 300px\" \/><\/a><p id=\"caption-attachment-1353\" class=\"wp-caption-text\">Many pilgrims visited St. Olaf\u2019s church. The pilgrims used the door that faced northwards. Today this door is bricked up. (Photo \u00d8rjan Iversen)<\/p><\/div>\n<p><strong>(\u00d3l\u00e1fr Haraldsson, \u00d3l\u00e1fr hinn helgi 995 -1030).\u00a0King of Norway from 1015 &#8211; 1028<\/strong><br \/>\nOlaf (Olav) Haraldsson was the son of Harald Grenske from Ringerike and according to Snorri, Harald Fairhair was his great-great-grandfather. His mother was \u00c5sta Gudbrandsdatter. His father died before Olaf was born and he grew up with his mother and stepfather, Sigurd Syr. Olaf is also known as Olaf the Holy and Saint Olaf. He was also nicknamed Olaf \u201cDigre\u201d (great). In Old Norse, the nickname &#8220;Digre&#8221; may signify that he was fat or heavily built.<\/p>\n<p><strong>Snorri tells this about Olaf:<\/strong><br \/>\n<em>&#8220;When Olaf Haraldson grew up he was not tall, but middle-sized in height, although very thick, and of good strength. He had light brown hair, and a broad face, which was white and red. He had particularly fine eyes, which were beautiful and piercing, so that one was afraid to look him in the face when he was angry. <\/em><\/p>\n<p>Olaf was very expert in all bodily exercises, understood well to handle his bow, and was distinguished particularly in throwing his spear by hand: he was a great swimmer, and very handy, and very exact and knowing in all kinds of smithwork, whether he himself or others made the thing. He was distinct and acute in conversation, and was soon perfect in understanding and strength. He was beloved by his friends and acquaintances, eager in his amusements, and one who always liked to be the first, as it was suitable he should be from his birth and dignity. He was called Olaf the Great.<\/p>\n<p><strong>Olaf and his Viking raids in Europe<\/strong><br \/>\nOlaf was only 12 years old when he went on Viking raids, first eastwards and then with the Jomsvikings to England where he waged war. They did not succeed in capturing London, but in 1011 they reached Canterbury. Later, Olaf went to Spain and C\u00e1diz and he spent the winter of 1013-14 at the court of Richard II of Normandy<\/p>\n<div id=\"attachment_3605\" style=\"width: 310px\" class=\"wp-caption aligncenter\"><a href=\"https:\/\/avaldsnes.info\/content\/uploads\/2013\/10\/inventar-kyrkja.-1jpg.jpg\"><img loading=\"lazy\" decoding=\"async\" aria-describedby=\"caption-attachment-3605\" class=\"wp-image-3605 size-medium\" src=\"https:\/\/avaldsnes.info\/content\/uploads\/2013\/10\/inventar-kyrkja.-1jpg-300x199.jpg\" alt=\"Olavskyrkja hadde opphavelg tre alter. Houvudalteret var vigsla til St. Olav. Her var det truleg ogs\u00e5 relikvier.\" width=\"300\" height=\"199\" srcset=\"https:\/\/avaldsnes.info\/content\/uploads\/2013\/10\/inventar-kyrkja.-1jpg-300x199.jpg 300w, https:\/\/avaldsnes.info\/content\/uploads\/2013\/10\/inventar-kyrkja.-1jpg-480x320.jpg 480w, https:\/\/avaldsnes.info\/content\/uploads\/2013\/10\/inventar-kyrkja.-1jpg.jpg 700w\" sizes=\"(max-width: 300px) 100vw, 300px\" \/><\/a><p id=\"caption-attachment-3605\" class=\"wp-caption-text\">St. Olaf&#8217;s Church at Avaldsnes was consecrated to Olaf the Holy. Originally the church had three alters. The main alter was dedicated to St Olaf. Probably the church had also relics related to St Olaf.<\/p><\/div>\n<p><strong>Olaf is baptised<\/strong><br \/>\nRichard and the men of Normandy were Christians and descendants of Danish and Norwegian Vikings and Olaf had himself baptised in Rouen. From Normandy, Olaf set out for England again in 1014, but this time he helped the English King Adelred II to recapture London from the Danes. Legend has it that they destroyed London Bridge and the English nursery rhyme &#8220;London Bridge is falling down&#8221; is said to be based on this event.<\/p>\n<p><strong>Olaf returns to Norway to rule as king<\/strong><br \/>\nWhen Olaf returned to Norway, the earls of Lade were ruling the country on behalf of the Danish king, as they had done since the fall of Olaf Tryggvason at the Battle of Svolder. In addition, there were a number of very powerful chieftains.<\/p>\n<p>Olaf began by taking Earl Erik of Lade prisoner and sending him to England. Olaf then took over as a minor king in his homeland of Oppland. He later conquered Viken and Agder and by the time he reached Tr\u00f8ndelag, he had acquired so much power that the people there hailed him as king at their assembly.<\/p>\n<p>Olaf soon ruled over the whole of Central and Southern Norway and was also proclaimed king of H\u00e5logaland, Northern Norway. He made peace with the king of Sweden and married the Swedish princess Astrid.<\/p>\n<div id=\"attachment_3598\" style=\"width: 310px\" class=\"wp-caption aligncenter\"><a href=\"https:\/\/avaldsnes.info\/content\/uploads\/2013\/10\/asbjorn-gar-mot-kongsgarden-pa-Avaldsnes.jpg\"><img loading=\"lazy\" decoding=\"async\" aria-describedby=\"caption-attachment-3598\" class=\"wp-image-3598 size-medium\" src=\"https:\/\/avaldsnes.info\/content\/uploads\/2013\/10\/asbjorn-gar-mot-kongsgarden-pa-Avaldsnes-300x162.jpg\" alt=\"Asbj\u00f8rn Sigurdson p\u00e5 veg mot kongsgarden p\u00e5 Avaldsnes (Ill. E. Werenskiold. Olav den Helliges  saga) \" width=\"300\" height=\"162\" srcset=\"https:\/\/avaldsnes.info\/content\/uploads\/2013\/10\/asbjorn-gar-mot-kongsgarden-pa-Avaldsnes-300x162.jpg 300w, https:\/\/avaldsnes.info\/content\/uploads\/2013\/10\/asbjorn-gar-mot-kongsgarden-pa-Avaldsnes.jpg 800w\" sizes=\"(max-width: 300px) 100vw, 300px\" \/><\/a><p id=\"caption-attachment-3598\" class=\"wp-caption-text\">Asbjorn Sigurdsson on his way to the Royal Manor at Avaldsnes. (Ill. E. Werenskiold. Saga of Olaf the Holy)<\/p><\/div>\n<p><strong>Olaf had to make peace with the coastal chieftains<\/strong><br \/>\nBut there were still a number of powerful chieftains who held sway along the coast. Among them were Tore (Thorer) Hund from the Bjark\u00f8y clan in Troms and Erling Skjalgsson from Sola. Erling was Olaf Tryggvasson&#8217;s brother-in-law and it was said that when Olav Haraldsson came to Norway, Erling was the true ruler of Western Norway, with a territory stretching from Rogaland to Sogn.<\/p>\n<p><strong>The crown must take control of the trade along the coast<\/strong><br \/>\nOlaf Haraldsson fought to win even greater power. To achieve this, he had to weaken the power of the coastal chieftains. Olaf wanted to take control of Western Norway and the trade along the Norwegian coast. As part of his plan, he dismissed the old steward at Avaldsnes (Augvaldsnes) and appointed Tore Sel (Thorer Sel) as his steward or farm-manager at the royal court.<\/p>\n<p><strong>Olaf prohibits the sale of corn to Northern Norway<\/strong><br \/>\nIn 1022 Olaf forbade the West Norwegians to sell corn to people in the north of the country. This made it difficult for the chieftains in Northern Norway to brew beer and inviting people to banquets as one expected that chieftains should do.<\/p>\n<div id=\"attachment_3854\" style=\"width: 204px\" class=\"wp-caption aligncenter\"><a href=\"https:\/\/avaldsnes.info\/content\/uploads\/2013\/10\/asbjorn-dreper-tore-sel-mindre1.jpg\"><img loading=\"lazy\" decoding=\"async\" aria-describedby=\"caption-attachment-3854\" class=\"wp-image-3854 size-medium\" src=\"https:\/\/avaldsnes.info\/content\/uploads\/2013\/10\/asbjorn-dreper-tore-sel-mindre1-194x300.jpg\" alt=\"Asbjorn beheads Thorer Sel, so that the head fell upon the table before the king, and the body at his feet, and the table-cloth was soiled with blood from top to bottom.(Ill. Theodor Kittelsen)\" width=\"194\" height=\"300\" srcset=\"https:\/\/avaldsnes.info\/content\/uploads\/2013\/10\/asbjorn-dreper-tore-sel-mindre1-194x300.jpg 194w, https:\/\/avaldsnes.info\/content\/uploads\/2013\/10\/asbjorn-dreper-tore-sel-mindre1-663x1024.jpg 663w, https:\/\/avaldsnes.info\/content\/uploads\/2013\/10\/asbjorn-dreper-tore-sel-mindre1.jpg 800w\" sizes=\"(max-width: 194px) 100vw, 194px\" \/><\/a><p id=\"caption-attachment-3854\" class=\"wp-caption-text\">Asbjorn beheads Thorer Sel, so that the head fell upon the table before the king, and the body at his feet, and the table-cloth was soiled with blood from top to bottom. (Ill. Theodor Kittelsen. Saga of Olaf the Holy)<\/p><\/div>\n<p>Erling Skjalgsson of Sola ignored the ban and sold corn to his nephew the Northerner Asbj\u00f8rn Sigurdsson. Erling believed he bypassed the king&#8217;s ban because it was his slaves, not Erling himself, who sold the corn to the chieftain of Trondenes.<\/p>\n<p>When Asbj\u00f8rn sailed his ship home, he had to pass the Royal Manor at Avaldsnes. The kings farm-manager, Tore Sel, then confiscated the cargo of corn that Asbj\u00f8rn had purchased from his uncle. Tore Sel also confiscated Asbj\u00f8rn&#8217;s beautiful striped sail, and replaced it with an old one. This was a great offence of Asbj\u00f8rn\u2019s honour.<\/p>\n<p><strong>Asbj\u00f8rn returns to the Royal Manor at Avaldsnes<\/strong><br \/>\nA year later, Easter 2013, Asbj\u00f8rn sailed southward to Avaldsnes, eager to take his revenge. He landed his ship on the west side of the island Karm\u00f8y (Kormt) and hid his ship with 90 men on board. Asbj\u00f8rn advanced secretly and alone towards the royal estate.<\/p>\n<p>When Asbj\u00f8rn reached a hillock, from which he could see the Royal Manor at Avaldsnes, he saw people in all quarters flocking together by land and by sea. He understood that the king was holding a banquet, and that 90 men were not enough to attack all the king&#8217;s followers. Asbj\u00f8rn decided to sneak into the king&#8217;s hall and take his revenge on his own.<\/p>\n<p>In the banqueting hall Asbj\u00f8rn could hear that Tore Sel boasted about confiscating Asbj\u00f8rns cargo the year before, and he spoke in a way that departed from the truth. And when Tore Sel told King Olaf that Asbj\u00f8rn burst into tears as they took his sail, Asbj\u00f8rn dashed into the hall, drew his sword and beheaded Tore Sel. Sel&#8217;s head fell onto the table in front of the king and its blood spurted onto the king&#8217;s plate.<\/p>\n<p><strong>King Olaf sentences Asbj\u00f8rn to death<\/strong><br \/>\nKing Olaf fled into a rage and condemned Asbj\u00f8rn to death. Skjalg Erlingsson begged for mercy for his cousin, but the king replied that he liked little that someone broke the peace of Easter and used his feet as execution-block.<\/p>\n<p>Since it is Good Friday, the king cannot execute Asbj\u00f8rn until after Easter. Skjalg, son of Erling Skjalgsson, and some of his faithful men, rowed haistily over the fjord to tell Erling that the king had condemned his nephew to death.<\/p>\n<div id=\"attachment_3601\" style=\"width: 310px\" class=\"wp-caption aligncenter\"><a href=\"https:\/\/avaldsnes.info\/content\/uploads\/2013\/10\/olav-gar-gjennom-manngarden-mot-erling.jpg\"><img loading=\"lazy\" decoding=\"async\" aria-describedby=\"caption-attachment-3601\" class=\"wp-image-3601 size-medium\" src=\"https:\/\/avaldsnes.info\/content\/uploads\/2013\/10\/olav-gar-gjennom-manngarden-mot-erling-300x178.jpg\" alt=\"Olav m\u00e5 g\u00e5 gjennom Erling sin manngard n\u00e5r han kjem ut av kyrkja p\u00e5 Avaldsnes. (Ill. E Werenskiold- Olav den Helliges saga) \" width=\"300\" height=\"178\" srcset=\"https:\/\/avaldsnes.info\/content\/uploads\/2013\/10\/olav-gar-gjennom-manngarden-mot-erling-300x178.jpg 300w, https:\/\/avaldsnes.info\/content\/uploads\/2013\/10\/olav-gar-gjennom-manngarden-mot-erling.jpg 800w\" sizes=\"(max-width: 300px) 100vw, 300px\" \/><\/a><p id=\"caption-attachment-3601\" class=\"wp-caption-text\">King Olaf walks through the lines of Erling&#8217;s men. (Ill. E Werenskiold. Saga of Olaf the Holy)<\/p><\/div>\n<p><strong>Erling Skjalsson comes to Avaldsnes with 1500 men<\/strong><br \/>\nErling summoned 1500 men who set out for Avaldsnes to save Asbj\u00f8rn. Erling placed his men in ranks on each side of the church door. When the king came out of the church, he was forced to run the gauntlet between Erling\u2019s men.<\/p>\n<p>Olaf had no other choice but to reconcile himself with Erling and release Asbj\u00f8rn. The condition was that Asbjorn, who after this event is called Selsbane (Sel\u2019s slayer), should return to Avaldsnes and act as the king&#8217;s farm-manager. But Asbj\u00f8rn did not keep his promise to the the king. Instead he stayed home at Trondenes. (Read more:\u00a0<a href=\"https:\/\/avaldsnes.info\/content\/uploads\/2013\/10\/THE-CON-FRONTATION-BETWEEN-KING-OLAF-AND-ERLING-SKJALGSSON.-EXTRACT-FROM-HEIMSKRINGLA.pdf\">THE CONFRONTATION BETWEEN KING OLAF AND ERLING SKJALGSSON AT AVALDSNES. EXTRACT FROM HEIMSKRINGLA<\/a><\/p>\n<p><strong>Avaldsnes \u2013 a royal bastion surrounded by Erling Skjalgsson&#8217;s kingdom<\/strong><br \/>\nThe power struggle between Erling and Olaf was also a struggle to gain control over the trade route through the strait of Karmsundet and along the coast. Up until the Viking Age, Avaldsnes played a key role when the chieftains vied for control of &#8220;Nordvegen&#8221; \u2013 the shipping route along the coast of Norway. It was important to gain control of Avaldsnes because whoever controlled the strait of Karmsundet had in effect control over the shipping and trade along the Norwegian coast and thereby over all trade with the Continent.<\/p>\n<p>Due to its strategic location at the core of the shipping fairway, there gradually developed a pressing need for a legal means of safeguarding shipping along the coast. There are indications that Avaldsnes may have been a <em>Libero Portu Regio<\/em> from as far back as the Late Roman Period (the 3rd century) \u2013 a freeport where the king could make sure that potential enemies could, on payment of a fee, pass through or lay anchor with their cargoes.<\/p>\n<p>The nobles living along the coast may have regarded the confiscation of Asbj\u00f8rn&#8217;s cargo of corn as a breach of the king&#8217;s duty to safeguard the passage of ships through the strait of Karmsundet.<\/p>\n<div id=\"attachment_3602\" style=\"width: 310px\" class=\"wp-caption aligncenter\"><a href=\"https:\/\/avaldsnes.info\/content\/uploads\/2013\/10\/olav-dor-pa-stiklestad-mindre.jpg\"><img loading=\"lazy\" decoding=\"async\" aria-describedby=\"caption-attachment-3602\" class=\"wp-image-3602 size-medium\" src=\"https:\/\/avaldsnes.info\/content\/uploads\/2013\/10\/olav-dor-pa-stiklestad-mindre-300x211.jpg\" alt=\"Olav fell i Slaget p\u00e5 Stiklestad 1030. (Ill Halfdan Egedius, Olav den helliges saga)\" width=\"300\" height=\"211\" srcset=\"https:\/\/avaldsnes.info\/content\/uploads\/2013\/10\/olav-dor-pa-stiklestad-mindre-300x211.jpg 300w, https:\/\/avaldsnes.info\/content\/uploads\/2013\/10\/olav-dor-pa-stiklestad-mindre.jpg 1000w\" sizes=\"(max-width: 300px) 100vw, 300px\" \/><\/a><p id=\"caption-attachment-3602\" class=\"wp-caption-text\">King Olaf is killed at Stikelstad in 1030. Asjorn&#8217;s uncleThorer Hund stricks him with his spear (Ill Halfdan Egedius, Saga of Olaf the Holy)<\/p><\/div>\n<p><strong>Olaf Haraldsson becomes Olaf the Holy<\/strong><br \/>\nThe fateful meeting between king Olaf and Erling Skjalgsson at Avaldsnes in 1023 was the cause of much conflict between the clans. Not long afterwards, both Asbj\u00f8rn and Erling Skjalgsson were killed by men loyal to the king, and finally it lead to Olaf&#8217;s death at Stiklestad.<\/p>\n<p>Olaf was forced to flee from Norway in 1028 when Canute the Powerful descended upon the country with 50 warships. Olaf returned home to Norway in 1030 and fought against an army of farmers, led by Thorer Hund, at Stiklestad. Olaf was slain in this battle.<\/p>\n<p>Immediately after Olaf&#8217;s death, there was an eclipse of the sun and peculiar things begin to happen with his corpse. Some of Olaf&#8217;s blood was placed on a blind man&#8217;s eyes and the man&#8217;s vision was restored. And when Olaf&#8217;s body was exhumed after a year had passed, his hair, beard and nails were seen to have grown. The king was then given the name of St Olaf or Olav the Holy and many pilgrims came to pay homage at Olav&#8217;s grave in Nidaros (Trondheim).<\/p>\n<p><strong>St Olaf&#8217;s Church at Avaldsnes<\/strong><br \/>\nWhen King H\u00e5kon H\u00e5konsson built his church at Avaldsnes around 1250, he consecrated it to St Olav, and the church became an important stopping place for pilgrims going to Nidaros. There are still place names and tales around Avaldsnes which remind us of this pilgrim route. Here is also a St Olaf&#8217;s Well that the pilgrims used to visit. (Read more about this in <a title=\"LEGENDS ABOUT ST OLAF\" href=\"https:\/\/avaldsnes.info\/en\/olavskirken\/olavssegner\/\">Legends about St Olaf.<\/a>)<\/p>\n<p>&nbsp;<\/p>","protected":false},"excerpt":{"rendered":"<p>Text: Marit Synn\u00f8ve Vea (\u00d3l\u00e1fr Haraldsson, \u00d3l\u00e1fr hinn helgi 995 -1030).\u00a0King of Norway from 1015 &#8211; 1028 Olaf (Olav) Haraldsson was the son of Harald Grenske from Ringerike and according to Snorri, Harald Fairhair was his great-great-grandfather. His mother was \u00c5sta Gudbrandsdatter. His father died before Olaf was born and he grew up with his [&hellip;]<\/p>\n","protected":false},"author":3,"featured_media":0,"parent":22,"menu_order":4,"comment_status":"closed","ping_status":"open","template":"","meta":{"footnotes":""},"yoast_head":"<!-- This site is optimized with the Yoast SEO plugin v27.1.1 - https:\/\/yoast.com\/product\/yoast-seo-wordpress\/ -->\n<title>Olav den hellige - St Olaf<\/title>\n<meta name=\"description\" content=\"&quot;Olav hadde usedvanlige gode \u00f8yne, de var vakre og s\u00e5 kvasse at en kunne bli redd for \u00e5 se ham i \u00f8ynene n\u00e5r han ble sint&quot;. Avaldsnes. Pilegrimer.Stiklestad\" \/>\n<meta name=\"robots\" content=\"index, follow, max-snippet:-1, max-image-preview:large, max-video-preview:-1\" \/>\n<link rel=\"canonical\" href=\"https:\/\/avaldsnes.info\/en\/informasjon\/olav-den-hellige\/\" \/>\n<meta property=\"og:locale\" content=\"en_US\" \/>\n<meta property=\"og:type\" content=\"article\" \/>\n<meta property=\"og:title\" content=\"Olav den hellige - St Olaf\" \/>\n<meta property=\"og:description\" content=\"&quot;Olav hadde usedvanlige gode \u00f8yne, de var vakre og s\u00e5 kvasse at en kunne bli redd for \u00e5 se ham i \u00f8ynene n\u00e5r han ble sint&quot;. Avaldsnes. Pilegrimer.Stiklestad\" \/>\n<meta property=\"og:url\" content=\"https:\/\/avaldsnes.info\/en\/informasjon\/olav-den-hellige\/\" \/>\n<meta property=\"og:site_name\" content=\"Avaldsnes\" \/>\n<meta property=\"article:modified_time\" content=\"2015-05-19T08:54:04+00:00\" \/>\n<meta property=\"og:image\" content=\"https:\/\/avaldsnes.info\/content\/uploads\/2012\/12\/Avaldsnes-kirke-i-mai2-300x240.jpg\" \/>\n<meta name=\"twitter:label1\" content=\"Est. reading time\" \/>\n\t<meta name=\"twitter:data1\" content=\"18 minutes\" \/>\n<script type=\"application\/ld+json\" class=\"yoast-schema-graph\">{\"@context\":\"https:\/\/schema.org\",\"@graph\":[{\"@type\":\"WebPage\",\"@id\":\"https:\/\/avaldsnes.info\/en\/informasjon\/olav-den-hellige\/\",\"url\":\"https:\/\/avaldsnes.info\/en\/informasjon\/olav-den-hellige\/\",\"name\":\"Olav den hellige - St Olaf\",\"isPartOf\":{\"@id\":\"https:\/\/avaldsnes.info\/en\/#website\"},\"primaryImageOfPage\":{\"@id\":\"https:\/\/avaldsnes.info\/en\/informasjon\/olav-den-hellige\/#primaryimage\"},\"image\":{\"@id\":\"https:\/\/avaldsnes.info\/en\/informasjon\/olav-den-hellige\/#primaryimage\"},\"thumbnailUrl\":\"https:\/\/avaldsnes.info\/content\/uploads\/2012\/12\/Avaldsnes-kirke-i-mai2-300x240.jpg\",\"datePublished\":\"2013-10-16T19:37:36+00:00\",\"dateModified\":\"2015-05-19T08:54:04+00:00\",\"description\":\"\\\"Olav hadde usedvanlige gode \u00f8yne, de var vakre og s\u00e5 kvasse at en kunne bli redd for \u00e5 se ham i \u00f8ynene n\u00e5r han ble sint\\\". Avaldsnes. Pilegrimer.Stiklestad\",\"breadcrumb\":{\"@id\":\"https:\/\/avaldsnes.info\/en\/informasjon\/olav-den-hellige\/#breadcrumb\"},\"inLanguage\":\"en-US\",\"potentialAction\":[{\"@type\":\"ReadAction\",\"target\":[[\"https:\/\/avaldsnes.info\/en\/informasjon\/olav-den-hellige\/\"]]}]},{\"@type\":\"ImageObject\",\"inLanguage\":\"en-US\",\"@id\":\"https:\/\/avaldsnes.info\/en\/informasjon\/olav-den-hellige\/#primaryimage\",\"url\":\"https:\/\/avaldsnes.info\/content\/uploads\/2012\/12\/Avaldsnes-kirke-i-mai2-300x240.jpg\",\"contentUrl\":\"https:\/\/avaldsnes.info\/content\/uploads\/2012\/12\/Avaldsnes-kirke-i-mai2-300x240.jpg\"},{\"@type\":\"BreadcrumbList\",\"@id\":\"https:\/\/avaldsnes.info\/en\/informasjon\/olav-den-hellige\/#breadcrumb\",\"itemListElement\":[{\"@type\":\"ListItem\",\"position\":1,\"name\":\"Home\",\"item\":\"https:\/\/avaldsnes.info\/en\/\"},{\"@type\":\"ListItem\",\"position\":2,\"name\":\"St Olaf\"}]},{\"@type\":\"WebSite\",\"@id\":\"https:\/\/avaldsnes.info\/en\/#website\",\"url\":\"https:\/\/avaldsnes.info\/en\/\",\"name\":\"Avaldsnes\",\"description\":\"Norges eldste kongesete\",\"potentialAction\":[{\"@type\":\"SearchAction\",\"target\":{\"@type\":\"EntryPoint\",\"urlTemplate\":\"https:\/\/avaldsnes.info\/en\/?s={search_term_string}\"},\"query-input\":{\"@type\":\"PropertyValueSpecification\",\"valueRequired\":true,\"valueName\":\"search_term_string\"}}],\"inLanguage\":\"en-US\"}]}<\/script>\n<!-- \/ Yoast SEO plugin. -->","yoast_head_json":{"title":"Olav den hellige - St Olaf","description":"\"Olav hadde usedvanlige gode \u00f8yne, de var vakre og s\u00e5 kvasse at en kunne bli redd for \u00e5 se ham i \u00f8ynene n\u00e5r han ble sint\". Avaldsnes. Pilegrimer.Stiklestad","robots":{"index":"index","follow":"follow","max-snippet":"max-snippet:-1","max-image-preview":"max-image-preview:large","max-video-preview":"max-video-preview:-1"},"canonical":"https:\/\/avaldsnes.info\/en\/informasjon\/olav-den-hellige\/","og_locale":"en_US","og_type":"article","og_title":"Olav den hellige - St Olaf","og_description":"\"Olav hadde usedvanlige gode \u00f8yne, de var vakre og s\u00e5 kvasse at en kunne bli redd for \u00e5 se ham i \u00f8ynene n\u00e5r han ble sint\". Avaldsnes. Pilegrimer.Stiklestad","og_url":"https:\/\/avaldsnes.info\/en\/informasjon\/olav-den-hellige\/","og_site_name":"Avaldsnes","article_modified_time":"2015-05-19T08:54:04+00:00","og_image":[{"url":"https:\/\/avaldsnes.info\/content\/uploads\/2012\/12\/Avaldsnes-kirke-i-mai2-300x240.jpg","type":"","width":"","height":""}],"twitter_misc":{"Est. reading time":"18 minutes"},"schema":{"@context":"https:\/\/schema.org","@graph":[{"@type":"WebPage","@id":"https:\/\/avaldsnes.info\/en\/informasjon\/olav-den-hellige\/","url":"https:\/\/avaldsnes.info\/en\/informasjon\/olav-den-hellige\/","name":"Olav den hellige - St Olaf","isPartOf":{"@id":"https:\/\/avaldsnes.info\/en\/#website"},"primaryImageOfPage":{"@id":"https:\/\/avaldsnes.info\/en\/informasjon\/olav-den-hellige\/#primaryimage"},"image":{"@id":"https:\/\/avaldsnes.info\/en\/informasjon\/olav-den-hellige\/#primaryimage"},"thumbnailUrl":"https:\/\/avaldsnes.info\/content\/uploads\/2012\/12\/Avaldsnes-kirke-i-mai2-300x240.jpg","datePublished":"2013-10-16T19:37:36+00:00","dateModified":"2015-05-19T08:54:04+00:00","description":"\"Olav hadde usedvanlige gode \u00f8yne, de var vakre og s\u00e5 kvasse at en kunne bli redd for \u00e5 se ham i \u00f8ynene n\u00e5r han ble sint\". Avaldsnes. Pilegrimer.Stiklestad","breadcrumb":{"@id":"https:\/\/avaldsnes.info\/en\/informasjon\/olav-den-hellige\/#breadcrumb"},"inLanguage":"en-US","potentialAction":[{"@type":"ReadAction","target":[["https:\/\/avaldsnes.info\/en\/informasjon\/olav-den-hellige\/"]]}]},{"@type":"ImageObject","inLanguage":"en-US","@id":"https:\/\/avaldsnes.info\/en\/informasjon\/olav-den-hellige\/#primaryimage","url":"https:\/\/avaldsnes.info\/content\/uploads\/2012\/12\/Avaldsnes-kirke-i-mai2-300x240.jpg","contentUrl":"https:\/\/avaldsnes.info\/content\/uploads\/2012\/12\/Avaldsnes-kirke-i-mai2-300x240.jpg"},{"@type":"BreadcrumbList","@id":"https:\/\/avaldsnes.info\/en\/informasjon\/olav-den-hellige\/#breadcrumb","itemListElement":[{"@type":"ListItem","position":1,"name":"Home","item":"https:\/\/avaldsnes.info\/en\/"},{"@type":"ListItem","position":2,"name":"St Olaf"}]},{"@type":"WebSite","@id":"https:\/\/avaldsnes.info\/en\/#website","url":"https:\/\/avaldsnes.info\/en\/","name":"Avaldsnes","description":"Norges eldste kongesete","potentialAction":[{"@type":"SearchAction","target":{"@type":"EntryPoint","urlTemplate":"https:\/\/avaldsnes.info\/en\/?s={search_term_string}"},"query-input":{"@type":"PropertyValueSpecification","valueRequired":true,"valueName":"search_term_string"}}],"inLanguage":"en-US"}]}},"_links":{"self":[{"href":"https:\/\/avaldsnes.info\/en\/wp-json\/wp\/v2\/pages\/2323"}],"collection":[{"href":"https:\/\/avaldsnes.info\/en\/wp-json\/wp\/v2\/pages"}],"about":[{"href":"https:\/\/avaldsnes.info\/en\/wp-json\/wp\/v2\/types\/page"}],"author":[{"embeddable":true,"href":"https:\/\/avaldsnes.info\/en\/wp-json\/wp\/v2\/users\/3"}],"replies":[{"embeddable":true,"href":"https:\/\/avaldsnes.info\/en\/wp-json\/wp\/v2\/comments?post=2323"}],"version-history":[{"count":37,"href":"https:\/\/avaldsnes.info\/en\/wp-json\/wp\/v2\/pages\/2323\/revisions"}],"predecessor-version":[{"id":4177,"href":"https:\/\/avaldsnes.info\/en\/wp-json\/wp\/v2\/pages\/2323\/revisions\/4177"}],"up":[{"embeddable":true,"href":"https:\/\/avaldsnes.info\/en\/wp-json\/wp\/v2\/pages\/22"}],"wp:attachment":[{"href":"https:\/\/avaldsnes.info\/en\/wp-json\/wp\/v2\/media?parent=2323"}],"curies":[{"name":"wp","href":"https:\/\/api.w.org\/{rel}","templated":true}]}}