{"id":2319,"date":"2013-10-16T19:36:10","date_gmt":"2013-10-16T19:36:10","guid":{"rendered":"https:\/\/avaldsnes.info\/?page_id=2319"},"modified":"2020-02-28T16:29:52","modified_gmt":"2020-02-28T16:29:52","slug":"hakon-den-gode","status":"publish","type":"page","link":"https:\/\/avaldsnes.info\/en\/informasjon\/hakon-den-gode\/","title":{"rendered":"Haakon the good"},"content":{"rendered":"<p><span style=\"color: #808080;\">Text: Marit Synn\u00f8ve Vea\u00a0<\/span><\/p>\n<p><strong>H\u00e1kon g\u00f3\u00f0i, H\u00e1kon A\u00f0alsteinsf\u00f3str (ca 918 \u2013 960) King of Norway from about 935 \u2013 960<\/strong><\/p>\n<div id=\"attachment_3500\" style=\"width: 310px\" class=\"wp-caption aligncenter\"><a href=\"https:\/\/avaldsnes.info\/content\/uploads\/2013\/10\/flyfoto-avald-nov5.jpg\"><img loading=\"lazy\" decoding=\"async\" aria-describedby=\"caption-attachment-3500\" class=\"wp-image-3500 size-medium\" src=\"https:\/\/avaldsnes.info\/content\/uploads\/2013\/10\/flyfoto-avald-nov5-300x142.jpg\" alt=\"Kongsgarden Avaldsnes. Truleg var det p\u00e5 Avaldsnes og Fitjar H\u00e5kon held til f\u00f8r han blei sendt til England. (Foto Gunnar Str\u00f8m)\" width=\"300\" height=\"142\" srcset=\"https:\/\/avaldsnes.info\/content\/uploads\/2013\/10\/flyfoto-avald-nov5-300x142.jpg 300w, https:\/\/avaldsnes.info\/content\/uploads\/2013\/10\/flyfoto-avald-nov5.jpg 680w\" sizes=\"(max-width: 300px) 100vw, 300px\" \/><\/a><p id=\"caption-attachment-3500\" class=\"wp-caption-text\"><strong>Royal Manor at Avaldnes<\/strong>. Probably it was at Avaldsnes and Fitjar Haakon spent most of his time before he was sent to king Athelstan in England. (Foto Gunnar Str\u00f8m)<\/p><\/div>\n<p>When Harald Fairhair was 70 years old, one of his mistresses, Thora Mostrastong of the Hordak\u00e5re clan, bore him a child &#8211; Haakon. Haakon was no more than 10 years old when he was sent to England to be brought up by the English king Athelstan. The saga tells of how fond king Athelstan became of Haakon.<\/p>\n<p><strong>Haakon was fostered by the English king Athelstan<\/strong><br \/>\nAccording to the saga, Harald Fairhair more or less tricked Athelstan into fostering Haakon so that it would appear that Harald was higher in rank than the English king. The fostering was actually most probably agreed between the two in advance. At this time, Athelstan&#8217;s court was a hub of cultural learning where many sons of European princes were taught the arts of statesmanship, military leadership and political strategy.<\/p>\n<p>We have reason to believe that Harald Fairhair and Athelstan were close allies. Archaeological findings from North Rogaland and Sunnhordland point to contact with England at this time and the objects found are of a kind that would have been acquired by peaceful means and not from Viking raids.<\/p>\n<div id=\"attachment_3501\" style=\"width: 310px\" class=\"wp-caption aligncenter\"><a href=\"https:\/\/avaldsnes.info\/content\/uploads\/2013\/10\/fitjar.jpg\"><img loading=\"lazy\" decoding=\"async\" aria-describedby=\"caption-attachment-3501\" class=\"wp-image-3501 size-medium\" src=\"https:\/\/avaldsnes.info\/content\/uploads\/2013\/10\/fitjar-300x178.jpg\" alt=\"Sirkelen viser kvar ein meiner kongsgarden p\u00e5 Fitjar l\u00e5g. \" width=\"300\" height=\"178\" srcset=\"https:\/\/avaldsnes.info\/content\/uploads\/2013\/10\/fitjar-300x178.jpg 300w, https:\/\/avaldsnes.info\/content\/uploads\/2013\/10\/fitjar.jpg 600w\" sizes=\"(max-width: 300px) 100vw, 300px\" \/><\/a><p id=\"caption-attachment-3501\" class=\"wp-caption-text\">The circle marks a possible site for the Royal Manor of Fitjar.<\/p><\/div>\n<p>When Haakon was sent to England, Harald Fairhair had become an old man. Perhaps another reason for the arrangement was that Harald wanted to save his youngest son Haakon from falling prey to Eric Bloodaxe, who had been attacking his brothers.<\/p>\n<p><strong>Athelstan equips Haakon with ships and men<\/strong><br \/>\nWhen Harald died, Erik Bloodaxe became high king. Erik was not popular with his subjects. Some sagas relate that people in Norway sent a message to Haakon to ask him to return home. Others say that Haakon returned of his own accord. The sagas also recount how Athelstan equipped Haakon with ships and men.<\/p>\n<p><strong>Haakon becomes the king of Norway<\/strong><br \/>\nHaakon was only 20 years old when he became king of Norway and he reigned for nearly 30 years, nearly as long as his father, Harald Fairhair. Haakon also succeeded in breathing new life into Harald&#8217;s project of reunification. Posterity has given him the name of Haakon the Good and he must therefore have had a great deal of political skill and courage.<\/p>\n<p>The core area of Haakon&#8217;s territory was originally Harald Hairfair&#8217;s old kingdom in Western Norway. Employing the political skills he had learnt in England, Haakon succeeded in reestablishing the alliances that Harald Fairhair had made with the powerful earls of M\u00f8re and Lade who accepted him as high king.<\/p>\n<p><strong>Haakon is forced to give up introducing Christianity<\/strong><br \/>\nIn order to reestablish the kingdom of Norway, Haakon had to give up his aim of introducing Christianity. Haakon had converted to Christianity in England and brought both a bishop and perhaps also a priest with him when he returned home to Norway. The saga narrates how he built several churches early on in his reign and found priests to serve in them. It is probable that the royal court at Avaldsnes was one of the places Haakon built a church, even though Olav Tryggvason is traditionally believed to have built the first church here.<\/p>\n<p>However, after a while Haakon had to give up his attempt at christianising the country, not least in order to gain the political support of the earls of Lade, who refused to give up their heathen traditions and Norse gods. When he drank to the heathen gods at Lade, Haakon tried to appease both Christian and heathen rites by making the sign of the cross over the cup that he used to drink to the honour of Odin. But at the yuletide sacrifice at M\u00e6re, he had to give in completely; Haakon was required to eat horsemeat and was forbidden to make the sign of the cross when he made toasts to the ancient Norse gods.<\/p>\n<div id=\"attachment_3494\" style=\"width: 310px\" class=\"wp-caption aligncenter\"><a href=\"https:\/\/avaldsnes.info\/content\/uploads\/2013\/10\/Prinsahaug-Blodheia.jpg\"><img loading=\"lazy\" decoding=\"async\" aria-describedby=\"caption-attachment-3494\" class=\"wp-image-3494 size-medium\" src=\"https:\/\/avaldsnes.info\/content\/uploads\/2013\/10\/Prinsahaug-Blodheia-300x200.jpg\" alt=\"Lokal tradisjon har gitt ein av dei store gravhaugane p\u00e5 Blodheia namnet Guttormshaug meller Prinsahaug fordi dei trudde Guttorm Eirikson var gravlagd i haugen, men dette er gravhaugar over hovdingar som levde i eldre bronsealder. D\u00e5 dei to h\u00e6rstyrkane m\u00f8tte kvarandre p\u00e5 Blodheia i 953, kjempa dei mellom desse haugane som alt d\u00e5 var over 2000 \u00e5r gamle. (Foto M. S. Vea) \" width=\"300\" height=\"200\" srcset=\"https:\/\/avaldsnes.info\/content\/uploads\/2013\/10\/Prinsahaug-Blodheia-300x200.jpg 300w, https:\/\/avaldsnes.info\/content\/uploads\/2013\/10\/Prinsahaug-Blodheia-1024x682.jpg 1024w, https:\/\/avaldsnes.info\/content\/uploads\/2013\/10\/Prinsahaug-Blodheia-960x640.jpg 960w, https:\/\/avaldsnes.info\/content\/uploads\/2013\/10\/Prinsahaug-Blodheia-480x320.jpg 480w, https:\/\/avaldsnes.info\/content\/uploads\/2013\/10\/Prinsahaug-Blodheia.jpg 1500w\" sizes=\"(max-width: 300px) 100vw, 300px\" \/><\/a><p id=\"caption-attachment-3494\" class=\"wp-caption-text\"><strong>Guttorm&#8217;s mound at Blood Heights<\/strong>. \u00a0<b><\/b>\u00a0 \u00a0 \u00a0 \u00a0 The name <em>Blood Heights<\/em> comes from the terrible battle that waged here in 953. Then a Danish\/Norwegian fleet led by Eirik Bloodaxe\u2019s sons sailed up the strait of Karmsundet. They landed at Avaldsnes where they fought a bloody battle against their uncle H\u00e5kon the Good amongst the Bronze Age mounds on the heights. \u00a0Local tradition says that Guttorm was buried in <em>Guttorm&#8217;s Mound<\/em> or <em>Prince mound<\/em>, but this \u00a0burial mound was 2000 years when Guttorm died here. (Foto Marit S. Vea)<\/p><\/div>\n<p><strong>Haakon restores Harald&#8217;s kingdom<\/strong><br \/>\nHarald Fairhair had to build up his kingdom with the help of military power maintained by an all-embracing system whereby farmers were obliged to wine and dine the large band of men who accompanied Harald wherever he went. In order to achieve this, Harald had to expropriate land from the farmers who opposed him and give it to his loyal subjects.<\/p>\n<p>Haakon managed to make peace with the farmers by giving them back their right to the farmlands that Harald Fairhair had taken from them. Within the borders of his kingdom in Western Norway, Haakon could then live in peace, without needing soldiers to protect him against his own people. The military power he needed had to be raised to contend with an enemy from outside: the Danish king and the sons of Eric Bloodaxe.<\/p>\n<p><strong>The Battle of Blood Heights<\/strong><br \/>\nHaakon reigned in peace for a number of years, until the sons of Eric Bloodaxe grew up. With the help of their uncle, Harald Bluetooth, the sons of Eric Bloodaxe came sailing up the strait of Karmsundet with a Danish army in about 953. The two armies waged a bloody battle on a plain near the royal court at Avaldsnes, where burial mounds from the Bronze Age were located. Even though Eric Bloodaxe&#8217;s sons had the help of Danish warriors, Haakon the Good managed to win the day.<\/p>\n<p>The battle was by all accounts gruesome. \u00c1grip tells us that three of Eric Bloodaxe&#8217;s sons were slain in this battle. Snorre mentions only Guttorm Erikson. The site of the battle was later given the name of Bloodheights. Snorre relates that when Guttorm fell and his banner vanished into the fray of fighting men, others began to take to their heels and the army disbanded, ran to their ships and rowed away. Haakon and his men pursued them eastwards and both sides sailed as fast as they could until they reached East Agder, where Eric Bloodaxe&#8217;s sons then set sail for Denmark, while Haakon and his men returned home.<\/p>\n<p>So says Guthorm Sindre:<\/p>\n<div id=\"attachment_3495\" style=\"width: 310px\" class=\"wp-caption aligncenter\"><a href=\"https:\/\/avaldsnes.info\/content\/uploads\/2013\/10\/slaget-pa-Blodheia.jpg\"><img loading=\"lazy\" decoding=\"async\" aria-describedby=\"caption-attachment-3495\" class=\"wp-image-3495 size-medium\" src=\"https:\/\/avaldsnes.info\/content\/uploads\/2013\/10\/slaget-pa-Blodheia-300x190.jpg\" alt=\"Slaget p\u00e5 Blodheia. Ill. Erik Werenskiold\" width=\"300\" height=\"190\" srcset=\"https:\/\/avaldsnes.info\/content\/uploads\/2013\/10\/slaget-pa-Blodheia-300x190.jpg 300w, https:\/\/avaldsnes.info\/content\/uploads\/2013\/10\/slaget-pa-Blodheia-1024x648.jpg 1024w, https:\/\/avaldsnes.info\/content\/uploads\/2013\/10\/slaget-pa-Blodheia.jpg 1421w\" sizes=\"(max-width: 300px) 100vw, 300px\" \/><\/a><p id=\"caption-attachment-3495\" class=\"wp-caption-text\">The Battle at Blood Heights. (Ill. Christian Krogh. Saga of Haakon the Good)<\/p><\/div>\n<p><em>The king&#8217;s voice waked the silent host<br \/>\nWho slept beside the wild sea-coast,<br \/>\nAnd bade the song of spear and sword<br \/>\nOver the battle plain be heard.<br \/>\nWhere heroes&#8217; shields the loudest rang,<br \/>\nWhere loudest was the sword-blade&#8217;s clang,<br \/>\nBy the sea-shore at Kormt Sound,<br \/>\nHakon felled Guthorm to the ground.<\/em><\/p>\n<p><em>And Guthorm&#8217;s brothers too, who know<br \/>\nSo skilfully to bend the bow,<br \/>\nThe conquering hand must also feel<br \/>\nOf Hakon, god of the bright steel, &#8212;<br \/>\nThe sun-god, whose bright rays, that dart<br \/>\nFlame-like, are swords that pierce the heart.<\/em><\/p>\n<p><em>Well I remember how the King<br \/>\nHakon, the battle&#8217;s life and spring,<br \/>\nO&#8217;er the wide ocean cleared away<br \/>\nEirik&#8217;s brave sons. They durst not stay,<br \/>\nBut round their ships&#8217; sides hung their shields<br \/>\nAnd fled across the blue sea-fields.<\/em><br \/>\n(Translation Samual Laing)<\/p>\n<p>After the Battle at Blood Heights, Haakon introduced the institution known as leidang (ON <em>lei\u00f0angr<\/em> ) which was a public levy of free farmers, a form of conscription to organise the Norwegian war and defence fleet<\/p>\n<div id=\"attachment_1051\" style=\"width: 310px\" class=\"wp-caption aligncenter\"><a href=\"https:\/\/avaldsnes.info\/content\/uploads\/2013\/08\/Blodheia-gammelt-mindre.jpg\"><img loading=\"lazy\" decoding=\"async\" aria-describedby=\"caption-attachment-1051\" class=\"wp-image-1051 size-medium\" src=\"https:\/\/avaldsnes.info\/content\/uploads\/2013\/08\/Blodheia-gammelt-mindre-300x197.jpg\" alt=\"Old photo showing some of the burial mounds on the Reheia. Reheia is also called Blood Heights because of a battle between Haakon the Good and the sons of Eirik Bloodaxe which took place here in 953.\" width=\"300\" height=\"197\" srcset=\"https:\/\/avaldsnes.info\/content\/uploads\/2013\/08\/Blodheia-gammelt-mindre-300x197.jpg 300w, https:\/\/avaldsnes.info\/content\/uploads\/2013\/08\/Blodheia-gammelt-mindre-1024x674.jpg 1024w, https:\/\/avaldsnes.info\/content\/uploads\/2013\/08\/Blodheia-gammelt-mindre-303x198.jpg 303w, https:\/\/avaldsnes.info\/content\/uploads\/2013\/08\/Blodheia-gammelt-mindre.jpg 1500w\" sizes=\"(max-width: 300px) 100vw, 300px\" \/><\/a><p id=\"caption-attachment-1051\" class=\"wp-caption-text\">Old photo showing some of the burial mounds on the Reheia, also called Blood Heights because of a battle between Haakon the Good and the sons of Eirik Bloodaxe which took place here in 953.<\/p><\/div>\n<p><strong>Haakon organises the\u00a0<em>lei\u00f0angr &#8211;<\/em> the Norwegian war and defence fleet<\/strong><br \/>\nHaakon and the farmers joined forces to lay the foundations of the leidang, the defence system whereby the country was divided into different regions. In times of strife, those living in each region had to provide a certain number of ships and also equip them with men and weapons. Ancient Norse sources reveal that this Norwegian defence fleet could mobilise over 300 ships when danger threatened. But we do not know whether the full quota of ships was ever mobilised.<\/p>\n<p>In addition, a warning system consisting of hilltop cairns was created and when enemies approached, these cairns were lit one after the other to warn the people so that they could prepare themselves.<\/p>\n<p><strong>The Battle at Rastakalv and the Battle of Fitjar<\/strong><br \/>\nTwo years after the Battle at Bloodheights, the sons of Eric Bloodaxe returned with a Danish army to Frei near Kristiansund, but Haakon succeeded in defeating them once again.<\/p>\n<p>In about 960, Eric Bloodaxe&#8217;s sons came north yet again and attacked at Fitjar in Sunnhordland. Haakon managed to drive them away, but was wounded in the shoulder by an arrow.<\/p>\n<p><strong>Haakon dies at Kongshella<\/strong><br \/>\nThe wound to Haakon&#8217;s shoulder would not normally have been so serious, but the arrow that pierced him was of a type designed to inflict deep and bloody wounds. Haakon was on his way to the royal court at Alrekstad, but his followers could not stop the bleeding. They went ashore at Kongshella, where Haakon was born about 42 years earlier, and where he finally bled to death by this stone slab.<\/p>\n<p>Haakon was buried like a heathen king with his weapons in a burial mound, but without anything other equipment.<\/p>\n<p>&nbsp;<\/p>\n<h2><strong>Harald Greycloak<\/strong><\/h2>\n<p><strong>Haraldr Gr\u00e1fell.\u00a0King of Norway from about 960 -70<\/strong><\/p>\n<p>When Harald Greycloak became king of Norway, he accepted his uncle Harald Bluetooth of Denmark as his high king. There were already two kings of Eastern Norway, Gudr\u00f8d Bj\u00f8rnson and Trygve Olavson, who paid taxes to Harald Bluetooth. Harald Bluetooth now ruled over a territory stretching from the borders of Grenland in Southeastern Norway and all the way to M\u00f8re in the West. Perhaps this was why Harald Bluetooth had the following words hewn into the now famous stone of Jelling, Denmark: &#8220;\u2026 the Harald who conquered all of Denmark and Norway.&#8221;<\/p>\n<p>Some time afterwards, Harald Greycloak killed Sigurd, the earl of Lade. Harald Greycloak \u2013 and the king of Denmark \u2013 then gained control over most of Norway&#8217;s coastal strip, even as far as to H\u00e5logaland in North Norway.<\/p>\n<p><strong>How Harald came to be called Greycloak<\/strong><br \/>\nKing Hakon had generally his seat in Hordaland and Rogaland, and also his brothers; but very often, also, they went to Hardanger. Once, when Harald was on his travels in Hardanger, he met two Icelandic tradesmen who complained that they had not been able to sell the grey sheepskins they had in their ship&#8217;s cargo. Harald asked if he could have one of the skins and threw it over his shoulders. After this, there was such a demand for the skins that half of those who wanted to buy one were disappointed \u2013 an excellent PR stunt from Harald and the Icelanders! And Harald acquired the name of &#8220;Greycloak&#8221; as a result.<\/p>\n<p><strong>Harald Greycloak is slain in Denmark<\/strong><br \/>\nHarald was on his way to help his uncle, Harald Bluetooth, fight against the Franks. He equipped an army and set off southwards. At Hals, in the Limfjord in Denmark, the enemy lay in waiting and Harald was killed. Those of his brothers who survived, then fled the country.<\/p>\n<p><strong>Earl Haakon<\/strong><br \/>\nHarald Bluetooth let Haakon, earl of Lade, rule Norway on his behalf. Haakon was never called a king, and he paid taxes to the Danish king from about 970 \u2013 995 when Olav Tryggvason came to power in Norway.<\/p>","protected":false},"excerpt":{"rendered":"<p>Text: Marit Synn\u00f8ve Vea\u00a0 H\u00e1kon g\u00f3\u00f0i, H\u00e1kon A\u00f0alsteinsf\u00f3str (ca 918 \u2013 960) King of Norway from about 935 \u2013 960 When Harald Fairhair was 70 years old, one of his mistresses, Thora Mostrastong of the Hordak\u00e5re clan, bore him a child &#8211; Haakon. Haakon was no more than 10 years old when he was sent [&hellip;]<\/p>\n","protected":false},"author":3,"featured_media":0,"parent":22,"menu_order":6,"comment_status":"closed","ping_status":"open","template":"","meta":{"footnotes":""},"yoast_head":"<!-- This site is optimized with the Yoast SEO plugin v27.1.1 - https:\/\/yoast.com\/product\/yoast-seo-wordpress\/ -->\n<title>H\u00e5kon den gode Haakon the Good<\/title>\n<meta name=\"description\" content=\"D\u00e5 Harald H\u00e5rfagre var ca 70 \u00e5r gammal, fekk han barn med ei av frillene sine. Ho heitte Tora Mostrastong. H\u00e5kon den gode var berre 10 \u00e5r gammal d\u00e5 han blei sendt til England for \u00e5 bli fostra av den engelske kong Aethelstan (Adalstein).\" \/>\n<meta name=\"robots\" content=\"index, follow, max-snippet:-1, max-image-preview:large, max-video-preview:-1\" \/>\n<link rel=\"canonical\" href=\"https:\/\/avaldsnes.info\/en\/informasjon\/hakon-den-gode\/\" \/>\n<meta property=\"og:locale\" content=\"en_US\" \/>\n<meta property=\"og:type\" content=\"article\" \/>\n<meta property=\"og:title\" content=\"H\u00e5kon den gode Haakon the Good\" \/>\n<meta property=\"og:description\" content=\"D\u00e5 Harald H\u00e5rfagre var ca 70 \u00e5r gammal, fekk han barn med ei av frillene sine. Ho heitte Tora Mostrastong. H\u00e5kon den gode var berre 10 \u00e5r gammal d\u00e5 han blei sendt til England for \u00e5 bli fostra av den engelske kong Aethelstan (Adalstein).\" \/>\n<meta property=\"og:url\" content=\"https:\/\/avaldsnes.info\/en\/informasjon\/hakon-den-gode\/\" \/>\n<meta property=\"og:site_name\" content=\"Avaldsnes\" \/>\n<meta property=\"article:modified_time\" content=\"2020-02-28T16:29:52+00:00\" \/>\n<meta property=\"og:image\" content=\"https:\/\/avaldsnes.info\/content\/uploads\/2013\/10\/flyfoto-avald-nov5-300x142.jpg\" \/>\n<meta name=\"twitter:label1\" content=\"Est. reading time\" \/>\n\t<meta name=\"twitter:data1\" content=\"19 minutes\" \/>\n<script type=\"application\/ld+json\" class=\"yoast-schema-graph\">{\"@context\":\"https:\/\/schema.org\",\"@graph\":[{\"@type\":\"WebPage\",\"@id\":\"https:\/\/avaldsnes.info\/en\/informasjon\/hakon-den-gode\/\",\"url\":\"https:\/\/avaldsnes.info\/en\/informasjon\/hakon-den-gode\/\",\"name\":\"H\u00e5kon den gode Haakon the Good\",\"isPartOf\":{\"@id\":\"https:\/\/avaldsnes.info\/en\/#website\"},\"primaryImageOfPage\":{\"@id\":\"https:\/\/avaldsnes.info\/en\/informasjon\/hakon-den-gode\/#primaryimage\"},\"image\":{\"@id\":\"https:\/\/avaldsnes.info\/en\/informasjon\/hakon-den-gode\/#primaryimage\"},\"thumbnailUrl\":\"https:\/\/avaldsnes.info\/content\/uploads\/2013\/10\/flyfoto-avald-nov5-300x142.jpg\",\"datePublished\":\"2013-10-16T19:36:10+00:00\",\"dateModified\":\"2020-02-28T16:29:52+00:00\",\"description\":\"D\u00e5 Harald H\u00e5rfagre var ca 70 \u00e5r gammal, fekk han barn med ei av frillene sine. Ho heitte Tora Mostrastong. H\u00e5kon den gode var berre 10 \u00e5r gammal d\u00e5 han blei sendt til England for \u00e5 bli fostra av den engelske kong Aethelstan (Adalstein).\",\"breadcrumb\":{\"@id\":\"https:\/\/avaldsnes.info\/en\/informasjon\/hakon-den-gode\/#breadcrumb\"},\"inLanguage\":\"en-US\",\"potentialAction\":[{\"@type\":\"ReadAction\",\"target\":[[\"https:\/\/avaldsnes.info\/en\/informasjon\/hakon-den-gode\/\"]]}]},{\"@type\":\"ImageObject\",\"inLanguage\":\"en-US\",\"@id\":\"https:\/\/avaldsnes.info\/en\/informasjon\/hakon-den-gode\/#primaryimage\",\"url\":\"https:\/\/avaldsnes.info\/content\/uploads\/2013\/10\/flyfoto-avald-nov5-300x142.jpg\",\"contentUrl\":\"https:\/\/avaldsnes.info\/content\/uploads\/2013\/10\/flyfoto-avald-nov5-300x142.jpg\"},{\"@type\":\"BreadcrumbList\",\"@id\":\"https:\/\/avaldsnes.info\/en\/informasjon\/hakon-den-gode\/#breadcrumb\",\"itemListElement\":[{\"@type\":\"ListItem\",\"position\":1,\"name\":\"Home\",\"item\":\"https:\/\/avaldsnes.info\/en\/\"},{\"@type\":\"ListItem\",\"position\":2,\"name\":\"Haakon the good\"}]},{\"@type\":\"WebSite\",\"@id\":\"https:\/\/avaldsnes.info\/en\/#website\",\"url\":\"https:\/\/avaldsnes.info\/en\/\",\"name\":\"Avaldsnes\",\"description\":\"Norges eldste kongesete\",\"potentialAction\":[{\"@type\":\"SearchAction\",\"target\":{\"@type\":\"EntryPoint\",\"urlTemplate\":\"https:\/\/avaldsnes.info\/en\/?s={search_term_string}\"},\"query-input\":{\"@type\":\"PropertyValueSpecification\",\"valueRequired\":true,\"valueName\":\"search_term_string\"}}],\"inLanguage\":\"en-US\"}]}<\/script>\n<!-- \/ Yoast SEO plugin. -->","yoast_head_json":{"title":"H\u00e5kon den gode Haakon the Good","description":"D\u00e5 Harald H\u00e5rfagre var ca 70 \u00e5r gammal, fekk han barn med ei av frillene sine. Ho heitte Tora Mostrastong. H\u00e5kon den gode var berre 10 \u00e5r gammal d\u00e5 han blei sendt til England for \u00e5 bli fostra av den engelske kong Aethelstan (Adalstein).","robots":{"index":"index","follow":"follow","max-snippet":"max-snippet:-1","max-image-preview":"max-image-preview:large","max-video-preview":"max-video-preview:-1"},"canonical":"https:\/\/avaldsnes.info\/en\/informasjon\/hakon-den-gode\/","og_locale":"en_US","og_type":"article","og_title":"H\u00e5kon den gode Haakon the Good","og_description":"D\u00e5 Harald H\u00e5rfagre var ca 70 \u00e5r gammal, fekk han barn med ei av frillene sine. Ho heitte Tora Mostrastong. H\u00e5kon den gode var berre 10 \u00e5r gammal d\u00e5 han blei sendt til England for \u00e5 bli fostra av den engelske kong Aethelstan (Adalstein).","og_url":"https:\/\/avaldsnes.info\/en\/informasjon\/hakon-den-gode\/","og_site_name":"Avaldsnes","article_modified_time":"2020-02-28T16:29:52+00:00","og_image":[{"url":"https:\/\/avaldsnes.info\/content\/uploads\/2013\/10\/flyfoto-avald-nov5-300x142.jpg","type":"","width":"","height":""}],"twitter_misc":{"Est. reading time":"19 minutes"},"schema":{"@context":"https:\/\/schema.org","@graph":[{"@type":"WebPage","@id":"https:\/\/avaldsnes.info\/en\/informasjon\/hakon-den-gode\/","url":"https:\/\/avaldsnes.info\/en\/informasjon\/hakon-den-gode\/","name":"H\u00e5kon den gode Haakon the Good","isPartOf":{"@id":"https:\/\/avaldsnes.info\/en\/#website"},"primaryImageOfPage":{"@id":"https:\/\/avaldsnes.info\/en\/informasjon\/hakon-den-gode\/#primaryimage"},"image":{"@id":"https:\/\/avaldsnes.info\/en\/informasjon\/hakon-den-gode\/#primaryimage"},"thumbnailUrl":"https:\/\/avaldsnes.info\/content\/uploads\/2013\/10\/flyfoto-avald-nov5-300x142.jpg","datePublished":"2013-10-16T19:36:10+00:00","dateModified":"2020-02-28T16:29:52+00:00","description":"D\u00e5 Harald H\u00e5rfagre var ca 70 \u00e5r gammal, fekk han barn med ei av frillene sine. Ho heitte Tora Mostrastong. H\u00e5kon den gode var berre 10 \u00e5r gammal d\u00e5 han blei sendt til England for \u00e5 bli fostra av den engelske kong Aethelstan (Adalstein).","breadcrumb":{"@id":"https:\/\/avaldsnes.info\/en\/informasjon\/hakon-den-gode\/#breadcrumb"},"inLanguage":"en-US","potentialAction":[{"@type":"ReadAction","target":[["https:\/\/avaldsnes.info\/en\/informasjon\/hakon-den-gode\/"]]}]},{"@type":"ImageObject","inLanguage":"en-US","@id":"https:\/\/avaldsnes.info\/en\/informasjon\/hakon-den-gode\/#primaryimage","url":"https:\/\/avaldsnes.info\/content\/uploads\/2013\/10\/flyfoto-avald-nov5-300x142.jpg","contentUrl":"https:\/\/avaldsnes.info\/content\/uploads\/2013\/10\/flyfoto-avald-nov5-300x142.jpg"},{"@type":"BreadcrumbList","@id":"https:\/\/avaldsnes.info\/en\/informasjon\/hakon-den-gode\/#breadcrumb","itemListElement":[{"@type":"ListItem","position":1,"name":"Home","item":"https:\/\/avaldsnes.info\/en\/"},{"@type":"ListItem","position":2,"name":"Haakon the good"}]},{"@type":"WebSite","@id":"https:\/\/avaldsnes.info\/en\/#website","url":"https:\/\/avaldsnes.info\/en\/","name":"Avaldsnes","description":"Norges eldste kongesete","potentialAction":[{"@type":"SearchAction","target":{"@type":"EntryPoint","urlTemplate":"https:\/\/avaldsnes.info\/en\/?s={search_term_string}"},"query-input":{"@type":"PropertyValueSpecification","valueRequired":true,"valueName":"search_term_string"}}],"inLanguage":"en-US"}]}},"_links":{"self":[{"href":"https:\/\/avaldsnes.info\/en\/wp-json\/wp\/v2\/pages\/2319"}],"collection":[{"href":"https:\/\/avaldsnes.info\/en\/wp-json\/wp\/v2\/pages"}],"about":[{"href":"https:\/\/avaldsnes.info\/en\/wp-json\/wp\/v2\/types\/page"}],"author":[{"embeddable":true,"href":"https:\/\/avaldsnes.info\/en\/wp-json\/wp\/v2\/users\/3"}],"replies":[{"embeddable":true,"href":"https:\/\/avaldsnes.info\/en\/wp-json\/wp\/v2\/comments?post=2319"}],"version-history":[{"count":48,"href":"https:\/\/avaldsnes.info\/en\/wp-json\/wp\/v2\/pages\/2319\/revisions"}],"predecessor-version":[{"id":5817,"href":"https:\/\/avaldsnes.info\/en\/wp-json\/wp\/v2\/pages\/2319\/revisions\/5817"}],"up":[{"embeddable":true,"href":"https:\/\/avaldsnes.info\/en\/wp-json\/wp\/v2\/pages\/22"}],"wp:attachment":[{"href":"https:\/\/avaldsnes.info\/en\/wp-json\/wp\/v2\/media?parent=2319"}],"curies":[{"name":"wp","href":"https:\/\/api.w.org\/{rel}","templated":true}]}}