{"id":2317,"date":"2013-10-16T19:35:26","date_gmt":"2013-10-16T19:35:26","guid":{"rendered":"https:\/\/avaldsnes.info\/?page_id=2317"},"modified":"2016-05-06T10:02:40","modified_gmt":"2016-05-06T10:02:40","slug":"eirik-blodoks","status":"publish","type":"page","link":"https:\/\/avaldsnes.info\/en\/informasjon\/eirik-blodoks\/","title":{"rendered":"Eric Bloodaxe"},"content":{"rendered":"<p><span style=\"color: #808080;\">Text: Marit Synn\u00f8ve Vea<\/span><\/p>\n<p><strong>Eir\u00edkr bl\u00f3\u00f0\u00f8x (885 \u2013 954) King of Norway from about 931 \u2013 935<\/strong><br \/>\nThe Saga claims that Harald Fairhair had many wives and many children. When he married Ragnhild the Migthy, daughter of the Danish king Erik. It is told that Harald put away nine of his other wives.<\/p>\n<p><em>&#8220;Harald, of noblest race the head,<br \/>\nA Danish wife took to his bed;<br \/>\nAnd out of doors nine wives he thrust, &#8212;<br \/>\nThe mothers of the princes first.<br \/>\nWho &#8216;mong Holmrygians hold command,<br \/>\nAnd those who rule in Hordaland.<br \/>\nAnd then he packed from out the place<br \/>\nThe children born of Holge&#8217;s race.&#8221;<\/em><br \/>\n(Saga of Harald Fairhair)<\/p>\n<p>Harald and Ragnhild had one son called Eric, later nicknamed Blood-axe. Eric was fostered in the house of the herse Thorer at Svan\u00f8y in the Fjord district of Sogn.<\/p>\n<div id=\"attachment_3480\" style=\"width: 310px\" class=\"wp-caption aligncenter\"><a href=\"https:\/\/avaldsnes.info\/content\/uploads\/2013\/10\/Gunnhild-egger-sine-sonar.jpg\"><img loading=\"lazy\" decoding=\"async\" aria-describedby=\"caption-attachment-3480\" class=\"wp-image-3480 size-medium\" src=\"https:\/\/avaldsnes.info\/content\/uploads\/2013\/10\/Gunnhild-egger-sine-sonar-300x175.jpg\" alt=\"Sagaen fortel at Eirik blei p\u00e5verka av kona si som var ei stridbar kvinne. &quot;Gunnhild kongsmor egger s\u00f8nene sine til hemn&quot;. Ill. C. Krogh)\" width=\"300\" height=\"175\" srcset=\"https:\/\/avaldsnes.info\/content\/uploads\/2013\/10\/Gunnhild-egger-sine-sonar-300x175.jpg 300w, https:\/\/avaldsnes.info\/content\/uploads\/2013\/10\/Gunnhild-egger-sine-sonar.jpg 900w\" sizes=\"(max-width: 300px) 100vw, 300px\" \/><\/a><p id=\"caption-attachment-3480\" class=\"wp-caption-text\">The Saga claims that Eric was influenced by his wife Gunnhild who was a strongheaded woman. &#8220;Gunnhild provokes here sons to take revenge&#8221;. Ill. C. Krogh)<\/p><\/div>\n<p><strong>Eric \u2013 Harald\u2019s most beloved son<\/strong><br \/>\nEric was the most beloved and honoured by King Harald of all his sons. When Eiric was twelve years old, King Harald gave him five long-ships. He used these to go on Viking expiditions. First he went eastward, and was in the Baltic, Denmark, Friesland, and Saxland for three years. He then sailed out into the West sea and spent four years plundering in Scotland, Bretland and Ireland.<\/p>\n<p>Snorri Sturluson tells this about Eiric:<br \/>\n<em>Eirik was a stout handsome man, strong, and very manly,\u2014a great and fortunate man of war; but bad-minded, gruff, unfriendly, and silent.<\/em> (Saga of Harald Fairhair)<\/p>\n<p><strong>Eric and Gunnhild<\/strong><br \/>\nSnorri Sturluson tells that Eric Blooaxe was married to Gunnhild, daughter of Ossur Tote from Haalogaland in Northern Norway. The saga goes on to tell that Eric was much influenced by his wife who was \u201c\u2026the most beautiful of women,\u2014clever, with much knowledge about magic, and lively; but a very false person, and very cruel in disposition.\u201d<\/p>\n<p>The earliest saga Historia Norwegi\u00e6, however, tells that Gunnhild was the daughter of Gorm inn Gamli (\u2018the Old\u2019), king of Denmark and sister of Harald Bluetooth. Taken into consideration the support her sons later got from the Danish king, this version is probably more in line with the truth<\/p>\n<p><strong>Eric becomes high king<\/strong><br \/>\nWhen King Harald was fifty years of age he divided the country among his sons and gave them all the title of king. He was still, however, their superior as high king of Norway.Eric Bloodaxe expected to be high king over all his brothers and King Harald intended he should be so; and the father and son lived long together<\/p>\n<p>When King Harald was about eighty years of age he brought his son Eirik to his high-seat, and gave him the power and command over the whole land. His brothers was ill pleased with this, and when Harald died, Eric killed several of them.<\/p>\n<p><strong>The Nickname Bloodaxe<\/strong><br \/>\nThe chronicler Agrip says that Eric got his nickname because he killed five of his brothers.<br \/>\nFagerskinna tells that the nickname is related to his Viking raids<\/p>\n<p><strong>Eric Bloodaxe in power of South Western Norwa<\/strong>y<br \/>\nPrimarily Eric\u2019s power base was in Harald&#8217;s core area in Western Norway.<br \/>\nIn particular bishop Birkeli points to that Eiric must have had special strong ties to Avaldsnes.<\/p>\n<p><strong>Erik Bloodaxe becomes the last Scandinavian king of York\/Jorvi<\/strong>k<br \/>\nEric Bloodaxe was not liked by the people of Norway, and when his youngest brother Haakon the Good, returned home from England, Eric fled the country. Eric crossed the North Sea and harried in Scotland and England. Finally the English king, probably Athalstan, offers Eric Northumbria as a fief. Eric accepts and let himself be baptized .<\/p>\n<p>Snorri says:<br \/>\n<em>Athelstan, the king of England, sent a message to Eirik, offering him dominions under him in England; saying that King Harald his father was a good friend of King Athelstan, and therefore he would do kindly towards his sons. Messengers passed between the two kings; and it came to an agreement that King Eirik should take Northumberland as a fief from King Athelstan, and which land he should defend against the Danes or other Vikings. Eirik should let himself be baptized, together with his wife and children, and all the people who had followed him. Eirik accepted this offer, and was baptized, and adopted the right faith.<\/em><\/p>\n<p>Northumberland is called a fifth part of England. Eirik had his residence at York, where Lodbrok&#8217;s sons, it was said, had formerly been, and Northumberland was principally inhabited by Northmen. Since Lodbrok&#8217;s sons had taken the country, Danes and Northmen often plundered there, when the power of the land was out of their hands. Many names of places in the country are Norwegian; as Grimsby, Haukfliot, and many others.<\/p>\n<div id=\"attachment_3473\" style=\"width: 296px\" class=\"wp-caption aligncenter\"><a href=\"https:\/\/avaldsnes.info\/content\/uploads\/2013\/10\/Eric_Bloodaxe_Norse_king_of_York_952_954.jpg\"><img loading=\"lazy\" decoding=\"async\" aria-describedby=\"caption-attachment-3473\" class=\"wp-image-3473 size-medium\" src=\"https:\/\/avaldsnes.info\/content\/uploads\/2013\/10\/Eric_Bloodaxe_Norse_king_of_York_952_954-286x300.jpg\" alt=\"Mynt sl\u00e5tt under Eirik Blod\u00f8ks si tid som &quot;konge av York&quot; (952 - 954) P\u00e5 mynten st\u00e5r &quot;EIKCUS REX&quot;. Own work by uploader, Foto British Museum\" width=\"286\" height=\"300\" srcset=\"https:\/\/avaldsnes.info\/content\/uploads\/2013\/10\/Eric_Bloodaxe_Norse_king_of_York_952_954-286x300.jpg 286w, https:\/\/avaldsnes.info\/content\/uploads\/2013\/10\/Eric_Bloodaxe_Norse_king_of_York_952_954.jpg 517w\" sizes=\"(max-width: 286px) 100vw, 286px\" \/><\/a><p id=\"caption-attachment-3473\" class=\"wp-caption-text\">Coin minted during Eric&#8217;s reign in Northumbria (952 &#8211; 954) On the coin we can read &#8220;EIRIC REX&#8221;. Photo British Museum<\/p><\/div>\n<p><strong>Coins with Eric\u2019s name in Yor<\/strong>k<br \/>\nEirik&#8217;s rule of Northumbria is also corroborated by numismatic evidence. There are found 31 coins minted at York which bear the inscription of Eric&#8217;s name.<\/p>\n<p><strong>Egil Skallagrimson erects a <em>n\u00ed\u00f0st\u00f6ng<\/em> aginst Eric and Gunnhild<\/strong><br \/>\nWhile Eric and Gunnhild still were in Norway, Egil Skallagrimson, well-known Icelandic Viking and skald, killed one of Gunnhilds relatives; <em>B\u00e1r\u00f0r of Atley<\/em>. This caused great hostility between him and the royal couple, and before Egil fled the country, he killed their son Ragnald (R\u00f6gnvaldr Eirikssen), and erected a <em>n\u00ed\u00f0st\u00f6ng<\/em><em> or &#8220;spite-post&#8221; against them.<\/em><\/p>\n<p><em>&#8220;And when all was ready for sailing, Egil went up into the island. He took in his hand a hazel-pole, and went to a rocky eminence that looked inward to the mainland. Then he took a horse&#8217;s head and fixed it on the pole. After that, in solemn form of curse, he thus spoke: &#8216;Here set I up a curse-pole, and this curse I turn on king Eirik and queen Gunnhilda. (Here he turned the horse&#8217;s head landwards.)<br \/>\nThis curse I turn also on the guardian-spirits who dwell in this land, that they may all wander astray, nor reach or find their home till they have driven out of the land king Eirik and Gunnhilda.&#8221;<\/em><\/p>\n<p><em>This spoken, he planted the pole down in a rift of the rock, and let it stand there. The horse&#8217;s head he turned inwards to the mainland; but on the pole he cut runes, expressing the whole form of curse.<\/em><strong>&#8220;<\/strong> \u2013 (Egils Saga, transl. W. C. Green)<\/p>\n<p>When Erik and Gunnhild were living in England, Egil shipwrecked on a nearby shore and came before Eric, who sentenced him to death. Before the execution Egil composed a poem (ON<em> dr\u00e1pa<\/em>) in Eric&#8217;s praise in the dungeon during the night, and when he recited it in the morning, Eric gave him his freedom and forgave any vengeance or settlement for the killing of his son Ragnald. This famous poem is called <em>H\u00f6fu\u00f0lausn<\/em> or the &#8220;Head&#8217;s Ransom&#8221;<\/p>\n<p><strong>Death of Eric Bloodaxe<\/strong><br \/>\nWhen Athelstan dies, Eiric came into conflicts with his successor Eadred. Eric is killed in the battle of Stainmoor in 954. There are indications that he then was on his way to Viking allies in Scotland or Ireland.<\/p>\n<p>Even if Eric let himself be baptised, he was probably not a true Christian. <em>Fagerskinna<\/em> claims that Gunnhild commissions the poem <em>Lay of Eric<\/em> (ON <em>Eir\u00edksm\u00e1l<\/em>) to be made in commemoration of Eric&#8217;s death. This poem tells about how splendid Eric is welcomed by Odin when he arrives in Valhalla. (ON <em>Valh\u00f6ll<\/em>, &#8220;hall of the slain\u201d)<\/p>\n<div id=\"attachment_3471\" style=\"width: 210px\" class=\"wp-caption aligncenter\"><a href=\"https:\/\/avaldsnes.info\/content\/uploads\/2013\/10\/steinkors-grad.jpg\"><img loading=\"lazy\" decoding=\"async\" aria-describedby=\"caption-attachment-3471\" class=\"wp-image-3471 size-medium\" src=\"https:\/\/avaldsnes.info\/content\/uploads\/2013\/10\/steinkors-grad-200x300.jpg\" alt=\"Steinkorset p\u00e5 Gard i Haugesund.  Etter lokal tradisjon skal dette korset vera reist til minne om Eirik Blod\u00f8ks. (Foto Cathrine Glette)\" width=\"200\" height=\"300\" srcset=\"https:\/\/avaldsnes.info\/content\/uploads\/2013\/10\/steinkors-grad-200x300.jpg 200w, https:\/\/avaldsnes.info\/content\/uploads\/2013\/10\/steinkors-grad-682x1024.jpg 682w, https:\/\/avaldsnes.info\/content\/uploads\/2013\/10\/steinkors-grad.jpg 1000w\" sizes=\"(max-width: 200px) 100vw, 200px\" \/><\/a><p id=\"caption-attachment-3471\" class=\"wp-caption-text\">The stone cross at Gard in Haugesund.<br \/> According to local tradition this was erected in memory of Eric Bloodaxe. (Photo Cathrine Glette)<\/p><\/div>\n<p><em>\u00d3THIN:<br \/>\n\u201cWhat dreams be these, now? Methought that ere daybreak<br \/>\nI got Valholl ready to make room for warriors;<br \/>\nI waked the einheriar, asked them to rise up,<br \/>\nto put straw on benches, and to rinse the beer-jugs;<br \/>\nand the valkyries, to deal wine out as though a warrior drew nigh.<\/em><\/p>\n<p><em>\u201cLords from man-home are to be looked for,<br \/>\nhigh-born and hardy, which my heart gladdens.<\/em><\/p>\n<p>\u201cWhat thunders, Bragi,as though thousands stirred,<br \/>\nor whelming hosts?\u201d<br \/>\nBRAGI:<br \/>\n\u201cCrack all boards of the benches\u2003as though Baldr were coming<br \/>\nback to \u00d3thin\u2019s beer-hall.\u201d<br \/>\n\u00d3THIN:<br \/>\n\u201cOf witless words shalt beware, wise Bragi,<br \/>\nfor full well thou wotst:<br \/>\n\u2019t is Eric this heralds, who to us is wending,<br \/>\nthe earl, into \u00d3thin\u2019s hall.<\/p>\n<p>\u201cSigmund and Sinfiotli, leave your seats, ye heroes,<br \/>\nand go forth to greet the king!<br \/>\nBid him enter in, if Eric it be:<br \/>\nhim I have hopes to see.\u201d<br \/>\nSIGMUND:<br \/>\n\u201cWhy of Eric, rather than of another?\u201d<br \/>\n\u00d3THIN:<br \/>\n\u201cBecause in many a liege-land this lord hath warred<br \/>\nand borne a bloody sword.\u201d<br \/>\nSIGMUND<br \/>\n\u201cWhy, then, didst rob him of victory,\u2003since valiant thou thought\u2019st him?\u201d5<br \/>\n\u00d3THIN:<br \/>\nNo one knoweth\u2014<br \/>\nlooks the grey wolf (grimly) toward the gods\u2019 dwellings.\u201d<br \/>\nSIGMUND:<br \/>\n\u201cHail to thee, Eric, here thou art welcome!<br \/>\nwise war-lord, in hall.<br \/>\nThis fain would I know:who be following thee<br \/>\nof athelings, from the edge-fight?\u201d<br \/>\nERIC:<br \/>\n\u201cKings five there are, them all I shall name thee:<br \/>\nam I the sixth myself.\u201d<br \/>\n(Norse Poems, Lee M. Hollander 1936)<\/p>\n<p><strong>The stone cross at Gard<\/strong><br \/>\nAccording to local tradition the stone cross at Gard was erected in memory of Eric Bloodaxe.<br \/>\nAlso bishop Birkeli writes that this cross probably is connected with Eric and his sons.<\/p>\n<p>Others, like prof. Knut Helle thinks this cross, and four others made of Hyllestad stone, are erceted to mark an early Christian royal officialdom.<\/p>\n<p><strong>Battle of Blood Heights<\/strong><br \/>\nIn 953, a Danish\/Norwegian army led by Eric Bloodaxe\u2019s sons sailed up the strait of Karmsundet. They landed at Avaldsnes where they fought a bloody battle against their uncle Haakon the Good amongst the Bronze Age mounds at Blood Heights.<\/p>\n<p>The chronicler Agrip relates that three of Eric Bloodaxe\u2019s sons died in this battle, but Snorri only mentions Guttorm Eiriksson.<\/p>\n<p>One of the Bronze Age burial mounds are still named Guttorm\u2019s mound because people believed Guttorm was buried inside it.<\/p>\n<p>Beacuse of this harrowing battle, the heights have been called Blood Heights.<\/p>","protected":false},"excerpt":{"rendered":"<p>Text: Marit Synn\u00f8ve Vea Eir\u00edkr bl\u00f3\u00f0\u00f8x (885 \u2013 954) King of Norway from about 931 \u2013 935 The Saga claims that Harald Fairhair had many wives and many children. When he married Ragnhild the Migthy, daughter of the Danish king Erik. It is told that Harald put away nine of his other wives. &#8220;Harald, of [&hellip;]<\/p>\n","protected":false},"author":3,"featured_media":0,"parent":22,"menu_order":7,"comment_status":"closed","ping_status":"open","template":"","meta":{"footnotes":""},"yoast_head":"<!-- This site is optimized with the Yoast SEO plugin v27.1.1 - https:\/\/yoast.com\/product\/yoast-seo-wordpress\/ -->\n<title>Eirik Blod\u00f8ks Eric Bloodaxe<\/title>\n<meta name=\"description\" content=\"Eir\u00edkr bl\u00f3\u00f0\u00f8x (885 - 954)\u00a0Konge i Noreg fr\u00e5 ca 931 - 935 Harald H\u00e5rfagre hadde mange koner og mange barn. Eirik Blod\u00f8ks var den sonen han sette h\u00f8gast\" \/>\n<meta name=\"robots\" content=\"index, follow, max-snippet:-1, max-image-preview:large, max-video-preview:-1\" \/>\n<link rel=\"canonical\" href=\"https:\/\/avaldsnes.info\/en\/informasjon\/eirik-blodoks\/\" \/>\n<meta property=\"og:locale\" content=\"en_US\" \/>\n<meta property=\"og:type\" content=\"article\" \/>\n<meta property=\"og:title\" content=\"Eirik Blod\u00f8ks Eric Bloodaxe\" \/>\n<meta property=\"og:description\" content=\"Eir\u00edkr bl\u00f3\u00f0\u00f8x (885 - 954)\u00a0Konge i Noreg fr\u00e5 ca 931 - 935 Harald H\u00e5rfagre hadde mange koner og mange barn. Eirik Blod\u00f8ks var den sonen han sette h\u00f8gast\" \/>\n<meta property=\"og:url\" content=\"https:\/\/avaldsnes.info\/en\/informasjon\/eirik-blodoks\/\" \/>\n<meta property=\"og:site_name\" content=\"Avaldsnes\" \/>\n<meta property=\"article:modified_time\" content=\"2016-05-06T10:02:40+00:00\" \/>\n<meta property=\"og:image\" content=\"https:\/\/avaldsnes.info\/content\/uploads\/2013\/10\/Gunnhild-egger-sine-sonar-300x175.jpg\" \/>\n<meta name=\"twitter:label1\" content=\"Est. reading time\" \/>\n\t<meta name=\"twitter:data1\" content=\"15 minutes\" \/>\n<script type=\"application\/ld+json\" class=\"yoast-schema-graph\">{\"@context\":\"https:\/\/schema.org\",\"@graph\":[{\"@type\":\"WebPage\",\"@id\":\"https:\/\/avaldsnes.info\/en\/informasjon\/eirik-blodoks\/\",\"url\":\"https:\/\/avaldsnes.info\/en\/informasjon\/eirik-blodoks\/\",\"name\":\"Eirik Blod\u00f8ks Eric Bloodaxe\",\"isPartOf\":{\"@id\":\"https:\/\/avaldsnes.info\/en\/#website\"},\"primaryImageOfPage\":{\"@id\":\"https:\/\/avaldsnes.info\/en\/informasjon\/eirik-blodoks\/#primaryimage\"},\"image\":{\"@id\":\"https:\/\/avaldsnes.info\/en\/informasjon\/eirik-blodoks\/#primaryimage\"},\"thumbnailUrl\":\"https:\/\/avaldsnes.info\/content\/uploads\/2013\/10\/Gunnhild-egger-sine-sonar-300x175.jpg\",\"datePublished\":\"2013-10-16T19:35:26+00:00\",\"dateModified\":\"2016-05-06T10:02:40+00:00\",\"description\":\"Eir\u00edkr bl\u00f3\u00f0\u00f8x (885 - 954)\u00a0Konge i Noreg fr\u00e5 ca 931 - 935 Harald H\u00e5rfagre hadde mange koner og mange barn. Eirik Blod\u00f8ks var den sonen han sette h\u00f8gast\",\"breadcrumb\":{\"@id\":\"https:\/\/avaldsnes.info\/en\/informasjon\/eirik-blodoks\/#breadcrumb\"},\"inLanguage\":\"en-US\",\"potentialAction\":[{\"@type\":\"ReadAction\",\"target\":[[\"https:\/\/avaldsnes.info\/en\/informasjon\/eirik-blodoks\/\"]]}]},{\"@type\":\"ImageObject\",\"inLanguage\":\"en-US\",\"@id\":\"https:\/\/avaldsnes.info\/en\/informasjon\/eirik-blodoks\/#primaryimage\",\"url\":\"https:\/\/avaldsnes.info\/content\/uploads\/2013\/10\/Gunnhild-egger-sine-sonar-300x175.jpg\",\"contentUrl\":\"https:\/\/avaldsnes.info\/content\/uploads\/2013\/10\/Gunnhild-egger-sine-sonar-300x175.jpg\"},{\"@type\":\"BreadcrumbList\",\"@id\":\"https:\/\/avaldsnes.info\/en\/informasjon\/eirik-blodoks\/#breadcrumb\",\"itemListElement\":[{\"@type\":\"ListItem\",\"position\":1,\"name\":\"Home\",\"item\":\"https:\/\/avaldsnes.info\/en\/\"},{\"@type\":\"ListItem\",\"position\":2,\"name\":\"Eric Bloodaxe\"}]},{\"@type\":\"WebSite\",\"@id\":\"https:\/\/avaldsnes.info\/en\/#website\",\"url\":\"https:\/\/avaldsnes.info\/en\/\",\"name\":\"Avaldsnes\",\"description\":\"Norges eldste kongesete\",\"potentialAction\":[{\"@type\":\"SearchAction\",\"target\":{\"@type\":\"EntryPoint\",\"urlTemplate\":\"https:\/\/avaldsnes.info\/en\/?s={search_term_string}\"},\"query-input\":{\"@type\":\"PropertyValueSpecification\",\"valueRequired\":true,\"valueName\":\"search_term_string\"}}],\"inLanguage\":\"en-US\"}]}<\/script>\n<!-- \/ Yoast SEO plugin. -->","yoast_head_json":{"title":"Eirik Blod\u00f8ks Eric Bloodaxe","description":"Eir\u00edkr bl\u00f3\u00f0\u00f8x (885 - 954)\u00a0Konge i Noreg fr\u00e5 ca 931 - 935 Harald H\u00e5rfagre hadde mange koner og mange barn. Eirik Blod\u00f8ks var den sonen han sette h\u00f8gast","robots":{"index":"index","follow":"follow","max-snippet":"max-snippet:-1","max-image-preview":"max-image-preview:large","max-video-preview":"max-video-preview:-1"},"canonical":"https:\/\/avaldsnes.info\/en\/informasjon\/eirik-blodoks\/","og_locale":"en_US","og_type":"article","og_title":"Eirik Blod\u00f8ks Eric Bloodaxe","og_description":"Eir\u00edkr bl\u00f3\u00f0\u00f8x (885 - 954)\u00a0Konge i Noreg fr\u00e5 ca 931 - 935 Harald H\u00e5rfagre hadde mange koner og mange barn. Eirik Blod\u00f8ks var den sonen han sette h\u00f8gast","og_url":"https:\/\/avaldsnes.info\/en\/informasjon\/eirik-blodoks\/","og_site_name":"Avaldsnes","article_modified_time":"2016-05-06T10:02:40+00:00","og_image":[{"url":"https:\/\/avaldsnes.info\/content\/uploads\/2013\/10\/Gunnhild-egger-sine-sonar-300x175.jpg","type":"","width":"","height":""}],"twitter_misc":{"Est. reading time":"15 minutes"},"schema":{"@context":"https:\/\/schema.org","@graph":[{"@type":"WebPage","@id":"https:\/\/avaldsnes.info\/en\/informasjon\/eirik-blodoks\/","url":"https:\/\/avaldsnes.info\/en\/informasjon\/eirik-blodoks\/","name":"Eirik Blod\u00f8ks Eric Bloodaxe","isPartOf":{"@id":"https:\/\/avaldsnes.info\/en\/#website"},"primaryImageOfPage":{"@id":"https:\/\/avaldsnes.info\/en\/informasjon\/eirik-blodoks\/#primaryimage"},"image":{"@id":"https:\/\/avaldsnes.info\/en\/informasjon\/eirik-blodoks\/#primaryimage"},"thumbnailUrl":"https:\/\/avaldsnes.info\/content\/uploads\/2013\/10\/Gunnhild-egger-sine-sonar-300x175.jpg","datePublished":"2013-10-16T19:35:26+00:00","dateModified":"2016-05-06T10:02:40+00:00","description":"Eir\u00edkr bl\u00f3\u00f0\u00f8x (885 - 954)\u00a0Konge i Noreg fr\u00e5 ca 931 - 935 Harald H\u00e5rfagre hadde mange koner og mange barn. Eirik Blod\u00f8ks var den sonen han sette h\u00f8gast","breadcrumb":{"@id":"https:\/\/avaldsnes.info\/en\/informasjon\/eirik-blodoks\/#breadcrumb"},"inLanguage":"en-US","potentialAction":[{"@type":"ReadAction","target":[["https:\/\/avaldsnes.info\/en\/informasjon\/eirik-blodoks\/"]]}]},{"@type":"ImageObject","inLanguage":"en-US","@id":"https:\/\/avaldsnes.info\/en\/informasjon\/eirik-blodoks\/#primaryimage","url":"https:\/\/avaldsnes.info\/content\/uploads\/2013\/10\/Gunnhild-egger-sine-sonar-300x175.jpg","contentUrl":"https:\/\/avaldsnes.info\/content\/uploads\/2013\/10\/Gunnhild-egger-sine-sonar-300x175.jpg"},{"@type":"BreadcrumbList","@id":"https:\/\/avaldsnes.info\/en\/informasjon\/eirik-blodoks\/#breadcrumb","itemListElement":[{"@type":"ListItem","position":1,"name":"Home","item":"https:\/\/avaldsnes.info\/en\/"},{"@type":"ListItem","position":2,"name":"Eric Bloodaxe"}]},{"@type":"WebSite","@id":"https:\/\/avaldsnes.info\/en\/#website","url":"https:\/\/avaldsnes.info\/en\/","name":"Avaldsnes","description":"Norges eldste kongesete","potentialAction":[{"@type":"SearchAction","target":{"@type":"EntryPoint","urlTemplate":"https:\/\/avaldsnes.info\/en\/?s={search_term_string}"},"query-input":{"@type":"PropertyValueSpecification","valueRequired":true,"valueName":"search_term_string"}}],"inLanguage":"en-US"}]}},"_links":{"self":[{"href":"https:\/\/avaldsnes.info\/en\/wp-json\/wp\/v2\/pages\/2317"}],"collection":[{"href":"https:\/\/avaldsnes.info\/en\/wp-json\/wp\/v2\/pages"}],"about":[{"href":"https:\/\/avaldsnes.info\/en\/wp-json\/wp\/v2\/types\/page"}],"author":[{"embeddable":true,"href":"https:\/\/avaldsnes.info\/en\/wp-json\/wp\/v2\/users\/3"}],"replies":[{"embeddable":true,"href":"https:\/\/avaldsnes.info\/en\/wp-json\/wp\/v2\/comments?post=2317"}],"version-history":[{"count":42,"href":"https:\/\/avaldsnes.info\/en\/wp-json\/wp\/v2\/pages\/2317\/revisions"}],"predecessor-version":[{"id":4659,"href":"https:\/\/avaldsnes.info\/en\/wp-json\/wp\/v2\/pages\/2317\/revisions\/4659"}],"up":[{"embeddable":true,"href":"https:\/\/avaldsnes.info\/en\/wp-json\/wp\/v2\/pages\/22"}],"wp:attachment":[{"href":"https:\/\/avaldsnes.info\/en\/wp-json\/wp\/v2\/media?parent=2317"}],"curies":[{"name":"wp","href":"https:\/\/api.w.org\/{rel}","templated":true}]}}