{"id":2308,"date":"2013-10-16T19:31:26","date_gmt":"2013-10-16T19:31:26","guid":{"rendered":"https:\/\/avaldsnes.info\/?page_id=2308"},"modified":"2019-02-14T09:55:29","modified_gmt":"2019-02-14T09:55:29","slug":"hjorleiv-den-kvinnekjaere","status":"publish","type":"page","link":"https:\/\/avaldsnes.info\/en\/informasjon\/hjorleiv-den-kvinnekjaere\/","title":{"rendered":"Hjorleif the women-lover"},"content":{"rendered":"<p><span style=\"color: #808080;\">Text: Marit Synn\u00f8ve Vea<\/span><\/p>\n<p>King Augvald had a son called Josur, who in turn had a son called Hjor. It is said that Hjor was a powerful king who fell sick and died and was buried in the county of Rogaland.<\/p>\n<p>When Hjor died, his son (*1)Hjorleif\/Hj\u00f8rleiv, nicknamed the woman-lover, became king and must at some point have conquered parts of Hordaland. The story goes that he also ruled over a kingdom in Denmark.<\/p>\n<p><strong>Hjorleif \u2013 married to three women at once<\/strong><br \/>\nHjorleif first married \u00c6sa, the daughter of Eystein, the Earl of Valdres. Hjorleif was known to be generous and his wealth gradually dwindled. He therefore commissioned an especially good ship to be built in which to sail to Bjarmeland in Siberia, probably in order to hunt for walrus, which was in demand. Half&#8217;s saga relates that there were 90 men on board the ship.<\/p>\n<p>On his way to Bjarmeland, Hjorleif stopped at the island Njard\u00f8y outside Naumdalen. Here he met Hild the Slender, daughter of Hogne the Wealthy. Hjorleif married Hild and she and her brother Solve sailed with Hjorleif on the ship as it travelled further north.<\/p>\n<p>When Hjorleif returned home from his expedition to Bjarmeland, \u00c6sa was not happy to find that he had married Hild. But two queens were not enough for Hjorleif: on another voyage to Denmark, he caught sight of Ringja, daughter of Kong Reidar of Sj\u00e6lland. Hjorleif proposed to her, and her father accepted.<\/p>\n<p>But it happened that Ringja became ill and died on the voyage home. The crew laid her in a coffin which they threw into the sea, and the coffin was washed ashore in her father&#8217;s land. Here she was found by her brother Heri, who thought that Hjorleif had killed his sister.<\/p>\n<p><strong>The merman&#8217;s prophesy<\/strong><br \/>\nThat same autumn, two of Hjorleif&#8217;s men happened to catch a merman (Old Norse hafsma\u00f0r) while they were fishing. They brought the merman to King Hjorleif.<\/p>\n<p>While the merman was in the living room, two of Hjorleif&#8217;s servants snuffed the candles while they were wrestling and the light went out. This caused Hild to spill beer on \u00c6sa&#8217;s cloak. Hjorleif hit Hild, but she told him it was the fault of the dog that was lying on the floor. So then, Hjorleif hit the dog. This made the merman laugh and when the king asked why he was laughing, the merman answered: &#8220;Because you are stupid \u2013 both these two will save your life.&#8221; And he would say no more.<\/p>\n<p>Hjorleif promised to take the merman out to sea again. Before they released him into the water where he had been caught, the merman warned Hjorleif that Reidar would come to avenge his daughter.<\/p>\n<p><strong>The Danish king attacks Hjorleif<\/strong><br \/>\nHjorleif sent out messengers to gather his army, but King Reidar arrived at night with a large number of men and surrounded King Hjorleif&#8217;s court. Hjorleif was forewarned by the barking of his dog Floke, who never barked unless something bad was about to happen to the king. Hjorleif therefore managed to escape, but his manor was set on fire and King Reidar was able to sail away with much booty and both Hjorleif&#8217;s wives.<\/p>\n<p><strong>\u00c6sa betrays Hjorleif and Hild saves him<\/strong><br \/>\nThe same autumn, Hjorleif secretly sailed to King Reidar&#8217;s court in Denmark with a single ship and crept into the room where the women were sleeping. But there he only found \u00c6sa, who took the opportunity of giving him away.<\/p>\n<p>On \u00c6sa&#8217;s suggestion, Hjorleif was hung by the straps of his shoes by the fireplaces in the king&#8217;s hall. While Hjorleif was hanging close to the fire, sat Reidar&#8217;s bodyguards drinking and Reidar sat in the high seat with \u00c6sa on his lap. Nobody noticed as Hild managed to throw beer over the flames and then cut the straps that bound Hjorleif so that he was free. Hjorleif then killed Reidar and commanded Hild&#8217;s brother Solve to rule Reidar&#8217;s Danish kingdom. He then returned home to Norway with his guards and two wives.<\/p>\n<p>Folk at home wanted Hjorleif to kill \u00c6sa for having betrayed him, but Hjorleiv sent her home to Valdres with the dowry she had brought with her when they were married, as was the custom when a couple divorced.<\/p>\n<p>King Hjorleiv later died on a Viking raid.<\/p>\n<p>Hjorleif and Hild had two sons. The eldest was called Hj\u00f8rolv and the youngest Half \u2013 the noble hero king who is the subject of his own saga: (The Saga of Half &amp; his Heroes).<\/p>\n<p>(*1). In English Hjorleif\u2019s nick- name is also translated as Hjorleif the Womanizer \u2013 Hjorleif the Ladies\u2019 Man<\/p>\n<p><strong>Augvald&#8217;s family tree<\/strong><\/p>\n<table border=\"0\" cellspacing=\"1\" cellpadding=\"0\">\n<tbody>\n<tr>\n<td width=\"115\"><\/td>\n<td width=\"240\">Fornjot (Ymir)<\/td>\n<\/tr>\n<tr>\n<td width=\"115\">\u00c6gir\u00a0&#8211;<\/td>\n<td width=\"240\">K\u00e5re (Vind)-\u00a0\u00a0 Loge<\/td>\n<\/tr>\n<tr>\n<td width=\"115\"><\/td>\n<td width=\"240\">Frost<\/td>\n<\/tr>\n<tr>\n<td width=\"115\"><\/td>\n<td width=\"240\">Sn\u00f8<\/td>\n<\/tr>\n<tr>\n<td width=\"115\"><\/td>\n<td width=\"240\">Thorre<\/td>\n<\/tr>\n<tr>\n<td width=\"115\">\u00a0Gor &#8211;<\/td>\n<td width=\"240\">Nor\u00a0&#8211;\u00a0\u00a0\u00a0\u00a0\u00a0\u00a0\u00a0\u00a0\u00a0\u00a0\u00a0\u00a0 Goe<\/td>\n<\/tr>\n<tr>\n<td width=\"115\"><\/td>\n<td width=\"240\">Gard Agde<\/td>\n<\/tr>\n<tr>\n<td width=\"115\"><\/td>\n<td width=\"240\">Rugalf<\/td>\n<\/tr>\n<tr>\n<td width=\"115\"><\/td>\n<td width=\"240\">Rognvald<\/td>\n<\/tr>\n<tr>\n<td width=\"115\"><\/td>\n<td width=\"240\"><b>Augvald<\/b>(ca 600 e.Kr.?)<\/td>\n<\/tr>\n<tr>\n<td width=\"115\"><\/td>\n<td width=\"240\">J\u00f8sur<\/td>\n<\/tr>\n<tr>\n<td width=\"115\"><\/td>\n<td width=\"240\"><span style=\"color: #000000;\">Hj\u00f8r J\u00f8surson<\/span><\/td>\n<\/tr>\n<tr>\n<td width=\"115\"><span style=\"color: #ff0000;\">\u00a0<\/span><\/td>\n<td width=\"240\"><span style=\"color: #ff0000;\">Hj\u00f8rleiv den kvinnekj\u00e6re<\/span><\/td>\n<\/tr>\n<tr>\n<td width=\"115\"><\/td>\n<td width=\"240\">Halv<\/td>\n<\/tr>\n<tr>\n<td width=\"115\"><\/td>\n<td width=\"240\">Hj\u00f8r Halvson<\/td>\n<\/tr>\n<tr>\n<td width=\"115\"><\/td>\n<td width=\"240\">(Flein Hj\u00f8rson)<\/td>\n<\/tr>\n<tr>\n<td width=\"115\"><\/td>\n<td width=\"240\">(Hj\u00f8r Fleinson)<\/td>\n<\/tr>\n<tr>\n<td width=\"115\"><\/td>\n<td width=\"240\">Geirmund og H\u00e5mund Heljarskinn (Landn\u00e5msmenn p\u00e5 Island)<\/td>\n<\/tr>\n<\/tbody>\n<\/table>\n<p><\/p>","protected":false},"excerpt":{"rendered":"<p>Text: Marit Synn\u00f8ve Vea King Augvald had a son called Josur, who in turn had a son called Hjor. It is said that Hjor was a powerful king who fell sick and died and was buried in the county of Rogaland. When Hjor died, his son (*1)Hjorleif\/Hj\u00f8rleiv, nicknamed the woman-lover, became king and must at [&hellip;]<\/p>\n","protected":false},"author":3,"featured_media":0,"parent":22,"menu_order":12,"comment_status":"closed","ping_status":"open","template":"","meta":{"footnotes":""},"yoast_head":"<!-- This site is optimized with the Yoast SEO plugin v27.1.1 - https:\/\/yoast.com\/product\/yoast-seo-wordpress\/ -->\n<title>Hj\u00f8rleiv den kvinnekj\u00e6re - Hjorleif the woman-lover<\/title>\n<meta name=\"description\" content=\"D\u00e5 Hj\u00f8r d\u00f8yde, blei sonen Hj\u00f8rleiv med tilnamnet den kvinnekj\u00e6re, konge etter far sin. When Hjor died, his son Hjorleif, nicknamed the woman-lover, became king and must at some point have conquered parts of Hordaland.\" \/>\n<meta name=\"robots\" content=\"index, follow, max-snippet:-1, max-image-preview:large, max-video-preview:-1\" \/>\n<link rel=\"canonical\" href=\"https:\/\/avaldsnes.info\/en\/informasjon\/hjorleiv-den-kvinnekjaere\/\" \/>\n<meta property=\"og:locale\" content=\"en_US\" \/>\n<meta property=\"og:type\" content=\"article\" \/>\n<meta property=\"og:title\" content=\"Hj\u00f8rleiv den kvinnekj\u00e6re - Hjorleif the woman-lover\" \/>\n<meta property=\"og:description\" content=\"D\u00e5 Hj\u00f8r d\u00f8yde, blei sonen Hj\u00f8rleiv med tilnamnet den kvinnekj\u00e6re, konge etter far sin. When Hjor died, his son Hjorleif, nicknamed the woman-lover, became king and must at some point have conquered parts of Hordaland.\" \/>\n<meta property=\"og:url\" content=\"https:\/\/avaldsnes.info\/en\/informasjon\/hjorleiv-den-kvinnekjaere\/\" \/>\n<meta property=\"og:site_name\" content=\"Avaldsnes\" \/>\n<meta property=\"article:modified_time\" content=\"2019-02-14T09:55:29+00:00\" \/>\n<meta name=\"twitter:label1\" content=\"Est. reading time\" \/>\n\t<meta name=\"twitter:data1\" content=\"8 minutes\" \/>\n<script type=\"application\/ld+json\" class=\"yoast-schema-graph\">{\"@context\":\"https:\/\/schema.org\",\"@graph\":[{\"@type\":\"WebPage\",\"@id\":\"https:\/\/avaldsnes.info\/en\/informasjon\/hjorleiv-den-kvinnekjaere\/\",\"url\":\"https:\/\/avaldsnes.info\/en\/informasjon\/hjorleiv-den-kvinnekjaere\/\",\"name\":\"Hj\u00f8rleiv den kvinnekj\u00e6re - Hjorleif the woman-lover\",\"isPartOf\":{\"@id\":\"https:\/\/avaldsnes.info\/en\/#website\"},\"datePublished\":\"2013-10-16T19:31:26+00:00\",\"dateModified\":\"2019-02-14T09:55:29+00:00\",\"description\":\"D\u00e5 Hj\u00f8r d\u00f8yde, blei sonen Hj\u00f8rleiv med tilnamnet den kvinnekj\u00e6re, konge etter far sin. When Hjor died, his son Hjorleif, nicknamed the woman-lover, became king and must at some point have conquered parts of Hordaland.\",\"breadcrumb\":{\"@id\":\"https:\/\/avaldsnes.info\/en\/informasjon\/hjorleiv-den-kvinnekjaere\/#breadcrumb\"},\"inLanguage\":\"en-US\",\"potentialAction\":[{\"@type\":\"ReadAction\",\"target\":[[\"https:\/\/avaldsnes.info\/en\/informasjon\/hjorleiv-den-kvinnekjaere\/\"]]}]},{\"@type\":\"BreadcrumbList\",\"@id\":\"https:\/\/avaldsnes.info\/en\/informasjon\/hjorleiv-den-kvinnekjaere\/#breadcrumb\",\"itemListElement\":[{\"@type\":\"ListItem\",\"position\":1,\"name\":\"Home\",\"item\":\"https:\/\/avaldsnes.info\/en\/\"},{\"@type\":\"ListItem\",\"position\":2,\"name\":\"Hjorleif the women-lover\"}]},{\"@type\":\"WebSite\",\"@id\":\"https:\/\/avaldsnes.info\/en\/#website\",\"url\":\"https:\/\/avaldsnes.info\/en\/\",\"name\":\"Avaldsnes\",\"description\":\"Norges eldste kongesete\",\"potentialAction\":[{\"@type\":\"SearchAction\",\"target\":{\"@type\":\"EntryPoint\",\"urlTemplate\":\"https:\/\/avaldsnes.info\/en\/?s={search_term_string}\"},\"query-input\":{\"@type\":\"PropertyValueSpecification\",\"valueRequired\":true,\"valueName\":\"search_term_string\"}}],\"inLanguage\":\"en-US\"}]}<\/script>\n<!-- \/ Yoast SEO plugin. -->","yoast_head_json":{"title":"Hj\u00f8rleiv den kvinnekj\u00e6re - Hjorleif the woman-lover","description":"D\u00e5 Hj\u00f8r d\u00f8yde, blei sonen Hj\u00f8rleiv med tilnamnet den kvinnekj\u00e6re, konge etter far sin. When Hjor died, his son Hjorleif, nicknamed the woman-lover, became king and must at some point have conquered parts of Hordaland.","robots":{"index":"index","follow":"follow","max-snippet":"max-snippet:-1","max-image-preview":"max-image-preview:large","max-video-preview":"max-video-preview:-1"},"canonical":"https:\/\/avaldsnes.info\/en\/informasjon\/hjorleiv-den-kvinnekjaere\/","og_locale":"en_US","og_type":"article","og_title":"Hj\u00f8rleiv den kvinnekj\u00e6re - Hjorleif the woman-lover","og_description":"D\u00e5 Hj\u00f8r d\u00f8yde, blei sonen Hj\u00f8rleiv med tilnamnet den kvinnekj\u00e6re, konge etter far sin. When Hjor died, his son Hjorleif, nicknamed the woman-lover, became king and must at some point have conquered parts of Hordaland.","og_url":"https:\/\/avaldsnes.info\/en\/informasjon\/hjorleiv-den-kvinnekjaere\/","og_site_name":"Avaldsnes","article_modified_time":"2019-02-14T09:55:29+00:00","twitter_misc":{"Est. reading time":"8 minutes"},"schema":{"@context":"https:\/\/schema.org","@graph":[{"@type":"WebPage","@id":"https:\/\/avaldsnes.info\/en\/informasjon\/hjorleiv-den-kvinnekjaere\/","url":"https:\/\/avaldsnes.info\/en\/informasjon\/hjorleiv-den-kvinnekjaere\/","name":"Hj\u00f8rleiv den kvinnekj\u00e6re - Hjorleif the woman-lover","isPartOf":{"@id":"https:\/\/avaldsnes.info\/en\/#website"},"datePublished":"2013-10-16T19:31:26+00:00","dateModified":"2019-02-14T09:55:29+00:00","description":"D\u00e5 Hj\u00f8r d\u00f8yde, blei sonen Hj\u00f8rleiv med tilnamnet den kvinnekj\u00e6re, konge etter far sin. When Hjor died, his son Hjorleif, nicknamed the woman-lover, became king and must at some point have conquered parts of Hordaland.","breadcrumb":{"@id":"https:\/\/avaldsnes.info\/en\/informasjon\/hjorleiv-den-kvinnekjaere\/#breadcrumb"},"inLanguage":"en-US","potentialAction":[{"@type":"ReadAction","target":[["https:\/\/avaldsnes.info\/en\/informasjon\/hjorleiv-den-kvinnekjaere\/"]]}]},{"@type":"BreadcrumbList","@id":"https:\/\/avaldsnes.info\/en\/informasjon\/hjorleiv-den-kvinnekjaere\/#breadcrumb","itemListElement":[{"@type":"ListItem","position":1,"name":"Home","item":"https:\/\/avaldsnes.info\/en\/"},{"@type":"ListItem","position":2,"name":"Hjorleif the women-lover"}]},{"@type":"WebSite","@id":"https:\/\/avaldsnes.info\/en\/#website","url":"https:\/\/avaldsnes.info\/en\/","name":"Avaldsnes","description":"Norges eldste kongesete","potentialAction":[{"@type":"SearchAction","target":{"@type":"EntryPoint","urlTemplate":"https:\/\/avaldsnes.info\/en\/?s={search_term_string}"},"query-input":{"@type":"PropertyValueSpecification","valueRequired":true,"valueName":"search_term_string"}}],"inLanguage":"en-US"}]}},"_links":{"self":[{"href":"https:\/\/avaldsnes.info\/en\/wp-json\/wp\/v2\/pages\/2308"}],"collection":[{"href":"https:\/\/avaldsnes.info\/en\/wp-json\/wp\/v2\/pages"}],"about":[{"href":"https:\/\/avaldsnes.info\/en\/wp-json\/wp\/v2\/types\/page"}],"author":[{"embeddable":true,"href":"https:\/\/avaldsnes.info\/en\/wp-json\/wp\/v2\/users\/3"}],"replies":[{"embeddable":true,"href":"https:\/\/avaldsnes.info\/en\/wp-json\/wp\/v2\/comments?post=2308"}],"version-history":[{"count":24,"href":"https:\/\/avaldsnes.info\/en\/wp-json\/wp\/v2\/pages\/2308\/revisions"}],"predecessor-version":[{"id":5587,"href":"https:\/\/avaldsnes.info\/en\/wp-json\/wp\/v2\/pages\/2308\/revisions\/5587"}],"up":[{"embeddable":true,"href":"https:\/\/avaldsnes.info\/en\/wp-json\/wp\/v2\/pages\/22"}],"wp:attachment":[{"href":"https:\/\/avaldsnes.info\/en\/wp-json\/wp\/v2\/media?parent=2308"}],"curies":[{"name":"wp","href":"https:\/\/api.w.org\/{rel}","templated":true}]}}