{"id":22,"date":"2012-12-10T13:53:08","date_gmt":"2012-12-10T13:53:08","guid":{"rendered":"https:\/\/avaldsnes.info\/?page_id=22"},"modified":"2018-10-13T17:25:10","modified_gmt":"2018-10-13T17:25:10","slug":"informasjon","status":"publish","type":"page","link":"https:\/\/avaldsnes.info\/en\/informasjon\/","title":{"rendered":"Kings"},"content":{"rendered":"<p><span style=\"color: #999999;\">Text. Marit Synn\u00f8ve Vea<\/span><\/p>\n<div id=\"attachment_1296\" style=\"width: 310px\" class=\"wp-caption aligncenter\"><img loading=\"lazy\" decoding=\"async\" aria-describedby=\"caption-attachment-1296\" class=\"size-medium wp-image-1296  \" src=\"https:\/\/avaldsnes.info\/content\/uploads\/2012\/12\/ODIN-I-SKOGEN.jpg-mindre-300x168.jpg\" alt=\"I 998 kom Odin til Avaldsnes og fortale Olav Tryggvason om kong Augvald og andre konger som hadde levd p\u00e5 Avaldsnes.. (Foto Gunnar str\u00f8m)\" width=\"300\" height=\"168\" srcset=\"https:\/\/avaldsnes.info\/content\/uploads\/2012\/12\/ODIN-I-SKOGEN.jpg-mindre-300x168.jpg 300w, https:\/\/avaldsnes.info\/content\/uploads\/2012\/12\/ODIN-I-SKOGEN.jpg-mindre.jpg 1024w\" sizes=\"(max-width: 300px) 100vw, 300px\" \/><p id=\"caption-attachment-1296\" class=\"wp-caption-text\">Odin came to Avaldsnes and told king Olav Tryggvason about king Augvald and other kings that had lived at Avaldsnes before his time. (Photo Gunnar str\u00f8m)<\/p><\/div>\n<p><strong>AVALDSNES \u2013 NORWAY\u2019S OLDEST ROYAL SEAT<\/strong><br \/>\nMost people know Avaldsnes as the royal residence of Harald Fairhair (Finehair) and other kings we know from the Norse sagas, but Avaldsnes was the seat of kings long before 870 AD, when Harald Fairhair placed his principal royal manor here.<\/p>\n<p>Avaldsnes was a royal seat for more than 1000 years, from approx. 200 &#8211; 1400 AD, longer than anywhere else in Scandinavia. Some of these kings are known from Norse sagas and skaldic poems, others from archaeology.<\/p>\n<p><strong>THE FIRST KINGS AT AVALDSNES WERE SEA KINGS<\/strong><br \/>\nThere were several bases for sea kings along the sailing route Nordvegen (Nor\u00f0vegr), but Avaldsnes was the largest and most important of these. Among the 13 sea-kings Iron Age manors in the outer coast, Avaldsnes is the site with the richest finds, most numerous monumental mounds and the longest continuity.<\/p>\n<div id=\"attachment_5331\" style=\"width: 310px\" class=\"wp-caption aligncenter\"><a href=\"https:\/\/avaldsnes.info\/content\/uploads\/2012\/12\/Avaldsnes-i-romertid.-Arkikon-v-Ragnar-Borsheim-.jpg\"><img loading=\"lazy\" decoding=\"async\" aria-describedby=\"caption-attachment-5331\" class=\"size-medium wp-image-5331\" src=\"https:\/\/avaldsnes.info\/content\/uploads\/2012\/12\/Avaldsnes-i-romertid.-Arkikon-v-Ragnar-Borsheim--300x156.jpg\" alt=\"The first royal seat at Avaldsnes, about 300 AD. To the left; Hall facing Karmsundet: Center of the picture; large long house. The star-shaped stone setting with bauta is the first one we know in Norway, and the largest in Scandinavia. Illustration of Arkikon based on archaeological excavations.\" width=\"300\" height=\"156\" srcset=\"https:\/\/avaldsnes.info\/content\/uploads\/2012\/12\/Avaldsnes-i-romertid.-Arkikon-v-Ragnar-Borsheim--300x156.jpg 300w, https:\/\/avaldsnes.info\/content\/uploads\/2012\/12\/Avaldsnes-i-romertid.-Arkikon-v-Ragnar-Borsheim--1024x533.jpg 1024w, https:\/\/avaldsnes.info\/content\/uploads\/2012\/12\/Avaldsnes-i-romertid.-Arkikon-v-Ragnar-Borsheim-.jpg 1600w\" sizes=\"(max-width: 300px) 100vw, 300px\" \/><\/a><p id=\"caption-attachment-5331\" class=\"wp-caption-text\">The first royal seat at Avaldsnes, about 300 AD. To the left; Hall facing the strait Karmsundet: Center of the picture; large long house. The triangular stone setting with bautas is the oldest one we know in Norway and the highest erected stones in Scandinavia. Ill. by Arkikon based on archaeological excavations.<\/p><\/div>\n<p>Throughout the centuries, the sea-king milieu at Avaldsnes acquired a superb competence in ship technology, maritime skills and maritime warfare. Ship finds from the area also suggest that the sailing Viking ship was developed here.<\/p>\n<p>The sea kings had the sea as their domain. They traveled to distant regions to gain friends and alliance partners, and they went on raids to plunder or fight enemies. They brought home new ideas, cultural impulses and wealth. They were innovative and the first to introduce new customs and new technology.<\/p>\n<p>From this sea-king milieu, the Norwegian kingdom grew forth after Harald Fairhair came to power around 870 AD.<\/p>\n<p><strong>HARALD FAIRHAIR, THE FOUNDER OF A KINGSDOM \u2013 THE FOUNDER OF A DYNASTI<\/strong><br \/>\nHarald Fairhair started his career as a sea king, he was the first who could truly be called the ruler of the sailing route Nordvegen. During his long reign, he extended his realm when he also gained control over the hinterland. Harald Fairhair became a land king, thus laying the foundation for the Kingdom of Norway.<\/p>\n<p>Harald Fairhair was not only the founder of a kingdom; he was also the founder of a dynasty. Those who reigned after him had to prove legitimate family ties with Harald before assuming their right to the throne. It was also important for them to affirm their royal power precisely at Avaldsnes.<\/p>\n<p>One obvious reason for this was Avaldsnes\u2019 strategic location by the strait Karmsundet \u2013 The North Way. Another reason was that Avaldsnes had gained the mythical position as THE SACRED PLACE \u2013 the site where the kings could prove that they were descendants of the Gods.<\/p>\n<p>9th\u201310th century skaldic poems as well as 13th century sagas implies that Avaldsnes was the principal royal manor of Harald Fairhair. He lived here, he died here and he was buried close to the strait Karmsund.<\/p>\n<p>Harald Fairhair died around 930, but Avaldsnes continued to be a royal residence for Harald\u2019s descendents who followed him as kings. Among these kings were Eric Blodaxe, Haakon the Good, Olav Tryggvason, St. Olaf, Haakon Haakonson and Haakon V Magnusson.<\/p>\n<p>Read more: <a href=\"https:\/\/books.google.no\/books?id=fElADwAAQBAJ\">Avaldsnes &#8211; A Sea-Kings&#8217; Manor in First-Millennium Western Scandinavia<\/a>\u00a0 Ed. Dagfinn Skre, (<span dir=\"ltr\">Walter de Gruyter GmbH &amp; Co KG<\/span>,\u00a0<span dir=\"ltr\">2017<\/span>\u00a0)<\/p>","protected":false},"excerpt":{"rendered":"<p>Text. Marit Synn\u00f8ve Vea AVALDSNES \u2013 NORWAY\u2019S OLDEST ROYAL SEAT Most people know Avaldsnes as the royal residence of Harald Fairhair (Finehair) and other kings we know from the Norse sagas, but Avaldsnes was the seat of kings long before 870 AD, when Harald Fairhair placed his principal royal manor here. Avaldsnes was a royal [&hellip;]<\/p>\n","protected":false},"author":1,"featured_media":0,"parent":0,"menu_order":6,"comment_status":"closed","ping_status":"open","template":"","meta":{"footnotes":""},"yoast_head":"<!-- This site is optimized with the Yoast SEO plugin v27.1.1 - https:\/\/yoast.com\/product\/yoast-seo-wordpress\/ -->\n<title>Kongene p\u00e5 Avaldsnes<\/title>\n<meta name=\"description\" content=\"I over 3000 \u00e5r sat fyrstar og kongar p\u00e5 Avaldsnes og kontrollerte skipstrafikken langs Norskekysten. Den internasjonale kontakten gav dei kulturimpulsar, nye idear, kunnskap, alliansepartnarar og stor rikdom.\" \/>\n<meta name=\"robots\" content=\"index, follow, max-snippet:-1, max-image-preview:large, max-video-preview:-1\" \/>\n<link rel=\"canonical\" href=\"https:\/\/avaldsnes.info\/en\/informasjon\/\" \/>\n<meta property=\"og:locale\" content=\"en_US\" \/>\n<meta property=\"og:type\" content=\"article\" \/>\n<meta property=\"og:title\" content=\"Kongene p\u00e5 Avaldsnes\" \/>\n<meta property=\"og:description\" content=\"I over 3000 \u00e5r sat fyrstar og kongar p\u00e5 Avaldsnes og kontrollerte skipstrafikken langs Norskekysten. Den internasjonale kontakten gav dei kulturimpulsar, nye idear, kunnskap, alliansepartnarar og stor rikdom.\" \/>\n<meta property=\"og:url\" content=\"https:\/\/avaldsnes.info\/en\/informasjon\/\" \/>\n<meta property=\"og:site_name\" content=\"Avaldsnes\" \/>\n<meta property=\"article:modified_time\" content=\"2018-10-13T17:25:10+00:00\" \/>\n<meta property=\"og:image\" content=\"https:\/\/avaldsnes.info\/content\/uploads\/2012\/12\/ODIN-I-SKOGEN.jpg-mindre-300x168.jpg\" \/>\n<meta name=\"twitter:label1\" content=\"Est. reading time\" \/>\n\t<meta name=\"twitter:data1\" content=\"6 minutes\" \/>\n<script type=\"application\/ld+json\" class=\"yoast-schema-graph\">{\"@context\":\"https:\/\/schema.org\",\"@graph\":[{\"@type\":\"WebPage\",\"@id\":\"https:\/\/avaldsnes.info\/en\/informasjon\/\",\"url\":\"https:\/\/avaldsnes.info\/en\/informasjon\/\",\"name\":\"Kongene p\u00e5 Avaldsnes\",\"isPartOf\":{\"@id\":\"https:\/\/avaldsnes.info\/en\/#website\"},\"primaryImageOfPage\":{\"@id\":\"https:\/\/avaldsnes.info\/en\/informasjon\/#primaryimage\"},\"image\":{\"@id\":\"https:\/\/avaldsnes.info\/en\/informasjon\/#primaryimage\"},\"thumbnailUrl\":\"https:\/\/avaldsnes.info\/content\/uploads\/2012\/12\/ODIN-I-SKOGEN.jpg-mindre-300x168.jpg\",\"datePublished\":\"2012-12-10T13:53:08+00:00\",\"dateModified\":\"2018-10-13T17:25:10+00:00\",\"description\":\"I over 3000 \u00e5r sat fyrstar og kongar p\u00e5 Avaldsnes og kontrollerte skipstrafikken langs Norskekysten. Den internasjonale kontakten gav dei kulturimpulsar, nye idear, kunnskap, alliansepartnarar og stor rikdom.\",\"breadcrumb\":{\"@id\":\"https:\/\/avaldsnes.info\/en\/informasjon\/#breadcrumb\"},\"inLanguage\":\"en-US\",\"potentialAction\":[{\"@type\":\"ReadAction\",\"target\":[[\"https:\/\/avaldsnes.info\/en\/informasjon\/\"]]}]},{\"@type\":\"ImageObject\",\"inLanguage\":\"en-US\",\"@id\":\"https:\/\/avaldsnes.info\/en\/informasjon\/#primaryimage\",\"url\":\"https:\/\/avaldsnes.info\/content\/uploads\/2012\/12\/ODIN-I-SKOGEN.jpg-mindre-300x168.jpg\",\"contentUrl\":\"https:\/\/avaldsnes.info\/content\/uploads\/2012\/12\/ODIN-I-SKOGEN.jpg-mindre-300x168.jpg\"},{\"@type\":\"BreadcrumbList\",\"@id\":\"https:\/\/avaldsnes.info\/en\/informasjon\/#breadcrumb\",\"itemListElement\":[{\"@type\":\"ListItem\",\"position\":1,\"name\":\"Home\",\"item\":\"https:\/\/avaldsnes.info\/en\/\"},{\"@type\":\"ListItem\",\"position\":2,\"name\":\"Kings\"}]},{\"@type\":\"WebSite\",\"@id\":\"https:\/\/avaldsnes.info\/en\/#website\",\"url\":\"https:\/\/avaldsnes.info\/en\/\",\"name\":\"Avaldsnes\",\"description\":\"Norges eldste kongesete\",\"potentialAction\":[{\"@type\":\"SearchAction\",\"target\":{\"@type\":\"EntryPoint\",\"urlTemplate\":\"https:\/\/avaldsnes.info\/en\/?s={search_term_string}\"},\"query-input\":{\"@type\":\"PropertyValueSpecification\",\"valueRequired\":true,\"valueName\":\"search_term_string\"}}],\"inLanguage\":\"en-US\"}]}<\/script>\n<!-- \/ Yoast SEO plugin. -->","yoast_head_json":{"title":"Kongene p\u00e5 Avaldsnes","description":"I over 3000 \u00e5r sat fyrstar og kongar p\u00e5 Avaldsnes og kontrollerte skipstrafikken langs Norskekysten. Den internasjonale kontakten gav dei kulturimpulsar, nye idear, kunnskap, alliansepartnarar og stor rikdom.","robots":{"index":"index","follow":"follow","max-snippet":"max-snippet:-1","max-image-preview":"max-image-preview:large","max-video-preview":"max-video-preview:-1"},"canonical":"https:\/\/avaldsnes.info\/en\/informasjon\/","og_locale":"en_US","og_type":"article","og_title":"Kongene p\u00e5 Avaldsnes","og_description":"I over 3000 \u00e5r sat fyrstar og kongar p\u00e5 Avaldsnes og kontrollerte skipstrafikken langs Norskekysten. Den internasjonale kontakten gav dei kulturimpulsar, nye idear, kunnskap, alliansepartnarar og stor rikdom.","og_url":"https:\/\/avaldsnes.info\/en\/informasjon\/","og_site_name":"Avaldsnes","article_modified_time":"2018-10-13T17:25:10+00:00","og_image":[{"url":"https:\/\/avaldsnes.info\/content\/uploads\/2012\/12\/ODIN-I-SKOGEN.jpg-mindre-300x168.jpg","type":"","width":"","height":""}],"twitter_misc":{"Est. reading time":"6 minutes"},"schema":{"@context":"https:\/\/schema.org","@graph":[{"@type":"WebPage","@id":"https:\/\/avaldsnes.info\/en\/informasjon\/","url":"https:\/\/avaldsnes.info\/en\/informasjon\/","name":"Kongene p\u00e5 Avaldsnes","isPartOf":{"@id":"https:\/\/avaldsnes.info\/en\/#website"},"primaryImageOfPage":{"@id":"https:\/\/avaldsnes.info\/en\/informasjon\/#primaryimage"},"image":{"@id":"https:\/\/avaldsnes.info\/en\/informasjon\/#primaryimage"},"thumbnailUrl":"https:\/\/avaldsnes.info\/content\/uploads\/2012\/12\/ODIN-I-SKOGEN.jpg-mindre-300x168.jpg","datePublished":"2012-12-10T13:53:08+00:00","dateModified":"2018-10-13T17:25:10+00:00","description":"I over 3000 \u00e5r sat fyrstar og kongar p\u00e5 Avaldsnes og kontrollerte skipstrafikken langs Norskekysten. Den internasjonale kontakten gav dei kulturimpulsar, nye idear, kunnskap, alliansepartnarar og stor rikdom.","breadcrumb":{"@id":"https:\/\/avaldsnes.info\/en\/informasjon\/#breadcrumb"},"inLanguage":"en-US","potentialAction":[{"@type":"ReadAction","target":[["https:\/\/avaldsnes.info\/en\/informasjon\/"]]}]},{"@type":"ImageObject","inLanguage":"en-US","@id":"https:\/\/avaldsnes.info\/en\/informasjon\/#primaryimage","url":"https:\/\/avaldsnes.info\/content\/uploads\/2012\/12\/ODIN-I-SKOGEN.jpg-mindre-300x168.jpg","contentUrl":"https:\/\/avaldsnes.info\/content\/uploads\/2012\/12\/ODIN-I-SKOGEN.jpg-mindre-300x168.jpg"},{"@type":"BreadcrumbList","@id":"https:\/\/avaldsnes.info\/en\/informasjon\/#breadcrumb","itemListElement":[{"@type":"ListItem","position":1,"name":"Home","item":"https:\/\/avaldsnes.info\/en\/"},{"@type":"ListItem","position":2,"name":"Kings"}]},{"@type":"WebSite","@id":"https:\/\/avaldsnes.info\/en\/#website","url":"https:\/\/avaldsnes.info\/en\/","name":"Avaldsnes","description":"Norges eldste kongesete","potentialAction":[{"@type":"SearchAction","target":{"@type":"EntryPoint","urlTemplate":"https:\/\/avaldsnes.info\/en\/?s={search_term_string}"},"query-input":{"@type":"PropertyValueSpecification","valueRequired":true,"valueName":"search_term_string"}}],"inLanguage":"en-US"}]}},"_links":{"self":[{"href":"https:\/\/avaldsnes.info\/en\/wp-json\/wp\/v2\/pages\/22"}],"collection":[{"href":"https:\/\/avaldsnes.info\/en\/wp-json\/wp\/v2\/pages"}],"about":[{"href":"https:\/\/avaldsnes.info\/en\/wp-json\/wp\/v2\/types\/page"}],"author":[{"embeddable":true,"href":"https:\/\/avaldsnes.info\/en\/wp-json\/wp\/v2\/users\/1"}],"replies":[{"embeddable":true,"href":"https:\/\/avaldsnes.info\/en\/wp-json\/wp\/v2\/comments?post=22"}],"version-history":[{"count":47,"href":"https:\/\/avaldsnes.info\/en\/wp-json\/wp\/v2\/pages\/22\/revisions"}],"predecessor-version":[{"id":5427,"href":"https:\/\/avaldsnes.info\/en\/wp-json\/wp\/v2\/pages\/22\/revisions\/5427"}],"wp:attachment":[{"href":"https:\/\/avaldsnes.info\/en\/wp-json\/wp\/v2\/media?parent=22"}],"curies":[{"name":"wp","href":"https:\/\/api.w.org\/{rel}","templated":true}]}}