{"id":218,"date":"2013-04-06T12:51:55","date_gmt":"2013-04-06T12:51:55","guid":{"rendered":"https:\/\/avaldsnes.info\/?page_id=218"},"modified":"2014-11-17T09:31:23","modified_gmt":"2014-11-17T09:31:23","slug":"vikingbat","status":"publish","type":"page","link":"https:\/\/avaldsnes.info\/en\/vikinggard\/vikingbat\/","title":{"rendered":"Viking boat"},"content":{"rendered":"<p><\/p>\n<p><span style=\"color: #888888;\">Text: Marit Synn\u00f8ve Vea<\/span><\/p>\n<div id=\"attachment_224\" style=\"width: 310px\" class=\"wp-caption aligncenter\"><a href=\"https:\/\/avaldsnes.info\/content\/uploads\/2013\/04\/vikingb\u00e5ten-ny1.jpg\"><img loading=\"lazy\" decoding=\"async\" aria-describedby=\"caption-attachment-224\" class=\"size-medium wp-image-224 \" alt=\"Holmrygr has five pairs of oars, oarlocks, floorboards, thwarts and rudder. (Photo Sverre Bakkevik)\" src=\"https:\/\/avaldsnes.info\/content\/uploads\/2013\/04\/vikingb\u00e5ten-ny1-300x188.jpg\" width=\"300\" height=\"188\" srcset=\"https:\/\/avaldsnes.info\/content\/uploads\/2013\/04\/vikingb\u00e5ten-ny1-300x188.jpg 300w, https:\/\/avaldsnes.info\/content\/uploads\/2013\/04\/vikingb\u00e5ten-ny1.jpg 500w\" sizes=\"(max-width: 300px) 100vw, 300px\" \/><\/a><p id=\"caption-attachment-224\" class=\"wp-caption-text\">Holmrygr has five pairs of oars, oarlocks, floorboards, thwarts and rudder. (Photo Sverre Bakkevik)<\/p><\/div>\n<p><strong>THE VIKING BOAT &#8220;HOLMRYGR&#8221;<\/strong><br \/>\nHolmrygr is a reconstruction of the largest boat found together with the Gokstad ship. The boat is 9.75 metres long and 1,85 metres wide.<\/p>\n<p>The boat are named after the people that lived on the islands of Rogaland, they were called <em>holmrygr<\/em>. (The <em>rygr <\/em>of the island)<\/p>\n<p><strong>THE RECONSTRUCTION OF THE BOAT<\/strong><br \/>\nHolmen, a school for teenagers, built the boat together with the boat builder Harald S\u00f8rensen. The Viking boat was launched during the Viking Festival in June 1996. It was then drawn on &#8220;lunnar&#8221; &#8211; planks &#8211; from Holmen school and down to the sea.<\/p>\n<p>The school used one year to plan the reconstruction and to get hold of the proper building materials. Some of the timber could be bought from the planing mill, but the raw material that they should use for stem and stern and for the frame, was found in the forest in Vindafjord. When the raw material was brought home, it had to be dried slowly to prevent cracks.<\/p>\n<div id=\"attachment_225\" style=\"width: 310px\" class=\"wp-caption aligncenter\"><a href=\"https:\/\/avaldsnes.info\/content\/uploads\/2013\/04\/teikningar-vikingb\u00e5t.jpg\"><img loading=\"lazy\" decoding=\"async\" aria-describedby=\"caption-attachment-225\" class=\"size-medium wp-image-225 \" alt=\"We got the drawings of the \" src=\"https:\/\/avaldsnes.info\/content\/uploads\/2013\/04\/teikningar-vikingb\u00e5t-300x107.jpg\" width=\"300\" height=\"107\" srcset=\"https:\/\/avaldsnes.info\/content\/uploads\/2013\/04\/teikningar-vikingb\u00e5t-300x107.jpg 300w, https:\/\/avaldsnes.info\/content\/uploads\/2013\/04\/teikningar-vikingb\u00e5t-1024x367.jpg 1024w, https:\/\/avaldsnes.info\/content\/uploads\/2013\/04\/teikningar-vikingb\u00e5t.jpg 1550w\" sizes=\"(max-width: 300px) 100vw, 300px\" \/><\/a><p id=\"caption-attachment-225\" class=\"wp-caption-text\">We got the drawings of the &#8220;Gokstad-boat&#8221; from the Viking Ship Museum in Oslo.<\/p><\/div>\n<div id=\"attachment_226\" style=\"width: 310px\" class=\"wp-caption aligncenter\"><a href=\"https:\/\/avaldsnes.info\/content\/uploads\/2013\/04\/sj\u00f8setting-vikingb\u00e5t.jpg\"><img loading=\"lazy\" decoding=\"async\" aria-describedby=\"caption-attachment-226\" class=\"size-medium wp-image-226 \" alt=\"Holmrygr was launched in June 1996. (Photo Marit Synn\u00f8ve Vea)\" src=\"https:\/\/avaldsnes.info\/content\/uploads\/2013\/04\/sj\u00f8setting-vikingb\u00e5t-300x113.jpg\" width=\"300\" height=\"113\" srcset=\"https:\/\/avaldsnes.info\/content\/uploads\/2013\/04\/sj\u00f8setting-vikingb\u00e5t-300x113.jpg 300w, https:\/\/avaldsnes.info\/content\/uploads\/2013\/04\/sj\u00f8setting-vikingb\u00e5t-1024x386.jpg 1024w, https:\/\/avaldsnes.info\/content\/uploads\/2013\/04\/sj\u00f8setting-vikingb\u00e5t.jpg 1972w\" sizes=\"(max-width: 300px) 100vw, 300px\" \/><\/a><p id=\"caption-attachment-226\" class=\"wp-caption-text\">Holmrygr was launched in June 1996. (Photo Marit Synn\u00f8ve Vea)<\/p><\/div>\n<p>All of the boat, except the gunwale, is of oak. Totally the boat has six lengths of planking.<\/p>\n<p>The boat has the same design as a larger Viking ship. The two first lengths of the planking are curved sharply upwards and almost go to the top of the stem and stern. The next three lengths of planking then almost start at zero in each end of the boat.<\/p>\n<p>\u00a0<\/p>\n<p><\/p>","protected":false},"excerpt":{"rendered":"<p>Text: Marit Synn\u00f8ve Vea THE VIKING BOAT &#8220;HOLMRYGR&#8221; Holmrygr is a reconstruction of the largest boat found together with the Gokstad ship. The boat is 9.75 metres long and 1,85 metres wide. The boat are named after the people that lived on the islands of Rogaland, they were called holmrygr. (The rygr of the island) [&hellip;]<\/p>\n","protected":false},"author":3,"featured_media":0,"parent":11,"menu_order":1,"comment_status":"closed","ping_status":"open","template":"","meta":{"footnotes":""},"yoast_head":"<!-- This site is optimized with the Yoast SEO plugin v27.1.1 - https:\/\/yoast.com\/product\/yoast-seo-wordpress\/ -->\n<title>vikingb\u00e5t, rekonstruksjon av f\u00f8lgeb\u00e5t til Gokstadskipet<\/title>\n<meta name=\"description\" content=\"holmrygr vikingb\u00e5t vikinggarden avaldsnes rekonstruksjon treb\u00e5tbygging vikingskipshuset gokstadskipet f\u00f8lgeb\u00e5t vikingskip\" \/>\n<meta name=\"robots\" content=\"index, follow, max-snippet:-1, max-image-preview:large, max-video-preview:-1\" \/>\n<link rel=\"canonical\" href=\"https:\/\/avaldsnes.info\/en\/vikinggard\/vikingbat\/\" \/>\n<meta property=\"og:locale\" content=\"en_US\" \/>\n<meta property=\"og:type\" content=\"article\" \/>\n<meta property=\"og:title\" content=\"vikingb\u00e5t, rekonstruksjon av f\u00f8lgeb\u00e5t til Gokstadskipet\" \/>\n<meta property=\"og:description\" content=\"holmrygr vikingb\u00e5t vikinggarden avaldsnes rekonstruksjon treb\u00e5tbygging vikingskipshuset gokstadskipet f\u00f8lgeb\u00e5t vikingskip\" \/>\n<meta property=\"og:url\" content=\"https:\/\/avaldsnes.info\/en\/vikinggard\/vikingbat\/\" \/>\n<meta property=\"og:site_name\" content=\"Avaldsnes\" \/>\n<meta property=\"article:modified_time\" content=\"2014-11-17T09:31:23+00:00\" \/>\n<meta name=\"twitter:label1\" content=\"Est. reading time\" \/>\n\t<meta name=\"twitter:data1\" content=\"3 minutes\" \/>\n<script type=\"application\/ld+json\" class=\"yoast-schema-graph\">{\"@context\":\"https:\/\/schema.org\",\"@graph\":[{\"@type\":\"WebPage\",\"@id\":\"https:\/\/avaldsnes.info\/en\/vikinggard\/vikingbat\/\",\"url\":\"https:\/\/avaldsnes.info\/en\/vikinggard\/vikingbat\/\",\"name\":\"vikingb\u00e5t, rekonstruksjon av f\u00f8lgeb\u00e5t til Gokstadskipet\",\"isPartOf\":{\"@id\":\"https:\/\/avaldsnes.info\/en\/#website\"},\"datePublished\":\"2013-04-06T12:51:55+00:00\",\"dateModified\":\"2014-11-17T09:31:23+00:00\",\"description\":\"holmrygr vikingb\u00e5t vikinggarden avaldsnes rekonstruksjon treb\u00e5tbygging vikingskipshuset gokstadskipet f\u00f8lgeb\u00e5t vikingskip\",\"breadcrumb\":{\"@id\":\"https:\/\/avaldsnes.info\/en\/vikinggard\/vikingbat\/#breadcrumb\"},\"inLanguage\":\"en-US\",\"potentialAction\":[{\"@type\":\"ReadAction\",\"target\":[[\"https:\/\/avaldsnes.info\/en\/vikinggard\/vikingbat\/\"]]}]},{\"@type\":\"BreadcrumbList\",\"@id\":\"https:\/\/avaldsnes.info\/en\/vikinggard\/vikingbat\/#breadcrumb\",\"itemListElement\":[{\"@type\":\"ListItem\",\"position\":1,\"name\":\"Home\",\"item\":\"https:\/\/avaldsnes.info\/en\/\"},{\"@type\":\"ListItem\",\"position\":2,\"name\":\"Viking Farm\",\"item\":\"https:\/\/avaldsnes.info\/en\/vikinggard\/\"},{\"@type\":\"ListItem\",\"position\":3,\"name\":\"Viking boat\"}]},{\"@type\":\"WebSite\",\"@id\":\"https:\/\/avaldsnes.info\/en\/#website\",\"url\":\"https:\/\/avaldsnes.info\/en\/\",\"name\":\"Avaldsnes\",\"description\":\"Norges eldste kongesete\",\"potentialAction\":[{\"@type\":\"SearchAction\",\"target\":{\"@type\":\"EntryPoint\",\"urlTemplate\":\"https:\/\/avaldsnes.info\/en\/?s={search_term_string}\"},\"query-input\":{\"@type\":\"PropertyValueSpecification\",\"valueRequired\":true,\"valueName\":\"search_term_string\"}}],\"inLanguage\":\"en-US\"}]}<\/script>\n<!-- \/ Yoast SEO plugin. -->","yoast_head_json":{"title":"vikingb\u00e5t, rekonstruksjon av f\u00f8lgeb\u00e5t til Gokstadskipet","description":"holmrygr vikingb\u00e5t vikinggarden avaldsnes rekonstruksjon treb\u00e5tbygging vikingskipshuset gokstadskipet f\u00f8lgeb\u00e5t vikingskip","robots":{"index":"index","follow":"follow","max-snippet":"max-snippet:-1","max-image-preview":"max-image-preview:large","max-video-preview":"max-video-preview:-1"},"canonical":"https:\/\/avaldsnes.info\/en\/vikinggard\/vikingbat\/","og_locale":"en_US","og_type":"article","og_title":"vikingb\u00e5t, rekonstruksjon av f\u00f8lgeb\u00e5t til Gokstadskipet","og_description":"holmrygr vikingb\u00e5t vikinggarden avaldsnes rekonstruksjon treb\u00e5tbygging vikingskipshuset gokstadskipet f\u00f8lgeb\u00e5t vikingskip","og_url":"https:\/\/avaldsnes.info\/en\/vikinggard\/vikingbat\/","og_site_name":"Avaldsnes","article_modified_time":"2014-11-17T09:31:23+00:00","twitter_misc":{"Est. reading time":"3 minutes"},"schema":{"@context":"https:\/\/schema.org","@graph":[{"@type":"WebPage","@id":"https:\/\/avaldsnes.info\/en\/vikinggard\/vikingbat\/","url":"https:\/\/avaldsnes.info\/en\/vikinggard\/vikingbat\/","name":"vikingb\u00e5t, rekonstruksjon av f\u00f8lgeb\u00e5t til Gokstadskipet","isPartOf":{"@id":"https:\/\/avaldsnes.info\/en\/#website"},"datePublished":"2013-04-06T12:51:55+00:00","dateModified":"2014-11-17T09:31:23+00:00","description":"holmrygr vikingb\u00e5t vikinggarden avaldsnes rekonstruksjon treb\u00e5tbygging vikingskipshuset gokstadskipet f\u00f8lgeb\u00e5t vikingskip","breadcrumb":{"@id":"https:\/\/avaldsnes.info\/en\/vikinggard\/vikingbat\/#breadcrumb"},"inLanguage":"en-US","potentialAction":[{"@type":"ReadAction","target":[["https:\/\/avaldsnes.info\/en\/vikinggard\/vikingbat\/"]]}]},{"@type":"BreadcrumbList","@id":"https:\/\/avaldsnes.info\/en\/vikinggard\/vikingbat\/#breadcrumb","itemListElement":[{"@type":"ListItem","position":1,"name":"Home","item":"https:\/\/avaldsnes.info\/en\/"},{"@type":"ListItem","position":2,"name":"Viking Farm","item":"https:\/\/avaldsnes.info\/en\/vikinggard\/"},{"@type":"ListItem","position":3,"name":"Viking boat"}]},{"@type":"WebSite","@id":"https:\/\/avaldsnes.info\/en\/#website","url":"https:\/\/avaldsnes.info\/en\/","name":"Avaldsnes","description":"Norges eldste kongesete","potentialAction":[{"@type":"SearchAction","target":{"@type":"EntryPoint","urlTemplate":"https:\/\/avaldsnes.info\/en\/?s={search_term_string}"},"query-input":{"@type":"PropertyValueSpecification","valueRequired":true,"valueName":"search_term_string"}}],"inLanguage":"en-US"}]}},"_links":{"self":[{"href":"https:\/\/avaldsnes.info\/en\/wp-json\/wp\/v2\/pages\/218"}],"collection":[{"href":"https:\/\/avaldsnes.info\/en\/wp-json\/wp\/v2\/pages"}],"about":[{"href":"https:\/\/avaldsnes.info\/en\/wp-json\/wp\/v2\/types\/page"}],"author":[{"embeddable":true,"href":"https:\/\/avaldsnes.info\/en\/wp-json\/wp\/v2\/users\/3"}],"replies":[{"embeddable":true,"href":"https:\/\/avaldsnes.info\/en\/wp-json\/wp\/v2\/comments?post=218"}],"version-history":[{"count":18,"href":"https:\/\/avaldsnes.info\/en\/wp-json\/wp\/v2\/pages\/218\/revisions"}],"predecessor-version":[{"id":221,"href":"https:\/\/avaldsnes.info\/en\/wp-json\/wp\/v2\/pages\/218\/revisions\/221"}],"up":[{"embeddable":true,"href":"https:\/\/avaldsnes.info\/en\/wp-json\/wp\/v2\/pages\/11"}],"wp:attachment":[{"href":"https:\/\/avaldsnes.info\/en\/wp-json\/wp\/v2\/media?parent=218"}],"curies":[{"name":"wp","href":"https:\/\/api.w.org\/{rel}","templated":true}]}}