{"id":17,"date":"2012-12-10T13:52:51","date_gmt":"2012-12-10T13:52:51","guid":{"rendered":"https:\/\/avaldsnes.info\/?page_id=17"},"modified":"2024-12-02T09:39:29","modified_gmt":"2024-12-02T09:39:29","slug":"vikingfestival","status":"publish","type":"page","link":"https:\/\/avaldsnes.info\/en\/vikingfestival\/","title":{"rendered":"Viking Festival"},"content":{"rendered":"<p><\/p>\n<p><p><strong>WESTERN NORWAY&#8217;S LARGEST VIKING MARKET <em>\u00a0<\/em><\/strong><\/p>\n<div id=\"attachment_4158\" style=\"width: 310px\" class=\"wp-caption aligncenter\"><a href=\"https:\/\/avaldsnes.info\/content\/uploads\/2012\/12\/Viking.jpg\"><img loading=\"lazy\" decoding=\"async\" aria-describedby=\"caption-attachment-4158\" class=\"wp-image-4158 size-medium\" src=\"https:\/\/avaldsnes.info\/content\/uploads\/2012\/12\/Viking-300x200.jpg\" alt=\"(Foto \u00d8.Iversen)\" width=\"300\" height=\"200\" srcset=\"https:\/\/avaldsnes.info\/content\/uploads\/2012\/12\/Viking-300x200.jpg 300w, https:\/\/avaldsnes.info\/content\/uploads\/2012\/12\/Viking-1024x682.jpg 1024w, https:\/\/avaldsnes.info\/content\/uploads\/2012\/12\/Viking-960x640.jpg 960w, https:\/\/avaldsnes.info\/content\/uploads\/2012\/12\/Viking-480x320.jpg 480w, https:\/\/avaldsnes.info\/content\/uploads\/2012\/12\/Viking.jpg 1500w\" sizes=\"(max-width: 300px) 100vw, 300px\" \/><\/a><p id=\"caption-attachment-4158\" class=\"wp-caption-text\">Photo \u00d8rjan Iversen<\/p><\/div>\n<p>Every year, around the second weekend in June, there is a four-day Viking Festival at the Viking Farm Avaldsnes. Then Vikings from many countries come and set up their tents between the reconstructed buildings.<\/p>\n<p>In this way, we want to continue the traditions from the time of the Norse Sagas, when the royal estate at Avaldsnes was a meeting place for people from many countries, and where our own traditions met cultural impulses from abroad.<\/p>\n<p>You will meet craftsmen, traders and sailors, people who demonstrate weapons, storytellers, jugglers, musicians &#8211; and new friends.<\/p>\n<p>The purpose of the event is to make the history of the Viking Age come alive in a child-and family-friendly manner.<\/p>\n<div id=\"attachment_4163\" style=\"width: 310px\" class=\"wp-caption aligncenter\"><a href=\"https:\/\/avaldsnes.info\/content\/uploads\/2012\/12\/Foto-Aud-Irene-2.jpg\"><img loading=\"lazy\" decoding=\"async\" aria-describedby=\"caption-attachment-4163\" class=\"size-medium wp-image-4163\" src=\"https:\/\/avaldsnes.info\/content\/uploads\/2012\/12\/Foto-Aud-Irene-2-300x225.jpg\" alt=\"Foto Aud Irene Jacobsen\" width=\"300\" height=\"225\" srcset=\"https:\/\/avaldsnes.info\/content\/uploads\/2012\/12\/Foto-Aud-Irene-2-300x225.jpg 300w, https:\/\/avaldsnes.info\/content\/uploads\/2012\/12\/Foto-Aud-Irene-2-1024x768.jpg 1024w, https:\/\/avaldsnes.info\/content\/uploads\/2012\/12\/Foto-Aud-Irene-2.jpg 1500w\" sizes=\"(max-width: 300px) 100vw, 300px\" \/><\/a><p id=\"caption-attachment-4163\" class=\"wp-caption-text\">Photo Aud Irene Jacobsen<\/p><\/div>\n<p>In 2023 the Viking Festival Avaldsnes will take place 8th -11th of June.<\/p>\n<p>For questions about the festival:\u00a0\u00a0<a href=\"mailto:modi@karmoy.kommune.no\">modi@karmoy.kommune.no<\/a><\/p>\n<p>Read more about The Viking Festival Avaldsnes here: <a href=\"http:\/\/www.vikingfestivalen.no\/\">VIKING FESTIVAL AVALDSNES<\/a><\/p>\n<p>&nbsp;<\/p>\n<\/p>\n<p><\/p>","protected":false},"excerpt":{"rendered":"<p>Lorem Ipsum har v\u00e6rt bransjens standard for dummytekst helt siden 1500-tallet, da en ukjent boktrykker stokket en mengde bokstaver for \u00e5 lage et pr\u00f8veeksemplar av en bok.<\/p>\n","protected":false},"author":1,"featured_media":77,"parent":0,"menu_order":8,"comment_status":"closed","ping_status":"open","template":"","meta":{"footnotes":""},"yoast_head":"<!-- This site is optimized with the Yoast SEO plugin v27.1.1 - https:\/\/yoast.com\/product\/yoast-seo-wordpress\/ -->\n<title>Vikingfestival Avaldsnes. Vikingmarked<\/title>\n<meta name=\"description\" content=\"VESTLANDETS ST\u00d8RSTE VIKINGMARKED. Hvert \u00e5r, omkring andre helga i juni, arrangeres det en fire dagers Vikingfestival p\u00e5 Vikinggarden Avaldsnes. Da kommer ...\" \/>\n<meta name=\"robots\" content=\"index, follow, max-snippet:-1, max-image-preview:large, max-video-preview:-1\" \/>\n<link rel=\"canonical\" href=\"https:\/\/avaldsnes.info\/en\/vikingfestival\/\" \/>\n<meta property=\"og:locale\" content=\"en_US\" \/>\n<meta property=\"og:type\" content=\"article\" \/>\n<meta property=\"og:title\" content=\"Vikingfestival Avaldsnes. Vikingmarked\" \/>\n<meta property=\"og:description\" content=\"VESTLANDETS ST\u00d8RSTE VIKINGMARKED. Hvert \u00e5r, omkring andre helga i juni, arrangeres det en fire dagers Vikingfestival p\u00e5 Vikinggarden Avaldsnes. Da kommer ...\" \/>\n<meta property=\"og:url\" content=\"https:\/\/avaldsnes.info\/en\/vikingfestival\/\" \/>\n<meta property=\"og:site_name\" content=\"Avaldsnes\" \/>\n<meta property=\"article:modified_time\" content=\"2024-12-02T09:39:29+00:00\" \/>\n<meta property=\"og:image\" content=\"https:\/\/avaldsnes.info\/content\/uploads\/2012\/12\/vikingfestival.jpg\" \/>\n\t<meta property=\"og:image:width\" content=\"303\" \/>\n\t<meta property=\"og:image:height\" content=\"198\" \/>\n\t<meta property=\"og:image:type\" content=\"image\/jpeg\" \/>\n<meta name=\"twitter:label1\" content=\"Est. reading time\" \/>\n\t<meta name=\"twitter:data1\" content=\"2 minutes\" \/>\n<script type=\"application\/ld+json\" class=\"yoast-schema-graph\">{\"@context\":\"https:\/\/schema.org\",\"@graph\":[{\"@type\":\"WebPage\",\"@id\":\"https:\/\/avaldsnes.info\/en\/vikingfestival\/\",\"url\":\"https:\/\/avaldsnes.info\/en\/vikingfestival\/\",\"name\":\"Vikingfestival Avaldsnes. Vikingmarked\",\"isPartOf\":{\"@id\":\"https:\/\/avaldsnes.info\/en\/#website\"},\"primaryImageOfPage\":{\"@id\":\"https:\/\/avaldsnes.info\/en\/vikingfestival\/#primaryimage\"},\"image\":{\"@id\":\"https:\/\/avaldsnes.info\/en\/vikingfestival\/#primaryimage\"},\"thumbnailUrl\":\"https:\/\/avaldsnes.info\/content\/uploads\/2012\/12\/vikingfestival.jpg\",\"datePublished\":\"2012-12-10T13:52:51+00:00\",\"dateModified\":\"2024-12-02T09:39:29+00:00\",\"description\":\"VESTLANDETS ST\u00d8RSTE VIKINGMARKED. Hvert \u00e5r, omkring andre helga i juni, arrangeres det en fire dagers Vikingfestival p\u00e5 Vikinggarden Avaldsnes. Da kommer ...\",\"breadcrumb\":{\"@id\":\"https:\/\/avaldsnes.info\/en\/vikingfestival\/#breadcrumb\"},\"inLanguage\":\"en-US\",\"potentialAction\":[{\"@type\":\"ReadAction\",\"target\":[[\"https:\/\/avaldsnes.info\/en\/vikingfestival\/\"]]}]},{\"@type\":\"ImageObject\",\"inLanguage\":\"en-US\",\"@id\":\"https:\/\/avaldsnes.info\/en\/vikingfestival\/#primaryimage\",\"url\":\"https:\/\/avaldsnes.info\/content\/uploads\/2012\/12\/vikingfestival.jpg\",\"contentUrl\":\"https:\/\/avaldsnes.info\/content\/uploads\/2012\/12\/vikingfestival.jpg\",\"width\":303,\"height\":198},{\"@type\":\"BreadcrumbList\",\"@id\":\"https:\/\/avaldsnes.info\/en\/vikingfestival\/#breadcrumb\",\"itemListElement\":[{\"@type\":\"ListItem\",\"position\":1,\"name\":\"Home\",\"item\":\"https:\/\/avaldsnes.info\/en\/\"},{\"@type\":\"ListItem\",\"position\":2,\"name\":\"Viking Festival\"}]},{\"@type\":\"WebSite\",\"@id\":\"https:\/\/avaldsnes.info\/en\/#website\",\"url\":\"https:\/\/avaldsnes.info\/en\/\",\"name\":\"Avaldsnes\",\"description\":\"Norges eldste kongesete\",\"potentialAction\":[{\"@type\":\"SearchAction\",\"target\":{\"@type\":\"EntryPoint\",\"urlTemplate\":\"https:\/\/avaldsnes.info\/en\/?s={search_term_string}\"},\"query-input\":{\"@type\":\"PropertyValueSpecification\",\"valueRequired\":true,\"valueName\":\"search_term_string\"}}],\"inLanguage\":\"en-US\"}]}<\/script>\n<!-- \/ Yoast SEO plugin. -->","yoast_head_json":{"title":"Vikingfestival Avaldsnes. Vikingmarked","description":"VESTLANDETS ST\u00d8RSTE VIKINGMARKED. Hvert \u00e5r, omkring andre helga i juni, arrangeres det en fire dagers Vikingfestival p\u00e5 Vikinggarden Avaldsnes. Da kommer ...","robots":{"index":"index","follow":"follow","max-snippet":"max-snippet:-1","max-image-preview":"max-image-preview:large","max-video-preview":"max-video-preview:-1"},"canonical":"https:\/\/avaldsnes.info\/en\/vikingfestival\/","og_locale":"en_US","og_type":"article","og_title":"Vikingfestival Avaldsnes. Vikingmarked","og_description":"VESTLANDETS ST\u00d8RSTE VIKINGMARKED. Hvert \u00e5r, omkring andre helga i juni, arrangeres det en fire dagers Vikingfestival p\u00e5 Vikinggarden Avaldsnes. Da kommer ...","og_url":"https:\/\/avaldsnes.info\/en\/vikingfestival\/","og_site_name":"Avaldsnes","article_modified_time":"2024-12-02T09:39:29+00:00","og_image":[{"width":303,"height":198,"url":"https:\/\/avaldsnes.info\/content\/uploads\/2012\/12\/vikingfestival.jpg","type":"image\/jpeg"}],"twitter_misc":{"Est. reading time":"2 minutes"},"schema":{"@context":"https:\/\/schema.org","@graph":[{"@type":"WebPage","@id":"https:\/\/avaldsnes.info\/en\/vikingfestival\/","url":"https:\/\/avaldsnes.info\/en\/vikingfestival\/","name":"Vikingfestival Avaldsnes. Vikingmarked","isPartOf":{"@id":"https:\/\/avaldsnes.info\/en\/#website"},"primaryImageOfPage":{"@id":"https:\/\/avaldsnes.info\/en\/vikingfestival\/#primaryimage"},"image":{"@id":"https:\/\/avaldsnes.info\/en\/vikingfestival\/#primaryimage"},"thumbnailUrl":"https:\/\/avaldsnes.info\/content\/uploads\/2012\/12\/vikingfestival.jpg","datePublished":"2012-12-10T13:52:51+00:00","dateModified":"2024-12-02T09:39:29+00:00","description":"VESTLANDETS ST\u00d8RSTE VIKINGMARKED. Hvert \u00e5r, omkring andre helga i juni, arrangeres det en fire dagers Vikingfestival p\u00e5 Vikinggarden Avaldsnes. Da kommer ...","breadcrumb":{"@id":"https:\/\/avaldsnes.info\/en\/vikingfestival\/#breadcrumb"},"inLanguage":"en-US","potentialAction":[{"@type":"ReadAction","target":[["https:\/\/avaldsnes.info\/en\/vikingfestival\/"]]}]},{"@type":"ImageObject","inLanguage":"en-US","@id":"https:\/\/avaldsnes.info\/en\/vikingfestival\/#primaryimage","url":"https:\/\/avaldsnes.info\/content\/uploads\/2012\/12\/vikingfestival.jpg","contentUrl":"https:\/\/avaldsnes.info\/content\/uploads\/2012\/12\/vikingfestival.jpg","width":303,"height":198},{"@type":"BreadcrumbList","@id":"https:\/\/avaldsnes.info\/en\/vikingfestival\/#breadcrumb","itemListElement":[{"@type":"ListItem","position":1,"name":"Home","item":"https:\/\/avaldsnes.info\/en\/"},{"@type":"ListItem","position":2,"name":"Viking Festival"}]},{"@type":"WebSite","@id":"https:\/\/avaldsnes.info\/en\/#website","url":"https:\/\/avaldsnes.info\/en\/","name":"Avaldsnes","description":"Norges eldste kongesete","potentialAction":[{"@type":"SearchAction","target":{"@type":"EntryPoint","urlTemplate":"https:\/\/avaldsnes.info\/en\/?s={search_term_string}"},"query-input":{"@type":"PropertyValueSpecification","valueRequired":true,"valueName":"search_term_string"}}],"inLanguage":"en-US"}]}},"_links":{"self":[{"href":"https:\/\/avaldsnes.info\/en\/wp-json\/wp\/v2\/pages\/17"}],"collection":[{"href":"https:\/\/avaldsnes.info\/en\/wp-json\/wp\/v2\/pages"}],"about":[{"href":"https:\/\/avaldsnes.info\/en\/wp-json\/wp\/v2\/types\/page"}],"author":[{"embeddable":true,"href":"https:\/\/avaldsnes.info\/en\/wp-json\/wp\/v2\/users\/1"}],"replies":[{"embeddable":true,"href":"https:\/\/avaldsnes.info\/en\/wp-json\/wp\/v2\/comments?post=17"}],"version-history":[{"count":81,"href":"https:\/\/avaldsnes.info\/en\/wp-json\/wp\/v2\/pages\/17\/revisions"}],"predecessor-version":[{"id":6555,"href":"https:\/\/avaldsnes.info\/en\/wp-json\/wp\/v2\/pages\/17\/revisions\/6555"}],"wp:featuredmedia":[{"embeddable":true,"href":"https:\/\/avaldsnes.info\/en\/wp-json\/wp\/v2\/media\/77"}],"wp:attachment":[{"href":"https:\/\/avaldsnes.info\/en\/wp-json\/wp\/v2\/media?parent=17"}],"curies":[{"name":"wp","href":"https:\/\/api.w.org\/{rel}","templated":true}]}}