{"id":161,"date":"2013-03-27T12:20:59","date_gmt":"2013-03-27T12:20:59","guid":{"rendered":"https:\/\/avaldsnes.info\/?page_id=161"},"modified":"2021-01-22T11:00:20","modified_gmt":"2021-01-22T11:00:20","slug":"langhus","status":"publish","type":"page","link":"https:\/\/avaldsnes.info\/en\/vikinggard\/langhus\/","title":{"rendered":"Longhouse"},"content":{"rendered":"<p><\/p>\n<p><p><span style=\"color: #888888;\">Text: Marit Synn\u00f8ve Vea <\/span><\/p>\n<div id=\"attachment_180\" style=\"width: 310px\" class=\"wp-caption aligncenter\"><a href=\"https:\/\/avaldsnes.info\/content\/uploads\/2013\/03\/Relikvieskrin.jpg\"><img loading=\"lazy\" decoding=\"async\" aria-describedby=\"caption-attachment-180\" class=\"size-medium wp-image-180\" alt=\"Camminskrinet. Relikvieskrin\" src=\"https:\/\/avaldsnes.info\/content\/uploads\/2013\/03\/Relikvieskrin-300x173.jpg\" width=\"300\" height=\"173\" srcset=\"https:\/\/avaldsnes.info\/content\/uploads\/2013\/03\/Relikvieskrin-300x173.jpg 300w, https:\/\/avaldsnes.info\/content\/uploads\/2013\/03\/Relikvieskrin-1024x591.jpg 1024w\" sizes=\"(max-width: 300px) 100vw, 300px\" \/><\/a><p id=\"caption-attachment-180\" class=\"wp-caption-text\">The Cammin Shrine. From Claus Ahrens: Fr\u00fce Holzkirchen im nordlichen Europa, 1982<\/p><\/div>\n<p style=\"text-align: left;\">The longhouse is a reconstruction, based on a house found through archaeological excavations in Oma, Rogaland, and it dates approximately from 950 AD.<\/p>\n<p>The 24-metre longhouse, reconstructed at Avaldsnes in 1997, is of a trestle construction with curving walls and a double curved roof which gives a very stable construction.<\/p>\n<p>The framework is made of oak. The walls are made of pinewood. The wooden plugs are made of juniper or birch<\/p>\n<p>The large stones outside the walls leave a small gap between themselves and the wooden walls and help to insulate the house and give a smooth airflow in high winds.<\/p>\n<p>The roof is covered in layers of small wooden shingles &#8211; over 100,000 in total. Pieces of Muscovite in the small window frames allow a little daylight into the building.<\/p>\n<p>Evidence for the curved walls and roof comes from shaped gravestones (hogbacks) found in England and Scotland, from relic shrines like a curved wooden box found in Sweden that represents a Viking house and from houses pictured on tapestry.<\/p>\n<div id=\"attachment_178\" style=\"width: 310px\" class=\"wp-caption aligncenter\"><a href=\"https:\/\/avaldsnes.info\/content\/uploads\/2013\/03\/Gravstein-Hogback.jpg\"><img loading=\"lazy\" decoding=\"async\" aria-describedby=\"caption-attachment-178\" class=\"size-medium wp-image-178 \" alt=\"Etter Holger Schmidt. Building customs in Viking Age Denmark 1994\" src=\"https:\/\/avaldsnes.info\/content\/uploads\/2013\/03\/Gravstein-Hogback-300x173.jpg\" width=\"300\" height=\"173\" srcset=\"https:\/\/avaldsnes.info\/content\/uploads\/2013\/03\/Gravstein-Hogback-300x173.jpg 300w, https:\/\/avaldsnes.info\/content\/uploads\/2013\/03\/Gravstein-Hogback-1024x592.jpg 1024w\" sizes=\"(max-width: 300px) 100vw, 300px\" \/><\/a><p id=\"caption-attachment-178\" class=\"wp-caption-text\">Gravestone (hogback). From Holger Schmidt. Building customs in Viking Age Denmark 1994<\/p><\/div>\n<p>hogback<\/p>\n<p><strong>INSIDE<\/strong><br \/>\nThe longhouse is divided into several sections. The central part has a large fireplace in the middle and benches fixed in along the sides. The benches would be used for seating during the day and for sleeping at night.<\/p>\n<p>Furs and tapestries cover the walls and help to insulate the house and keep it warm inside. Smoke from the central fireplace escapes through small covered holes in the roof above.<\/p>\n<p>The furniture and equipment inside the house is copied as accurately as possible from archaeological finds or from saga records. The lamp dishes set up in the posts are filled with fish oil and the wicks are made from reeds with the green outsides striped away. These help to give some light inside the house in the evenings.<\/p>\n<p>The spaces at the ends of the house are used as work rooms and storage rooms. These can be heated by taking hot stones from around the main fireplace and placing them in large sand filled metal trays on stands. The house would have been home for an extended family of children, parents and grandparents<\/p>\n<\/p>\n<p><\/p>","protected":false},"excerpt":{"rendered":"<p>Text: Marit Synn\u00f8ve Vea The longhouse is a reconstruction, based on a house found through archaeological excavations in Oma, Rogaland, and it dates approximately from 950 AD. The 24-metre longhouse, reconstructed at Avaldsnes in 1997, is of a trestle construction with curving walls and a double curved roof which gives a very stable construction. The [&hellip;]<\/p>\n","protected":false},"author":3,"featured_media":0,"parent":11,"menu_order":7,"comment_status":"closed","ping_status":"open","template":"","meta":{"footnotes":""},"yoast_head":"<!-- This site is optimized with the Yoast SEO plugin v27.1.1 - https:\/\/yoast.com\/product\/yoast-seo-wordpress\/ -->\n<title>langhus Avaldsnes viking rekonstruksjon vikinggard vikingtida grindbygd f\u00f8rhistorisk relikvieskrin storfamilie vikinggraver storfamilie<\/title>\n<meta name=\"description\" content=\"Langhuset p\u00e5 Vikinggarden. Ein rekonstruksjon av langhus fr\u00e5 Oma i Rogaland. Huset er fr\u00e5 ca 950 e.Kr. Det grindbygde huset er ca er ca 24 m langt og stod ferdig i 1997.\" \/>\n<meta name=\"robots\" content=\"index, follow, max-snippet:-1, max-image-preview:large, max-video-preview:-1\" \/>\n<link rel=\"canonical\" href=\"https:\/\/avaldsnes.info\/en\/vikinggard\/langhus\/\" \/>\n<meta property=\"og:locale\" content=\"en_US\" \/>\n<meta property=\"og:type\" content=\"article\" \/>\n<meta property=\"og:title\" content=\"langhus Avaldsnes viking rekonstruksjon vikinggard vikingtida grindbygd f\u00f8rhistorisk relikvieskrin storfamilie vikinggraver storfamilie\" \/>\n<meta property=\"og:description\" content=\"Langhuset p\u00e5 Vikinggarden. Ein rekonstruksjon av langhus fr\u00e5 Oma i Rogaland. Huset er fr\u00e5 ca 950 e.Kr. Det grindbygde huset er ca er ca 24 m langt og stod ferdig i 1997.\" \/>\n<meta property=\"og:url\" content=\"https:\/\/avaldsnes.info\/en\/vikinggard\/langhus\/\" \/>\n<meta property=\"og:site_name\" content=\"Avaldsnes\" \/>\n<meta property=\"article:modified_time\" content=\"2021-01-22T11:00:20+00:00\" \/>\n<meta property=\"og:image\" content=\"https:\/\/avaldsnes.info\/content\/uploads\/2013\/03\/Relikvieskrin-300x173.jpg\" \/>\n<meta name=\"twitter:label1\" content=\"Est. reading time\" \/>\n\t<meta name=\"twitter:data1\" content=\"4 minutes\" \/>\n<script type=\"application\/ld+json\" class=\"yoast-schema-graph\">{\"@context\":\"https:\/\/schema.org\",\"@graph\":[{\"@type\":\"WebPage\",\"@id\":\"https:\/\/avaldsnes.info\/en\/vikinggard\/langhus\/\",\"url\":\"https:\/\/avaldsnes.info\/en\/vikinggard\/langhus\/\",\"name\":\"langhus Avaldsnes viking rekonstruksjon vikinggard vikingtida grindbygd f\u00f8rhistorisk relikvieskrin storfamilie vikinggraver storfamilie\",\"isPartOf\":{\"@id\":\"https:\/\/avaldsnes.info\/en\/#website\"},\"primaryImageOfPage\":{\"@id\":\"https:\/\/avaldsnes.info\/en\/vikinggard\/langhus\/#primaryimage\"},\"image\":{\"@id\":\"https:\/\/avaldsnes.info\/en\/vikinggard\/langhus\/#primaryimage\"},\"thumbnailUrl\":\"https:\/\/avaldsnes.info\/content\/uploads\/2013\/03\/Relikvieskrin-300x173.jpg\",\"datePublished\":\"2013-03-27T12:20:59+00:00\",\"dateModified\":\"2021-01-22T11:00:20+00:00\",\"description\":\"Langhuset p\u00e5 Vikinggarden. Ein rekonstruksjon av langhus fr\u00e5 Oma i Rogaland. Huset er fr\u00e5 ca 950 e.Kr. Det grindbygde huset er ca er ca 24 m langt og stod ferdig i 1997.\",\"breadcrumb\":{\"@id\":\"https:\/\/avaldsnes.info\/en\/vikinggard\/langhus\/#breadcrumb\"},\"inLanguage\":\"en-US\",\"potentialAction\":[{\"@type\":\"ReadAction\",\"target\":[[\"https:\/\/avaldsnes.info\/en\/vikinggard\/langhus\/\"]]}]},{\"@type\":\"ImageObject\",\"inLanguage\":\"en-US\",\"@id\":\"https:\/\/avaldsnes.info\/en\/vikinggard\/langhus\/#primaryimage\",\"url\":\"https:\/\/avaldsnes.info\/content\/uploads\/2013\/03\/Relikvieskrin-300x173.jpg\",\"contentUrl\":\"https:\/\/avaldsnes.info\/content\/uploads\/2013\/03\/Relikvieskrin-300x173.jpg\"},{\"@type\":\"BreadcrumbList\",\"@id\":\"https:\/\/avaldsnes.info\/en\/vikinggard\/langhus\/#breadcrumb\",\"itemListElement\":[{\"@type\":\"ListItem\",\"position\":1,\"name\":\"Home\",\"item\":\"https:\/\/avaldsnes.info\/en\/\"},{\"@type\":\"ListItem\",\"position\":2,\"name\":\"Longhouse\"}]},{\"@type\":\"WebSite\",\"@id\":\"https:\/\/avaldsnes.info\/en\/#website\",\"url\":\"https:\/\/avaldsnes.info\/en\/\",\"name\":\"Avaldsnes\",\"description\":\"Norges eldste kongesete\",\"potentialAction\":[{\"@type\":\"SearchAction\",\"target\":{\"@type\":\"EntryPoint\",\"urlTemplate\":\"https:\/\/avaldsnes.info\/en\/?s={search_term_string}\"},\"query-input\":{\"@type\":\"PropertyValueSpecification\",\"valueRequired\":true,\"valueName\":\"search_term_string\"}}],\"inLanguage\":\"en-US\"}]}<\/script>\n<!-- \/ Yoast SEO plugin. -->","yoast_head_json":{"title":"langhus Avaldsnes viking rekonstruksjon vikinggard vikingtida grindbygd f\u00f8rhistorisk relikvieskrin storfamilie vikinggraver storfamilie","description":"Langhuset p\u00e5 Vikinggarden. Ein rekonstruksjon av langhus fr\u00e5 Oma i Rogaland. Huset er fr\u00e5 ca 950 e.Kr. Det grindbygde huset er ca er ca 24 m langt og stod ferdig i 1997.","robots":{"index":"index","follow":"follow","max-snippet":"max-snippet:-1","max-image-preview":"max-image-preview:large","max-video-preview":"max-video-preview:-1"},"canonical":"https:\/\/avaldsnes.info\/en\/vikinggard\/langhus\/","og_locale":"en_US","og_type":"article","og_title":"langhus Avaldsnes viking rekonstruksjon vikinggard vikingtida grindbygd f\u00f8rhistorisk relikvieskrin storfamilie vikinggraver storfamilie","og_description":"Langhuset p\u00e5 Vikinggarden. Ein rekonstruksjon av langhus fr\u00e5 Oma i Rogaland. Huset er fr\u00e5 ca 950 e.Kr. Det grindbygde huset er ca er ca 24 m langt og stod ferdig i 1997.","og_url":"https:\/\/avaldsnes.info\/en\/vikinggard\/langhus\/","og_site_name":"Avaldsnes","article_modified_time":"2021-01-22T11:00:20+00:00","og_image":[{"url":"https:\/\/avaldsnes.info\/content\/uploads\/2013\/03\/Relikvieskrin-300x173.jpg","type":"","width":"","height":""}],"twitter_misc":{"Est. reading time":"4 minutes"},"schema":{"@context":"https:\/\/schema.org","@graph":[{"@type":"WebPage","@id":"https:\/\/avaldsnes.info\/en\/vikinggard\/langhus\/","url":"https:\/\/avaldsnes.info\/en\/vikinggard\/langhus\/","name":"langhus Avaldsnes viking rekonstruksjon vikinggard vikingtida grindbygd f\u00f8rhistorisk relikvieskrin storfamilie vikinggraver storfamilie","isPartOf":{"@id":"https:\/\/avaldsnes.info\/en\/#website"},"primaryImageOfPage":{"@id":"https:\/\/avaldsnes.info\/en\/vikinggard\/langhus\/#primaryimage"},"image":{"@id":"https:\/\/avaldsnes.info\/en\/vikinggard\/langhus\/#primaryimage"},"thumbnailUrl":"https:\/\/avaldsnes.info\/content\/uploads\/2013\/03\/Relikvieskrin-300x173.jpg","datePublished":"2013-03-27T12:20:59+00:00","dateModified":"2021-01-22T11:00:20+00:00","description":"Langhuset p\u00e5 Vikinggarden. Ein rekonstruksjon av langhus fr\u00e5 Oma i Rogaland. Huset er fr\u00e5 ca 950 e.Kr. Det grindbygde huset er ca er ca 24 m langt og stod ferdig i 1997.","breadcrumb":{"@id":"https:\/\/avaldsnes.info\/en\/vikinggard\/langhus\/#breadcrumb"},"inLanguage":"en-US","potentialAction":[{"@type":"ReadAction","target":[["https:\/\/avaldsnes.info\/en\/vikinggard\/langhus\/"]]}]},{"@type":"ImageObject","inLanguage":"en-US","@id":"https:\/\/avaldsnes.info\/en\/vikinggard\/langhus\/#primaryimage","url":"https:\/\/avaldsnes.info\/content\/uploads\/2013\/03\/Relikvieskrin-300x173.jpg","contentUrl":"https:\/\/avaldsnes.info\/content\/uploads\/2013\/03\/Relikvieskrin-300x173.jpg"},{"@type":"BreadcrumbList","@id":"https:\/\/avaldsnes.info\/en\/vikinggard\/langhus\/#breadcrumb","itemListElement":[{"@type":"ListItem","position":1,"name":"Home","item":"https:\/\/avaldsnes.info\/en\/"},{"@type":"ListItem","position":2,"name":"Longhouse"}]},{"@type":"WebSite","@id":"https:\/\/avaldsnes.info\/en\/#website","url":"https:\/\/avaldsnes.info\/en\/","name":"Avaldsnes","description":"Norges eldste kongesete","potentialAction":[{"@type":"SearchAction","target":{"@type":"EntryPoint","urlTemplate":"https:\/\/avaldsnes.info\/en\/?s={search_term_string}"},"query-input":{"@type":"PropertyValueSpecification","valueRequired":true,"valueName":"search_term_string"}}],"inLanguage":"en-US"}]}},"_links":{"self":[{"href":"https:\/\/avaldsnes.info\/en\/wp-json\/wp\/v2\/pages\/161"}],"collection":[{"href":"https:\/\/avaldsnes.info\/en\/wp-json\/wp\/v2\/pages"}],"about":[{"href":"https:\/\/avaldsnes.info\/en\/wp-json\/wp\/v2\/types\/page"}],"author":[{"embeddable":true,"href":"https:\/\/avaldsnes.info\/en\/wp-json\/wp\/v2\/users\/3"}],"replies":[{"embeddable":true,"href":"https:\/\/avaldsnes.info\/en\/wp-json\/wp\/v2\/comments?post=161"}],"version-history":[{"count":34,"href":"https:\/\/avaldsnes.info\/en\/wp-json\/wp\/v2\/pages\/161\/revisions"}],"predecessor-version":[{"id":163,"href":"https:\/\/avaldsnes.info\/en\/wp-json\/wp\/v2\/pages\/161\/revisions\/163"}],"up":[{"embeddable":true,"href":"https:\/\/avaldsnes.info\/en\/wp-json\/wp\/v2\/pages\/11"}],"wp:attachment":[{"href":"https:\/\/avaldsnes.info\/en\/wp-json\/wp\/v2\/media?parent=161"}],"curies":[{"name":"wp","href":"https:\/\/api.w.org\/{rel}","templated":true}]}}