{"id":15,"date":"2012-12-10T13:52:35","date_gmt":"2012-12-10T13:52:35","guid":{"rendered":"https:\/\/avaldsnes.info\/?page_id=15"},"modified":"2025-02-18T13:02:51","modified_gmt":"2025-02-18T13:02:51","slug":"barn-og-unge","status":"publish","type":"page","link":"https:\/\/avaldsnes.info\/en\/barn-og-unge\/","title":{"rendered":"Children and families"},"content":{"rendered":"<p><\/p>\n<p><p>&nbsp;<\/p>\n<p><strong>Avaldsnes Leikvoll &#8211; a Viking inspired playground<\/strong><br \/>\nJust off the Nordvegen History Centre you will find Avaldsnes Leikvoll which is now open to families with children, kindergartens and school classes. Just remember to follow the distance rules recommended by the Directorate of Health.<\/p>\n<div id=\"attachment_5973\" style=\"width: 310px\" class=\"wp-caption aligncenter\"><a href=\"https:\/\/avaldsnes.info\/content\/uploads\/2014\/08\/lek-5.jpg\"><img loading=\"lazy\" decoding=\"async\" aria-describedby=\"caption-attachment-5973\" class=\"size-medium wp-image-5973\" src=\"https:\/\/avaldsnes.info\/content\/uploads\/2014\/08\/lek-5-300x200.jpg\" alt=\"Ridetur p\u00e5 Odins hest Sleipner. Foto Marit S. Vea\" width=\"300\" height=\"200\" srcset=\"https:\/\/avaldsnes.info\/content\/uploads\/2014\/08\/lek-5-300x200.jpg 300w, https:\/\/avaldsnes.info\/content\/uploads\/2014\/08\/lek-5-1024x683.jpg 1024w, https:\/\/avaldsnes.info\/content\/uploads\/2014\/08\/lek-5-960x640.jpg 960w, https:\/\/avaldsnes.info\/content\/uploads\/2014\/08\/lek-5-480x320.jpg 480w\" sizes=\"(max-width: 300px) 100vw, 300px\" \/><\/a><p id=\"caption-attachment-5973\" class=\"wp-caption-text\">Horseback riding on Odin&#8217;s horse Sleipner. Photo Marit S. Vea<\/p><\/div>\n<p><strong>Avaldsnes Leikvoll for imagination, playing and learning<\/strong><br \/>\nAvaldsnes Leikvoll is a special park that has both artistic qualities and invites children to play and learn. In the Old Norse language, &#8220;play&#8221; included both playing, sports and artistic activities<br \/>\nThe park has a total of 10 installations. All installations are made of natural materials and have an abstract design.<\/p>\n<p>Each installation tells a story that can be linked to Avaldsnes or Norse culture. If you want, you can also get tasks that need to be solved in connection with the installations.<\/p>\n<p>Nature is an important element of the park. Therefore, flowers and raspberry scrub are allowed to grow freely in parts of the area. There are also some old roots and tree stumps that are the home of many exciting insects.<\/p>\n<p><strong>At Avaldsnes you can be &#8220;Viking for a day&#8221; or &#8220;Archaeologist for a day.&#8221;<\/strong><br \/>\nThe activities take place: In Nordvegen History Centre, at the Viking Farm and in the historic landscape.<\/p>\n<div id=\"attachment_4138\" style=\"width: 310px\" class=\"wp-caption aligncenter\"><a href=\"https:\/\/avaldsnes.info\/content\/uploads\/2012\/12\/Img_6314.jpg\"><img loading=\"lazy\" decoding=\"async\" aria-describedby=\"caption-attachment-4138\" class=\"wp-image-4138 size-medium\" src=\"https:\/\/avaldsnes.info\/content\/uploads\/2012\/12\/Img_6314-300x200.jpg\" alt=\"Img_6314\" width=\"300\" height=\"200\" srcset=\"https:\/\/avaldsnes.info\/content\/uploads\/2012\/12\/Img_6314-300x200.jpg 300w, https:\/\/avaldsnes.info\/content\/uploads\/2012\/12\/Img_6314-960x640.jpg 960w, https:\/\/avaldsnes.info\/content\/uploads\/2012\/12\/Img_6314-480x320.jpg 480w, https:\/\/avaldsnes.info\/content\/uploads\/2012\/12\/Img_6314.jpg 1000w\" sizes=\"(max-width: 300px) 100vw, 300px\" \/><\/a><p id=\"caption-attachment-4138\" class=\"wp-caption-text\">Playing &#8220;hide and seek&#8221; with the hens. (Photo \u00d8rjan Iversen)<\/p><\/div>\n<p>You can borrow outfit and the desired booklet in Nordvegen History Centre: Price NOK 50, &#8211;<\/p>\n<p><strong>Viking for a day<\/strong><br \/>\nOld written sources tell that Harald Fairhair and other Viking kings had their seats here at Avaldnses.<br \/>\nIn the activity program &#8220;Viking for a day&#8221; you can dress up as a Viking and experience what life was like the Viking age.<\/p>\n<p>What did the Vikings eat and how did they live? How was it to be a child in the Viking Age; what did they play with, and how did they become strong enough to carry swords and heavy shields? And why did the Viking kings choose to live exactly here at Avaldsnes?<\/p>\n<p><strong>Archaeologist for a day<\/strong><br \/>\nBurial mounds, standing stones and the medieval church are visible signs of kings and chieftains that lived here at Avaldsnes. Archeology and research can tell us more about these rulers that lived here in times gone by.<\/p>\n<div id=\"attachment_2187\" style=\"width: 310px\" class=\"wp-caption aligncenter\"><a href=\"https:\/\/avaldsnes.info\/content\/uploads\/2013\/04\/servicebygget.jpg\"><img loading=\"lazy\" decoding=\"async\" aria-describedby=\"caption-attachment-2187\" class=\"  wp-image-2187 size-medium\" src=\"https:\/\/avaldsnes.info\/content\/uploads\/2013\/04\/servicebygget-300x207.jpg\" alt=\"Leirskolebarna gjer nytte for seg.  Dei har henta grus til stiane. (Foto Cathrine Glette) \" width=\"300\" height=\"207\" srcset=\"https:\/\/avaldsnes.info\/content\/uploads\/2013\/04\/servicebygget-300x207.jpg 300w, https:\/\/avaldsnes.info\/content\/uploads\/2013\/04\/servicebygget-1024x706.jpg 1024w, https:\/\/avaldsnes.info\/content\/uploads\/2013\/04\/servicebygget.jpg 1200w\" sizes=\"(max-width: 300px) 100vw, 300px\" \/><\/a><p id=\"caption-attachment-2187\" class=\"wp-caption-text\">Avaldsnes Historic school camp offers both four-day camps and one-day events to school children. Through role playing and practical work, pupils experience the daily life on a Viking Farm. (Photo Cathrine Glette<\/p><\/div>\n<p>In the activity program &#8220;Archaeologist for a day&#8221; you can dress up as an archaeologist and participate in activities that can tell you how the archaeologists work.<\/p>\n<p>Is it true that archaeologists only use brushes and teaspoons when they dig into the soil to find old things? And what is it that they discover? How do archaeologists know the age of different objects, and what can we learn about ancient people by studying the objects that the archaeologists dig up the soil?<\/p>\n<p><strong>Activities at the Viking Farm<\/strong><br \/>\nDuring the Viking Festival, there are many activities for adults and children at the Viking Farm. But also through the rest of the summer season there are a lot of fun things to do if you are a child.<\/p>\n<p>When you have talked with the Vikings and visited their houses, you can play with toys and learn the games that Viking children used to spend time on. You can look for the hens, catch crabs or just wade in the water down by the Viking boathouse.<\/p>\n<div id=\"attachment_2203\" style=\"width: 310px\" class=\"wp-caption aligncenter\"><a href=\"https:\/\/avaldsnes.info\/content\/uploads\/2012\/12\/IMG_0914.jpg\"><img loading=\"lazy\" decoding=\"async\" aria-describedby=\"caption-attachment-2203\" class=\"wp-image-2203 size-medium\" src=\"https:\/\/avaldsnes.info\/content\/uploads\/2012\/12\/IMG_0914-300x199.jpg\" alt=\"Maktspillet er et interaktivt rollespill der du er en del av Tinget i vikingtiden og m\u00e5 d\u00f8mme i vanskelige saker\u2026 (Foto Siv Haugvaldstad)\" width=\"300\" height=\"199\" srcset=\"https:\/\/avaldsnes.info\/content\/uploads\/2012\/12\/IMG_0914-300x199.jpg 300w, https:\/\/avaldsnes.info\/content\/uploads\/2012\/12\/IMG_0914-1024x681.jpg 1024w, https:\/\/avaldsnes.info\/content\/uploads\/2012\/12\/IMG_0914-960x640.jpg 960w, https:\/\/avaldsnes.info\/content\/uploads\/2012\/12\/IMG_0914-480x320.jpg 480w, https:\/\/avaldsnes.info\/content\/uploads\/2012\/12\/IMG_0914.jpg 1500w\" sizes=\"(max-width: 300px) 100vw, 300px\" \/><\/a><p id=\"caption-attachment-2203\" class=\"wp-caption-text\">The School Program at Nordvegen History Centre can offer exiting education and entertainment to kindergartens as well as to primary and secondary schools. (Photo Siv Haugvaldstad)<\/p><\/div>\n<\/p>\n<p><\/p>","protected":false},"excerpt":{"rendered":"<p>&nbsp; Avaldsnes Leikvoll &#8211; a Viking inspired playground Just off the Nordvegen History Centre you will find Avaldsnes Leikvoll which is now open to families with children, kindergartens and school classes. Just remember to follow the distance rules recommended by the Directorate of Health. Avaldsnes Leikvoll for imagination, playing and learning Avaldsnes Leikvoll is a [&hellip;]<\/p>\n","protected":false},"author":4,"featured_media":0,"parent":0,"menu_order":9,"comment_status":"closed","ping_status":"open","template":"","meta":{"footnotes":""},"yoast_head":"<!-- This site is optimized with the Yoast SEO plugin v27.1.1 - https:\/\/yoast.com\/product\/yoast-seo-wordpress\/ -->\n<title>Barn og ungeChildren and familiesBarn og Unge - Avaldsnes<\/title>\n<meta name=\"description\" content=\"&nbsp; G\u00f8y for hele familien &nbsp; Vikingjakten p\u00e5 Avaldsnes I Nordvegen Historiesenter kan du f\u00e5 aktivitetskartet Vikingjakten p\u00e5 Avaldsnes. Der finner\" \/>\n<meta name=\"robots\" content=\"index, follow, max-snippet:-1, max-image-preview:large, max-video-preview:-1\" \/>\n<link rel=\"canonical\" href=\"https:\/\/avaldsnes.info\/en\/barn-og-unge\/\" \/>\n<meta property=\"og:locale\" content=\"en_US\" \/>\n<meta property=\"og:type\" content=\"article\" \/>\n<meta property=\"og:title\" content=\"Barn og ungeChildren and familiesBarn og Unge - Avaldsnes\" \/>\n<meta property=\"og:description\" content=\"&nbsp; G\u00f8y for hele familien &nbsp; Vikingjakten p\u00e5 Avaldsnes I Nordvegen Historiesenter kan du f\u00e5 aktivitetskartet Vikingjakten p\u00e5 Avaldsnes. Der finner\" \/>\n<meta property=\"og:url\" content=\"https:\/\/avaldsnes.info\/en\/barn-og-unge\/\" \/>\n<meta property=\"og:site_name\" content=\"Avaldsnes\" \/>\n<meta property=\"article:modified_time\" content=\"2025-02-18T13:02:51+00:00\" \/>\n<meta property=\"og:image\" content=\"https:\/\/avaldsnes.info\/content\/uploads\/2012\/12\/Vikingjakten-n-Kopi-300x210.jpg\" \/>\n<meta name=\"twitter:label1\" content=\"Est. reading time\" \/>\n\t<meta name=\"twitter:data1\" content=\"6 minutes\" \/>\n<script type=\"application\/ld+json\" class=\"yoast-schema-graph\">{\"@context\":\"https:\/\/schema.org\",\"@graph\":[{\"@type\":\"WebPage\",\"@id\":\"https:\/\/avaldsnes.info\/en\/barn-og-unge\/\",\"url\":\"https:\/\/avaldsnes.info\/en\/barn-og-unge\/\",\"name\":\"Barn og ungeChildren and familiesBarn og Unge - Avaldsnes\",\"isPartOf\":{\"@id\":\"https:\/\/avaldsnes.info\/en\/#website\"},\"primaryImageOfPage\":{\"@id\":\"https:\/\/avaldsnes.info\/en\/barn-og-unge\/#primaryimage\"},\"image\":{\"@id\":\"https:\/\/avaldsnes.info\/en\/barn-og-unge\/#primaryimage\"},\"thumbnailUrl\":\"https:\/\/avaldsnes.info\/content\/uploads\/2012\/12\/Vikingjakten-n-Kopi-300x210.jpg\",\"datePublished\":\"2012-12-10T13:52:35+00:00\",\"dateModified\":\"2025-02-18T13:02:51+00:00\",\"description\":\"&nbsp; G\u00f8y for hele familien &nbsp; Vikingjakten p\u00e5 Avaldsnes I Nordvegen Historiesenter kan du f\u00e5 aktivitetskartet Vikingjakten p\u00e5 Avaldsnes. Der finner\",\"breadcrumb\":{\"@id\":\"https:\/\/avaldsnes.info\/en\/barn-og-unge\/#breadcrumb\"},\"inLanguage\":\"en-US\",\"potentialAction\":[{\"@type\":\"ReadAction\",\"target\":[[\"https:\/\/avaldsnes.info\/en\/barn-og-unge\/\"]]}]},{\"@type\":\"ImageObject\",\"inLanguage\":\"en-US\",\"@id\":\"https:\/\/avaldsnes.info\/en\/barn-og-unge\/#primaryimage\",\"url\":\"https:\/\/avaldsnes.info\/content\/uploads\/2012\/12\/Vikingjakten-n-Kopi-300x210.jpg\",\"contentUrl\":\"https:\/\/avaldsnes.info\/content\/uploads\/2012\/12\/Vikingjakten-n-Kopi-300x210.jpg\"},{\"@type\":\"BreadcrumbList\",\"@id\":\"https:\/\/avaldsnes.info\/en\/barn-og-unge\/#breadcrumb\",\"itemListElement\":[{\"@type\":\"ListItem\",\"position\":1,\"name\":\"Home\",\"item\":\"https:\/\/avaldsnes.info\/en\/\"},{\"@type\":\"ListItem\",\"position\":2,\"name\":\"Children and families\"}]},{\"@type\":\"WebSite\",\"@id\":\"https:\/\/avaldsnes.info\/en\/#website\",\"url\":\"https:\/\/avaldsnes.info\/en\/\",\"name\":\"Avaldsnes\",\"description\":\"Norges eldste kongesete\",\"potentialAction\":[{\"@type\":\"SearchAction\",\"target\":{\"@type\":\"EntryPoint\",\"urlTemplate\":\"https:\/\/avaldsnes.info\/en\/?s={search_term_string}\"},\"query-input\":{\"@type\":\"PropertyValueSpecification\",\"valueRequired\":true,\"valueName\":\"search_term_string\"}}],\"inLanguage\":\"en-US\"}]}<\/script>\n<!-- \/ Yoast SEO plugin. -->","yoast_head_json":{"title":"Barn og ungeChildren and familiesBarn og Unge - Avaldsnes","description":"&nbsp; G\u00f8y for hele familien &nbsp; Vikingjakten p\u00e5 Avaldsnes I Nordvegen Historiesenter kan du f\u00e5 aktivitetskartet Vikingjakten p\u00e5 Avaldsnes. Der finner","robots":{"index":"index","follow":"follow","max-snippet":"max-snippet:-1","max-image-preview":"max-image-preview:large","max-video-preview":"max-video-preview:-1"},"canonical":"https:\/\/avaldsnes.info\/en\/barn-og-unge\/","og_locale":"en_US","og_type":"article","og_title":"Barn og ungeChildren and familiesBarn og Unge - Avaldsnes","og_description":"&nbsp; G\u00f8y for hele familien &nbsp; Vikingjakten p\u00e5 Avaldsnes I Nordvegen Historiesenter kan du f\u00e5 aktivitetskartet Vikingjakten p\u00e5 Avaldsnes. Der finner","og_url":"https:\/\/avaldsnes.info\/en\/barn-og-unge\/","og_site_name":"Avaldsnes","article_modified_time":"2025-02-18T13:02:51+00:00","og_image":[{"url":"https:\/\/avaldsnes.info\/content\/uploads\/2012\/12\/Vikingjakten-n-Kopi-300x210.jpg","type":"","width":"","height":""}],"twitter_misc":{"Est. reading time":"6 minutes"},"schema":{"@context":"https:\/\/schema.org","@graph":[{"@type":"WebPage","@id":"https:\/\/avaldsnes.info\/en\/barn-og-unge\/","url":"https:\/\/avaldsnes.info\/en\/barn-og-unge\/","name":"Barn og ungeChildren and familiesBarn og Unge - Avaldsnes","isPartOf":{"@id":"https:\/\/avaldsnes.info\/en\/#website"},"primaryImageOfPage":{"@id":"https:\/\/avaldsnes.info\/en\/barn-og-unge\/#primaryimage"},"image":{"@id":"https:\/\/avaldsnes.info\/en\/barn-og-unge\/#primaryimage"},"thumbnailUrl":"https:\/\/avaldsnes.info\/content\/uploads\/2012\/12\/Vikingjakten-n-Kopi-300x210.jpg","datePublished":"2012-12-10T13:52:35+00:00","dateModified":"2025-02-18T13:02:51+00:00","description":"&nbsp; G\u00f8y for hele familien &nbsp; Vikingjakten p\u00e5 Avaldsnes I Nordvegen Historiesenter kan du f\u00e5 aktivitetskartet Vikingjakten p\u00e5 Avaldsnes. Der finner","breadcrumb":{"@id":"https:\/\/avaldsnes.info\/en\/barn-og-unge\/#breadcrumb"},"inLanguage":"en-US","potentialAction":[{"@type":"ReadAction","target":[["https:\/\/avaldsnes.info\/en\/barn-og-unge\/"]]}]},{"@type":"ImageObject","inLanguage":"en-US","@id":"https:\/\/avaldsnes.info\/en\/barn-og-unge\/#primaryimage","url":"https:\/\/avaldsnes.info\/content\/uploads\/2012\/12\/Vikingjakten-n-Kopi-300x210.jpg","contentUrl":"https:\/\/avaldsnes.info\/content\/uploads\/2012\/12\/Vikingjakten-n-Kopi-300x210.jpg"},{"@type":"BreadcrumbList","@id":"https:\/\/avaldsnes.info\/en\/barn-og-unge\/#breadcrumb","itemListElement":[{"@type":"ListItem","position":1,"name":"Home","item":"https:\/\/avaldsnes.info\/en\/"},{"@type":"ListItem","position":2,"name":"Children and families"}]},{"@type":"WebSite","@id":"https:\/\/avaldsnes.info\/en\/#website","url":"https:\/\/avaldsnes.info\/en\/","name":"Avaldsnes","description":"Norges eldste kongesete","potentialAction":[{"@type":"SearchAction","target":{"@type":"EntryPoint","urlTemplate":"https:\/\/avaldsnes.info\/en\/?s={search_term_string}"},"query-input":{"@type":"PropertyValueSpecification","valueRequired":true,"valueName":"search_term_string"}}],"inLanguage":"en-US"}]}},"_links":{"self":[{"href":"https:\/\/avaldsnes.info\/en\/wp-json\/wp\/v2\/pages\/15"}],"collection":[{"href":"https:\/\/avaldsnes.info\/en\/wp-json\/wp\/v2\/pages"}],"about":[{"href":"https:\/\/avaldsnes.info\/en\/wp-json\/wp\/v2\/types\/page"}],"author":[{"embeddable":true,"href":"https:\/\/avaldsnes.info\/en\/wp-json\/wp\/v2\/users\/4"}],"replies":[{"embeddable":true,"href":"https:\/\/avaldsnes.info\/en\/wp-json\/wp\/v2\/comments?post=15"}],"version-history":[{"count":82,"href":"https:\/\/avaldsnes.info\/en\/wp-json\/wp\/v2\/pages\/15\/revisions"}],"predecessor-version":[{"id":6557,"href":"https:\/\/avaldsnes.info\/en\/wp-json\/wp\/v2\/pages\/15\/revisions\/6557"}],"wp:attachment":[{"href":"https:\/\/avaldsnes.info\/en\/wp-json\/wp\/v2\/media?parent=15"}],"curies":[{"name":"wp","href":"https:\/\/api.w.org\/{rel}","templated":true}]}}