{"id":13,"date":"2012-12-10T13:52:29","date_gmt":"2012-12-10T13:52:29","guid":{"rendered":"https:\/\/avaldsnes.info\/?page_id=13"},"modified":"2026-02-25T09:40:35","modified_gmt":"2026-02-25T09:40:35","slug":"olavskirken","status":"publish","type":"page","link":"https:\/\/avaldsnes.info\/en\/olavskirken\/","title":{"rendered":"St. Olav&#8217;s Church"},"content":{"rendered":"<p><\/p>\n<p><p><span style=\"color: #888888;\">Text: Marit Synn\u00f8ve Vea<\/span><\/p>\n<div id=\"attachment_2213\" style=\"width: 310px\" class=\"wp-caption aligncenter\"><a href=\"https:\/\/avaldsnes.info\/content\/uploads\/2012\/12\/Olavskirken-fra-s\u00f8r\u00f8st.jpg\"><img loading=\"lazy\" decoding=\"async\" aria-describedby=\"caption-attachment-2213\" class=\"size-medium wp-image-2213 \" src=\"https:\/\/avaldsnes.info\/content\/uploads\/2012\/12\/Olavskirken-fra-s\u00f8r\u00f8st-300x225.jpg\" alt=\"The chancel door opens outwards - a clear sign that there was once a room directly outside it. The hall and the church was probably connected. (Photo Marit Synn\u00f8ve Vea)\" width=\"300\" height=\"225\" srcset=\"https:\/\/avaldsnes.info\/content\/uploads\/2012\/12\/Olavskirken-fra-s\u00f8r\u00f8st-300x225.jpg 300w, https:\/\/avaldsnes.info\/content\/uploads\/2012\/12\/Olavskirken-fra-s\u00f8r\u00f8st-1024x768.jpg 1024w, https:\/\/avaldsnes.info\/content\/uploads\/2012\/12\/Olavskirken-fra-s\u00f8r\u00f8st.jpg 1500w\" sizes=\"(max-width: 300px) 100vw, 300px\" \/><\/a><p id=\"caption-attachment-2213\" class=\"wp-caption-text\">The chancel door opens outwards &#8211; a clear sign that there was once a passageway outside it. The covered passageway led to the royal hall. (Photo Marit S. Vea)<\/p><\/div>\n<p>St Olav&#8217;s church (St Olaf&#8217;s church) at Avaldsnes was built by King H\u00e5kon H\u00e5konsson around 1250 as part of the royal manor complex at a time when Norway\u2019s power was at its greatest. \u00a0In 2017, the ruins of a fortified royal hall was excavated south of the church. The hall ended in a gate tower. From the tower a covered passageway in two floors led up to the chancel.<\/p>\n<p><a href=\"https:\/\/stavanger-kommune.h5p.com\/content\/1291138907927517417\">Look inside St Olav&#8217;s church\u00a0\u00a0<\/a><\/p>\n<p><strong>A CHURCH FOR PILEGRIMS<\/strong><br \/>\nH\u00e5kon H\u00e5konsson consecrated the church to St. Olav, and the church became an important stopping place for pilgrims going to Nidaros. There are still place names and tales from North Karm\u00f8y which remind us of this pilgrim route.<\/p>\n<p>In earlier times St Olav&#8217;s Church had both an Olav&#8217;s altar and an altar that was dedicated to the Virgin Mary, and perhaps there was also a St Michael&#8217;s altar.<\/p>\n<p>On the north side of the church we can see a bricked up door. This was the pilgrims\u2019 entrance, as they always had to enter any church with their backs to the north. If you take the same way as the pilgrims you can see curved marks and runes from both olden and more modern times on the grey church walls.<\/p>\n<div id=\"attachment_5300\" style=\"width: 310px\" class=\"wp-caption aligncenter\"><a href=\"https:\/\/avaldsnes.info\/content\/uploads\/2012\/12\/Avaldsnes_06.jpg\"><img loading=\"lazy\" decoding=\"async\" aria-describedby=\"caption-attachment-5300\" class=\"size-medium wp-image-5300\" src=\"https:\/\/avaldsnes.info\/content\/uploads\/2012\/12\/Avaldsnes_06-300x171.jpg\" alt=\"Avaldsnes kongsg\u00e5rd rundt \u00e5r 1300. (Ill. Arkikon)\" width=\"300\" height=\"171\" srcset=\"https:\/\/avaldsnes.info\/content\/uploads\/2012\/12\/Avaldsnes_06-300x171.jpg 300w, https:\/\/avaldsnes.info\/content\/uploads\/2012\/12\/Avaldsnes_06-1024x583.jpg 1024w, https:\/\/avaldsnes.info\/content\/uploads\/2012\/12\/Avaldsnes_06.jpg 2000w\" sizes=\"(max-width: 300px) 100vw, 300px\" \/><\/a><p id=\"caption-attachment-5300\" class=\"wp-caption-text\">Avaldsnes Royal Manor around 1300. (Ill. Arkikon)<\/p><\/div>\n<p><strong>THE COLLEGIATE CHURCH<\/strong><br \/>\nEarly in the 1300&#8217;s H\u00e5kon Magnusson made St Olav&#8217;s Church one of only four royal collegiate churches in Norway, the others being at T\u00f8nsberg, Bergen and Oslo. Now St. Olav&#8217;s Church at Avaldsnes is the only one of the four left.<\/p>\n<p>The royal collegiate churches were the &#8216;universities&#8217; of their time, a place where the King could have his own trusted priests and advisers, all the other churches being under the control of bishops appointed by Rome. The royal collegiate churches were under the direct control of the King and were an important instrument in his power structure. All this tells us that the Royal Manor at Avaldsnes had a very important position in the 1200&#8217;s and 1300&#8217;s.<\/p>\n<div id=\"attachment_2216\" style=\"width: 310px\" class=\"wp-caption aligncenter\"><a href=\"https:\/\/avaldsnes.info\/content\/uploads\/2012\/12\/JC-Dahl.jpg\"><img loading=\"lazy\" decoding=\"async\" aria-describedby=\"caption-attachment-2216\" class=\"size-medium wp-image-2216  \" src=\"https:\/\/avaldsnes.info\/content\/uploads\/2012\/12\/JC-Dahl-300x238.jpg\" alt=\"\" width=\"300\" height=\"238\" srcset=\"https:\/\/avaldsnes.info\/content\/uploads\/2012\/12\/JC-Dahl-300x238.jpg 300w, https:\/\/avaldsnes.info\/content\/uploads\/2012\/12\/JC-Dahl-1024x813.jpg 1024w, https:\/\/avaldsnes.info\/content\/uploads\/2012\/12\/JC-Dahl.jpg 1128w\" sizes=\"(max-width: 300px) 100vw, 300px\" \/><\/a><p id=\"caption-attachment-2216\" class=\"wp-caption-text\">&#8220;Avaldsnes on Karm\u00f8y 1813&#8221;, Painting by I.C. Dahl. (Photo J. Lathion, National Gallery)<\/p><\/div>\n<p><strong>DECEY<\/strong><br \/>\nAfter the Reformation in 1536, the church fell into disrepair. In the midst of the 19th Century the restoration work started and in 1929 the restoration was completed and the church was restored as you see it today.<\/p>\n<p><strong>ST OLAV\u2019S CHURCH DURING THE 2. WORLD WAR<\/strong><br \/>\nDuring the 2. World War the Germans wanted to tear down the church tower because British pilots used it as a landmark when they should bomb the strait Karmsund. But the National Heritage authorities together with the locals managed to prevent it because they built a wooden skeleton over the church. The intention was that the church should look like a hill from the air.<\/p>\n<p>From all over Karm\u00f8y young candidates for confirmation came to Avaldsnes to be confirmed illegal in the St Olav&#8217;s church.<\/p>\n<\/p>\n<p><\/p>","protected":false},"excerpt":{"rendered":"<p>Text: Marit Synn\u00f8ve Vea St Olav&#8217;s church (St Olaf&#8217;s church) at Avaldsnes was built by King H\u00e5kon H\u00e5konsson around 1250 as part of the royal manor complex at a time when Norway\u2019s power was at its greatest. \u00a0In 2017, the ruins of a fortified royal hall was excavated south of the church. The hall ended [&hellip;]<\/p>\n","protected":false},"author":1,"featured_media":0,"parent":0,"menu_order":4,"comment_status":"closed","ping_status":"open","template":"","meta":{"footnotes":""},"yoast_head":"<!-- This site is optimized with the Yoast SEO plugin v27.1.1 - https:\/\/yoast.com\/product\/yoast-seo-wordpress\/ -->\n<title>Olavskirken - Avaldsnes<\/title>\n<meta name=\"description\" content=\"Olavskirken p\u00e5 Avaldsnes ble reist av H\u00e5kon H\u00e5konsson rundt 1250. Den var da kongens personlige kirke og en del av et st\u00f8rre kongsg\u00e5rdanlegg. Trolig har den v\u00e6rt en overbygd gangveg fra kirken til kongshallen.\" \/>\n<meta name=\"robots\" content=\"index, follow, max-snippet:-1, max-image-preview:large, max-video-preview:-1\" \/>\n<link rel=\"canonical\" href=\"https:\/\/avaldsnes.info\/en\/olavskirken\/\" \/>\n<meta property=\"og:locale\" content=\"en_US\" \/>\n<meta property=\"og:type\" content=\"article\" \/>\n<meta property=\"og:title\" content=\"Olavskirken - Avaldsnes\" \/>\n<meta property=\"og:description\" content=\"Olavskirken p\u00e5 Avaldsnes ble reist av H\u00e5kon H\u00e5konsson rundt 1250. Den var da kongens personlige kirke og en del av et st\u00f8rre kongsg\u00e5rdanlegg. Trolig har den v\u00e6rt en overbygd gangveg fra kirken til kongshallen.\" \/>\n<meta property=\"og:url\" content=\"https:\/\/avaldsnes.info\/en\/olavskirken\/\" \/>\n<meta property=\"og:site_name\" content=\"Avaldsnes\" \/>\n<meta property=\"article:modified_time\" content=\"2026-02-25T09:40:35+00:00\" \/>\n<meta property=\"og:image\" content=\"https:\/\/avaldsnes.info\/content\/uploads\/2012\/12\/Avaldsnes_06-300x171.jpg\" \/>\n<meta name=\"twitter:label1\" content=\"Est. reading time\" \/>\n\t<meta name=\"twitter:data1\" content=\"5 minutes\" \/>\n<script type=\"application\/ld+json\" class=\"yoast-schema-graph\">{\"@context\":\"https:\/\/schema.org\",\"@graph\":[{\"@type\":\"WebPage\",\"@id\":\"https:\/\/avaldsnes.info\/en\/olavskirken\/\",\"url\":\"https:\/\/avaldsnes.info\/en\/olavskirken\/\",\"name\":\"Olavskirken - Avaldsnes\",\"isPartOf\":{\"@id\":\"https:\/\/avaldsnes.info\/en\/#website\"},\"primaryImageOfPage\":{\"@id\":\"https:\/\/avaldsnes.info\/en\/olavskirken\/#primaryimage\"},\"image\":{\"@id\":\"https:\/\/avaldsnes.info\/en\/olavskirken\/#primaryimage\"},\"thumbnailUrl\":\"https:\/\/avaldsnes.info\/content\/uploads\/2012\/12\/Avaldsnes_06-300x171.jpg\",\"datePublished\":\"2012-12-10T13:52:29+00:00\",\"dateModified\":\"2026-02-25T09:40:35+00:00\",\"description\":\"Olavskirken p\u00e5 Avaldsnes ble reist av H\u00e5kon H\u00e5konsson rundt 1250. Den var da kongens personlige kirke og en del av et st\u00f8rre kongsg\u00e5rdanlegg. Trolig har den v\u00e6rt en overbygd gangveg fra kirken til kongshallen.\",\"breadcrumb\":{\"@id\":\"https:\/\/avaldsnes.info\/en\/olavskirken\/#breadcrumb\"},\"inLanguage\":\"en-US\",\"potentialAction\":[{\"@type\":\"ReadAction\",\"target\":[[\"https:\/\/avaldsnes.info\/en\/olavskirken\/\"]]}]},{\"@type\":\"ImageObject\",\"inLanguage\":\"en-US\",\"@id\":\"https:\/\/avaldsnes.info\/en\/olavskirken\/#primaryimage\",\"url\":\"https:\/\/avaldsnes.info\/content\/uploads\/2012\/12\/Avaldsnes_06-300x171.jpg\",\"contentUrl\":\"https:\/\/avaldsnes.info\/content\/uploads\/2012\/12\/Avaldsnes_06-300x171.jpg\"},{\"@type\":\"BreadcrumbList\",\"@id\":\"https:\/\/avaldsnes.info\/en\/olavskirken\/#breadcrumb\",\"itemListElement\":[{\"@type\":\"ListItem\",\"position\":1,\"name\":\"Home\",\"item\":\"https:\/\/avaldsnes.info\/en\/\"},{\"@type\":\"ListItem\",\"position\":2,\"name\":\"St. Olav&#8217;s Church\"}]},{\"@type\":\"WebSite\",\"@id\":\"https:\/\/avaldsnes.info\/en\/#website\",\"url\":\"https:\/\/avaldsnes.info\/en\/\",\"name\":\"Avaldsnes\",\"description\":\"Norges eldste kongesete\",\"potentialAction\":[{\"@type\":\"SearchAction\",\"target\":{\"@type\":\"EntryPoint\",\"urlTemplate\":\"https:\/\/avaldsnes.info\/en\/?s={search_term_string}\"},\"query-input\":{\"@type\":\"PropertyValueSpecification\",\"valueRequired\":true,\"valueName\":\"search_term_string\"}}],\"inLanguage\":\"en-US\"}]}<\/script>\n<!-- \/ Yoast SEO plugin. -->","yoast_head_json":{"title":"Olavskirken - Avaldsnes","description":"Olavskirken p\u00e5 Avaldsnes ble reist av H\u00e5kon H\u00e5konsson rundt 1250. Den var da kongens personlige kirke og en del av et st\u00f8rre kongsg\u00e5rdanlegg. Trolig har den v\u00e6rt en overbygd gangveg fra kirken til kongshallen.","robots":{"index":"index","follow":"follow","max-snippet":"max-snippet:-1","max-image-preview":"max-image-preview:large","max-video-preview":"max-video-preview:-1"},"canonical":"https:\/\/avaldsnes.info\/en\/olavskirken\/","og_locale":"en_US","og_type":"article","og_title":"Olavskirken - Avaldsnes","og_description":"Olavskirken p\u00e5 Avaldsnes ble reist av H\u00e5kon H\u00e5konsson rundt 1250. Den var da kongens personlige kirke og en del av et st\u00f8rre kongsg\u00e5rdanlegg. Trolig har den v\u00e6rt en overbygd gangveg fra kirken til kongshallen.","og_url":"https:\/\/avaldsnes.info\/en\/olavskirken\/","og_site_name":"Avaldsnes","article_modified_time":"2026-02-25T09:40:35+00:00","og_image":[{"url":"https:\/\/avaldsnes.info\/content\/uploads\/2012\/12\/Avaldsnes_06-300x171.jpg","type":"","width":"","height":""}],"twitter_misc":{"Est. reading time":"5 minutes"},"schema":{"@context":"https:\/\/schema.org","@graph":[{"@type":"WebPage","@id":"https:\/\/avaldsnes.info\/en\/olavskirken\/","url":"https:\/\/avaldsnes.info\/en\/olavskirken\/","name":"Olavskirken - Avaldsnes","isPartOf":{"@id":"https:\/\/avaldsnes.info\/en\/#website"},"primaryImageOfPage":{"@id":"https:\/\/avaldsnes.info\/en\/olavskirken\/#primaryimage"},"image":{"@id":"https:\/\/avaldsnes.info\/en\/olavskirken\/#primaryimage"},"thumbnailUrl":"https:\/\/avaldsnes.info\/content\/uploads\/2012\/12\/Avaldsnes_06-300x171.jpg","datePublished":"2012-12-10T13:52:29+00:00","dateModified":"2026-02-25T09:40:35+00:00","description":"Olavskirken p\u00e5 Avaldsnes ble reist av H\u00e5kon H\u00e5konsson rundt 1250. Den var da kongens personlige kirke og en del av et st\u00f8rre kongsg\u00e5rdanlegg. Trolig har den v\u00e6rt en overbygd gangveg fra kirken til kongshallen.","breadcrumb":{"@id":"https:\/\/avaldsnes.info\/en\/olavskirken\/#breadcrumb"},"inLanguage":"en-US","potentialAction":[{"@type":"ReadAction","target":[["https:\/\/avaldsnes.info\/en\/olavskirken\/"]]}]},{"@type":"ImageObject","inLanguage":"en-US","@id":"https:\/\/avaldsnes.info\/en\/olavskirken\/#primaryimage","url":"https:\/\/avaldsnes.info\/content\/uploads\/2012\/12\/Avaldsnes_06-300x171.jpg","contentUrl":"https:\/\/avaldsnes.info\/content\/uploads\/2012\/12\/Avaldsnes_06-300x171.jpg"},{"@type":"BreadcrumbList","@id":"https:\/\/avaldsnes.info\/en\/olavskirken\/#breadcrumb","itemListElement":[{"@type":"ListItem","position":1,"name":"Home","item":"https:\/\/avaldsnes.info\/en\/"},{"@type":"ListItem","position":2,"name":"St. Olav&#8217;s Church"}]},{"@type":"WebSite","@id":"https:\/\/avaldsnes.info\/en\/#website","url":"https:\/\/avaldsnes.info\/en\/","name":"Avaldsnes","description":"Norges eldste kongesete","potentialAction":[{"@type":"SearchAction","target":{"@type":"EntryPoint","urlTemplate":"https:\/\/avaldsnes.info\/en\/?s={search_term_string}"},"query-input":{"@type":"PropertyValueSpecification","valueRequired":true,"valueName":"search_term_string"}}],"inLanguage":"en-US"}]}},"_links":{"self":[{"href":"https:\/\/avaldsnes.info\/en\/wp-json\/wp\/v2\/pages\/13"}],"collection":[{"href":"https:\/\/avaldsnes.info\/en\/wp-json\/wp\/v2\/pages"}],"about":[{"href":"https:\/\/avaldsnes.info\/en\/wp-json\/wp\/v2\/types\/page"}],"author":[{"embeddable":true,"href":"https:\/\/avaldsnes.info\/en\/wp-json\/wp\/v2\/users\/1"}],"replies":[{"embeddable":true,"href":"https:\/\/avaldsnes.info\/en\/wp-json\/wp\/v2\/comments?post=13"}],"version-history":[{"count":53,"href":"https:\/\/avaldsnes.info\/en\/wp-json\/wp\/v2\/pages\/13\/revisions"}],"predecessor-version":[{"id":6567,"href":"https:\/\/avaldsnes.info\/en\/wp-json\/wp\/v2\/pages\/13\/revisions\/6567"}],"wp:attachment":[{"href":"https:\/\/avaldsnes.info\/en\/wp-json\/wp\/v2\/media?parent=13"}],"curies":[{"name":"wp","href":"https:\/\/api.w.org\/{rel}","templated":true}]}}