{"id":124,"date":"2013-03-25T10:32:27","date_gmt":"2013-03-25T10:32:27","guid":{"rendered":"https:\/\/avaldsnes.info\/?page_id=124"},"modified":"2022-08-09T12:26:37","modified_gmt":"2022-08-09T12:26:37","slug":"%e4%b8%ad%e6%96%87-presse","status":"publish","type":"page","link":"https:\/\/avaldsnes.info\/en\/informasjon\/%e4%b8%ad%e6%96%87-presse\/","title":{"rendered":"Flag Mound Prince"},"content":{"rendered":"<p><span style=\"color: #808080;\">Text: Marit Synn\u00f8ve Vea<\/span><\/p>\n<div id=\"attachment_2062\" style=\"width: 235px\" class=\"wp-caption aligncenter\"><a href=\"https:\/\/avaldsnes.info\/content\/uploads\/2013\/03\/flagghaugfunn1.jpg\"><img loading=\"lazy\" decoding=\"async\" aria-describedby=\"caption-attachment-2062\" class=\"wp-image-2062 size-medium\" src=\"https:\/\/avaldsnes.info\/content\/uploads\/2013\/03\/flagghaugfunn1-225x300.jpg\" alt=\"Some objecst from the Flag Mound burial exhibited in the Nation Museum in Copenhagen. (Foto Marit Synn\u00f8ve Vea)\" width=\"225\" height=\"300\" srcset=\"https:\/\/avaldsnes.info\/content\/uploads\/2013\/03\/flagghaugfunn1-225x300.jpg 225w, https:\/\/avaldsnes.info\/content\/uploads\/2013\/03\/flagghaugfunn1-768x1024.jpg 768w, https:\/\/avaldsnes.info\/content\/uploads\/2013\/03\/flagghaugfunn1.jpg 1500w\" sizes=\"(max-width: 225px) 100vw, 225px\" \/><\/a><p id=\"caption-attachment-2062\" class=\"wp-caption-text\">Some objects from the Flag Mound burial exhibited in the National Museum in Copenhagen. (Photo Marit Synn\u00f8ve Vea)<\/p><\/div>\n<p>The Prince of the Flag Mound lived during the 3rd century and may have been one of the first of the princes at Avaldsnes who was called \u201cking\u201d (Old Norse konungr). He was in any case wealthier and more powerful than many of the kings who reigned at Avaldsnes after him. We do not know the Prince of the Flag Mound\u2019s real name, but he must have been famous in his own lifetime.<\/p>\n<p><strong>THE FLAG MOUND (FLAGGHAUGEN)<\/strong><br \/>\nWhen the Prince \u2013 or King &#8211; of the Flag Mound died, he was buried in a large mound at Avaldsnes. The mound was 43 m in diameter and 5 m high, but it looked even larger than this because of its location on the edge of a ridge. The mound was opened in 1834\/35. Inside, there was a chamber of slate slabs where the Prince lay in a coffin of oak planks surrounded by birch bark.<\/p>\n<p>The pagan circle of five monumental stones to which the Virgin Mary\u2019s Sewing Needle belonged, may have been erected in the time of the Prince of the Flag Mound. Perhaps the princes at Avaldsnes had already begun claiming in the 3rd century that they were descended from divine beings?<\/p>\n<p><strong>THE SCANDINAVIAN GRAVE FROM LATE ROMAN TIMES WITH THE MOST GOLD<\/strong><br \/>\nThe Prince of the Flag Mound was buried with more gold than any other prince in Scandinavia at this time. With him in the grave were also beautiful Roman imported goods and weapons.<\/p>\n<p><strong>\u201cTHE LORD OF THE RINGS\u201d<\/strong><br \/>\nThe Prince of the Flag Mound was buried with a neck ring of gold. The neck ring weighs 590 grams and appears to have been opened many times in order to place it around his neck. The Prince of the Flag Mound is the only person we know of in Norway who was buried with a neck ring of gold. As such, this object represents an exceptional status symbol; on the Continent, gold neck rings are only found in graves containing the very wealthiest of objects, where even the points of arrows are made of silver. Lower down in the hierarchy, we find people with bracelets of gold, followed further down by those with finger rings.<\/p>\n<p>In addition, three smaller finger rings of gold were found with the Prince. Three other finger rings were found in a secondary burial in the Flag Mound.<\/p>\n<div id=\"attachment_2064\" style=\"width: 310px\" class=\"wp-caption aligncenter\"><a href=\"https:\/\/avaldsnes.info\/content\/uploads\/2013\/03\/Halsring-av-gull-Flagghaugen-Foto-Ole-Jacob-Worraa.jpg\"><img loading=\"lazy\" decoding=\"async\" aria-describedby=\"caption-attachment-2064\" class=\"wp-image-2064 size-medium\" src=\"https:\/\/avaldsnes.info\/content\/uploads\/2013\/03\/Halsring-av-gull-Flagghaugen-Foto-Ole-Jacob-Worraa-300x213.jpg\" alt=\"Flagghaugfyrsten er den einaste i Noreg vi veit av som har f\u00e5tt ein halsring av gull med seg i grava. (Foto Ole Jakob Vorraa)\" width=\"300\" height=\"213\" srcset=\"https:\/\/avaldsnes.info\/content\/uploads\/2013\/03\/Halsring-av-gull-Flagghaugen-Foto-Ole-Jacob-Worraa-300x213.jpg 300w, https:\/\/avaldsnes.info\/content\/uploads\/2013\/03\/Halsring-av-gull-Flagghaugen-Foto-Ole-Jacob-Worraa-1024x729.jpg 1024w, https:\/\/avaldsnes.info\/content\/uploads\/2013\/03\/Halsring-av-gull-Flagghaugen-Foto-Ole-Jacob-Worraa.jpg 1400w\" sizes=\"(max-width: 300px) 100vw, 300px\" \/><\/a><p id=\"caption-attachment-2064\" class=\"wp-caption-text\">The Prince of the Flag Mound is the only person we know of in Norway who was buried with a neck ring of gold. (Foto Ole Jakob Vorraa)<\/p><\/div>\n<p><strong>A EUROPEAN WARRIOR PRINCE<\/strong><br \/>\nIn the 3rd century, Avaldsnes was a top-ranking political hub in Northern Europe. A few graves of similar status exist in parts of Germany and Eastern Europe. Close contact with the Romans must have been a key source of the wealth acquired by the Prince of the Flag Mound.<\/p>\n<p><strong>WAGNIJO, NITHIJO OG LAGUTHEWA<\/strong><br \/>\nThe Prince of the Flag Mound may have been a member of the elite who sent an army of 1000 men to Jutland, where they lost a battle. After the battle, their weapons were sacrificially laid in a marsh at Illerup in Jutland. Runic inscriptions reveal the names of three men belonging to the military elite of this army: Wagnijo, Nithijo and Laguthewa. Could one of these have been the Prince of the Flag Mound? Or was he a descendant of one of these three military commanders? Whatever the answer, the Prince of the Flag Mound was the most powerful prince on the Norwegian coast at this time.<\/p>\n<p><strong>THE NEW WARRIOR PRINCE<\/strong><br \/>\nThe riches and weapons in the Flag Mound point to important developments in Northern Europe. A small number of princes have become very powerful. During the Late Roman Period, there was war and turmoil in Europe. Germanic tribes were attacking the borders of the Roman Empire. The Prince of the Flag Mound may have been a northern chieftain who ttook part in these battles.<\/p>\n<div id=\"attachment_867\" style=\"width: 310px\" class=\"wp-caption aligncenter\"><a href=\"https:\/\/avaldsnes.info\/content\/uploads\/2013\/08\/Fingerring-av-gull-fra-Flagghaugen.Foto-Bergen-Museum.jpg\"><img loading=\"lazy\" decoding=\"async\" aria-describedby=\"caption-attachment-867\" class=\"wp-image-867 size-medium\" src=\"https:\/\/avaldsnes.info\/content\/uploads\/2013\/08\/Fingerring-av-gull-fra-Flagghaugen.Foto-Bergen-Museum-300x232.jpg\" alt=\"Fingerring fra Flagghaugen. (Foto Bergen Museum)\" width=\"300\" height=\"232\" srcset=\"https:\/\/avaldsnes.info\/content\/uploads\/2013\/08\/Fingerring-av-gull-fra-Flagghaugen.Foto-Bergen-Museum-300x232.jpg 300w, https:\/\/avaldsnes.info\/content\/uploads\/2013\/08\/Fingerring-av-gull-fra-Flagghaugen.Foto-Bergen-Museum.jpg 1000w\" sizes=\"(max-width: 300px) 100vw, 300px\" \/><\/a><p id=\"caption-attachment-867\" class=\"wp-caption-text\">Finger ring from from the Flag Mound. (Photo Bergen Museum)<\/p><\/div>\n<p><strong>ENORMOUS WEAPON SACRIFICES IN DENMARK<\/strong><br \/>\nAt Illerup in Jutland, large amounts of war equipment were found that had been smashed to pieces and sacrificially laid in a marsh some time during the 3rd century. The destroyed objects are a silent witness to around 1000 warriors who sailed over the Skagerrak in 50 ships. They disembarked on Jutland, fought in a terrible battle and were slain. The army that was beaten at Illerup had 4-10 commanders, 30-40 officers and warriors in divisions of cavalry, archers and spear and lance-bearers.<\/p>\n<p>Perhaps the Prince of the Flag Mound was one of the elite who sent this army down to Jutland. Or perhaps his army and its commanders were slain at Illerup on their way home from serving in the Roman army?<\/p>\n<p><strong>WAS THE PRINCE OF THE FLAG MOUND AN OFFICER IN THE ROMAN ARMY?<\/strong><br \/>\nThe reason for the power and wealth we find at Avaldsnes in the Late Roman Age is that the rulers here were in contact with influential and rich Romans. The costly Roman weapons and Roman imports found in the Prince of the Flag Mound\u2019s grave bear witness to this. So how could a prince from Western Norway come into contact with the powerful Romans?<\/p>\n<p>The sons of Germanic chieftains sometimes served for 10-20 years as high-ranking officers in the Roman army. They were trained in Roman warfare, administration and culture. Germanic officers of this kind could be sent to far-flung parts of the Roman Empire before they returned home with great riches and knowledge. The Prince of the Flag Mound may have been one of the officers who served in the Roman army some time during the 3rd century. His weapons show that he had been promoted to a very high military rank.<\/p>\n<div id=\"attachment_2069\" style=\"width: 240px\" class=\"wp-caption aligncenter\"><a href=\"https:\/\/avaldsnes.info\/content\/uploads\/2013\/03\/spredning-romertidsfunn.jpg\"><img loading=\"lazy\" decoding=\"async\" aria-describedby=\"caption-attachment-2069\" class=\"wp-image-2069 size-medium\" src=\"https:\/\/avaldsnes.info\/content\/uploads\/2013\/03\/spredning-romertidsfunn-230x300.jpg\" alt=\"NORD ROGALAND OG SUNNHORDLAND  Distribusjon av yngre romartids gullringar og prestisjegjenstandar som kan  knytast opp mot Flagghaugen. Plasseringa av gjenstandane  viser at herskaren hadde interesse av \u00e5 ha kontroll over strategisk viktige stader langs kommunikasjon \u00e5rene. (Etter Endre Elvestad)\" width=\"230\" height=\"300\" srcset=\"https:\/\/avaldsnes.info\/content\/uploads\/2013\/03\/spredning-romertidsfunn-230x300.jpg 230w, https:\/\/avaldsnes.info\/content\/uploads\/2013\/03\/spredning-romertidsfunn.jpg 416w\" sizes=\"(max-width: 230px) 100vw, 230px\" \/><\/a><p id=\"caption-attachment-2069\" class=\"wp-caption-text\">NORTHERN ROGALAND AND SUNNHORDLAND Distribution of gold rings and luxury goods from the Late Roman Period which can be connected with the Flag Mound. The localization of objects shows that the Prince was interested in having control over strategically important places along the communications routes. (After Endre Elvestad)<\/p><\/div>\n<p><strong>TRADE WITH THE ROMAN EMPIRE<\/strong><br \/>\nThere was certainly trade between the Roman Empire and Western Norway at this time. Some goods from Norway may have been in demand for equipping the Roman troops, which at their height comprised 650,000 men. It is likely that the Prince of the Flag Mound had the responsibility of administrating this trade.<\/p>\n<p><strong>THE RIGHT TO TRADE WITH THE ROMANS WAS A PRIVILEGE<\/strong><br \/>\nThe right to trade with the Romans was a great privilege bestowed on a few chosen rulers. To achieve this, the Prince of the Flag Mound must have had a network of alliances and contacts with other princes on the Continent.<\/p>\n<p><strong>THE WARRIOR PRINCE WHO BECAME A KING OF PEACE<\/strong><br \/>\nThe Prince of the Flag Mound may have won great power due to his prowess in war and his ability to build alliances with other warriors. Later on, it must have been important for him and his descendants to use this power to bring about peace and legal procedures to safeguard shipping and trade along the coast. The burial mounds and standing stones that stood along the strait of Karmsundet signalised this power to the people sailing through.<\/p>\n<p>In order to safeguard coastal trade, the Prince of the Flag mound also needed a network of loyal chieftains and allies in his own region. We can see traces of a network of this kind in Northern Rogaland and in Sunnhordland. Here there are many graves containing gold rings, weapons and luxury goods. Perhaps these belonged to the Prince of the Flag Mound\u2019s circle of chieftains and warriors?<\/p>\n<p><strong>BANQUETS AND GIFTS \u2013 IMPORTANT FOR THE ELITE<\/strong><br \/>\nIn the Prince of the Flag Mound\u2019s grave there were beautiful Roman objects designed for the table. It is likely that the Prince used these when he invited guests to a banquet. Banquets and the offering of gifts were extremely important activities for the elite. They promoted alliances and bonds of loyalty between the Prince and other influential men to whom he was not related.<\/p>\n<p>During the banquet, rich gifts would be given as a confirmation of these alliances. Costly objects from the Roman Empire were important symbols which made it possible to stay in power. If you had control of magnificent objects, you would also keep control over the bonds that held society together.<\/p>\n<div id=\"attachment_844\" style=\"width: 310px\" class=\"wp-caption aligncenter\"><a href=\"https:\/\/avaldsnes.info\/content\/uploads\/2013\/08\/flagghaug-mani.jpg\"><img loading=\"lazy\" decoding=\"async\" aria-describedby=\"caption-attachment-844\" class=\"wp-image-844 size-medium\" src=\"https:\/\/avaldsnes.info\/content\/uploads\/2013\/08\/flagghaug-mani-300x286.jpg\" alt=\"Slik kan Flagghaugen og dei fem bautasteinane ha sett ut i landskapet.\" width=\"300\" height=\"286\" srcset=\"https:\/\/avaldsnes.info\/content\/uploads\/2013\/08\/flagghaug-mani-300x286.jpg 300w, https:\/\/avaldsnes.info\/content\/uploads\/2013\/08\/flagghaug-mani.jpg 1000w\" sizes=\"(max-width: 300px) 100vw, 300px\" \/><\/a><p id=\"caption-attachment-844\" class=\"wp-caption-text\">This is how the Flag Mound and the five monumental stones might have looked like in the landscape.<\/p><\/div>\n<div id=\"attachment_2080\" style=\"width: 310px\" class=\"wp-caption aligncenter\"><a href=\"https:\/\/avaldsnes.info\/content\/uploads\/2013\/03\/Nils-Hertzberg-1828-1.jpg\"><img loading=\"lazy\" decoding=\"async\" aria-describedby=\"caption-attachment-2080\" class=\"wp-image-2080 size-medium\" src=\"https:\/\/avaldsnes.info\/content\/uploads\/2013\/03\/Nils-Hertzberg-1828-1-300x225.jpg\" alt=\"Olavskirken f\u00f8r restaurering. Flagghaugen til venstre. (Skisse Nils Hertzberg, 1828) \" width=\"300\" height=\"225\" srcset=\"https:\/\/avaldsnes.info\/content\/uploads\/2013\/03\/Nils-Hertzberg-1828-1-300x225.jpg 300w, https:\/\/avaldsnes.info\/content\/uploads\/2013\/03\/Nils-Hertzberg-1828-1-1024x769.jpg 1024w, https:\/\/avaldsnes.info\/content\/uploads\/2013\/03\/Nils-Hertzberg-1828-1.jpg 1400w\" sizes=\"(max-width: 300px) 100vw, 300px\" \/><\/a><p id=\"caption-attachment-2080\" class=\"wp-caption-text\">St. Olav&#8217;s Church before restoration. The Flag Mound to the left. (Sketch by Nils Hertzberg, 1828)<\/p><\/div>\n<p><strong>THE NAME FLAG MOUND<\/strong><br \/>\nThe burial mound was apparently given the name of Flag Mound because a flagpole stood there in recent times. (1) (2) Others believe the name comes from the Old Norse flag\u00f0, which means troll. (3)<\/p>\n<p>The mound has also been called the Cow Mound (4) and King Augvald\u2019s Mound. Tormod Torf\u00e6us is one of those who named the mound after King Augvald. Torf\u00e6us, who died long before the Flag Mound was opened, believed that Augvald lived in the 3rd century, even though the old genealogies dated his life to between 500 and 700 AD. But many generations can disappear from ancient family trees\u2026 (5) and maybe Augvald is actually a name associated with a number of rulers at Avaldsnes? (6)<\/p>\n<p><a href=\"https:\/\/avaldsnes.info\/en\/historie\/yngre-romertid-200-400-e-kr\/\">LIST OF FINDINGS FROM THE FLAG MOUND<\/a><\/p>\n<p><strong>Notes:<\/strong><br \/>\n1. Lars Skadberg, 1950 p. 16. \u00abOlavskyrkja og Kongsgarden p\u00e5 Avaldsnes\u00bb. (Nils Sund Forlag)<br \/>\n2. J. K. Christie: &#8220;Antikvarisk historisk tidsskrift, Urda&#8221; 1847: <em>\u00abSom man indseer, skriver dette Navn sig fra en paa H\u00f8ien oppreist Flagstang\u00bb)<\/em><br \/>\n3. H\u00e5kon Reiersen, 2009:<a href=\"http:\/\/www.academia.edu\/1142619\/The_Central_Place_of_the_Avaldsnes_Area_SW_Norway._An_Analysis_of_Elites_and_Central_Functions_along_Karmsund_200_BC-AD_1000\"><em> &#8220;<\/em>The Central Place of the Avaldsnes Area, SW Norway. An Analysis of Elites and Central Functions along Karmsund 200 BC \u2013 AD 1000&#8243;<\/a><br \/>\n4. J. K. Christie: &#8220;Antikvarisk historisk tidsskrift, Urda&#8221; 1847. <em>\u00abFor denne sidste Mening taler vel intet, uden en uhjemlet Beretning om, at h\u00f8ien ved Almuen skal v\u00e6re kaldt Kohaugen eller Kjyrehougen. (\u2026.) Koh\u00f8ien maa nu blive at s\u00f8ge etandetsteds, men i N\u00e6rheden, og er maaske den \u2013 knappe tohundre Skridt sydenfor Augvaldsh\u00f8ien (Flagghaugen) beliggende overmaade store, nu saakaldte Kjelderhoug, hvori for en del \u00e5r siden groves en Potetkjelder, ved hvilket Arbeide man paastaar en Bonde, der foretog Gravningen, skal v\u00e6re bliven rig; idetmindste var hans pludselige Overgang fra Armod til velstand etter Kjeldergravningen Folk paafaldende.\u00bb<\/em><br \/>\n5 .Tormod Torf\u00e6us, &#8220;Historia rerum Norwegicarum&#8221;, bind 1, (Eide Forlag 2008)<br \/>\n6. Marit Synn\u00f8ve Vea. 1999. &#8220;Den fabelaktige Augvald og hans \u00e6tt, Et hus med mange rom. Vennebok til Bj\u00f8rn Myhre p\u00e5 60-\u00e5rsdagen&#8221;. (AmS-Rapport, 11b , eds. T. Gansum &amp; A. Opedal. Arkeologisk Museum, UiS)<\/p>\n<p><strong>Main photoes\/illustrations:<\/strong><br \/>\nKIB media, Gunnar Str\u00f8m, Bergen Museum, Dag Frognes, Archaeological Museum, UiS<\/p>","protected":false},"excerpt":{"rendered":"<p>Text: Marit Synn\u00f8ve Vea The Prince of the Flag Mound lived during the 3rd century and may have been one of the first of the princes at Avaldsnes who was called \u201cking\u201d (Old Norse konungr). He was in any case wealthier and more powerful than many of the kings who reigned at Avaldsnes after him. [&hellip;]<\/p>\n","protected":false},"author":1,"featured_media":0,"parent":22,"menu_order":15,"comment_status":"closed","ping_status":"open","template":"","meta":{"footnotes":""},"yoast_head":"<!-- This site is optimized with the Yoast SEO plugin v27.1.1 - https:\/\/yoast.com\/product\/yoast-seo-wordpress\/ -->\n<title>Flagghaugfyrsten (Yngre romartid) Avaldsnes<\/title>\n<meta name=\"description\" content=\"Tekst Marit Synn\u00f8ve Vea Flagghaugfyrsten levde p\u00e5 200-talet. Han kan ha vore den f\u00f8rste av avaldsnesfyrstane som blei kalla konge (GN konungr) eller drott\" \/>\n<meta name=\"robots\" content=\"index, follow, max-snippet:-1, max-image-preview:large, max-video-preview:-1\" \/>\n<link rel=\"canonical\" href=\"https:\/\/avaldsnes.info\/en\/informasjon\/\u4e2d\u6587-presse\/\" \/>\n<meta property=\"og:locale\" content=\"en_US\" \/>\n<meta property=\"og:type\" content=\"article\" \/>\n<meta property=\"og:title\" content=\"Flagghaugfyrsten (Yngre romartid) Avaldsnes\" \/>\n<meta property=\"og:description\" content=\"Tekst Marit Synn\u00f8ve Vea Flagghaugfyrsten levde p\u00e5 200-talet. Han kan ha vore den f\u00f8rste av avaldsnesfyrstane som blei kalla konge (GN konungr) eller drott\" \/>\n<meta property=\"og:url\" content=\"https:\/\/avaldsnes.info\/en\/informasjon\/\u4e2d\u6587-presse\/\" \/>\n<meta property=\"og:site_name\" content=\"Avaldsnes\" \/>\n<meta property=\"article:modified_time\" content=\"2022-08-09T12:26:37+00:00\" \/>\n<meta property=\"og:image\" content=\"https:\/\/avaldsnes.info\/content\/uploads\/2013\/03\/flagghaugfunn1-225x300.jpg\" \/>\n<meta name=\"twitter:label1\" content=\"Est. reading time\" \/>\n\t<meta name=\"twitter:data1\" content=\"17 minutes\" \/>\n<script type=\"application\/ld+json\" class=\"yoast-schema-graph\">{\"@context\":\"https:\/\/schema.org\",\"@graph\":[{\"@type\":\"WebPage\",\"@id\":\"https:\/\/avaldsnes.info\/en\/informasjon\/%e4%b8%ad%e6%96%87-presse\/\",\"url\":\"https:\/\/avaldsnes.info\/en\/informasjon\/%e4%b8%ad%e6%96%87-presse\/\",\"name\":\"Flagghaugfyrsten (Yngre romartid) Avaldsnes\",\"isPartOf\":{\"@id\":\"https:\/\/avaldsnes.info\/en\/#website\"},\"primaryImageOfPage\":{\"@id\":\"https:\/\/avaldsnes.info\/en\/informasjon\/%e4%b8%ad%e6%96%87-presse\/#primaryimage\"},\"image\":{\"@id\":\"https:\/\/avaldsnes.info\/en\/informasjon\/%e4%b8%ad%e6%96%87-presse\/#primaryimage\"},\"thumbnailUrl\":\"https:\/\/avaldsnes.info\/content\/uploads\/2013\/03\/flagghaugfunn1-225x300.jpg\",\"datePublished\":\"2013-03-25T10:32:27+00:00\",\"dateModified\":\"2022-08-09T12:26:37+00:00\",\"description\":\"Tekst Marit Synn\u00f8ve Vea Flagghaugfyrsten levde p\u00e5 200-talet. Han kan ha vore den f\u00f8rste av avaldsnesfyrstane som blei kalla konge (GN konungr) eller drott\",\"breadcrumb\":{\"@id\":\"https:\/\/avaldsnes.info\/en\/informasjon\/%e4%b8%ad%e6%96%87-presse\/#breadcrumb\"},\"inLanguage\":\"en-US\",\"potentialAction\":[{\"@type\":\"ReadAction\",\"target\":[[\"https:\/\/avaldsnes.info\/en\/informasjon\/%e4%b8%ad%e6%96%87-presse\/\"]]}]},{\"@type\":\"ImageObject\",\"inLanguage\":\"en-US\",\"@id\":\"https:\/\/avaldsnes.info\/en\/informasjon\/%e4%b8%ad%e6%96%87-presse\/#primaryimage\",\"url\":\"https:\/\/avaldsnes.info\/content\/uploads\/2013\/03\/flagghaugfunn1-225x300.jpg\",\"contentUrl\":\"https:\/\/avaldsnes.info\/content\/uploads\/2013\/03\/flagghaugfunn1-225x300.jpg\"},{\"@type\":\"BreadcrumbList\",\"@id\":\"https:\/\/avaldsnes.info\/en\/informasjon\/%e4%b8%ad%e6%96%87-presse\/#breadcrumb\",\"itemListElement\":[{\"@type\":\"ListItem\",\"position\":1,\"name\":\"Home\",\"item\":\"https:\/\/avaldsnes.info\/en\/\"},{\"@type\":\"ListItem\",\"position\":2,\"name\":\"Flag Mound Prince\"}]},{\"@type\":\"WebSite\",\"@id\":\"https:\/\/avaldsnes.info\/en\/#website\",\"url\":\"https:\/\/avaldsnes.info\/en\/\",\"name\":\"Avaldsnes\",\"description\":\"Norges eldste kongesete\",\"potentialAction\":[{\"@type\":\"SearchAction\",\"target\":{\"@type\":\"EntryPoint\",\"urlTemplate\":\"https:\/\/avaldsnes.info\/en\/?s={search_term_string}\"},\"query-input\":{\"@type\":\"PropertyValueSpecification\",\"valueRequired\":true,\"valueName\":\"search_term_string\"}}],\"inLanguage\":\"en-US\"}]}<\/script>\n<!-- \/ Yoast SEO plugin. -->","yoast_head_json":{"title":"Flagghaugfyrsten (Yngre romartid) Avaldsnes","description":"Tekst Marit Synn\u00f8ve Vea Flagghaugfyrsten levde p\u00e5 200-talet. Han kan ha vore den f\u00f8rste av avaldsnesfyrstane som blei kalla konge (GN konungr) eller drott","robots":{"index":"index","follow":"follow","max-snippet":"max-snippet:-1","max-image-preview":"max-image-preview:large","max-video-preview":"max-video-preview:-1"},"canonical":"https:\/\/avaldsnes.info\/en\/informasjon\/\u4e2d\u6587-presse\/","og_locale":"en_US","og_type":"article","og_title":"Flagghaugfyrsten (Yngre romartid) Avaldsnes","og_description":"Tekst Marit Synn\u00f8ve Vea Flagghaugfyrsten levde p\u00e5 200-talet. Han kan ha vore den f\u00f8rste av avaldsnesfyrstane som blei kalla konge (GN konungr) eller drott","og_url":"https:\/\/avaldsnes.info\/en\/informasjon\/\u4e2d\u6587-presse\/","og_site_name":"Avaldsnes","article_modified_time":"2022-08-09T12:26:37+00:00","og_image":[{"url":"https:\/\/avaldsnes.info\/content\/uploads\/2013\/03\/flagghaugfunn1-225x300.jpg","type":"","width":"","height":""}],"twitter_misc":{"Est. reading time":"17 minutes"},"schema":{"@context":"https:\/\/schema.org","@graph":[{"@type":"WebPage","@id":"https:\/\/avaldsnes.info\/en\/informasjon\/%e4%b8%ad%e6%96%87-presse\/","url":"https:\/\/avaldsnes.info\/en\/informasjon\/%e4%b8%ad%e6%96%87-presse\/","name":"Flagghaugfyrsten (Yngre romartid) Avaldsnes","isPartOf":{"@id":"https:\/\/avaldsnes.info\/en\/#website"},"primaryImageOfPage":{"@id":"https:\/\/avaldsnes.info\/en\/informasjon\/%e4%b8%ad%e6%96%87-presse\/#primaryimage"},"image":{"@id":"https:\/\/avaldsnes.info\/en\/informasjon\/%e4%b8%ad%e6%96%87-presse\/#primaryimage"},"thumbnailUrl":"https:\/\/avaldsnes.info\/content\/uploads\/2013\/03\/flagghaugfunn1-225x300.jpg","datePublished":"2013-03-25T10:32:27+00:00","dateModified":"2022-08-09T12:26:37+00:00","description":"Tekst Marit Synn\u00f8ve Vea Flagghaugfyrsten levde p\u00e5 200-talet. Han kan ha vore den f\u00f8rste av avaldsnesfyrstane som blei kalla konge (GN konungr) eller drott","breadcrumb":{"@id":"https:\/\/avaldsnes.info\/en\/informasjon\/%e4%b8%ad%e6%96%87-presse\/#breadcrumb"},"inLanguage":"en-US","potentialAction":[{"@type":"ReadAction","target":[["https:\/\/avaldsnes.info\/en\/informasjon\/%e4%b8%ad%e6%96%87-presse\/"]]}]},{"@type":"ImageObject","inLanguage":"en-US","@id":"https:\/\/avaldsnes.info\/en\/informasjon\/%e4%b8%ad%e6%96%87-presse\/#primaryimage","url":"https:\/\/avaldsnes.info\/content\/uploads\/2013\/03\/flagghaugfunn1-225x300.jpg","contentUrl":"https:\/\/avaldsnes.info\/content\/uploads\/2013\/03\/flagghaugfunn1-225x300.jpg"},{"@type":"BreadcrumbList","@id":"https:\/\/avaldsnes.info\/en\/informasjon\/%e4%b8%ad%e6%96%87-presse\/#breadcrumb","itemListElement":[{"@type":"ListItem","position":1,"name":"Home","item":"https:\/\/avaldsnes.info\/en\/"},{"@type":"ListItem","position":2,"name":"Flag Mound Prince"}]},{"@type":"WebSite","@id":"https:\/\/avaldsnes.info\/en\/#website","url":"https:\/\/avaldsnes.info\/en\/","name":"Avaldsnes","description":"Norges eldste kongesete","potentialAction":[{"@type":"SearchAction","target":{"@type":"EntryPoint","urlTemplate":"https:\/\/avaldsnes.info\/en\/?s={search_term_string}"},"query-input":{"@type":"PropertyValueSpecification","valueRequired":true,"valueName":"search_term_string"}}],"inLanguage":"en-US"}]}},"_links":{"self":[{"href":"https:\/\/avaldsnes.info\/en\/wp-json\/wp\/v2\/pages\/124"}],"collection":[{"href":"https:\/\/avaldsnes.info\/en\/wp-json\/wp\/v2\/pages"}],"about":[{"href":"https:\/\/avaldsnes.info\/en\/wp-json\/wp\/v2\/types\/page"}],"author":[{"embeddable":true,"href":"https:\/\/avaldsnes.info\/en\/wp-json\/wp\/v2\/users\/1"}],"replies":[{"embeddable":true,"href":"https:\/\/avaldsnes.info\/en\/wp-json\/wp\/v2\/comments?post=124"}],"version-history":[{"count":70,"href":"https:\/\/avaldsnes.info\/en\/wp-json\/wp\/v2\/pages\/124\/revisions"}],"predecessor-version":[{"id":6263,"href":"https:\/\/avaldsnes.info\/en\/wp-json\/wp\/v2\/pages\/124\/revisions\/6263"}],"up":[{"embeddable":true,"href":"https:\/\/avaldsnes.info\/en\/wp-json\/wp\/v2\/pages\/22"}],"wp:attachment":[{"href":"https:\/\/avaldsnes.info\/en\/wp-json\/wp\/v2\/media?parent=124"}],"curies":[{"name":"wp","href":"https:\/\/api.w.org\/{rel}","templated":true}]}}