{"id":1145,"date":"2013-08-21T14:43:39","date_gmt":"2013-08-21T14:43:39","guid":{"rendered":"https:\/\/avaldsnes.info\/?page_id=1145"},"modified":"2022-11-23T11:25:02","modified_gmt":"2022-11-23T11:25:02","slug":"steinalder-12-000-1-500-f-kr","status":"publish","type":"page","link":"https:\/\/avaldsnes.info\/en\/historie\/steinalder-12-000-1-500-f-kr\/","title":{"rendered":"Stone Age (12 000 &#8211; 1 800 BC)"},"content":{"rendered":"<p><div id=\"attachment_1178\" style=\"width: 310px\" class=\"wp-caption aligncenter\"><a href=\"https:\/\/avaldsnes.info\/content\/uploads\/2013\/08\/001_nordsj\u00f8landet.jpg\"><img loading=\"lazy\" decoding=\"async\" aria-describedby=\"caption-attachment-1178\" class=\"size-medium wp-image-1178 \" src=\"https:\/\/avaldsnes.info\/content\/uploads\/2013\/08\/001_nordsj\u00f8landet-300x247.jpg\" alt=\"NORDSJ\u00d8FASTLANDET En gang kunne man g\u00e5 t\u00f8rrskodd fra Kontinentet til de britiske \u00f8yer. (Ill Dag Frogn\u00e6s) \" width=\"300\" height=\"247\" srcset=\"https:\/\/avaldsnes.info\/content\/uploads\/2013\/08\/001_nordsj\u00f8landet-300x247.jpg 300w, https:\/\/avaldsnes.info\/content\/uploads\/2013\/08\/001_nordsj\u00f8landet-1024x843.jpg 1024w, https:\/\/avaldsnes.info\/content\/uploads\/2013\/08\/001_nordsj\u00f8landet.jpg 1500w\" sizes=\"(max-width: 300px) 100vw, 300px\" \/><\/a><p id=\"caption-attachment-1178\" class=\"wp-caption-text\">NORTH SEA MAINLAND<br \/>Once you could walk safely from the Continent to the British Isles. (Ill Dag Frognes)<\/p><\/div><\/p>\n<p><span style=\"color: #808080;\">Text: Marit Synn\u00f8ve Vea<\/span><\/p>\n<p>The ice retreated from our land 14,000-15,000 years ago. And as the ice disappeared, people arrived. The oldest traces we have of humans in what is now Norway are about 12,000 years old. Karm\u00f8y is situated in the area which first emerged when the ice withdrew, but large parts of the country were still covered by a mantle of ice. Humans hunted for both seals and big game, but crustaceans and fish were also an important part of their diet.<\/p>\n<p>Conditions affecting preservation mean that for the most part, only stone tools have been found from this era \u2013 hence the name &#8220;Stone Age&#8221;, but we know that the Stone Age people also used tools made of bone and wood. Needles were in use as early as 30,000 years ago and people were able to sew fine, warm clothes. Furthermore, they used combs on their hair and adorned themselves with amulets.<\/p>\n<p>People may have been living in the area around Avaldsnes before the last Ice Age, in other words, at least 20,000 years ago, but there are no traces of them left.<\/p>\n<p>The first settlers who left traces behind them came to the ice-free region of Southwest Norway from the &#8221; North Sea Mainland\u201d, which today lies below sea level, about 12,000 years ago. This area of land, sometimes called Doggerland, joined the British Isles to the Continent. It became flooded with water about 7,800 years ago, but was once inhabited by humans belonging to the so-called Ahrensburg culture.<\/p>\n<p><strong>THE SETTLEMENT AT BRATTHELGELAND, FOSEN<\/strong><br \/>\nIn 1998, Statoil was planning to lay a pipeline for channelling the flow of gas from the \u00c5sg\u00e5rd Field via K\u00e5rst\u00f8 and down towards the Continent. At the point where the pipeline crosses the strait of Karmsundet, one of Norway&#8217;s eldest and largest settlements was discovered at Bratthelgeland, Fosen.<\/p>\n<div id=\"attachment_1206\" style=\"width: 310px\" class=\"wp-caption aligncenter\"><a href=\"https:\/\/avaldsnes.info\/content\/uploads\/2013\/08\/Boplass-bratthelgeland.-Foto-Marit-S.-Vea.jpg\"><img loading=\"lazy\" decoding=\"async\" aria-describedby=\"caption-attachment-1206\" class=\"size-medium wp-image-1206    \" src=\"https:\/\/avaldsnes.info\/content\/uploads\/2013\/08\/Boplass-bratthelgeland.-Foto-Marit-S.-Vea-300x200.jpg\" alt=\"BOPLASS BRATTHELGELAND.Foto Marit Synn\u00f8ve Vea\" width=\"300\" height=\"200\" srcset=\"https:\/\/avaldsnes.info\/content\/uploads\/2013\/08\/Boplass-bratthelgeland.-Foto-Marit-S.-Vea-300x200.jpg 300w, https:\/\/avaldsnes.info\/content\/uploads\/2013\/08\/Boplass-bratthelgeland.-Foto-Marit-S.-Vea-1024x683.jpg 1024w, https:\/\/avaldsnes.info\/content\/uploads\/2013\/08\/Boplass-bratthelgeland.-Foto-Marit-S.-Vea-960x640.jpg 960w, https:\/\/avaldsnes.info\/content\/uploads\/2013\/08\/Boplass-bratthelgeland.-Foto-Marit-S.-Vea-480x320.jpg 480w, https:\/\/avaldsnes.info\/content\/uploads\/2013\/08\/Boplass-bratthelgeland.-Foto-Marit-S.-Vea.jpg 1770w\" sizes=\"(max-width: 300px) 100vw, 300px\" \/><\/a><p id=\"caption-attachment-1206\" class=\"wp-caption-text\">AHRENSBURG SETTLEMENT AT BRATTHELGELAND, FOSEN.<br \/>From the excavations in 1998. (Photo Marit Synn\u00f8ve Vea)<\/p><\/div>\n<p>The settlement is about 10,000 years old and even though archaeologists only uncovered about half of the area, almost 40,000 finds were discovered there. They also found a long stone wall several metres long, which we believe constitutes Norway&#8217;s eldest windscreen wall, dating from the Late Stone Age.<\/p>\n<p>This means that the Fosen settlement at Karmsundet is something more than an ordinary hunter&#8217;s dwelling. Stone Age people lived at Bratthelgeland during most of the year for many hundreds of years. Traces of these Stone Age dwellers have also been found at Rennes\u00f8y, Gjesdal and Tysv\u00e6r and North Sea trawlers sometimes catch some of their tools in their nets.<\/p>\n<p><strong>THE AHRENSBURG CULTURE<\/strong><br \/>\nSo where did these people come from? It is now nearly 60 years since we first discovered traces of them at a place called Ahrensburg outside Hamburg. Around 12,000 years ago, these people migrated to what we call the North Sea Mainland \u2013 a piece of land now covered by the sea. Perhaps they stood on the shore and saw the cloud formations that told them that there was land on the other side of what we now call the Norwegian Trench. In light boats of animal hide, they crossed the ice-free stretch of water and arrived here at Karmsundet.<\/p>\n<p>These people were no more Norwegians than they were Danes, Germans or Englishmen, but perhaps we can call them the &#8220;North Sea people&#8221;? They were long-distance nomads who travelled vast distances and probably crossed the Norwegian Trench several times during their lifetime.<\/p>\n<div id=\"attachment_2028\" style=\"width: 310px\" class=\"wp-caption aligncenter\"><a href=\"https:\/\/avaldsnes.info\/content\/uploads\/2013\/08\/Pilespiss-fra-Snik-1.jpg\"><img loading=\"lazy\" decoding=\"async\" aria-describedby=\"caption-attachment-2028\" class=\"size-medium wp-image-2028   \" src=\"https:\/\/avaldsnes.info\/content\/uploads\/2013\/08\/Pilespiss-fra-Snik-1-300x200.jpg\" alt=\"Pilespissen fra Snik ligner p\u00e5 det som i Danmark kalles Lyngbypiler, og finnes p\u00e5 12 000 \u00e5r gamle boplaser. (Foto AmS)\" width=\"300\" height=\"200\" srcset=\"https:\/\/avaldsnes.info\/content\/uploads\/2013\/08\/Pilespiss-fra-Snik-1-300x200.jpg 300w, https:\/\/avaldsnes.info\/content\/uploads\/2013\/08\/Pilespiss-fra-Snik-1-1024x685.jpg 1024w, https:\/\/avaldsnes.info\/content\/uploads\/2013\/08\/Pilespiss-fra-Snik-1-960x640.jpg 960w, https:\/\/avaldsnes.info\/content\/uploads\/2013\/08\/Pilespiss-fra-Snik-1-480x320.jpg 480w, https:\/\/avaldsnes.info\/content\/uploads\/2013\/08\/Pilespiss-fra-Snik-1.jpg 1400w\" sizes=\"(max-width: 300px) 100vw, 300px\" \/><\/a><p id=\"caption-attachment-2028\" class=\"wp-caption-text\">ARROWHEAD\/SPEARHEAD FROM SNIK.<br \/>Resembles the so-called Lyngbo arrows from Denmark, found on 12,000 year old settlements.<\/p><\/div>\n<p>We know little about their religion, but in Ahrensburg it was found a reindeer skull which was put on a pole in the sea, probably in connection with religious acts.<\/p>\n<p><strong>OTHER FINDS FROM THE ELDEST STONE AGE ERA <\/strong><br \/>\nIn 1910, a flake axe made of flint was found at Moksheim near Karmsund Bridge. By comparing it with similar finds in Denmark, we believe that this axe may be between 8,000 \u2013 10,000 years old.<\/p>\n<p>An arrowhead from Snik, found in 1951, might be even older and has a very ancient appearance. It resembles so-called Lyngbo arrows from Denmark, found on 12,000 year old settlements.<\/p>\n<p>In 1978, an extremely old dwelling was also discovered at Utvik at the entrance to the Royal Court at Avaldsnes. This dwelling is around 9,000 years old.<\/p>\n<p><strong>THE BLEIVIK WOMAN (OR WAS IT A MAN?)<\/strong><br \/>\nThe oldest inhabitant of the county Rogaland that we know of was found at Bleivik, just north of Haugesund.<\/p>\n<div id=\"attachment_1236\" style=\"width: 310px\" class=\"wp-caption aligncenter\"><a href=\"https:\/\/avaldsnes.info\/content\/uploads\/2013\/08\/Tr\u00e5dlak\u00e5ne-h\u00e5l\u00e5-1.jpg\"><img loading=\"lazy\" decoding=\"async\" aria-describedby=\"caption-attachment-1236\" class=\"size-medium wp-image-1236  \" src=\"https:\/\/avaldsnes.info\/content\/uploads\/2013\/08\/Tr\u00e5dlak\u00e5ne-h\u00e5l\u00e5-1-300x200.jpg\" alt=\"TR\u00c5DLAK\u00c5NEH\u00c5L\u00c5. Heller p\u00e5 Falnes. (Foto Ole Jakob Worr\u00e5) \" width=\"300\" height=\"200\" srcset=\"https:\/\/avaldsnes.info\/content\/uploads\/2013\/08\/Tr\u00e5dlak\u00e5ne-h\u00e5l\u00e5-1-300x200.jpg 300w, https:\/\/avaldsnes.info\/content\/uploads\/2013\/08\/Tr\u00e5dlak\u00e5ne-h\u00e5l\u00e5-1-960x640.jpg 960w, https:\/\/avaldsnes.info\/content\/uploads\/2013\/08\/Tr\u00e5dlak\u00e5ne-h\u00e5l\u00e5-1-480x320.jpg 480w, https:\/\/avaldsnes.info\/content\/uploads\/2013\/08\/Tr\u00e5dlak\u00e5ne-h\u00e5l\u00e5-1.jpg 1000w\" sizes=\"(max-width: 300px) 100vw, 300px\" \/><\/a><p id=\"caption-attachment-1236\" class=\"wp-caption-text\">WITCH\u2019S CAVE<br \/> Rocke shelter at Falnes, with many finds from the Stone Age. (Photo Ole Jakob Worr\u00e5)<\/p><\/div>\n<p>The skeletal remains are about 8,200 years old and the site of the find would have been on the seabed at the time this person was alive. In accordance with our contemporary gender role patterns, we therefore thought that this was a man who had fallen out of a boat and drowned during a fishing expedition. Further examination revealed that this &#8220;man&#8221; was perhaps a woman aged around 60 who was out fishing to feed her family when she drowned some time over 8,000 years ago. She was 1.60 m tall and her skull bears a strong resemblance to human skulls today.<\/p>\n<p><strong>\u00abTR\u00c5DLAK\u00c5NEH\u00c5L\u00c5\u00bb (WITCH\u2019S CAVE)<\/strong><br \/>\nAt Falnes, on the southern tip of Karm\u00f8y, there are two well-preserved rock shelters. One of them is called \u00abTrodlak\u00e5neh\u00e5l\u00e5\u00bb (&#8220;witch&#8217;s cave&#8221;) and is 20 m long, 3 m wide and 3 m high. The other is 10 m long, 2 m wide and about 2 m high. Humans have lived in these shelters for long periods of time. They have never been studied by archaeologists, but a large number of objects have been found in them, made of flint, greenstone and rhyolite.<\/p>\n<p>Agriculture was introduced into Norway around 5,000 years ago. Was it the &#8220;Bleivik woman&#8217;s&#8221; descendants who learned to cultivate the land, or was it rather that people who spoke the Indo-European language were the first to introduce agriculture in the Early Stone Age? The Stone Age population must in any case have had good contact with the outside world \u2013 one reason we know this is because of the &#8220;flint treasure&#8221; from Hauske.<\/p>\n<div id=\"attachment_1217\" style=\"width: 209px\" class=\"wp-caption aligncenter\"><a href=\"https:\/\/avaldsnes.info\/content\/uploads\/2013\/08\/Karm\u00f8y-for-1300-\u00e5r-sidan.jpg\"><img loading=\"lazy\" decoding=\"async\" aria-describedby=\"caption-attachment-1217\" class=\"size-medium wp-image-1217 \" src=\"https:\/\/avaldsnes.info\/content\/uploads\/2013\/08\/Karm\u00f8y-for-1300-\u00e5r-sidan-199x300.jpg\" alt=\"KARM\u00d8Y FOR CA 13 000 \u00c5RSIDEN. landskapet best\u00e5r av \u00f8yer, skj\u00e6r og sund (Etter Holtedahl og Andersen, 1960)\" width=\"199\" height=\"300\" srcset=\"https:\/\/avaldsnes.info\/content\/uploads\/2013\/08\/Karm\u00f8y-for-1300-\u00e5r-sidan-199x300.jpg 199w, https:\/\/avaldsnes.info\/content\/uploads\/2013\/08\/Karm\u00f8y-for-1300-\u00e5r-sidan.jpg 448w\" sizes=\"(max-width: 199px) 100vw, 199px\" \/><\/a><p id=\"caption-attachment-1217\" class=\"wp-caption-text\">KARM\u00d8Y 13 000 YEARS AGO.<br \/>The sea level is a lot higher than today. The landscape consists of islands, reefs and inlets (After Holtedahl and Andersen, 1960)<\/p><\/div>\n<h2 class=\"MsoNormal\"><\/h2>\n<p>&nbsp;<\/p>\n<h2 class=\"MsoNormal\"><strong>LATE STONE AGE (3 500 &#8211; 1 800 BC)<\/strong><\/h2>\n<p><strong>THE FLINT TREASURE FROM HAUSKE, TORVASTAD<\/strong><br \/>\nThere are over 100 sites with Stone Age finds situated along the northern part of Karmsundet. Most of these date from the Late Stone Age. If we were to choose just one of this finds, our choice would have to fall on the &#8220;flint treasure&#8221; from Hauske at Torvastad. When we talk about treasures found in the ground, we are usually referring to objects made of gold or silver. But the flint treasure that was buried in the ground at Hauske was just as valuable for the Stone Age people as many of the precious Iron Age finds were for the people during that period.<\/p>\n<p>The objects were found in 1911 when a farmer was ploughing marshy land on his farm. He uncovered the largest collection of flint objects ever found in Norway: 27 daggers, a sickle, a flint axe, 4 scrapers and 214 large, disc-shaped flint cuttings. A similar, smaller collection of finds was discovered 10 years later at Utvik.<\/p>\n<p>Had these objects been stored away for a purpose? Did somebody hide them because of war or turmoil, with the intention of fetching them later? Or were they perhaps placed in the marsh as an offering to higher powers? We do not know the answer, but the Hauske find clearly shows that the people at Karmsund must have had trade contacts with Denmark during the Stone Age because flint of this quality and in such quantities was not something that the retreating ice left on the beaches here in Norway.<\/p>\n<p><strong>STONE AGE DWELLINGS AT HELGANES<\/strong><br \/>\nIn 2011\/2012, the Archaeological Museum in Stavanger carried out excavations at Helganes when the airport was being extended there. They found dwellings dating from both the Early and Late Stone Age and also from the Celtic Age.<\/p>\n<p>These dwellings are located to the northwest, facing the sea amongst outcrops of rock on terrain that seems inhospitable to us. Here, on the sea edge, several houses from the Late Stone Age \u2013 an extremely rare phenomenon &#8211; have also been discovered.<\/p>\n<p><span style=\"color: #808080;\">Last update November 2022<\/span><\/p>","protected":false},"excerpt":{"rendered":"<p>Text: Marit Synn\u00f8ve Vea The ice retreated from our land 14,000-15,000 years ago. And as the ice disappeared, people arrived. The oldest traces we have of humans in what is now Norway are about 12,000 years old. Karm\u00f8y is situated in the area which first emerged when the ice withdrew, but large parts of the [&hellip;]<\/p>\n","protected":false},"author":3,"featured_media":0,"parent":5,"menu_order":8,"comment_status":"closed","ping_status":"open","template":"","meta":{"footnotes":""},"yoast_head":"<!-- This site is optimized with the Yoast SEO plugin v27.1.1 - https:\/\/yoast.com\/product\/yoast-seo-wordpress\/ -->\n<title>Steinalder (12 000 - 1 800 f. Kr) Avaldsnes<\/title>\n<meta name=\"description\" content=\"Steinalder. Karm\u00f8y ligger i det omr\u00e5det som f\u00f8rst dukket fram da isen trakk seg bort for ca 14000 \u00e5r siden, men fremdeles var store deler av Norge dekket av en iskappe. Menneskene jaktet b\u00e5de p\u00e5 sel og storvilt. Skjell og fisk var en viktig del av kosten\" \/>\n<meta name=\"robots\" content=\"index, follow, max-snippet:-1, max-image-preview:large, max-video-preview:-1\" \/>\n<link rel=\"canonical\" href=\"https:\/\/avaldsnes.info\/en\/historie\/steinalder-12-000-1-500-f-kr\/\" \/>\n<meta property=\"og:locale\" content=\"en_US\" \/>\n<meta property=\"og:type\" content=\"article\" \/>\n<meta property=\"og:title\" content=\"Steinalder (12 000 - 1 800 f. Kr) Avaldsnes\" \/>\n<meta property=\"og:description\" content=\"Steinalder. Karm\u00f8y ligger i det omr\u00e5det som f\u00f8rst dukket fram da isen trakk seg bort for ca 14000 \u00e5r siden, men fremdeles var store deler av Norge dekket av en iskappe. Menneskene jaktet b\u00e5de p\u00e5 sel og storvilt. Skjell og fisk var en viktig del av kosten\" \/>\n<meta property=\"og:url\" content=\"https:\/\/avaldsnes.info\/en\/historie\/steinalder-12-000-1-500-f-kr\/\" \/>\n<meta property=\"og:site_name\" content=\"Avaldsnes\" \/>\n<meta property=\"article:modified_time\" content=\"2022-11-23T11:25:02+00:00\" \/>\n<meta property=\"og:image\" content=\"https:\/\/avaldsnes.info\/content\/uploads\/2013\/08\/Boplass-bratthelgeland.-Foto-Marit-S.-Vea-300x200.jpg\" \/>\n<meta name=\"twitter:label1\" content=\"Est. reading time\" \/>\n\t<meta name=\"twitter:data1\" content=\"14 minutes\" \/>\n<script type=\"application\/ld+json\" class=\"yoast-schema-graph\">{\"@context\":\"https:\/\/schema.org\",\"@graph\":[{\"@type\":\"WebPage\",\"@id\":\"https:\/\/avaldsnes.info\/en\/historie\/steinalder-12-000-1-500-f-kr\/\",\"url\":\"https:\/\/avaldsnes.info\/en\/historie\/steinalder-12-000-1-500-f-kr\/\",\"name\":\"Steinalder (12 000 - 1 800 f. Kr) Avaldsnes\",\"isPartOf\":{\"@id\":\"https:\/\/avaldsnes.info\/en\/#website\"},\"primaryImageOfPage\":{\"@id\":\"https:\/\/avaldsnes.info\/en\/historie\/steinalder-12-000-1-500-f-kr\/#primaryimage\"},\"image\":{\"@id\":\"https:\/\/avaldsnes.info\/en\/historie\/steinalder-12-000-1-500-f-kr\/#primaryimage\"},\"thumbnailUrl\":\"https:\/\/avaldsnes.info\/content\/uploads\/2013\/08\/Boplass-bratthelgeland.-Foto-Marit-S.-Vea-300x200.jpg\",\"datePublished\":\"2013-08-21T14:43:39+00:00\",\"dateModified\":\"2022-11-23T11:25:02+00:00\",\"description\":\"Steinalder. Karm\u00f8y ligger i det omr\u00e5det som f\u00f8rst dukket fram da isen trakk seg bort for ca 14000 \u00e5r siden, men fremdeles var store deler av Norge dekket av en iskappe. Menneskene jaktet b\u00e5de p\u00e5 sel og storvilt. Skjell og fisk var en viktig del av kosten\",\"breadcrumb\":{\"@id\":\"https:\/\/avaldsnes.info\/en\/historie\/steinalder-12-000-1-500-f-kr\/#breadcrumb\"},\"inLanguage\":\"en-US\",\"potentialAction\":[{\"@type\":\"ReadAction\",\"target\":[[\"https:\/\/avaldsnes.info\/en\/historie\/steinalder-12-000-1-500-f-kr\/\"]]}]},{\"@type\":\"ImageObject\",\"inLanguage\":\"en-US\",\"@id\":\"https:\/\/avaldsnes.info\/en\/historie\/steinalder-12-000-1-500-f-kr\/#primaryimage\",\"url\":\"https:\/\/avaldsnes.info\/content\/uploads\/2013\/08\/Boplass-bratthelgeland.-Foto-Marit-S.-Vea-300x200.jpg\",\"contentUrl\":\"https:\/\/avaldsnes.info\/content\/uploads\/2013\/08\/Boplass-bratthelgeland.-Foto-Marit-S.-Vea-300x200.jpg\"},{\"@type\":\"BreadcrumbList\",\"@id\":\"https:\/\/avaldsnes.info\/en\/historie\/steinalder-12-000-1-500-f-kr\/#breadcrumb\",\"itemListElement\":[{\"@type\":\"ListItem\",\"position\":1,\"name\":\"Home\",\"item\":\"https:\/\/avaldsnes.info\/en\/\"},{\"@type\":\"ListItem\",\"position\":2,\"name\":\"History\",\"item\":\"https:\/\/avaldsnes.info\/en\/historie\/\"},{\"@type\":\"ListItem\",\"position\":3,\"name\":\"Stone Age (12 000 &#8211; 1 800 BC)\"}]},{\"@type\":\"WebSite\",\"@id\":\"https:\/\/avaldsnes.info\/en\/#website\",\"url\":\"https:\/\/avaldsnes.info\/en\/\",\"name\":\"Avaldsnes\",\"description\":\"Norges eldste kongesete\",\"potentialAction\":[{\"@type\":\"SearchAction\",\"target\":{\"@type\":\"EntryPoint\",\"urlTemplate\":\"https:\/\/avaldsnes.info\/en\/?s={search_term_string}\"},\"query-input\":{\"@type\":\"PropertyValueSpecification\",\"valueRequired\":true,\"valueName\":\"search_term_string\"}}],\"inLanguage\":\"en-US\"}]}<\/script>\n<!-- \/ Yoast SEO plugin. -->","yoast_head_json":{"title":"Steinalder (12 000 - 1 800 f. Kr) Avaldsnes","description":"Steinalder. Karm\u00f8y ligger i det omr\u00e5det som f\u00f8rst dukket fram da isen trakk seg bort for ca 14000 \u00e5r siden, men fremdeles var store deler av Norge dekket av en iskappe. Menneskene jaktet b\u00e5de p\u00e5 sel og storvilt. Skjell og fisk var en viktig del av kosten","robots":{"index":"index","follow":"follow","max-snippet":"max-snippet:-1","max-image-preview":"max-image-preview:large","max-video-preview":"max-video-preview:-1"},"canonical":"https:\/\/avaldsnes.info\/en\/historie\/steinalder-12-000-1-500-f-kr\/","og_locale":"en_US","og_type":"article","og_title":"Steinalder (12 000 - 1 800 f. Kr) Avaldsnes","og_description":"Steinalder. Karm\u00f8y ligger i det omr\u00e5det som f\u00f8rst dukket fram da isen trakk seg bort for ca 14000 \u00e5r siden, men fremdeles var store deler av Norge dekket av en iskappe. Menneskene jaktet b\u00e5de p\u00e5 sel og storvilt. Skjell og fisk var en viktig del av kosten","og_url":"https:\/\/avaldsnes.info\/en\/historie\/steinalder-12-000-1-500-f-kr\/","og_site_name":"Avaldsnes","article_modified_time":"2022-11-23T11:25:02+00:00","og_image":[{"url":"https:\/\/avaldsnes.info\/content\/uploads\/2013\/08\/Boplass-bratthelgeland.-Foto-Marit-S.-Vea-300x200.jpg","type":"","width":"","height":""}],"twitter_misc":{"Est. reading time":"14 minutes"},"schema":{"@context":"https:\/\/schema.org","@graph":[{"@type":"WebPage","@id":"https:\/\/avaldsnes.info\/en\/historie\/steinalder-12-000-1-500-f-kr\/","url":"https:\/\/avaldsnes.info\/en\/historie\/steinalder-12-000-1-500-f-kr\/","name":"Steinalder (12 000 - 1 800 f. Kr) Avaldsnes","isPartOf":{"@id":"https:\/\/avaldsnes.info\/en\/#website"},"primaryImageOfPage":{"@id":"https:\/\/avaldsnes.info\/en\/historie\/steinalder-12-000-1-500-f-kr\/#primaryimage"},"image":{"@id":"https:\/\/avaldsnes.info\/en\/historie\/steinalder-12-000-1-500-f-kr\/#primaryimage"},"thumbnailUrl":"https:\/\/avaldsnes.info\/content\/uploads\/2013\/08\/Boplass-bratthelgeland.-Foto-Marit-S.-Vea-300x200.jpg","datePublished":"2013-08-21T14:43:39+00:00","dateModified":"2022-11-23T11:25:02+00:00","description":"Steinalder. Karm\u00f8y ligger i det omr\u00e5det som f\u00f8rst dukket fram da isen trakk seg bort for ca 14000 \u00e5r siden, men fremdeles var store deler av Norge dekket av en iskappe. Menneskene jaktet b\u00e5de p\u00e5 sel og storvilt. Skjell og fisk var en viktig del av kosten","breadcrumb":{"@id":"https:\/\/avaldsnes.info\/en\/historie\/steinalder-12-000-1-500-f-kr\/#breadcrumb"},"inLanguage":"en-US","potentialAction":[{"@type":"ReadAction","target":[["https:\/\/avaldsnes.info\/en\/historie\/steinalder-12-000-1-500-f-kr\/"]]}]},{"@type":"ImageObject","inLanguage":"en-US","@id":"https:\/\/avaldsnes.info\/en\/historie\/steinalder-12-000-1-500-f-kr\/#primaryimage","url":"https:\/\/avaldsnes.info\/content\/uploads\/2013\/08\/Boplass-bratthelgeland.-Foto-Marit-S.-Vea-300x200.jpg","contentUrl":"https:\/\/avaldsnes.info\/content\/uploads\/2013\/08\/Boplass-bratthelgeland.-Foto-Marit-S.-Vea-300x200.jpg"},{"@type":"BreadcrumbList","@id":"https:\/\/avaldsnes.info\/en\/historie\/steinalder-12-000-1-500-f-kr\/#breadcrumb","itemListElement":[{"@type":"ListItem","position":1,"name":"Home","item":"https:\/\/avaldsnes.info\/en\/"},{"@type":"ListItem","position":2,"name":"History","item":"https:\/\/avaldsnes.info\/en\/historie\/"},{"@type":"ListItem","position":3,"name":"Stone Age (12 000 &#8211; 1 800 BC)"}]},{"@type":"WebSite","@id":"https:\/\/avaldsnes.info\/en\/#website","url":"https:\/\/avaldsnes.info\/en\/","name":"Avaldsnes","description":"Norges eldste kongesete","potentialAction":[{"@type":"SearchAction","target":{"@type":"EntryPoint","urlTemplate":"https:\/\/avaldsnes.info\/en\/?s={search_term_string}"},"query-input":{"@type":"PropertyValueSpecification","valueRequired":true,"valueName":"search_term_string"}}],"inLanguage":"en-US"}]}},"_links":{"self":[{"href":"https:\/\/avaldsnes.info\/en\/wp-json\/wp\/v2\/pages\/1145"}],"collection":[{"href":"https:\/\/avaldsnes.info\/en\/wp-json\/wp\/v2\/pages"}],"about":[{"href":"https:\/\/avaldsnes.info\/en\/wp-json\/wp\/v2\/types\/page"}],"author":[{"embeddable":true,"href":"https:\/\/avaldsnes.info\/en\/wp-json\/wp\/v2\/users\/3"}],"replies":[{"embeddable":true,"href":"https:\/\/avaldsnes.info\/en\/wp-json\/wp\/v2\/comments?post=1145"}],"version-history":[{"count":115,"href":"https:\/\/avaldsnes.info\/en\/wp-json\/wp\/v2\/pages\/1145\/revisions"}],"predecessor-version":[{"id":6463,"href":"https:\/\/avaldsnes.info\/en\/wp-json\/wp\/v2\/pages\/1145\/revisions\/6463"}],"up":[{"embeddable":true,"href":"https:\/\/avaldsnes.info\/en\/wp-json\/wp\/v2\/pages\/5"}],"wp:attachment":[{"href":"https:\/\/avaldsnes.info\/en\/wp-json\/wp\/v2\/media?parent=1145"}],"curies":[{"name":"wp","href":"https:\/\/api.w.org\/{rel}","templated":true}]}}