{"id":97,"date":"2013-03-25T09:35:37","date_gmt":"2013-03-25T09:35:37","guid":{"rendered":"https:\/\/avaldsnes.info\/?page_id=97"},"modified":"2016-09-09T11:04:29","modified_gmt":"2016-09-09T11:04:29","slug":"subpage","status":"publish","type":"page","link":"https:\/\/avaldsnes.info\/de\/viking\/subpage\/","title":{"rendered":"(Norsk) Vikingferder"},"content":{"rendered":"<p><\/p>\n<p><p class=\"lead\">Lorem Ipsum\u00a0er rett og slett dummytekst fra og for trykkeindustrien. Lorem Ipsum har v\u00e6rt bransjens standard for dummytekst helt siden 1500-tallet, da en ukjent boktrykker stokket en mengde bokstaver for \u00e5 lage et pr\u00f8veeksemplar av en bok.<\/p>\n<div id=\"attachment_99\" style=\"width: 310px\" class=\"wp-caption alignnone\"><a href=\"https:\/\/avaldsnes.info\/content\/uploads\/2013\/03\/ce04909bb7c08c4e5657dc9f0078b432.jpg\"><img loading=\"lazy\" decoding=\"async\" aria-describedby=\"caption-attachment-99\" class=\"size-medium wp-image-99\" alt=\"Her kommer det en bilde tittel. Lorem ipsum et eller annet.\" src=\"https:\/\/avaldsnes.info\/content\/uploads\/2013\/03\/ce04909bb7c08c4e5657dc9f0078b432-300x168.jpg\" width=\"300\" height=\"168\" srcset=\"https:\/\/avaldsnes.info\/content\/uploads\/2013\/03\/ce04909bb7c08c4e5657dc9f0078b432-300x168.jpg 300w, https:\/\/avaldsnes.info\/content\/uploads\/2013\/03\/ce04909bb7c08c4e5657dc9f0078b432-1024x576.jpg 1024w\" sizes=\"(max-width: 300px) 100vw, 300px\" \/><\/a><p id=\"caption-attachment-99\" class=\"wp-caption-text\">Her kommer det en bilde tittel. Lorem ipsum et eller annet.<\/p><\/div>\n<p>Lorem Ipsum har t\u00e5lt tidens tann usedvanlig godt, og har i tillegg til \u00e5 best\u00e5 gjennom fem \u00e5rhundrer ogs\u00e5 t\u00e5lt spranget over til elektronisk typografi uten vesentlige endringer. Lorem Ipsum ble gjort allment kjent i 1960-\u00e5rene ved lanseringen av Letraset-ark med avsnitt fra Lorem Ipsum, og senere med sideombrekkingsprogrammet Aldus PageMaker som tok i bruk nettopp Lorem Ipsum for dummytekst.<\/p>\n<p><\/p>","protected":false},"excerpt":{"rendered":"<p>Lorem Ipsum\u00a0er rett og slett dummytekst fra og for trykkeindustrien. Lorem Ipsum har v\u00e6rt bransjens standard for dummytekst helt siden 1500-tallet, da en ukjent boktrykker stokket en mengde bokstaver for \u00e5 lage et pr\u00f8veeksemplar av en bok. Lorem Ipsum har t\u00e5lt tidens tann usedvanlig godt, og har i tillegg til \u00e5 best\u00e5 gjennom fem \u00e5rhundrer [&hellip;]<\/p>\n","protected":false},"author":1,"featured_media":0,"parent":20,"menu_order":1,"comment_status":"closed","ping_status":"open","template":"","meta":{"footnotes":""},"yoast_head":"<!-- This site is optimized with the Yoast SEO plugin v27.1.1 - https:\/\/yoast.com\/product\/yoast-seo-wordpress\/ -->\n<title>Vikingferder vikingtokt vikingskip<\/title>\n<meta name=\"description\" content=\"Vikingene er kjente som sj\u00f8farere og oppdagere. De seilte over st\u00f8rre avstander enn noen andre i sin samtid. Dette skyldtes b\u00e5de de enest\u00e5ende vikingskipene, og vikingenes dyktighet som sj\u00f8folk og navigat\u00f8rer.\" \/>\n<meta name=\"robots\" content=\"index, follow, max-snippet:-1, max-image-preview:large, max-video-preview:-1\" \/>\n<link rel=\"canonical\" href=\"https:\/\/avaldsnes.info\/de\/viking\/subpage\/\" \/>\n<meta property=\"og:locale\" content=\"de_DE\" \/>\n<meta property=\"og:type\" content=\"article\" \/>\n<meta property=\"og:title\" content=\"Vikingferder vikingtokt vikingskip\" \/>\n<meta property=\"og:description\" content=\"Vikingene er kjente som sj\u00f8farere og oppdagere. De seilte over st\u00f8rre avstander enn noen andre i sin samtid. Dette skyldtes b\u00e5de de enest\u00e5ende vikingskipene, og vikingenes dyktighet som sj\u00f8folk og navigat\u00f8rer.\" \/>\n<meta property=\"og:url\" content=\"https:\/\/avaldsnes.info\/de\/viking\/subpage\/\" \/>\n<meta property=\"og:site_name\" content=\"Avaldsnes\" \/>\n<meta property=\"article:modified_time\" content=\"2016-09-09T11:04:29+00:00\" \/>\n<meta property=\"og:image\" content=\"https:\/\/avaldsnes.info\/content\/uploads\/2013\/03\/kart-vikingferdene.-Revidert-300x300.jpg\" \/>\n<meta name=\"twitter:label1\" content=\"Est. reading time\" \/>\n\t<meta name=\"twitter:data1\" content=\"8 minutes\" \/>\n<script type=\"application\/ld+json\" class=\"yoast-schema-graph\">{\"@context\":\"https:\/\/schema.org\",\"@graph\":[{\"@type\":\"WebPage\",\"@id\":\"https:\/\/avaldsnes.info\/de\/viking\/subpage\/\",\"url\":\"https:\/\/avaldsnes.info\/de\/viking\/subpage\/\",\"name\":\"Vikingferder vikingtokt vikingskip\",\"isPartOf\":{\"@id\":\"https:\/\/avaldsnes.info\/de\/#website\"},\"primaryImageOfPage\":{\"@id\":\"https:\/\/avaldsnes.info\/de\/viking\/subpage\/#primaryimage\"},\"image\":{\"@id\":\"https:\/\/avaldsnes.info\/de\/viking\/subpage\/#primaryimage\"},\"thumbnailUrl\":\"https:\/\/avaldsnes.info\/content\/uploads\/2013\/03\/kart-vikingferdene.-Revidert-300x300.jpg\",\"datePublished\":\"2013-03-25T09:35:37+00:00\",\"dateModified\":\"2016-09-09T11:04:29+00:00\",\"description\":\"Vikingene er kjente som sj\u00f8farere og oppdagere. De seilte over st\u00f8rre avstander enn noen andre i sin samtid. Dette skyldtes b\u00e5de de enest\u00e5ende vikingskipene, og vikingenes dyktighet som sj\u00f8folk og navigat\u00f8rer.\",\"breadcrumb\":{\"@id\":\"https:\/\/avaldsnes.info\/de\/viking\/subpage\/#breadcrumb\"},\"inLanguage\":\"de-DE\",\"potentialAction\":[{\"@type\":\"ReadAction\",\"target\":[[\"https:\/\/avaldsnes.info\/de\/viking\/subpage\/\"]]}]},{\"@type\":\"ImageObject\",\"inLanguage\":\"de-DE\",\"@id\":\"https:\/\/avaldsnes.info\/de\/viking\/subpage\/#primaryimage\",\"url\":\"https:\/\/avaldsnes.info\/content\/uploads\/2013\/03\/kart-vikingferdene.-Revidert-300x300.jpg\",\"contentUrl\":\"https:\/\/avaldsnes.info\/content\/uploads\/2013\/03\/kart-vikingferdene.-Revidert-300x300.jpg\"},{\"@type\":\"BreadcrumbList\",\"@id\":\"https:\/\/avaldsnes.info\/de\/viking\/subpage\/#breadcrumb\",\"itemListElement\":[{\"@type\":\"ListItem\",\"position\":1,\"name\":\"Home\",\"item\":\"https:\/\/avaldsnes.info\/de\/\"},{\"@type\":\"ListItem\",\"position\":2,\"name\":\"(Norsk) Vikingferder\"}]},{\"@type\":\"WebSite\",\"@id\":\"https:\/\/avaldsnes.info\/de\/#website\",\"url\":\"https:\/\/avaldsnes.info\/de\/\",\"name\":\"Avaldsnes\",\"description\":\"Norges eldste kongesete\",\"potentialAction\":[{\"@type\":\"SearchAction\",\"target\":{\"@type\":\"EntryPoint\",\"urlTemplate\":\"https:\/\/avaldsnes.info\/de\/?s={search_term_string}\"},\"query-input\":{\"@type\":\"PropertyValueSpecification\",\"valueRequired\":true,\"valueName\":\"search_term_string\"}}],\"inLanguage\":\"de-DE\"}]}<\/script>\n<!-- \/ Yoast SEO plugin. -->","yoast_head_json":{"title":"Vikingferder vikingtokt vikingskip","description":"Vikingene er kjente som sj\u00f8farere og oppdagere. De seilte over st\u00f8rre avstander enn noen andre i sin samtid. Dette skyldtes b\u00e5de de enest\u00e5ende vikingskipene, og vikingenes dyktighet som sj\u00f8folk og navigat\u00f8rer.","robots":{"index":"index","follow":"follow","max-snippet":"max-snippet:-1","max-image-preview":"max-image-preview:large","max-video-preview":"max-video-preview:-1"},"canonical":"https:\/\/avaldsnes.info\/de\/viking\/subpage\/","og_locale":"de_DE","og_type":"article","og_title":"Vikingferder vikingtokt vikingskip","og_description":"Vikingene er kjente som sj\u00f8farere og oppdagere. De seilte over st\u00f8rre avstander enn noen andre i sin samtid. Dette skyldtes b\u00e5de de enest\u00e5ende vikingskipene, og vikingenes dyktighet som sj\u00f8folk og navigat\u00f8rer.","og_url":"https:\/\/avaldsnes.info\/de\/viking\/subpage\/","og_site_name":"Avaldsnes","article_modified_time":"2016-09-09T11:04:29+00:00","og_image":[{"url":"https:\/\/avaldsnes.info\/content\/uploads\/2013\/03\/kart-vikingferdene.-Revidert-300x300.jpg","type":"","width":"","height":""}],"twitter_misc":{"Est. reading time":"8 minutes"},"schema":{"@context":"https:\/\/schema.org","@graph":[{"@type":"WebPage","@id":"https:\/\/avaldsnes.info\/de\/viking\/subpage\/","url":"https:\/\/avaldsnes.info\/de\/viking\/subpage\/","name":"Vikingferder vikingtokt vikingskip","isPartOf":{"@id":"https:\/\/avaldsnes.info\/de\/#website"},"primaryImageOfPage":{"@id":"https:\/\/avaldsnes.info\/de\/viking\/subpage\/#primaryimage"},"image":{"@id":"https:\/\/avaldsnes.info\/de\/viking\/subpage\/#primaryimage"},"thumbnailUrl":"https:\/\/avaldsnes.info\/content\/uploads\/2013\/03\/kart-vikingferdene.-Revidert-300x300.jpg","datePublished":"2013-03-25T09:35:37+00:00","dateModified":"2016-09-09T11:04:29+00:00","description":"Vikingene er kjente som sj\u00f8farere og oppdagere. De seilte over st\u00f8rre avstander enn noen andre i sin samtid. Dette skyldtes b\u00e5de de enest\u00e5ende vikingskipene, og vikingenes dyktighet som sj\u00f8folk og navigat\u00f8rer.","breadcrumb":{"@id":"https:\/\/avaldsnes.info\/de\/viking\/subpage\/#breadcrumb"},"inLanguage":"de-DE","potentialAction":[{"@type":"ReadAction","target":[["https:\/\/avaldsnes.info\/de\/viking\/subpage\/"]]}]},{"@type":"ImageObject","inLanguage":"de-DE","@id":"https:\/\/avaldsnes.info\/de\/viking\/subpage\/#primaryimage","url":"https:\/\/avaldsnes.info\/content\/uploads\/2013\/03\/kart-vikingferdene.-Revidert-300x300.jpg","contentUrl":"https:\/\/avaldsnes.info\/content\/uploads\/2013\/03\/kart-vikingferdene.-Revidert-300x300.jpg"},{"@type":"BreadcrumbList","@id":"https:\/\/avaldsnes.info\/de\/viking\/subpage\/#breadcrumb","itemListElement":[{"@type":"ListItem","position":1,"name":"Home","item":"https:\/\/avaldsnes.info\/de\/"},{"@type":"ListItem","position":2,"name":"(Norsk) Vikingferder"}]},{"@type":"WebSite","@id":"https:\/\/avaldsnes.info\/de\/#website","url":"https:\/\/avaldsnes.info\/de\/","name":"Avaldsnes","description":"Norges eldste kongesete","potentialAction":[{"@type":"SearchAction","target":{"@type":"EntryPoint","urlTemplate":"https:\/\/avaldsnes.info\/de\/?s={search_term_string}"},"query-input":{"@type":"PropertyValueSpecification","valueRequired":true,"valueName":"search_term_string"}}],"inLanguage":"de-DE"}]}},"_links":{"self":[{"href":"https:\/\/avaldsnes.info\/de\/wp-json\/wp\/v2\/pages\/97"}],"collection":[{"href":"https:\/\/avaldsnes.info\/de\/wp-json\/wp\/v2\/pages"}],"about":[{"href":"https:\/\/avaldsnes.info\/de\/wp-json\/wp\/v2\/types\/page"}],"author":[{"embeddable":true,"href":"https:\/\/avaldsnes.info\/de\/wp-json\/wp\/v2\/users\/1"}],"replies":[{"embeddable":true,"href":"https:\/\/avaldsnes.info\/de\/wp-json\/wp\/v2\/comments?post=97"}],"version-history":[{"count":48,"href":"https:\/\/avaldsnes.info\/de\/wp-json\/wp\/v2\/pages\/97\/revisions"}],"predecessor-version":[{"id":4791,"href":"https:\/\/avaldsnes.info\/de\/wp-json\/wp\/v2\/pages\/97\/revisions\/4791"}],"up":[{"embeddable":true,"href":"https:\/\/avaldsnes.info\/de\/wp-json\/wp\/v2\/pages\/20"}],"wp:attachment":[{"href":"https:\/\/avaldsnes.info\/de\/wp-json\/wp\/v2\/media?parent=97"}],"curies":[{"name":"wp","href":"https:\/\/api.w.org\/{rel}","templated":true}]}}