{"id":85,"date":"2013-03-21T07:51:19","date_gmt":"2013-03-21T07:51:19","guid":{"rendered":"https:\/\/avaldsnes.info\/?page_id=85"},"modified":"2014-11-17T09:31:42","modified_gmt":"2014-11-17T09:31:42","slug":"subpage","status":"publish","type":"page","link":"https:\/\/avaldsnes.info\/de\/olavskirken\/subpage\/","title":{"rendered":"Subpage"},"content":{"rendered":"<p><\/p>\n<h1>Tittel her<\/h1>\n<p>Lorem Ipsum\u00a0er rett og slett dummytekst fra og for trykkeindustrien. Lorem Ipsum har v\u00e6rt bransjens standard for dummytekst helt siden 1500-tallet, da en ukjent boktrykker stokket en mengde bokstaver for \u00e5 lage et pr\u00f8veeksemplar av en bok.<\/p>\n<p>Lorem Ipsum har t\u00e5lt tidens tann usedvanlig godt, og har i tillegg til \u00e5 best\u00e5 gjennom fem \u00e5rhundrer ogs\u00e5 t\u00e5lt spranget over til elektronisk typografi uten vesentlige endringer. Lorem Ipsum ble gjort allment kjent i 1960-\u00e5rene ved lanseringen av Letraset-ark med avsnitt fra Lorem Ipsum, og senere med sideombrekkingsprogrammet Aldus PageMaker som tok i bruk nettopp Lorem Ipsum for dummytekst.<\/p>","protected":false},"excerpt":{"rendered":"<p>Tittel her Lorem Ipsum\u00a0er rett og slett dummytekst fra og for trykkeindustrien. Lorem Ipsum har v\u00e6rt bransjens standard for dummytekst helt siden 1500-tallet, da en ukjent boktrykker stokket en mengde bokstaver for \u00e5 lage et pr\u00f8veeksemplar av en bok. Lorem Ipsum har t\u00e5lt tidens tann usedvanlig godt, og har i tillegg til \u00e5 best\u00e5 gjennom [&hellip;]<\/p>\n","protected":false},"author":1,"featured_media":0,"parent":13,"menu_order":0,"comment_status":"closed","ping_status":"open","template":"","meta":{"footnotes":""},"yoast_head":"<!-- This site is optimized with the Yoast SEO plugin v27.1.1 - https:\/\/yoast.com\/product\/yoast-seo-wordpress\/ -->\n<title>Jomfru Marias Syn\u00e5l Avaldsnes, bautastein dommedag segn<\/title>\n<meta name=\"description\" content=\"Bautasteinen &quot;Jomfru Marias syn\u00e5l&quot; er 7,2m h\u00f8g, men den har vore h\u00f8gare. Segna fortel at dommedag kjem n\u00e5r toppen av bautaen r\u00f8rer kyrkjeveggen. Namnet kjem av ei runeinnskrift.\" \/>\n<meta name=\"robots\" content=\"index, follow, max-snippet:-1, max-image-preview:large, max-video-preview:-1\" \/>\n<link rel=\"canonical\" href=\"https:\/\/avaldsnes.info\/de\/olavskirken\/subpage\/\" \/>\n<meta property=\"og:locale\" content=\"de_DE\" \/>\n<meta property=\"og:type\" content=\"article\" \/>\n<meta property=\"og:title\" content=\"Jomfru Marias Syn\u00e5l Avaldsnes, bautastein dommedag segn\" \/>\n<meta property=\"og:description\" content=\"Bautasteinen &quot;Jomfru Marias syn\u00e5l&quot; er 7,2m h\u00f8g, men den har vore h\u00f8gare. Segna fortel at dommedag kjem n\u00e5r toppen av bautaen r\u00f8rer kyrkjeveggen. Namnet kjem av ei runeinnskrift.\" \/>\n<meta property=\"og:url\" content=\"https:\/\/avaldsnes.info\/de\/olavskirken\/subpage\/\" \/>\n<meta property=\"og:site_name\" content=\"Avaldsnes\" \/>\n<meta property=\"article:modified_time\" content=\"2014-11-17T09:31:42+00:00\" \/>\n<meta property=\"og:image\" content=\"https:\/\/avaldsnes.info\/content\/uploads\/2013\/03\/Cathrine-Glette-IMG_5774-198x300.jpg\" \/>\n<meta name=\"twitter:label1\" content=\"Est. reading time\" \/>\n\t<meta name=\"twitter:data1\" content=\"4 minutes\" \/>\n<script type=\"application\/ld+json\" class=\"yoast-schema-graph\">{\"@context\":\"https:\/\/schema.org\",\"@graph\":[{\"@type\":\"WebPage\",\"@id\":\"https:\/\/avaldsnes.info\/de\/olavskirken\/subpage\/\",\"url\":\"https:\/\/avaldsnes.info\/de\/olavskirken\/subpage\/\",\"name\":\"Jomfru Marias Syn\u00e5l Avaldsnes, bautastein dommedag segn\",\"isPartOf\":{\"@id\":\"https:\/\/avaldsnes.info\/de\/#website\"},\"primaryImageOfPage\":{\"@id\":\"https:\/\/avaldsnes.info\/de\/olavskirken\/subpage\/#primaryimage\"},\"image\":{\"@id\":\"https:\/\/avaldsnes.info\/de\/olavskirken\/subpage\/#primaryimage\"},\"thumbnailUrl\":\"https:\/\/avaldsnes.info\/content\/uploads\/2013\/03\/Cathrine-Glette-IMG_5774-198x300.jpg\",\"datePublished\":\"2013-03-21T07:51:19+00:00\",\"dateModified\":\"2014-11-17T09:31:42+00:00\",\"description\":\"Bautasteinen \\\"Jomfru Marias syn\u00e5l\\\" er 7,2m h\u00f8g, men den har vore h\u00f8gare. Segna fortel at dommedag kjem n\u00e5r toppen av bautaen r\u00f8rer kyrkjeveggen. Namnet kjem av ei runeinnskrift.\",\"breadcrumb\":{\"@id\":\"https:\/\/avaldsnes.info\/de\/olavskirken\/subpage\/#breadcrumb\"},\"inLanguage\":\"de-DE\",\"potentialAction\":[{\"@type\":\"ReadAction\",\"target\":[[\"https:\/\/avaldsnes.info\/de\/olavskirken\/subpage\/\"]]}]},{\"@type\":\"ImageObject\",\"inLanguage\":\"de-DE\",\"@id\":\"https:\/\/avaldsnes.info\/de\/olavskirken\/subpage\/#primaryimage\",\"url\":\"https:\/\/avaldsnes.info\/content\/uploads\/2013\/03\/Cathrine-Glette-IMG_5774-198x300.jpg\",\"contentUrl\":\"https:\/\/avaldsnes.info\/content\/uploads\/2013\/03\/Cathrine-Glette-IMG_5774-198x300.jpg\"},{\"@type\":\"BreadcrumbList\",\"@id\":\"https:\/\/avaldsnes.info\/de\/olavskirken\/subpage\/#breadcrumb\",\"itemListElement\":[{\"@type\":\"ListItem\",\"position\":1,\"name\":\"Home\",\"item\":\"https:\/\/avaldsnes.info\/de\/\"},{\"@type\":\"ListItem\",\"position\":2,\"name\":\"Subpage\"}]},{\"@type\":\"WebSite\",\"@id\":\"https:\/\/avaldsnes.info\/de\/#website\",\"url\":\"https:\/\/avaldsnes.info\/de\/\",\"name\":\"Avaldsnes\",\"description\":\"Norges eldste kongesete\",\"potentialAction\":[{\"@type\":\"SearchAction\",\"target\":{\"@type\":\"EntryPoint\",\"urlTemplate\":\"https:\/\/avaldsnes.info\/de\/?s={search_term_string}\"},\"query-input\":{\"@type\":\"PropertyValueSpecification\",\"valueRequired\":true,\"valueName\":\"search_term_string\"}}],\"inLanguage\":\"de-DE\"}]}<\/script>\n<!-- \/ Yoast SEO plugin. -->","yoast_head_json":{"title":"Jomfru Marias Syn\u00e5l Avaldsnes, bautastein dommedag segn","description":"Bautasteinen \"Jomfru Marias syn\u00e5l\" er 7,2m h\u00f8g, men den har vore h\u00f8gare. Segna fortel at dommedag kjem n\u00e5r toppen av bautaen r\u00f8rer kyrkjeveggen. Namnet kjem av ei runeinnskrift.","robots":{"index":"index","follow":"follow","max-snippet":"max-snippet:-1","max-image-preview":"max-image-preview:large","max-video-preview":"max-video-preview:-1"},"canonical":"https:\/\/avaldsnes.info\/de\/olavskirken\/subpage\/","og_locale":"de_DE","og_type":"article","og_title":"Jomfru Marias Syn\u00e5l Avaldsnes, bautastein dommedag segn","og_description":"Bautasteinen \"Jomfru Marias syn\u00e5l\" er 7,2m h\u00f8g, men den har vore h\u00f8gare. Segna fortel at dommedag kjem n\u00e5r toppen av bautaen r\u00f8rer kyrkjeveggen. Namnet kjem av ei runeinnskrift.","og_url":"https:\/\/avaldsnes.info\/de\/olavskirken\/subpage\/","og_site_name":"Avaldsnes","article_modified_time":"2014-11-17T09:31:42+00:00","og_image":[{"url":"https:\/\/avaldsnes.info\/content\/uploads\/2013\/03\/Cathrine-Glette-IMG_5774-198x300.jpg","type":"","width":"","height":""}],"twitter_misc":{"Est. reading time":"4 minutes"},"schema":{"@context":"https:\/\/schema.org","@graph":[{"@type":"WebPage","@id":"https:\/\/avaldsnes.info\/de\/olavskirken\/subpage\/","url":"https:\/\/avaldsnes.info\/de\/olavskirken\/subpage\/","name":"Jomfru Marias Syn\u00e5l Avaldsnes, bautastein dommedag segn","isPartOf":{"@id":"https:\/\/avaldsnes.info\/de\/#website"},"primaryImageOfPage":{"@id":"https:\/\/avaldsnes.info\/de\/olavskirken\/subpage\/#primaryimage"},"image":{"@id":"https:\/\/avaldsnes.info\/de\/olavskirken\/subpage\/#primaryimage"},"thumbnailUrl":"https:\/\/avaldsnes.info\/content\/uploads\/2013\/03\/Cathrine-Glette-IMG_5774-198x300.jpg","datePublished":"2013-03-21T07:51:19+00:00","dateModified":"2014-11-17T09:31:42+00:00","description":"Bautasteinen \"Jomfru Marias syn\u00e5l\" er 7,2m h\u00f8g, men den har vore h\u00f8gare. Segna fortel at dommedag kjem n\u00e5r toppen av bautaen r\u00f8rer kyrkjeveggen. Namnet kjem av ei runeinnskrift.","breadcrumb":{"@id":"https:\/\/avaldsnes.info\/de\/olavskirken\/subpage\/#breadcrumb"},"inLanguage":"de-DE","potentialAction":[{"@type":"ReadAction","target":[["https:\/\/avaldsnes.info\/de\/olavskirken\/subpage\/"]]}]},{"@type":"ImageObject","inLanguage":"de-DE","@id":"https:\/\/avaldsnes.info\/de\/olavskirken\/subpage\/#primaryimage","url":"https:\/\/avaldsnes.info\/content\/uploads\/2013\/03\/Cathrine-Glette-IMG_5774-198x300.jpg","contentUrl":"https:\/\/avaldsnes.info\/content\/uploads\/2013\/03\/Cathrine-Glette-IMG_5774-198x300.jpg"},{"@type":"BreadcrumbList","@id":"https:\/\/avaldsnes.info\/de\/olavskirken\/subpage\/#breadcrumb","itemListElement":[{"@type":"ListItem","position":1,"name":"Home","item":"https:\/\/avaldsnes.info\/de\/"},{"@type":"ListItem","position":2,"name":"Subpage"}]},{"@type":"WebSite","@id":"https:\/\/avaldsnes.info\/de\/#website","url":"https:\/\/avaldsnes.info\/de\/","name":"Avaldsnes","description":"Norges eldste kongesete","potentialAction":[{"@type":"SearchAction","target":{"@type":"EntryPoint","urlTemplate":"https:\/\/avaldsnes.info\/de\/?s={search_term_string}"},"query-input":{"@type":"PropertyValueSpecification","valueRequired":true,"valueName":"search_term_string"}}],"inLanguage":"de-DE"}]}},"_links":{"self":[{"href":"https:\/\/avaldsnes.info\/de\/wp-json\/wp\/v2\/pages\/85"}],"collection":[{"href":"https:\/\/avaldsnes.info\/de\/wp-json\/wp\/v2\/pages"}],"about":[{"href":"https:\/\/avaldsnes.info\/de\/wp-json\/wp\/v2\/types\/page"}],"author":[{"embeddable":true,"href":"https:\/\/avaldsnes.info\/de\/wp-json\/wp\/v2\/users\/1"}],"replies":[{"embeddable":true,"href":"https:\/\/avaldsnes.info\/de\/wp-json\/wp\/v2\/comments?post=85"}],"version-history":[{"count":27,"href":"https:\/\/avaldsnes.info\/de\/wp-json\/wp\/v2\/pages\/85\/revisions"}],"predecessor-version":[{"id":89,"href":"https:\/\/avaldsnes.info\/de\/wp-json\/wp\/v2\/pages\/85\/revisions\/89"}],"up":[{"embeddable":true,"href":"https:\/\/avaldsnes.info\/de\/wp-json\/wp\/v2\/pages\/13"}],"wp:attachment":[{"href":"https:\/\/avaldsnes.info\/de\/wp-json\/wp\/v2\/media?parent=85"}],"curies":[{"name":"wp","href":"https:\/\/api.w.org\/{rel}","templated":true}]}}