{"id":786,"date":"2013-08-07T14:44:01","date_gmt":"2013-08-07T14:44:01","guid":{"rendered":"https:\/\/avaldsnes.info\/?page_id=786"},"modified":"2022-11-23T12:15:23","modified_gmt":"2022-11-23T12:15:23","slug":"keltisk-jernalder-500-f-kr-0","status":"publish","type":"page","link":"https:\/\/avaldsnes.info\/de\/historie\/keltisk-jernalder-500-f-kr-0\/","title":{"rendered":"(Norsk) Keltertid (500 f.Kr -0)"},"content":{"rendered":"<p class=\"qtranxs-available-languages-message qtranxs-available-languages-message-de\">Leider ist der Eintrag nur auf <a href=\"https:\/\/avaldsnes.info\/no\/wp-json\/wp\/v2\/pages\/786\" class=\"qtranxs-available-language-link qtranxs-available-language-link-no\" title=\"Norsk\">Norsk<\/a> und <a href=\"https:\/\/avaldsnes.info\/en\/wp-json\/wp\/v2\/pages\/786\" class=\"qtranxs-available-language-link qtranxs-available-language-link-en\" title=\"English\">English<\/a> verf\u00fcgbar.<\/p>","protected":false},"excerpt":{"rendered":"<p>Leider ist der Eintrag nur auf Norsk und English verf\u00fcgbar.<\/p>\n","protected":false},"author":3,"featured_media":0,"parent":5,"menu_order":6,"comment_status":"closed","ping_status":"open","template":"","meta":{"footnotes":""},"yoast_head":"<!-- This site is optimized with the Yoast SEO plugin v27.1.1 - https:\/\/yoast.com\/product\/yoast-seo-wordpress\/ -->\n<title>Keltertid (500 f.Kr -0) Avaldsnes<\/title>\n<meta name=\"description\" content=\"F\u00f8rste del av jernalderen blir kalt f\u00f8r-romersk jernalder eller keltertid. En gang i de siste 200 \u00e5rene av keltisk jernalder, ble en h\u00f8vding gravlagt i det vi kaller Olshaugen p\u00e5 Kolst\u00f8, litt s\u00f8r for selve Avaldsnes. Gjenstandene i graven viser at mannen i Olshaugen var gravlagt med fullt v\u00e5penutstyr i samsvar med tidens kontinentale keltisk inspirerte mote.\" \/>\n<meta name=\"robots\" content=\"index, follow, max-snippet:-1, max-image-preview:large, max-video-preview:-1\" \/>\n<link rel=\"canonical\" href=\"https:\/\/avaldsnes.info\/de\/historie\/keltisk-jernalder-500-f-kr-0\/\" \/>\n<meta property=\"og:locale\" content=\"de_DE\" \/>\n<meta property=\"og:type\" content=\"article\" \/>\n<meta property=\"og:title\" content=\"Keltertid (500 f.Kr -0) Avaldsnes\" \/>\n<meta property=\"og:description\" content=\"F\u00f8rste del av jernalderen blir kalt f\u00f8r-romersk jernalder eller keltertid. En gang i de siste 200 \u00e5rene av keltisk jernalder, ble en h\u00f8vding gravlagt i det vi kaller Olshaugen p\u00e5 Kolst\u00f8, litt s\u00f8r for selve Avaldsnes. Gjenstandene i graven viser at mannen i Olshaugen var gravlagt med fullt v\u00e5penutstyr i samsvar med tidens kontinentale keltisk inspirerte mote.\" \/>\n<meta property=\"og:url\" content=\"https:\/\/avaldsnes.info\/de\/historie\/keltisk-jernalder-500-f-kr-0\/\" \/>\n<meta property=\"og:site_name\" content=\"Avaldsnes\" \/>\n<meta property=\"article:modified_time\" content=\"2022-11-23T12:15:23+00:00\" \/>\n<meta property=\"og:image\" content=\"https:\/\/avaldsnes.info\/content\/uploads\/2013\/08\/Waterloo-helmet-London.-150-50-b.C-300x188.jpg\" \/>\n<meta name=\"twitter:label1\" content=\"Est. reading time\" \/>\n\t<meta name=\"twitter:data1\" content=\"20 minutes\" \/>\n<script type=\"application\/ld+json\" class=\"yoast-schema-graph\">{\"@context\":\"https:\/\/schema.org\",\"@graph\":[{\"@type\":\"WebPage\",\"@id\":\"https:\/\/avaldsnes.info\/de\/historie\/keltisk-jernalder-500-f-kr-0\/\",\"url\":\"https:\/\/avaldsnes.info\/de\/historie\/keltisk-jernalder-500-f-kr-0\/\",\"name\":\"Keltertid (500 f.Kr -0) Avaldsnes\",\"isPartOf\":{\"@id\":\"https:\/\/avaldsnes.info\/de\/#website\"},\"primaryImageOfPage\":{\"@id\":\"https:\/\/avaldsnes.info\/de\/historie\/keltisk-jernalder-500-f-kr-0\/#primaryimage\"},\"image\":{\"@id\":\"https:\/\/avaldsnes.info\/de\/historie\/keltisk-jernalder-500-f-kr-0\/#primaryimage\"},\"thumbnailUrl\":\"https:\/\/avaldsnes.info\/content\/uploads\/2013\/08\/Waterloo-helmet-London.-150-50-b.C-300x188.jpg\",\"datePublished\":\"2013-08-07T14:44:01+00:00\",\"dateModified\":\"2022-11-23T12:15:23+00:00\",\"description\":\"F\u00f8rste del av jernalderen blir kalt f\u00f8r-romersk jernalder eller keltertid. En gang i de siste 200 \u00e5rene av keltisk jernalder, ble en h\u00f8vding gravlagt i det vi kaller Olshaugen p\u00e5 Kolst\u00f8, litt s\u00f8r for selve Avaldsnes. Gjenstandene i graven viser at mannen i Olshaugen var gravlagt med fullt v\u00e5penutstyr i samsvar med tidens kontinentale keltisk inspirerte mote.\",\"breadcrumb\":{\"@id\":\"https:\/\/avaldsnes.info\/de\/historie\/keltisk-jernalder-500-f-kr-0\/#breadcrumb\"},\"inLanguage\":\"de-DE\",\"potentialAction\":[{\"@type\":\"ReadAction\",\"target\":[[\"https:\/\/avaldsnes.info\/de\/historie\/keltisk-jernalder-500-f-kr-0\/\"]]}]},{\"@type\":\"ImageObject\",\"inLanguage\":\"de-DE\",\"@id\":\"https:\/\/avaldsnes.info\/de\/historie\/keltisk-jernalder-500-f-kr-0\/#primaryimage\",\"url\":\"https:\/\/avaldsnes.info\/content\/uploads\/2013\/08\/Waterloo-helmet-London.-150-50-b.C-300x188.jpg\",\"contentUrl\":\"https:\/\/avaldsnes.info\/content\/uploads\/2013\/08\/Waterloo-helmet-London.-150-50-b.C-300x188.jpg\"},{\"@type\":\"BreadcrumbList\",\"@id\":\"https:\/\/avaldsnes.info\/de\/historie\/keltisk-jernalder-500-f-kr-0\/#breadcrumb\",\"itemListElement\":[{\"@type\":\"ListItem\",\"position\":1,\"name\":\"Home\",\"item\":\"https:\/\/avaldsnes.info\/de\/\"},{\"@type\":\"ListItem\",\"position\":2,\"name\":\"Historie\",\"item\":\"https:\/\/avaldsnes.info\/de\/historie\/\"},{\"@type\":\"ListItem\",\"position\":3,\"name\":\"(Norsk) Keltertid (500 f.Kr -0)\"}]},{\"@type\":\"WebSite\",\"@id\":\"https:\/\/avaldsnes.info\/de\/#website\",\"url\":\"https:\/\/avaldsnes.info\/de\/\",\"name\":\"Avaldsnes\",\"description\":\"Norges eldste kongesete\",\"potentialAction\":[{\"@type\":\"SearchAction\",\"target\":{\"@type\":\"EntryPoint\",\"urlTemplate\":\"https:\/\/avaldsnes.info\/de\/?s={search_term_string}\"},\"query-input\":{\"@type\":\"PropertyValueSpecification\",\"valueRequired\":true,\"valueName\":\"search_term_string\"}}],\"inLanguage\":\"de-DE\"}]}<\/script>\n<!-- \/ Yoast SEO plugin. -->","yoast_head_json":{"title":"Keltertid (500 f.Kr -0) Avaldsnes","description":"F\u00f8rste del av jernalderen blir kalt f\u00f8r-romersk jernalder eller keltertid. En gang i de siste 200 \u00e5rene av keltisk jernalder, ble en h\u00f8vding gravlagt i det vi kaller Olshaugen p\u00e5 Kolst\u00f8, litt s\u00f8r for selve Avaldsnes. Gjenstandene i graven viser at mannen i Olshaugen var gravlagt med fullt v\u00e5penutstyr i samsvar med tidens kontinentale keltisk inspirerte mote.","robots":{"index":"index","follow":"follow","max-snippet":"max-snippet:-1","max-image-preview":"max-image-preview:large","max-video-preview":"max-video-preview:-1"},"canonical":"https:\/\/avaldsnes.info\/de\/historie\/keltisk-jernalder-500-f-kr-0\/","og_locale":"de_DE","og_type":"article","og_title":"Keltertid (500 f.Kr -0) Avaldsnes","og_description":"F\u00f8rste del av jernalderen blir kalt f\u00f8r-romersk jernalder eller keltertid. En gang i de siste 200 \u00e5rene av keltisk jernalder, ble en h\u00f8vding gravlagt i det vi kaller Olshaugen p\u00e5 Kolst\u00f8, litt s\u00f8r for selve Avaldsnes. Gjenstandene i graven viser at mannen i Olshaugen var gravlagt med fullt v\u00e5penutstyr i samsvar med tidens kontinentale keltisk inspirerte mote.","og_url":"https:\/\/avaldsnes.info\/de\/historie\/keltisk-jernalder-500-f-kr-0\/","og_site_name":"Avaldsnes","article_modified_time":"2022-11-23T12:15:23+00:00","og_image":[{"url":"https:\/\/avaldsnes.info\/content\/uploads\/2013\/08\/Waterloo-helmet-London.-150-50-b.C-300x188.jpg","type":"","width":"","height":""}],"twitter_misc":{"Est. reading time":"20 minutes"},"schema":{"@context":"https:\/\/schema.org","@graph":[{"@type":"WebPage","@id":"https:\/\/avaldsnes.info\/de\/historie\/keltisk-jernalder-500-f-kr-0\/","url":"https:\/\/avaldsnes.info\/de\/historie\/keltisk-jernalder-500-f-kr-0\/","name":"Keltertid (500 f.Kr -0) Avaldsnes","isPartOf":{"@id":"https:\/\/avaldsnes.info\/de\/#website"},"primaryImageOfPage":{"@id":"https:\/\/avaldsnes.info\/de\/historie\/keltisk-jernalder-500-f-kr-0\/#primaryimage"},"image":{"@id":"https:\/\/avaldsnes.info\/de\/historie\/keltisk-jernalder-500-f-kr-0\/#primaryimage"},"thumbnailUrl":"https:\/\/avaldsnes.info\/content\/uploads\/2013\/08\/Waterloo-helmet-London.-150-50-b.C-300x188.jpg","datePublished":"2013-08-07T14:44:01+00:00","dateModified":"2022-11-23T12:15:23+00:00","description":"F\u00f8rste del av jernalderen blir kalt f\u00f8r-romersk jernalder eller keltertid. En gang i de siste 200 \u00e5rene av keltisk jernalder, ble en h\u00f8vding gravlagt i det vi kaller Olshaugen p\u00e5 Kolst\u00f8, litt s\u00f8r for selve Avaldsnes. Gjenstandene i graven viser at mannen i Olshaugen var gravlagt med fullt v\u00e5penutstyr i samsvar med tidens kontinentale keltisk inspirerte mote.","breadcrumb":{"@id":"https:\/\/avaldsnes.info\/de\/historie\/keltisk-jernalder-500-f-kr-0\/#breadcrumb"},"inLanguage":"de-DE","potentialAction":[{"@type":"ReadAction","target":[["https:\/\/avaldsnes.info\/de\/historie\/keltisk-jernalder-500-f-kr-0\/"]]}]},{"@type":"ImageObject","inLanguage":"de-DE","@id":"https:\/\/avaldsnes.info\/de\/historie\/keltisk-jernalder-500-f-kr-0\/#primaryimage","url":"https:\/\/avaldsnes.info\/content\/uploads\/2013\/08\/Waterloo-helmet-London.-150-50-b.C-300x188.jpg","contentUrl":"https:\/\/avaldsnes.info\/content\/uploads\/2013\/08\/Waterloo-helmet-London.-150-50-b.C-300x188.jpg"},{"@type":"BreadcrumbList","@id":"https:\/\/avaldsnes.info\/de\/historie\/keltisk-jernalder-500-f-kr-0\/#breadcrumb","itemListElement":[{"@type":"ListItem","position":1,"name":"Home","item":"https:\/\/avaldsnes.info\/de\/"},{"@type":"ListItem","position":2,"name":"Historie","item":"https:\/\/avaldsnes.info\/de\/historie\/"},{"@type":"ListItem","position":3,"name":"(Norsk) Keltertid (500 f.Kr -0)"}]},{"@type":"WebSite","@id":"https:\/\/avaldsnes.info\/de\/#website","url":"https:\/\/avaldsnes.info\/de\/","name":"Avaldsnes","description":"Norges eldste kongesete","potentialAction":[{"@type":"SearchAction","target":{"@type":"EntryPoint","urlTemplate":"https:\/\/avaldsnes.info\/de\/?s={search_term_string}"},"query-input":{"@type":"PropertyValueSpecification","valueRequired":true,"valueName":"search_term_string"}}],"inLanguage":"de-DE"}]}},"_links":{"self":[{"href":"https:\/\/avaldsnes.info\/de\/wp-json\/wp\/v2\/pages\/786"}],"collection":[{"href":"https:\/\/avaldsnes.info\/de\/wp-json\/wp\/v2\/pages"}],"about":[{"href":"https:\/\/avaldsnes.info\/de\/wp-json\/wp\/v2\/types\/page"}],"author":[{"embeddable":true,"href":"https:\/\/avaldsnes.info\/de\/wp-json\/wp\/v2\/users\/3"}],"replies":[{"embeddable":true,"href":"https:\/\/avaldsnes.info\/de\/wp-json\/wp\/v2\/comments?post=786"}],"version-history":[{"count":111,"href":"https:\/\/avaldsnes.info\/de\/wp-json\/wp\/v2\/pages\/786\/revisions"}],"predecessor-version":[{"id":6467,"href":"https:\/\/avaldsnes.info\/de\/wp-json\/wp\/v2\/pages\/786\/revisions\/6467"}],"up":[{"embeddable":true,"href":"https:\/\/avaldsnes.info\/de\/wp-json\/wp\/v2\/pages\/5"}],"wp:attachment":[{"href":"https:\/\/avaldsnes.info\/de\/wp-json\/wp\/v2\/media?parent=786"}],"curies":[{"name":"wp","href":"https:\/\/api.w.org\/{rel}","templated":true}]}}