{"id":7,"date":"2012-12-10T13:51:52","date_gmt":"2012-12-10T13:51:52","guid":{"rendered":"https:\/\/avaldsnes.info\/?page_id=7"},"modified":"2022-11-23T10:24:16","modified_gmt":"2022-11-23T10:24:16","slug":"forskning","status":"publish","type":"page","link":"https:\/\/avaldsnes.info\/de\/forskning\/","title":{"rendered":"Forskning"},"content":{"rendered":"<p><\/p>\n<h2><strong>Lorem Ipsum\u00a0<\/strong><\/h2>\n<p class=\"lead\">er rett og slett dummytekst fra og for trykkeindustrien. Lorem Ipsum har v\u00e6rt bransjens standard for dummytekst<strong> helt siden<\/strong> 1500-tallet, da en ukjent boktrykker stokket en mengde bokstaver for \u00e5 lage et pr\u00f8veeksemplar av en bok.<\/p>\n<div id=\"attachment_111\" style=\"width: 310px\" class=\"wp-caption alignnone\"><a href=\"https:\/\/avaldsnes.info\/content\/uploads\/2012\/12\/20110624-Oslo-Haugesund-3524.jpg\"><img loading=\"lazy\" decoding=\"async\" aria-describedby=\"caption-attachment-111\" class=\"size-medium wp-image-111\" title=\"Mann foran Langfoss\" alt=\"20110624 - Oslo - Haugesund - 3524\" src=\"https:\/\/avaldsnes.info\/content\/uploads\/2012\/12\/20110624-Oslo-Haugesund-3524-300x300.jpg\" width=\"300\" height=\"300\" \/><\/a><p id=\"caption-attachment-111\" class=\"wp-caption-text\">Viking fra Haugesund st\u00e5r og speider hjem<\/p><\/div>\n<p>Lorem Ipsum har t\u00e5lt tidens tann usedvanlig godt, og har i tillegg til \u00e5 best\u00e5 gjennom fem \u00e5rhundrer ogs\u00e5 t\u00e5lt spranget over til elektronisk typografi uten vesentlige endringer. Lorem Ipsum ble gjort allment kjent i 1960-\u00e5rene ved lanseringen av Letraset-ark med avsnitt fra Lorem Ipsum, og senere med sideombrekkingsprogrammet Aldus PageMaker som tok i bruk nettopp Lorem Ipsum for <a href=\"http:\/\/www.vikingkings.com\" target=\"_blank\">dummytekst<\/a>.<\/p>\n<\/p>\n<p><\/p>","protected":false},"excerpt":{"rendered":"<p class=\"qtranxs-available-languages-message qtranxs-available-languages-message-de\">Leider ist der Eintrag nur auf <a href=\"https:\/\/avaldsnes.info\/en\/wp-json\/wp\/v2\/pages\/7\" class=\"qtranxs-available-language-link qtranxs-available-language-link-en\" title=\"English\">English<\/a> verf\u00fcgbar.<\/p>\n","protected":false},"author":1,"featured_media":2251,"parent":0,"menu_order":5,"comment_status":"closed","ping_status":"open","template":"","meta":{"footnotes":""},"yoast_head":"<!-- This site is optimized with the Yoast SEO plugin v27.1.1 - https:\/\/yoast.com\/product\/yoast-seo-wordpress\/ -->\n<title>Forskning - Avaldsnes, arkeologi, marinarkeologi, Kongsg\u00e5rdprosjekte, Arkeologisk museum, Stavanger maritime museum<\/title>\n<meta name=\"description\" content=\"Avaldsnesprosjektet har i en \u00e5rrekke samarbeidet med Arkeologisk museum i Stavanger og Stavanger maritime museum. I 2007 ble Kongsg\u00e5rdprosjektet etablert.\" \/>\n<meta name=\"robots\" content=\"index, follow, max-snippet:-1, max-image-preview:large, max-video-preview:-1\" \/>\n<link rel=\"canonical\" href=\"https:\/\/avaldsnes.info\/de\/forskning\/\" \/>\n<meta property=\"og:locale\" content=\"de_DE\" \/>\n<meta property=\"og:type\" content=\"article\" \/>\n<meta property=\"og:title\" content=\"Forskning - Avaldsnes, arkeologi, marinarkeologi, Kongsg\u00e5rdprosjekte, Arkeologisk museum, Stavanger maritime museum\" \/>\n<meta property=\"og:description\" content=\"Avaldsnesprosjektet har i en \u00e5rrekke samarbeidet med Arkeologisk museum i Stavanger og Stavanger maritime museum. I 2007 ble Kongsg\u00e5rdprosjektet etablert.\" \/>\n<meta property=\"og:url\" content=\"https:\/\/avaldsnes.info\/de\/forskning\/\" \/>\n<meta property=\"og:site_name\" content=\"Avaldsnes\" \/>\n<meta property=\"article:modified_time\" content=\"2022-11-23T10:24:16+00:00\" \/>\n<meta property=\"og:image\" content=\"https:\/\/avaldsnes.info\/content\/uploads\/2012\/12\/Kongshallruin-Kongsg\u00e5rdprosjektet-Avaldsnes-Kulturhistorisk-museum-Universitetet-i-Oslo-1024x768.jpg\" \/>\n\t<meta property=\"og:image:width\" content=\"1024\" \/>\n\t<meta property=\"og:image:height\" content=\"768\" \/>\n\t<meta property=\"og:image:type\" content=\"image\/jpeg\" \/>\n<meta name=\"twitter:label1\" content=\"Est. reading time\" \/>\n\t<meta name=\"twitter:data1\" content=\"25 minutes\" \/>\n<script type=\"application\/ld+json\" class=\"yoast-schema-graph\">{\"@context\":\"https:\/\/schema.org\",\"@graph\":[{\"@type\":\"WebPage\",\"@id\":\"https:\/\/avaldsnes.info\/de\/forskning\/\",\"url\":\"https:\/\/avaldsnes.info\/de\/forskning\/\",\"name\":\"Forskning - Avaldsnes, arkeologi, marinarkeologi, Kongsg\u00e5rdprosjekte, Arkeologisk museum, Stavanger maritime museum\",\"isPartOf\":{\"@id\":\"https:\/\/avaldsnes.info\/de\/#website\"},\"primaryImageOfPage\":{\"@id\":\"https:\/\/avaldsnes.info\/de\/forskning\/#primaryimage\"},\"image\":{\"@id\":\"https:\/\/avaldsnes.info\/de\/forskning\/#primaryimage\"},\"thumbnailUrl\":\"https:\/\/avaldsnes.info\/content\/uploads\/2012\/12\/Kongshallruin-Kongsg\u00e5rdprosjektet-Avaldsnes-Kulturhistorisk-museum-Universitetet-i-Oslo.jpg\",\"datePublished\":\"2012-12-10T13:51:52+00:00\",\"dateModified\":\"2022-11-23T10:24:16+00:00\",\"description\":\"Avaldsnesprosjektet har i en \u00e5rrekke samarbeidet med Arkeologisk museum i Stavanger og Stavanger maritime museum. I 2007 ble Kongsg\u00e5rdprosjektet etablert.\",\"breadcrumb\":{\"@id\":\"https:\/\/avaldsnes.info\/de\/forskning\/#breadcrumb\"},\"inLanguage\":\"de-DE\",\"potentialAction\":[{\"@type\":\"ReadAction\",\"target\":[[\"https:\/\/avaldsnes.info\/de\/forskning\/\"]]}]},{\"@type\":\"ImageObject\",\"inLanguage\":\"de-DE\",\"@id\":\"https:\/\/avaldsnes.info\/de\/forskning\/#primaryimage\",\"url\":\"https:\/\/avaldsnes.info\/content\/uploads\/2012\/12\/Kongshallruin-Kongsg\u00e5rdprosjektet-Avaldsnes-Kulturhistorisk-museum-Universitetet-i-Oslo.jpg\",\"contentUrl\":\"https:\/\/avaldsnes.info\/content\/uploads\/2012\/12\/Kongshallruin-Kongsg\u00e5rdprosjektet-Avaldsnes-Kulturhistorisk-museum-Universitetet-i-Oslo.jpg\",\"width\":3648,\"height\":2736,\"caption\":\"I 2012 fant Kongsg\u00e5rdprosjektet ruinene av en kongshall fra middelalderen. (Foto Kulturhistorisk museum, UiO)\"},{\"@type\":\"BreadcrumbList\",\"@id\":\"https:\/\/avaldsnes.info\/de\/forskning\/#breadcrumb\",\"itemListElement\":[{\"@type\":\"ListItem\",\"position\":1,\"name\":\"Home\",\"item\":\"https:\/\/avaldsnes.info\/de\/\"},{\"@type\":\"ListItem\",\"position\":2,\"name\":\"Forskning\"}]},{\"@type\":\"WebSite\",\"@id\":\"https:\/\/avaldsnes.info\/de\/#website\",\"url\":\"https:\/\/avaldsnes.info\/de\/\",\"name\":\"Avaldsnes\",\"description\":\"Norges eldste kongesete\",\"potentialAction\":[{\"@type\":\"SearchAction\",\"target\":{\"@type\":\"EntryPoint\",\"urlTemplate\":\"https:\/\/avaldsnes.info\/de\/?s={search_term_string}\"},\"query-input\":{\"@type\":\"PropertyValueSpecification\",\"valueRequired\":true,\"valueName\":\"search_term_string\"}}],\"inLanguage\":\"de-DE\"}]}<\/script>\n<!-- \/ Yoast SEO plugin. -->","yoast_head_json":{"title":"Forskning - Avaldsnes, arkeologi, marinarkeologi, Kongsg\u00e5rdprosjekte, Arkeologisk museum, Stavanger maritime museum","description":"Avaldsnesprosjektet har i en \u00e5rrekke samarbeidet med Arkeologisk museum i Stavanger og Stavanger maritime museum. I 2007 ble Kongsg\u00e5rdprosjektet etablert.","robots":{"index":"index","follow":"follow","max-snippet":"max-snippet:-1","max-image-preview":"max-image-preview:large","max-video-preview":"max-video-preview:-1"},"canonical":"https:\/\/avaldsnes.info\/de\/forskning\/","og_locale":"de_DE","og_type":"article","og_title":"Forskning - Avaldsnes, arkeologi, marinarkeologi, Kongsg\u00e5rdprosjekte, Arkeologisk museum, Stavanger maritime museum","og_description":"Avaldsnesprosjektet har i en \u00e5rrekke samarbeidet med Arkeologisk museum i Stavanger og Stavanger maritime museum. I 2007 ble Kongsg\u00e5rdprosjektet etablert.","og_url":"https:\/\/avaldsnes.info\/de\/forskning\/","og_site_name":"Avaldsnes","article_modified_time":"2022-11-23T10:24:16+00:00","og_image":[{"width":1024,"height":768,"url":"https:\/\/avaldsnes.info\/content\/uploads\/2012\/12\/Kongshallruin-Kongsg\u00e5rdprosjektet-Avaldsnes-Kulturhistorisk-museum-Universitetet-i-Oslo-1024x768.jpg","type":"image\/jpeg"}],"twitter_misc":{"Est. reading time":"25 minutes"},"schema":{"@context":"https:\/\/schema.org","@graph":[{"@type":"WebPage","@id":"https:\/\/avaldsnes.info\/de\/forskning\/","url":"https:\/\/avaldsnes.info\/de\/forskning\/","name":"Forskning - Avaldsnes, arkeologi, marinarkeologi, Kongsg\u00e5rdprosjekte, Arkeologisk museum, Stavanger maritime museum","isPartOf":{"@id":"https:\/\/avaldsnes.info\/de\/#website"},"primaryImageOfPage":{"@id":"https:\/\/avaldsnes.info\/de\/forskning\/#primaryimage"},"image":{"@id":"https:\/\/avaldsnes.info\/de\/forskning\/#primaryimage"},"thumbnailUrl":"https:\/\/avaldsnes.info\/content\/uploads\/2012\/12\/Kongshallruin-Kongsg\u00e5rdprosjektet-Avaldsnes-Kulturhistorisk-museum-Universitetet-i-Oslo.jpg","datePublished":"2012-12-10T13:51:52+00:00","dateModified":"2022-11-23T10:24:16+00:00","description":"Avaldsnesprosjektet har i en \u00e5rrekke samarbeidet med Arkeologisk museum i Stavanger og Stavanger maritime museum. I 2007 ble Kongsg\u00e5rdprosjektet etablert.","breadcrumb":{"@id":"https:\/\/avaldsnes.info\/de\/forskning\/#breadcrumb"},"inLanguage":"de-DE","potentialAction":[{"@type":"ReadAction","target":[["https:\/\/avaldsnes.info\/de\/forskning\/"]]}]},{"@type":"ImageObject","inLanguage":"de-DE","@id":"https:\/\/avaldsnes.info\/de\/forskning\/#primaryimage","url":"https:\/\/avaldsnes.info\/content\/uploads\/2012\/12\/Kongshallruin-Kongsg\u00e5rdprosjektet-Avaldsnes-Kulturhistorisk-museum-Universitetet-i-Oslo.jpg","contentUrl":"https:\/\/avaldsnes.info\/content\/uploads\/2012\/12\/Kongshallruin-Kongsg\u00e5rdprosjektet-Avaldsnes-Kulturhistorisk-museum-Universitetet-i-Oslo.jpg","width":3648,"height":2736,"caption":"I 2012 fant Kongsg\u00e5rdprosjektet ruinene av en kongshall fra middelalderen. (Foto Kulturhistorisk museum, UiO)"},{"@type":"BreadcrumbList","@id":"https:\/\/avaldsnes.info\/de\/forskning\/#breadcrumb","itemListElement":[{"@type":"ListItem","position":1,"name":"Home","item":"https:\/\/avaldsnes.info\/de\/"},{"@type":"ListItem","position":2,"name":"Forskning"}]},{"@type":"WebSite","@id":"https:\/\/avaldsnes.info\/de\/#website","url":"https:\/\/avaldsnes.info\/de\/","name":"Avaldsnes","description":"Norges eldste kongesete","potentialAction":[{"@type":"SearchAction","target":{"@type":"EntryPoint","urlTemplate":"https:\/\/avaldsnes.info\/de\/?s={search_term_string}"},"query-input":{"@type":"PropertyValueSpecification","valueRequired":true,"valueName":"search_term_string"}}],"inLanguage":"de-DE"}]}},"_links":{"self":[{"href":"https:\/\/avaldsnes.info\/de\/wp-json\/wp\/v2\/pages\/7"}],"collection":[{"href":"https:\/\/avaldsnes.info\/de\/wp-json\/wp\/v2\/pages"}],"about":[{"href":"https:\/\/avaldsnes.info\/de\/wp-json\/wp\/v2\/types\/page"}],"author":[{"embeddable":true,"href":"https:\/\/avaldsnes.info\/de\/wp-json\/wp\/v2\/users\/1"}],"replies":[{"embeddable":true,"href":"https:\/\/avaldsnes.info\/de\/wp-json\/wp\/v2\/comments?post=7"}],"version-history":[{"count":265,"href":"https:\/\/avaldsnes.info\/de\/wp-json\/wp\/v2\/pages\/7\/revisions"}],"predecessor-version":[{"id":6455,"href":"https:\/\/avaldsnes.info\/de\/wp-json\/wp\/v2\/pages\/7\/revisions\/6455"}],"wp:featuredmedia":[{"embeddable":true,"href":"https:\/\/avaldsnes.info\/de\/wp-json\/wp\/v2\/media\/2251"}],"wp:attachment":[{"href":"https:\/\/avaldsnes.info\/de\/wp-json\/wp\/v2\/media?parent=7"}],"curies":[{"name":"wp","href":"https:\/\/api.w.org\/{rel}","templated":true}]}}