{"id":412,"date":"2013-07-21T15:27:21","date_gmt":"2013-07-21T15:27:21","guid":{"rendered":"https:\/\/avaldsnes.info\/?page_id=412"},"modified":"2022-11-23T14:11:30","modified_gmt":"2022-11-23T14:11:30","slug":"vikingtid-750-1100-e-kr","status":"publish","type":"page","link":"https:\/\/avaldsnes.info\/de\/historie\/vikingtid-750-1100-e-kr\/","title":{"rendered":"(Norsk) Vikingtid (750 &#8211; 1100 e.Kr)"},"content":{"rendered":"<p class=\"qtranxs-available-languages-message qtranxs-available-languages-message-de\">Leider ist der Eintrag nur auf <a href=\"https:\/\/avaldsnes.info\/no\/wp-json\/wp\/v2\/pages\/412\" class=\"qtranxs-available-language-link qtranxs-available-language-link-no\" title=\"Norsk\">Norsk<\/a> und <a href=\"https:\/\/avaldsnes.info\/en\/wp-json\/wp\/v2\/pages\/412\" class=\"qtranxs-available-language-link qtranxs-available-language-link-en\" title=\"English\">English<\/a> verf\u00fcgbar.<\/p>","protected":false},"excerpt":{"rendered":"<p>Leider ist der Eintrag nur auf Norsk und English verf\u00fcgbar.<\/p>\n","protected":false},"author":3,"featured_media":0,"parent":5,"menu_order":2,"comment_status":"closed","ping_status":"open","template":"","meta":{"footnotes":""},"yoast_head":"<!-- This site is optimized with the Yoast SEO plugin v27.1.1 - https:\/\/yoast.com\/product\/yoast-seo-wordpress\/ -->\n<title>Vikingtid Avaldsnes Harald H\u00e5rfagres kongsg\u00e5rd<\/title>\n<meta name=\"description\" content=\"I vikingtid var Avaldsnes kongsg\u00e5rd for de norske kongene kjent fra kongesagaene. Arkeologiske utgravinger viser spor etter kongsg\u00e5rden. Her ler ogs\u00e5 to 13 kjente skipsgraver.\" \/>\n<meta name=\"robots\" content=\"index, follow, max-snippet:-1, max-image-preview:large, max-video-preview:-1\" \/>\n<link rel=\"canonical\" href=\"https:\/\/avaldsnes.info\/de\/historie\/vikingtid-750-1100-e-kr\/\" \/>\n<meta property=\"og:locale\" content=\"de_DE\" \/>\n<meta property=\"og:type\" content=\"article\" \/>\n<meta property=\"og:title\" content=\"Vikingtid Avaldsnes Harald H\u00e5rfagres kongsg\u00e5rd\" \/>\n<meta property=\"og:description\" content=\"I vikingtid var Avaldsnes kongsg\u00e5rd for de norske kongene kjent fra kongesagaene. Arkeologiske utgravinger viser spor etter kongsg\u00e5rden. Her ler ogs\u00e5 to 13 kjente skipsgraver.\" \/>\n<meta property=\"og:url\" content=\"https:\/\/avaldsnes.info\/de\/historie\/vikingtid-750-1100-e-kr\/\" \/>\n<meta property=\"og:site_name\" content=\"Avaldsnes\" \/>\n<meta property=\"article:modified_time\" content=\"2022-11-23T14:11:30+00:00\" \/>\n<meta property=\"og:image\" content=\"https:\/\/avaldsnes.info\/content\/uploads\/2013\/07\/TORDENKILE-OG-GLASSPERLER-1-300x250.jpg\" \/>\n<meta name=\"twitter:label1\" content=\"Est. reading time\" \/>\n\t<meta name=\"twitter:data1\" content=\"47 minutes\" \/>\n<script type=\"application\/ld+json\" class=\"yoast-schema-graph\">{\"@context\":\"https:\/\/schema.org\",\"@graph\":[{\"@type\":\"WebPage\",\"@id\":\"https:\/\/avaldsnes.info\/de\/historie\/vikingtid-750-1100-e-kr\/\",\"url\":\"https:\/\/avaldsnes.info\/de\/historie\/vikingtid-750-1100-e-kr\/\",\"name\":\"Vikingtid Avaldsnes Harald H\u00e5rfagres kongsg\u00e5rd\",\"isPartOf\":{\"@id\":\"https:\/\/avaldsnes.info\/de\/#website\"},\"primaryImageOfPage\":{\"@id\":\"https:\/\/avaldsnes.info\/de\/historie\/vikingtid-750-1100-e-kr\/#primaryimage\"},\"image\":{\"@id\":\"https:\/\/avaldsnes.info\/de\/historie\/vikingtid-750-1100-e-kr\/#primaryimage\"},\"thumbnailUrl\":\"https:\/\/avaldsnes.info\/content\/uploads\/2013\/07\/TORDENKILE-OG-GLASSPERLER-1-300x250.jpg\",\"datePublished\":\"2013-07-21T15:27:21+00:00\",\"dateModified\":\"2022-11-23T14:11:30+00:00\",\"description\":\"I vikingtid var Avaldsnes kongsg\u00e5rd for de norske kongene kjent fra kongesagaene. Arkeologiske utgravinger viser spor etter kongsg\u00e5rden. Her ler ogs\u00e5 to 13 kjente skipsgraver.\",\"breadcrumb\":{\"@id\":\"https:\/\/avaldsnes.info\/de\/historie\/vikingtid-750-1100-e-kr\/#breadcrumb\"},\"inLanguage\":\"de-DE\",\"potentialAction\":[{\"@type\":\"ReadAction\",\"target\":[[\"https:\/\/avaldsnes.info\/de\/historie\/vikingtid-750-1100-e-kr\/\"]]}]},{\"@type\":\"ImageObject\",\"inLanguage\":\"de-DE\",\"@id\":\"https:\/\/avaldsnes.info\/de\/historie\/vikingtid-750-1100-e-kr\/#primaryimage\",\"url\":\"https:\/\/avaldsnes.info\/content\/uploads\/2013\/07\/TORDENKILE-OG-GLASSPERLER-1-300x250.jpg\",\"contentUrl\":\"https:\/\/avaldsnes.info\/content\/uploads\/2013\/07\/TORDENKILE-OG-GLASSPERLER-1-300x250.jpg\"},{\"@type\":\"BreadcrumbList\",\"@id\":\"https:\/\/avaldsnes.info\/de\/historie\/vikingtid-750-1100-e-kr\/#breadcrumb\",\"itemListElement\":[{\"@type\":\"ListItem\",\"position\":1,\"name\":\"Home\",\"item\":\"https:\/\/avaldsnes.info\/de\/\"},{\"@type\":\"ListItem\",\"position\":2,\"name\":\"Historie\",\"item\":\"https:\/\/avaldsnes.info\/de\/historie\/\"},{\"@type\":\"ListItem\",\"position\":3,\"name\":\"(Norsk) Vikingtid (750 &#8211; 1100 e.Kr)\"}]},{\"@type\":\"WebSite\",\"@id\":\"https:\/\/avaldsnes.info\/de\/#website\",\"url\":\"https:\/\/avaldsnes.info\/de\/\",\"name\":\"Avaldsnes\",\"description\":\"Norges eldste kongesete\",\"potentialAction\":[{\"@type\":\"SearchAction\",\"target\":{\"@type\":\"EntryPoint\",\"urlTemplate\":\"https:\/\/avaldsnes.info\/de\/?s={search_term_string}\"},\"query-input\":{\"@type\":\"PropertyValueSpecification\",\"valueRequired\":true,\"valueName\":\"search_term_string\"}}],\"inLanguage\":\"de-DE\"}]}<\/script>\n<!-- \/ Yoast SEO plugin. -->","yoast_head_json":{"title":"Vikingtid Avaldsnes Harald H\u00e5rfagres kongsg\u00e5rd","description":"I vikingtid var Avaldsnes kongsg\u00e5rd for de norske kongene kjent fra kongesagaene. Arkeologiske utgravinger viser spor etter kongsg\u00e5rden. Her ler ogs\u00e5 to 13 kjente skipsgraver.","robots":{"index":"index","follow":"follow","max-snippet":"max-snippet:-1","max-image-preview":"max-image-preview:large","max-video-preview":"max-video-preview:-1"},"canonical":"https:\/\/avaldsnes.info\/de\/historie\/vikingtid-750-1100-e-kr\/","og_locale":"de_DE","og_type":"article","og_title":"Vikingtid Avaldsnes Harald H\u00e5rfagres kongsg\u00e5rd","og_description":"I vikingtid var Avaldsnes kongsg\u00e5rd for de norske kongene kjent fra kongesagaene. Arkeologiske utgravinger viser spor etter kongsg\u00e5rden. Her ler ogs\u00e5 to 13 kjente skipsgraver.","og_url":"https:\/\/avaldsnes.info\/de\/historie\/vikingtid-750-1100-e-kr\/","og_site_name":"Avaldsnes","article_modified_time":"2022-11-23T14:11:30+00:00","og_image":[{"url":"https:\/\/avaldsnes.info\/content\/uploads\/2013\/07\/TORDENKILE-OG-GLASSPERLER-1-300x250.jpg","type":"","width":"","height":""}],"twitter_misc":{"Est. reading time":"47 minutes"},"schema":{"@context":"https:\/\/schema.org","@graph":[{"@type":"WebPage","@id":"https:\/\/avaldsnes.info\/de\/historie\/vikingtid-750-1100-e-kr\/","url":"https:\/\/avaldsnes.info\/de\/historie\/vikingtid-750-1100-e-kr\/","name":"Vikingtid Avaldsnes Harald H\u00e5rfagres kongsg\u00e5rd","isPartOf":{"@id":"https:\/\/avaldsnes.info\/de\/#website"},"primaryImageOfPage":{"@id":"https:\/\/avaldsnes.info\/de\/historie\/vikingtid-750-1100-e-kr\/#primaryimage"},"image":{"@id":"https:\/\/avaldsnes.info\/de\/historie\/vikingtid-750-1100-e-kr\/#primaryimage"},"thumbnailUrl":"https:\/\/avaldsnes.info\/content\/uploads\/2013\/07\/TORDENKILE-OG-GLASSPERLER-1-300x250.jpg","datePublished":"2013-07-21T15:27:21+00:00","dateModified":"2022-11-23T14:11:30+00:00","description":"I vikingtid var Avaldsnes kongsg\u00e5rd for de norske kongene kjent fra kongesagaene. Arkeologiske utgravinger viser spor etter kongsg\u00e5rden. Her ler ogs\u00e5 to 13 kjente skipsgraver.","breadcrumb":{"@id":"https:\/\/avaldsnes.info\/de\/historie\/vikingtid-750-1100-e-kr\/#breadcrumb"},"inLanguage":"de-DE","potentialAction":[{"@type":"ReadAction","target":[["https:\/\/avaldsnes.info\/de\/historie\/vikingtid-750-1100-e-kr\/"]]}]},{"@type":"ImageObject","inLanguage":"de-DE","@id":"https:\/\/avaldsnes.info\/de\/historie\/vikingtid-750-1100-e-kr\/#primaryimage","url":"https:\/\/avaldsnes.info\/content\/uploads\/2013\/07\/TORDENKILE-OG-GLASSPERLER-1-300x250.jpg","contentUrl":"https:\/\/avaldsnes.info\/content\/uploads\/2013\/07\/TORDENKILE-OG-GLASSPERLER-1-300x250.jpg"},{"@type":"BreadcrumbList","@id":"https:\/\/avaldsnes.info\/de\/historie\/vikingtid-750-1100-e-kr\/#breadcrumb","itemListElement":[{"@type":"ListItem","position":1,"name":"Home","item":"https:\/\/avaldsnes.info\/de\/"},{"@type":"ListItem","position":2,"name":"Historie","item":"https:\/\/avaldsnes.info\/de\/historie\/"},{"@type":"ListItem","position":3,"name":"(Norsk) Vikingtid (750 &#8211; 1100 e.Kr)"}]},{"@type":"WebSite","@id":"https:\/\/avaldsnes.info\/de\/#website","url":"https:\/\/avaldsnes.info\/de\/","name":"Avaldsnes","description":"Norges eldste kongesete","potentialAction":[{"@type":"SearchAction","target":{"@type":"EntryPoint","urlTemplate":"https:\/\/avaldsnes.info\/de\/?s={search_term_string}"},"query-input":{"@type":"PropertyValueSpecification","valueRequired":true,"valueName":"search_term_string"}}],"inLanguage":"de-DE"}]}},"_links":{"self":[{"href":"https:\/\/avaldsnes.info\/de\/wp-json\/wp\/v2\/pages\/412"}],"collection":[{"href":"https:\/\/avaldsnes.info\/de\/wp-json\/wp\/v2\/pages"}],"about":[{"href":"https:\/\/avaldsnes.info\/de\/wp-json\/wp\/v2\/types\/page"}],"author":[{"embeddable":true,"href":"https:\/\/avaldsnes.info\/de\/wp-json\/wp\/v2\/users\/3"}],"replies":[{"embeddable":true,"href":"https:\/\/avaldsnes.info\/de\/wp-json\/wp\/v2\/comments?post=412"}],"version-history":[{"count":166,"href":"https:\/\/avaldsnes.info\/de\/wp-json\/wp\/v2\/pages\/412\/revisions"}],"predecessor-version":[{"id":414,"href":"https:\/\/avaldsnes.info\/de\/wp-json\/wp\/v2\/pages\/412\/revisions\/414"}],"up":[{"embeddable":true,"href":"https:\/\/avaldsnes.info\/de\/wp-json\/wp\/v2\/pages\/5"}],"wp:attachment":[{"href":"https:\/\/avaldsnes.info\/de\/wp-json\/wp\/v2\/media?parent=412"}],"curies":[{"name":"wp","href":"https:\/\/api.w.org\/{rel}","templated":true}]}}