{"id":350,"date":"2013-07-19T09:34:56","date_gmt":"2013-07-19T09:34:56","guid":{"rendered":"https:\/\/avaldsnes.info\/?page_id=350"},"modified":"2022-11-23T14:32:54","modified_gmt":"2022-11-23T14:32:54","slug":"middelalder-1100-1537-e-kr","status":"publish","type":"page","link":"https:\/\/avaldsnes.info\/de\/historie\/middelalder-1100-1537-e-kr\/","title":{"rendered":"(Norsk) Middelalder  (1100 &#8211; 1537 e. Kr.)"},"content":{"rendered":"<p><\/p>\n<p><div id=\"attachment_380\" style=\"width: 310px\" class=\"wp-caption aligncenter\"><a href=\"https:\/\/avaldsnes.info\/content\/uploads\/2013\/07\/Utsyn-mot-nor-Foto-Cathrine-Glette-22.jpg\"><img loading=\"lazy\" decoding=\"async\" aria-describedby=\"caption-attachment-380\" src=\"https:\/\/avaldsnes.info\/content\/uploads\/2013\/07\/Utsyn-mot-nor-Foto-Cathrine-Glette-22-300x200.jpg\" alt=\"Ruinen av kongshallen ble bare delvis avdekket. S\u00e5 langt har vi funnet i overkant av. 50 kvm av underetasjen. Vi vet ikke hvor langt innover i terrenget ruinen g\u00e5r, men grunnfjellet stiger mot nord, og deler av overetasjen m\u00e5 ha v\u00e6rt uten kjeller. Overetasjen var trolig bygget i stein pga. de tykke murene. (Foto Cathrine Glette)\" width=\"300\" height=\"200\" class=\"size-medium wp-image-380\" srcset=\"https:\/\/avaldsnes.info\/content\/uploads\/2013\/07\/Utsyn-mot-nor-Foto-Cathrine-Glette-22-300x200.jpg 300w, https:\/\/avaldsnes.info\/content\/uploads\/2013\/07\/Utsyn-mot-nor-Foto-Cathrine-Glette-22-1024x682.jpg 1024w, https:\/\/avaldsnes.info\/content\/uploads\/2013\/07\/Utsyn-mot-nor-Foto-Cathrine-Glette-22-960x640.jpg 960w, https:\/\/avaldsnes.info\/content\/uploads\/2013\/07\/Utsyn-mot-nor-Foto-Cathrine-Glette-22-480x320.jpg 480w\" sizes=\"(max-width: 300px) 100vw, 300px\" \/><\/a><p id=\"caption-attachment-380\" class=\"wp-caption-text\">Ruinen av kongshallen ble bare delvis avdekket. S\u00e5 langt har vi funnet i overkant av. 50 kvm av underetasjen. Vi vet ikke hvor langt innover i terrenget ruinen g\u00e5r, men grunnfjellet stiger mot nord, og deler av overetasjen m\u00e5 ha v\u00e6rt uten kjeller. Overetasjen var trolig bygget i stein pga. de tykke murene. (Foto Cathrine Glette)<\/p><\/div>\n<\/p>\n<p><\/p>","protected":false},"excerpt":{"rendered":"","protected":false},"author":3,"featured_media":0,"parent":5,"menu_order":1,"comment_status":"closed","ping_status":"open","template":"","meta":{"footnotes":""},"yoast_head":"<!-- This site is optimized with the Yoast SEO plugin v27.1.1 - https:\/\/yoast.com\/product\/yoast-seo-wordpress\/ -->\n<title>Middelalder (1100 - 1536) Avaldsnes<\/title>\n<meta name=\"description\" content=\"H\u00e5kon H\u00e5konsson bygget Olavskirken p\u00e5 Avaldsnes rundt 1250. Kirken ble viet til hellige Olav. I 2012 fant vi rester av en kongshall i stein fra denne tida.\" \/>\n<meta name=\"robots\" content=\"index, follow, max-snippet:-1, max-image-preview:large, max-video-preview:-1\" \/>\n<link rel=\"canonical\" href=\"https:\/\/avaldsnes.info\/de\/historie\/middelalder-1100-1537-e-kr\/\" \/>\n<meta property=\"og:locale\" content=\"de_DE\" \/>\n<meta property=\"og:type\" content=\"article\" \/>\n<meta property=\"og:title\" content=\"Middelalder (1100 - 1536) Avaldsnes\" \/>\n<meta property=\"og:description\" content=\"H\u00e5kon H\u00e5konsson bygget Olavskirken p\u00e5 Avaldsnes rundt 1250. Kirken ble viet til hellige Olav. I 2012 fant vi rester av en kongshall i stein fra denne tida.\" \/>\n<meta property=\"og:url\" content=\"https:\/\/avaldsnes.info\/de\/historie\/middelalder-1100-1537-e-kr\/\" \/>\n<meta property=\"og:site_name\" content=\"Avaldsnes\" \/>\n<meta property=\"article:modified_time\" content=\"2022-11-23T14:32:54+00:00\" \/>\n<meta property=\"og:image\" content=\"https:\/\/avaldsnes.info\/content\/uploads\/2013\/07\/med-reisbue-300x200.jpg\" \/>\n<meta name=\"twitter:label1\" content=\"Est. reading time\" \/>\n\t<meta name=\"twitter:data1\" content=\"28 minutes\" \/>\n<script type=\"application\/ld+json\" class=\"yoast-schema-graph\">{\"@context\":\"https:\/\/schema.org\",\"@graph\":[{\"@type\":\"WebPage\",\"@id\":\"https:\/\/avaldsnes.info\/de\/historie\/middelalder-1100-1537-e-kr\/\",\"url\":\"https:\/\/avaldsnes.info\/de\/historie\/middelalder-1100-1537-e-kr\/\",\"name\":\"Middelalder (1100 - 1536) Avaldsnes\",\"isPartOf\":{\"@id\":\"https:\/\/avaldsnes.info\/de\/#website\"},\"primaryImageOfPage\":{\"@id\":\"https:\/\/avaldsnes.info\/de\/historie\/middelalder-1100-1537-e-kr\/#primaryimage\"},\"image\":{\"@id\":\"https:\/\/avaldsnes.info\/de\/historie\/middelalder-1100-1537-e-kr\/#primaryimage\"},\"thumbnailUrl\":\"https:\/\/avaldsnes.info\/content\/uploads\/2013\/07\/med-reisbue-300x200.jpg\",\"datePublished\":\"2013-07-19T09:34:56+00:00\",\"dateModified\":\"2022-11-23T14:32:54+00:00\",\"description\":\"H\u00e5kon H\u00e5konsson bygget Olavskirken p\u00e5 Avaldsnes rundt 1250. Kirken ble viet til hellige Olav. I 2012 fant vi rester av en kongshall i stein fra denne tida.\",\"breadcrumb\":{\"@id\":\"https:\/\/avaldsnes.info\/de\/historie\/middelalder-1100-1537-e-kr\/#breadcrumb\"},\"inLanguage\":\"de-DE\",\"potentialAction\":[{\"@type\":\"ReadAction\",\"target\":[[\"https:\/\/avaldsnes.info\/de\/historie\/middelalder-1100-1537-e-kr\/\"]]}]},{\"@type\":\"ImageObject\",\"inLanguage\":\"de-DE\",\"@id\":\"https:\/\/avaldsnes.info\/de\/historie\/middelalder-1100-1537-e-kr\/#primaryimage\",\"url\":\"https:\/\/avaldsnes.info\/content\/uploads\/2013\/07\/med-reisbue-300x200.jpg\",\"contentUrl\":\"https:\/\/avaldsnes.info\/content\/uploads\/2013\/07\/med-reisbue-300x200.jpg\"},{\"@type\":\"BreadcrumbList\",\"@id\":\"https:\/\/avaldsnes.info\/de\/historie\/middelalder-1100-1537-e-kr\/#breadcrumb\",\"itemListElement\":[{\"@type\":\"ListItem\",\"position\":1,\"name\":\"Home\",\"item\":\"https:\/\/avaldsnes.info\/de\/\"},{\"@type\":\"ListItem\",\"position\":2,\"name\":\"Historie\",\"item\":\"https:\/\/avaldsnes.info\/de\/historie\/\"},{\"@type\":\"ListItem\",\"position\":3,\"name\":\"(Norsk) Middelalder (1100 &#8211; 1537 e. Kr.)\"}]},{\"@type\":\"WebSite\",\"@id\":\"https:\/\/avaldsnes.info\/de\/#website\",\"url\":\"https:\/\/avaldsnes.info\/de\/\",\"name\":\"Avaldsnes\",\"description\":\"Norges eldste kongesete\",\"potentialAction\":[{\"@type\":\"SearchAction\",\"target\":{\"@type\":\"EntryPoint\",\"urlTemplate\":\"https:\/\/avaldsnes.info\/de\/?s={search_term_string}\"},\"query-input\":{\"@type\":\"PropertyValueSpecification\",\"valueRequired\":true,\"valueName\":\"search_term_string\"}}],\"inLanguage\":\"de-DE\"}]}<\/script>\n<!-- \/ Yoast SEO plugin. -->","yoast_head_json":{"title":"Middelalder (1100 - 1536) Avaldsnes","description":"H\u00e5kon H\u00e5konsson bygget Olavskirken p\u00e5 Avaldsnes rundt 1250. Kirken ble viet til hellige Olav. I 2012 fant vi rester av en kongshall i stein fra denne tida.","robots":{"index":"index","follow":"follow","max-snippet":"max-snippet:-1","max-image-preview":"max-image-preview:large","max-video-preview":"max-video-preview:-1"},"canonical":"https:\/\/avaldsnes.info\/de\/historie\/middelalder-1100-1537-e-kr\/","og_locale":"de_DE","og_type":"article","og_title":"Middelalder (1100 - 1536) Avaldsnes","og_description":"H\u00e5kon H\u00e5konsson bygget Olavskirken p\u00e5 Avaldsnes rundt 1250. Kirken ble viet til hellige Olav. I 2012 fant vi rester av en kongshall i stein fra denne tida.","og_url":"https:\/\/avaldsnes.info\/de\/historie\/middelalder-1100-1537-e-kr\/","og_site_name":"Avaldsnes","article_modified_time":"2022-11-23T14:32:54+00:00","og_image":[{"url":"https:\/\/avaldsnes.info\/content\/uploads\/2013\/07\/med-reisbue-300x200.jpg","type":"","width":"","height":""}],"twitter_misc":{"Est. reading time":"28 minutes"},"schema":{"@context":"https:\/\/schema.org","@graph":[{"@type":"WebPage","@id":"https:\/\/avaldsnes.info\/de\/historie\/middelalder-1100-1537-e-kr\/","url":"https:\/\/avaldsnes.info\/de\/historie\/middelalder-1100-1537-e-kr\/","name":"Middelalder (1100 - 1536) Avaldsnes","isPartOf":{"@id":"https:\/\/avaldsnes.info\/de\/#website"},"primaryImageOfPage":{"@id":"https:\/\/avaldsnes.info\/de\/historie\/middelalder-1100-1537-e-kr\/#primaryimage"},"image":{"@id":"https:\/\/avaldsnes.info\/de\/historie\/middelalder-1100-1537-e-kr\/#primaryimage"},"thumbnailUrl":"https:\/\/avaldsnes.info\/content\/uploads\/2013\/07\/med-reisbue-300x200.jpg","datePublished":"2013-07-19T09:34:56+00:00","dateModified":"2022-11-23T14:32:54+00:00","description":"H\u00e5kon H\u00e5konsson bygget Olavskirken p\u00e5 Avaldsnes rundt 1250. Kirken ble viet til hellige Olav. I 2012 fant vi rester av en kongshall i stein fra denne tida.","breadcrumb":{"@id":"https:\/\/avaldsnes.info\/de\/historie\/middelalder-1100-1537-e-kr\/#breadcrumb"},"inLanguage":"de-DE","potentialAction":[{"@type":"ReadAction","target":[["https:\/\/avaldsnes.info\/de\/historie\/middelalder-1100-1537-e-kr\/"]]}]},{"@type":"ImageObject","inLanguage":"de-DE","@id":"https:\/\/avaldsnes.info\/de\/historie\/middelalder-1100-1537-e-kr\/#primaryimage","url":"https:\/\/avaldsnes.info\/content\/uploads\/2013\/07\/med-reisbue-300x200.jpg","contentUrl":"https:\/\/avaldsnes.info\/content\/uploads\/2013\/07\/med-reisbue-300x200.jpg"},{"@type":"BreadcrumbList","@id":"https:\/\/avaldsnes.info\/de\/historie\/middelalder-1100-1537-e-kr\/#breadcrumb","itemListElement":[{"@type":"ListItem","position":1,"name":"Home","item":"https:\/\/avaldsnes.info\/de\/"},{"@type":"ListItem","position":2,"name":"Historie","item":"https:\/\/avaldsnes.info\/de\/historie\/"},{"@type":"ListItem","position":3,"name":"(Norsk) Middelalder (1100 &#8211; 1537 e. Kr.)"}]},{"@type":"WebSite","@id":"https:\/\/avaldsnes.info\/de\/#website","url":"https:\/\/avaldsnes.info\/de\/","name":"Avaldsnes","description":"Norges eldste kongesete","potentialAction":[{"@type":"SearchAction","target":{"@type":"EntryPoint","urlTemplate":"https:\/\/avaldsnes.info\/de\/?s={search_term_string}"},"query-input":{"@type":"PropertyValueSpecification","valueRequired":true,"valueName":"search_term_string"}}],"inLanguage":"de-DE"}]}},"_links":{"self":[{"href":"https:\/\/avaldsnes.info\/de\/wp-json\/wp\/v2\/pages\/350"}],"collection":[{"href":"https:\/\/avaldsnes.info\/de\/wp-json\/wp\/v2\/pages"}],"about":[{"href":"https:\/\/avaldsnes.info\/de\/wp-json\/wp\/v2\/types\/page"}],"author":[{"embeddable":true,"href":"https:\/\/avaldsnes.info\/de\/wp-json\/wp\/v2\/users\/3"}],"replies":[{"embeddable":true,"href":"https:\/\/avaldsnes.info\/de\/wp-json\/wp\/v2\/comments?post=350"}],"version-history":[{"count":243,"href":"https:\/\/avaldsnes.info\/de\/wp-json\/wp\/v2\/pages\/350\/revisions"}],"predecessor-version":[{"id":6479,"href":"https:\/\/avaldsnes.info\/de\/wp-json\/wp\/v2\/pages\/350\/revisions\/6479"}],"up":[{"embeddable":true,"href":"https:\/\/avaldsnes.info\/de\/wp-json\/wp\/v2\/pages\/5"}],"wp:attachment":[{"href":"https:\/\/avaldsnes.info\/de\/wp-json\/wp\/v2\/media?parent=350"}],"curies":[{"name":"wp","href":"https:\/\/api.w.org\/{rel}","templated":true}]}}