{"id":3194,"date":"2014-08-21T10:54:16","date_gmt":"2014-08-21T10:54:16","guid":{"rendered":"https:\/\/avaldsnes.info\/?page_id=3194"},"modified":"2026-02-25T09:01:16","modified_gmt":"2026-02-25T09:01:16","slug":"aktiviteter","status":"publish","type":"page","link":"https:\/\/avaldsnes.info\/de\/historiesenter\/aktiviteter\/","title":{"rendered":"(Norsk) Utleie og arrangement"},"content":{"rendered":"<p class=\"qtranxs-available-languages-message qtranxs-available-languages-message-de\">Leider ist der Eintrag nur auf <a href=\"https:\/\/avaldsnes.info\/no\/wp-json\/wp\/v2\/pages\/3194\" class=\"qtranxs-available-language-link qtranxs-available-language-link-no\" title=\"Norsk\">Norsk<\/a> und <a href=\"https:\/\/avaldsnes.info\/en\/wp-json\/wp\/v2\/pages\/3194\" class=\"qtranxs-available-language-link qtranxs-available-language-link-en\" title=\"English\">English<\/a> verf\u00fcgbar.<\/p>","protected":false},"excerpt":{"rendered":"<p>Leider ist der Eintrag nur auf Norsk und English verf\u00fcgbar.<\/p>\n","protected":false},"author":3,"featured_media":0,"parent":9,"menu_order":0,"comment_status":"closed","ping_status":"open","template":"","meta":{"footnotes":""},"yoast_head":"<!-- This site is optimized with the Yoast SEO plugin v27.1.1 - https:\/\/yoast.com\/product\/yoast-seo-wordpress\/ -->\n<title>Utleie og arrangement Nordvegen Historiesenter<\/title>\n<meta name=\"description\" content=\"Velkommen til \u00e5 holde ditt arrangement i kulturhistoriske og naturskj\u00f8nne omgivelser p\u00e5 Avaldsnes! Vi gjennomf\u00f8rer store og sm\u00e5 arrangement b\u00e5de for bedrifter, lag og privatpersoner. Nedenfor finner du forslag p\u00e5 hvilke type arrangement vi kan tilby deg.\" \/>\n<meta name=\"robots\" content=\"index, follow, max-snippet:-1, max-image-preview:large, max-video-preview:-1\" \/>\n<link rel=\"canonical\" href=\"https:\/\/avaldsnes.info\/de\/historiesenter\/aktiviteter\/\" \/>\n<meta property=\"og:locale\" content=\"de_DE\" \/>\n<meta property=\"og:type\" content=\"article\" \/>\n<meta property=\"og:title\" content=\"Utleie og arrangement Nordvegen Historiesenter\" \/>\n<meta property=\"og:description\" content=\"Velkommen til \u00e5 holde ditt arrangement i kulturhistoriske og naturskj\u00f8nne omgivelser p\u00e5 Avaldsnes! Vi gjennomf\u00f8rer store og sm\u00e5 arrangement b\u00e5de for bedrifter, lag og privatpersoner. Nedenfor finner du forslag p\u00e5 hvilke type arrangement vi kan tilby deg.\" \/>\n<meta property=\"og:url\" content=\"https:\/\/avaldsnes.info\/de\/historiesenter\/aktiviteter\/\" \/>\n<meta property=\"og:site_name\" content=\"Avaldsnes\" \/>\n<meta property=\"article:modified_time\" content=\"2026-02-25T09:01:16+00:00\" \/>\n<meta name=\"twitter:label1\" content=\"Est. reading time\" \/>\n\t<meta name=\"twitter:data1\" content=\"3 minutes\" \/>\n<script type=\"application\/ld+json\" class=\"yoast-schema-graph\">{\"@context\":\"https:\/\/schema.org\",\"@graph\":[{\"@type\":\"WebPage\",\"@id\":\"https:\/\/avaldsnes.info\/de\/historiesenter\/aktiviteter\/\",\"url\":\"https:\/\/avaldsnes.info\/de\/historiesenter\/aktiviteter\/\",\"name\":\"Utleie og arrangement Nordvegen Historiesenter\",\"isPartOf\":{\"@id\":\"https:\/\/avaldsnes.info\/de\/#website\"},\"datePublished\":\"2014-08-21T10:54:16+00:00\",\"dateModified\":\"2026-02-25T09:01:16+00:00\",\"description\":\"Velkommen til \u00e5 holde ditt arrangement i kulturhistoriske og naturskj\u00f8nne omgivelser p\u00e5 Avaldsnes! Vi gjennomf\u00f8rer store og sm\u00e5 arrangement b\u00e5de for bedrifter, lag og privatpersoner. Nedenfor finner du forslag p\u00e5 hvilke type arrangement vi kan tilby deg.\",\"breadcrumb\":{\"@id\":\"https:\/\/avaldsnes.info\/de\/historiesenter\/aktiviteter\/#breadcrumb\"},\"inLanguage\":\"de-DE\",\"potentialAction\":[{\"@type\":\"ReadAction\",\"target\":[[\"https:\/\/avaldsnes.info\/de\/historiesenter\/aktiviteter\/\"]]}]},{\"@type\":\"BreadcrumbList\",\"@id\":\"https:\/\/avaldsnes.info\/de\/historiesenter\/aktiviteter\/#breadcrumb\",\"itemListElement\":[{\"@type\":\"ListItem\",\"position\":1,\"name\":\"Home\",\"item\":\"https:\/\/avaldsnes.info\/de\/\"},{\"@type\":\"ListItem\",\"position\":2,\"name\":\"(Norsk) Historiesenter\",\"item\":\"https:\/\/avaldsnes.info\/de\/historiesenter\/\"},{\"@type\":\"ListItem\",\"position\":3,\"name\":\"(Norsk) Utleie og arrangement\"}]},{\"@type\":\"WebSite\",\"@id\":\"https:\/\/avaldsnes.info\/de\/#website\",\"url\":\"https:\/\/avaldsnes.info\/de\/\",\"name\":\"Avaldsnes\",\"description\":\"Norges eldste kongesete\",\"potentialAction\":[{\"@type\":\"SearchAction\",\"target\":{\"@type\":\"EntryPoint\",\"urlTemplate\":\"https:\/\/avaldsnes.info\/de\/?s={search_term_string}\"},\"query-input\":{\"@type\":\"PropertyValueSpecification\",\"valueRequired\":true,\"valueName\":\"search_term_string\"}}],\"inLanguage\":\"de-DE\"}]}<\/script>\n<!-- \/ Yoast SEO plugin. -->","yoast_head_json":{"title":"Utleie og arrangement Nordvegen Historiesenter","description":"Velkommen til \u00e5 holde ditt arrangement i kulturhistoriske og naturskj\u00f8nne omgivelser p\u00e5 Avaldsnes! Vi gjennomf\u00f8rer store og sm\u00e5 arrangement b\u00e5de for bedrifter, lag og privatpersoner. Nedenfor finner du forslag p\u00e5 hvilke type arrangement vi kan tilby deg.","robots":{"index":"index","follow":"follow","max-snippet":"max-snippet:-1","max-image-preview":"max-image-preview:large","max-video-preview":"max-video-preview:-1"},"canonical":"https:\/\/avaldsnes.info\/de\/historiesenter\/aktiviteter\/","og_locale":"de_DE","og_type":"article","og_title":"Utleie og arrangement Nordvegen Historiesenter","og_description":"Velkommen til \u00e5 holde ditt arrangement i kulturhistoriske og naturskj\u00f8nne omgivelser p\u00e5 Avaldsnes! Vi gjennomf\u00f8rer store og sm\u00e5 arrangement b\u00e5de for bedrifter, lag og privatpersoner. Nedenfor finner du forslag p\u00e5 hvilke type arrangement vi kan tilby deg.","og_url":"https:\/\/avaldsnes.info\/de\/historiesenter\/aktiviteter\/","og_site_name":"Avaldsnes","article_modified_time":"2026-02-25T09:01:16+00:00","twitter_misc":{"Est. reading time":"3 minutes"},"schema":{"@context":"https:\/\/schema.org","@graph":[{"@type":"WebPage","@id":"https:\/\/avaldsnes.info\/de\/historiesenter\/aktiviteter\/","url":"https:\/\/avaldsnes.info\/de\/historiesenter\/aktiviteter\/","name":"Utleie og arrangement Nordvegen Historiesenter","isPartOf":{"@id":"https:\/\/avaldsnes.info\/de\/#website"},"datePublished":"2014-08-21T10:54:16+00:00","dateModified":"2026-02-25T09:01:16+00:00","description":"Velkommen til \u00e5 holde ditt arrangement i kulturhistoriske og naturskj\u00f8nne omgivelser p\u00e5 Avaldsnes! Vi gjennomf\u00f8rer store og sm\u00e5 arrangement b\u00e5de for bedrifter, lag og privatpersoner. Nedenfor finner du forslag p\u00e5 hvilke type arrangement vi kan tilby deg.","breadcrumb":{"@id":"https:\/\/avaldsnes.info\/de\/historiesenter\/aktiviteter\/#breadcrumb"},"inLanguage":"de-DE","potentialAction":[{"@type":"ReadAction","target":[["https:\/\/avaldsnes.info\/de\/historiesenter\/aktiviteter\/"]]}]},{"@type":"BreadcrumbList","@id":"https:\/\/avaldsnes.info\/de\/historiesenter\/aktiviteter\/#breadcrumb","itemListElement":[{"@type":"ListItem","position":1,"name":"Home","item":"https:\/\/avaldsnes.info\/de\/"},{"@type":"ListItem","position":2,"name":"(Norsk) Historiesenter","item":"https:\/\/avaldsnes.info\/de\/historiesenter\/"},{"@type":"ListItem","position":3,"name":"(Norsk) Utleie og arrangement"}]},{"@type":"WebSite","@id":"https:\/\/avaldsnes.info\/de\/#website","url":"https:\/\/avaldsnes.info\/de\/","name":"Avaldsnes","description":"Norges eldste kongesete","potentialAction":[{"@type":"SearchAction","target":{"@type":"EntryPoint","urlTemplate":"https:\/\/avaldsnes.info\/de\/?s={search_term_string}"},"query-input":{"@type":"PropertyValueSpecification","valueRequired":true,"valueName":"search_term_string"}}],"inLanguage":"de-DE"}]}},"_links":{"self":[{"href":"https:\/\/avaldsnes.info\/de\/wp-json\/wp\/v2\/pages\/3194"}],"collection":[{"href":"https:\/\/avaldsnes.info\/de\/wp-json\/wp\/v2\/pages"}],"about":[{"href":"https:\/\/avaldsnes.info\/de\/wp-json\/wp\/v2\/types\/page"}],"author":[{"embeddable":true,"href":"https:\/\/avaldsnes.info\/de\/wp-json\/wp\/v2\/users\/3"}],"replies":[{"embeddable":true,"href":"https:\/\/avaldsnes.info\/de\/wp-json\/wp\/v2\/comments?post=3194"}],"version-history":[{"count":24,"href":"https:\/\/avaldsnes.info\/de\/wp-json\/wp\/v2\/pages\/3194\/revisions"}],"predecessor-version":[{"id":6562,"href":"https:\/\/avaldsnes.info\/de\/wp-json\/wp\/v2\/pages\/3194\/revisions\/6562"}],"up":[{"embeddable":true,"href":"https:\/\/avaldsnes.info\/de\/wp-json\/wp\/v2\/pages\/9"}],"wp:attachment":[{"href":"https:\/\/avaldsnes.info\/de\/wp-json\/wp\/v2\/media?parent=3194"}],"curies":[{"name":"wp","href":"https:\/\/api.w.org\/{rel}","templated":true}]}}