{"id":3084,"date":"2014-06-26T13:23:24","date_gmt":"2014-06-26T13:23:24","guid":{"rendered":"https:\/\/avaldsnes.info\/?page_id=3084"},"modified":"2015-05-19T08:42:33","modified_gmt":"2015-05-19T08:42:33","slug":"josur","status":"publish","type":"page","link":"https:\/\/avaldsnes.info\/de\/informasjon\/josur\/","title":{"rendered":"(Norsk) J\u00f8sur og Hj\u00f8r"},"content":{"rendered":"<p class=\"qtranxs-available-languages-message qtranxs-available-languages-message-de\">Leider ist der Eintrag nur auf <a href=\"https:\/\/avaldsnes.info\/no\/wp-json\/wp\/v2\/pages\/3084\" class=\"qtranxs-available-language-link qtranxs-available-language-link-no\" title=\"Norsk\">Norsk<\/a> und <a href=\"https:\/\/avaldsnes.info\/en\/wp-json\/wp\/v2\/pages\/3084\" class=\"qtranxs-available-language-link qtranxs-available-language-link-en\" title=\"English\">English<\/a> verf\u00fcgbar.<\/p>","protected":false},"excerpt":{"rendered":"<p>Leider ist der Eintrag nur auf Norsk und English verf\u00fcgbar.<\/p>\n","protected":false},"author":3,"featured_media":0,"parent":22,"menu_order":13,"comment_status":"closed","ping_status":"open","template":"","meta":{"footnotes":""},"yoast_head":"<!-- This site is optimized with the Yoast SEO plugin v27.1.1 - https:\/\/yoast.com\/product\/yoast-seo-wordpress\/ -->\n<title>J\u00f8sur og Hj\u00f8r. Josur and Hjor<\/title>\n<meta name=\"description\" content=\"J\u00f8sur og sonen Hj\u00f8r blir rekna som kongar i Rogaland og Hordaland. Josur and his son Hjor are called kings in Rogaland and Hordaland,\" \/>\n<meta name=\"robots\" content=\"index, follow, max-snippet:-1, max-image-preview:large, max-video-preview:-1\" \/>\n<link rel=\"canonical\" href=\"https:\/\/avaldsnes.info\/de\/informasjon\/josur\/\" \/>\n<meta property=\"og:locale\" content=\"de_DE\" \/>\n<meta property=\"og:type\" content=\"article\" \/>\n<meta property=\"og:title\" content=\"J\u00f8sur og Hj\u00f8r. Josur and Hjor\" \/>\n<meta property=\"og:description\" content=\"J\u00f8sur og sonen Hj\u00f8r blir rekna som kongar i Rogaland og Hordaland. Josur and his son Hjor are called kings in Rogaland and Hordaland,\" \/>\n<meta property=\"og:url\" content=\"https:\/\/avaldsnes.info\/de\/informasjon\/josur\/\" \/>\n<meta property=\"og:site_name\" content=\"Avaldsnes\" \/>\n<meta property=\"article:modified_time\" content=\"2015-05-19T08:42:33+00:00\" \/>\n<meta name=\"twitter:label1\" content=\"Est. reading time\" \/>\n\t<meta name=\"twitter:data1\" content=\"10 minutes\" \/>\n<script type=\"application\/ld+json\" class=\"yoast-schema-graph\">{\"@context\":\"https:\/\/schema.org\",\"@graph\":[{\"@type\":\"WebPage\",\"@id\":\"https:\/\/avaldsnes.info\/de\/informasjon\/josur\/\",\"url\":\"https:\/\/avaldsnes.info\/de\/informasjon\/josur\/\",\"name\":\"J\u00f8sur og Hj\u00f8r. Josur and Hjor\",\"isPartOf\":{\"@id\":\"https:\/\/avaldsnes.info\/de\/#website\"},\"datePublished\":\"2014-06-26T13:23:24+00:00\",\"dateModified\":\"2015-05-19T08:42:33+00:00\",\"description\":\"J\u00f8sur og sonen Hj\u00f8r blir rekna som kongar i Rogaland og Hordaland. Josur and his son Hjor are called kings in Rogaland and Hordaland,\",\"breadcrumb\":{\"@id\":\"https:\/\/avaldsnes.info\/de\/informasjon\/josur\/#breadcrumb\"},\"inLanguage\":\"de-DE\",\"potentialAction\":[{\"@type\":\"ReadAction\",\"target\":[[\"https:\/\/avaldsnes.info\/de\/informasjon\/josur\/\"]]}]},{\"@type\":\"BreadcrumbList\",\"@id\":\"https:\/\/avaldsnes.info\/de\/informasjon\/josur\/#breadcrumb\",\"itemListElement\":[{\"@type\":\"ListItem\",\"position\":1,\"name\":\"Home\",\"item\":\"https:\/\/avaldsnes.info\/de\/\"},{\"@type\":\"ListItem\",\"position\":2,\"name\":\"(Norsk) J\u00f8sur og Hj\u00f8r\"}]},{\"@type\":\"WebSite\",\"@id\":\"https:\/\/avaldsnes.info\/de\/#website\",\"url\":\"https:\/\/avaldsnes.info\/de\/\",\"name\":\"Avaldsnes\",\"description\":\"Norges eldste kongesete\",\"potentialAction\":[{\"@type\":\"SearchAction\",\"target\":{\"@type\":\"EntryPoint\",\"urlTemplate\":\"https:\/\/avaldsnes.info\/de\/?s={search_term_string}\"},\"query-input\":{\"@type\":\"PropertyValueSpecification\",\"valueRequired\":true,\"valueName\":\"search_term_string\"}}],\"inLanguage\":\"de-DE\"}]}<\/script>\n<!-- \/ Yoast SEO plugin. -->","yoast_head_json":{"title":"J\u00f8sur og Hj\u00f8r. Josur and Hjor","description":"J\u00f8sur og sonen Hj\u00f8r blir rekna som kongar i Rogaland og Hordaland. Josur and his son Hjor are called kings in Rogaland and Hordaland,","robots":{"index":"index","follow":"follow","max-snippet":"max-snippet:-1","max-image-preview":"max-image-preview:large","max-video-preview":"max-video-preview:-1"},"canonical":"https:\/\/avaldsnes.info\/de\/informasjon\/josur\/","og_locale":"de_DE","og_type":"article","og_title":"J\u00f8sur og Hj\u00f8r. Josur and Hjor","og_description":"J\u00f8sur og sonen Hj\u00f8r blir rekna som kongar i Rogaland og Hordaland. Josur and his son Hjor are called kings in Rogaland and Hordaland,","og_url":"https:\/\/avaldsnes.info\/de\/informasjon\/josur\/","og_site_name":"Avaldsnes","article_modified_time":"2015-05-19T08:42:33+00:00","twitter_misc":{"Est. reading time":"10 minutes"},"schema":{"@context":"https:\/\/schema.org","@graph":[{"@type":"WebPage","@id":"https:\/\/avaldsnes.info\/de\/informasjon\/josur\/","url":"https:\/\/avaldsnes.info\/de\/informasjon\/josur\/","name":"J\u00f8sur og Hj\u00f8r. Josur and Hjor","isPartOf":{"@id":"https:\/\/avaldsnes.info\/de\/#website"},"datePublished":"2014-06-26T13:23:24+00:00","dateModified":"2015-05-19T08:42:33+00:00","description":"J\u00f8sur og sonen Hj\u00f8r blir rekna som kongar i Rogaland og Hordaland. Josur and his son Hjor are called kings in Rogaland and Hordaland,","breadcrumb":{"@id":"https:\/\/avaldsnes.info\/de\/informasjon\/josur\/#breadcrumb"},"inLanguage":"de-DE","potentialAction":[{"@type":"ReadAction","target":[["https:\/\/avaldsnes.info\/de\/informasjon\/josur\/"]]}]},{"@type":"BreadcrumbList","@id":"https:\/\/avaldsnes.info\/de\/informasjon\/josur\/#breadcrumb","itemListElement":[{"@type":"ListItem","position":1,"name":"Home","item":"https:\/\/avaldsnes.info\/de\/"},{"@type":"ListItem","position":2,"name":"(Norsk) J\u00f8sur og Hj\u00f8r"}]},{"@type":"WebSite","@id":"https:\/\/avaldsnes.info\/de\/#website","url":"https:\/\/avaldsnes.info\/de\/","name":"Avaldsnes","description":"Norges eldste kongesete","potentialAction":[{"@type":"SearchAction","target":{"@type":"EntryPoint","urlTemplate":"https:\/\/avaldsnes.info\/de\/?s={search_term_string}"},"query-input":{"@type":"PropertyValueSpecification","valueRequired":true,"valueName":"search_term_string"}}],"inLanguage":"de-DE"}]}},"_links":{"self":[{"href":"https:\/\/avaldsnes.info\/de\/wp-json\/wp\/v2\/pages\/3084"}],"collection":[{"href":"https:\/\/avaldsnes.info\/de\/wp-json\/wp\/v2\/pages"}],"about":[{"href":"https:\/\/avaldsnes.info\/de\/wp-json\/wp\/v2\/types\/page"}],"author":[{"embeddable":true,"href":"https:\/\/avaldsnes.info\/de\/wp-json\/wp\/v2\/users\/3"}],"replies":[{"embeddable":true,"href":"https:\/\/avaldsnes.info\/de\/wp-json\/wp\/v2\/comments?post=3084"}],"version-history":[{"count":25,"href":"https:\/\/avaldsnes.info\/de\/wp-json\/wp\/v2\/pages\/3084\/revisions"}],"predecessor-version":[{"id":4172,"href":"https:\/\/avaldsnes.info\/de\/wp-json\/wp\/v2\/pages\/3084\/revisions\/4172"}],"up":[{"embeddable":true,"href":"https:\/\/avaldsnes.info\/de\/wp-json\/wp\/v2\/pages\/22"}],"wp:attachment":[{"href":"https:\/\/avaldsnes.info\/de\/wp-json\/wp\/v2\/media?parent=3084"}],"curies":[{"name":"wp","href":"https:\/\/api.w.org\/{rel}","templated":true}]}}