{"id":2321,"date":"2013-10-16T19:36:46","date_gmt":"2013-10-16T19:36:46","guid":{"rendered":"https:\/\/avaldsnes.info\/?page_id=2321"},"modified":"2020-05-11T16:12:50","modified_gmt":"2020-05-11T16:12:50","slug":"olav-tryggvason","status":"publish","type":"page","link":"https:\/\/avaldsnes.info\/de\/informasjon\/olav-tryggvason\/","title":{"rendered":"(Norsk) Olav Tryggvason"},"content":{"rendered":"<p><\/p>\n<p><div id=\"attachment_445\" style=\"width: 310px\" class=\"wp-caption aligncenter\"><a href=\"https:\/\/avaldsnes.info\/content\/uploads\/2013\/07\/Kongsg\u00e5rdens-havneomr\u00e5de.-Nederst-til-venstre-Skrattaskj\u00e6r-der-Olav-Tryggvason-lot-drukne-seidmennene.-Foto-KIB-media.jpg\"><img loading=\"lazy\" decoding=\"async\" aria-describedby=\"caption-attachment-445\" src=\"https:\/\/avaldsnes.info\/content\/uploads\/2013\/07\/Kongsg\u00e5rdens-havneomr\u00e5de.-Nederst-til-venstre-Skrattaskj\u00e6r-der-Olav-Tryggvason-lot-drukne-seidmennene.-Foto-KIB-media-300x200.jpg\" alt=\"The harbour area of the royal residence. Bottom left; the reef &quot;Skrattaskj\u00e6r&quot; where king Olaf Tryggvason let drown a flock of wizards. (Photo KIB media)\" width=\"300\" height=\"200\" class=\"size-medium wp-image-445\" srcset=\"https:\/\/avaldsnes.info\/content\/uploads\/2013\/07\/Kongsg\u00e5rdens-havneomr\u00e5de.-Nederst-til-venstre-Skrattaskj\u00e6r-der-Olav-Tryggvason-lot-drukne-seidmennene.-Foto-KIB-media-300x200.jpg 300w, https:\/\/avaldsnes.info\/content\/uploads\/2013\/07\/Kongsg\u00e5rdens-havneomr\u00e5de.-Nederst-til-venstre-Skrattaskj\u00e6r-der-Olav-Tryggvason-lot-drukne-seidmennene.-Foto-KIB-media-1024x682.jpg 1024w, https:\/\/avaldsnes.info\/content\/uploads\/2013\/07\/Kongsg\u00e5rdens-havneomr\u00e5de.-Nederst-til-venstre-Skrattaskj\u00e6r-der-Olav-Tryggvason-lot-drukne-seidmennene.-Foto-KIB-media-960x640.jpg 960w, https:\/\/avaldsnes.info\/content\/uploads\/2013\/07\/Kongsg\u00e5rdens-havneomr\u00e5de.-Nederst-til-venstre-Skrattaskj\u00e6r-der-Olav-Tryggvason-lot-drukne-seidmennene.-Foto-KIB-media-480x320.jpg 480w\" sizes=\"(max-width: 300px) 100vw, 300px\" \/><\/a><p id=\"caption-attachment-445\" class=\"wp-caption-text\">The harbour area of the royal residence. Bottom left; the skerry &#8220;Skrattaskj\u00e6r&#8221; where king Olaf Tryggvason let drown a flock of sorcerers. (Ill. KIB Media)<\/p><\/div><a href=\"https:\/\/avaldsnes.info\/content\/uploads\/2013\/10\/THE-BATTLE-OF-SVOLDER-IN-OLAF-TRYGGVASONS-SAGA.pdf\">THE BATTLE OF SVOLDER IN OLAF TRYGGVASONS SAGA<\/a><\/p>\n<p><\/p>","protected":false},"excerpt":{"rendered":"<p>THE BATTLE OF SVOLDER IN OLAF TRYGGVASONS SAGA<\/p>\n","protected":false},"author":3,"featured_media":0,"parent":22,"menu_order":5,"comment_status":"closed","ping_status":"open","template":"","meta":{"footnotes":""},"yoast_head":"<!-- This site is optimized with the Yoast SEO plugin v27.1.1 - https:\/\/yoast.com\/product\/yoast-seo-wordpress\/ -->\n<title>Olav TryggvasonOlaf Tryggvason - Avaldsnes<\/title>\n<meta name=\"description\" content=\"Olav Tryggvason var sonesonsson til Harald H\u00e5rfagre. Olav vaks opp hos den russiske kongen, drog p\u00e5 vikingtokter, blei kristen og avslutta livet sitt som konge i Noreg. Olaf Tryggvason was the grandson of Harald Hairfair. Olaf grew up at the court of the Russian king, went on Viking raids, converted to Christianity and ended his life as the king of Norway.\" \/>\n<meta name=\"robots\" content=\"index, follow, max-snippet:-1, max-image-preview:large, max-video-preview:-1\" \/>\n<link rel=\"canonical\" href=\"https:\/\/avaldsnes.info\/de\/informasjon\/olav-tryggvason\/\" \/>\n<meta property=\"og:locale\" content=\"de_DE\" \/>\n<meta property=\"og:type\" content=\"article\" \/>\n<meta property=\"og:title\" content=\"Olav TryggvasonOlaf Tryggvason - Avaldsnes\" \/>\n<meta property=\"og:description\" content=\"Olav Tryggvason var sonesonsson til Harald H\u00e5rfagre. Olav vaks opp hos den russiske kongen, drog p\u00e5 vikingtokter, blei kristen og avslutta livet sitt som konge i Noreg. Olaf Tryggvason was the grandson of Harald Hairfair. Olaf grew up at the court of the Russian king, went on Viking raids, converted to Christianity and ended his life as the king of Norway.\" \/>\n<meta property=\"og:url\" content=\"https:\/\/avaldsnes.info\/de\/informasjon\/olav-tryggvason\/\" \/>\n<meta property=\"og:site_name\" content=\"Avaldsnes\" \/>\n<meta property=\"article:modified_time\" content=\"2020-05-11T16:12:50+00:00\" \/>\n<meta property=\"og:image\" content=\"https:\/\/avaldsnes.info\/content\/uploads\/2013\/07\/kultsted-999-stort-300x193.jpg\" \/>\n<meta name=\"twitter:label1\" content=\"Est. reading time\" \/>\n\t<meta name=\"twitter:data1\" content=\"34 minutes\" \/>\n<script type=\"application\/ld+json\" class=\"yoast-schema-graph\">{\"@context\":\"https:\/\/schema.org\",\"@graph\":[{\"@type\":\"WebPage\",\"@id\":\"https:\/\/avaldsnes.info\/de\/informasjon\/olav-tryggvason\/\",\"url\":\"https:\/\/avaldsnes.info\/de\/informasjon\/olav-tryggvason\/\",\"name\":\"Olav TryggvasonOlaf Tryggvason - Avaldsnes\",\"isPartOf\":{\"@id\":\"https:\/\/avaldsnes.info\/de\/#website\"},\"primaryImageOfPage\":{\"@id\":\"https:\/\/avaldsnes.info\/de\/informasjon\/olav-tryggvason\/#primaryimage\"},\"image\":{\"@id\":\"https:\/\/avaldsnes.info\/de\/informasjon\/olav-tryggvason\/#primaryimage\"},\"thumbnailUrl\":\"https:\/\/avaldsnes.info\/content\/uploads\/2013\/07\/kultsted-999-stort-300x193.jpg\",\"datePublished\":\"2013-10-16T19:36:46+00:00\",\"dateModified\":\"2020-05-11T16:12:50+00:00\",\"description\":\"Olav Tryggvason var sonesonsson til Harald H\u00e5rfagre. Olav vaks opp hos den russiske kongen, drog p\u00e5 vikingtokter, blei kristen og avslutta livet sitt som konge i Noreg. Olaf Tryggvason was the grandson of Harald Hairfair. Olaf grew up at the court of the Russian king, went on Viking raids, converted to Christianity and ended his life as the king of Norway.\",\"breadcrumb\":{\"@id\":\"https:\/\/avaldsnes.info\/de\/informasjon\/olav-tryggvason\/#breadcrumb\"},\"inLanguage\":\"de-DE\",\"potentialAction\":[{\"@type\":\"ReadAction\",\"target\":[[\"https:\/\/avaldsnes.info\/de\/informasjon\/olav-tryggvason\/\"]]}]},{\"@type\":\"ImageObject\",\"inLanguage\":\"de-DE\",\"@id\":\"https:\/\/avaldsnes.info\/de\/informasjon\/olav-tryggvason\/#primaryimage\",\"url\":\"https:\/\/avaldsnes.info\/content\/uploads\/2013\/07\/kultsted-999-stort-300x193.jpg\",\"contentUrl\":\"https:\/\/avaldsnes.info\/content\/uploads\/2013\/07\/kultsted-999-stort-300x193.jpg\"},{\"@type\":\"BreadcrumbList\",\"@id\":\"https:\/\/avaldsnes.info\/de\/informasjon\/olav-tryggvason\/#breadcrumb\",\"itemListElement\":[{\"@type\":\"ListItem\",\"position\":1,\"name\":\"Home\",\"item\":\"https:\/\/avaldsnes.info\/de\/\"},{\"@type\":\"ListItem\",\"position\":2,\"name\":\"(Norsk) Olav Tryggvason\"}]},{\"@type\":\"WebSite\",\"@id\":\"https:\/\/avaldsnes.info\/de\/#website\",\"url\":\"https:\/\/avaldsnes.info\/de\/\",\"name\":\"Avaldsnes\",\"description\":\"Norges eldste kongesete\",\"potentialAction\":[{\"@type\":\"SearchAction\",\"target\":{\"@type\":\"EntryPoint\",\"urlTemplate\":\"https:\/\/avaldsnes.info\/de\/?s={search_term_string}\"},\"query-input\":{\"@type\":\"PropertyValueSpecification\",\"valueRequired\":true,\"valueName\":\"search_term_string\"}}],\"inLanguage\":\"de-DE\"}]}<\/script>\n<!-- \/ Yoast SEO plugin. -->","yoast_head_json":{"title":"Olav TryggvasonOlaf Tryggvason - Avaldsnes","description":"Olav Tryggvason var sonesonsson til Harald H\u00e5rfagre. Olav vaks opp hos den russiske kongen, drog p\u00e5 vikingtokter, blei kristen og avslutta livet sitt som konge i Noreg. Olaf Tryggvason was the grandson of Harald Hairfair. Olaf grew up at the court of the Russian king, went on Viking raids, converted to Christianity and ended his life as the king of Norway.","robots":{"index":"index","follow":"follow","max-snippet":"max-snippet:-1","max-image-preview":"max-image-preview:large","max-video-preview":"max-video-preview:-1"},"canonical":"https:\/\/avaldsnes.info\/de\/informasjon\/olav-tryggvason\/","og_locale":"de_DE","og_type":"article","og_title":"Olav TryggvasonOlaf Tryggvason - Avaldsnes","og_description":"Olav Tryggvason var sonesonsson til Harald H\u00e5rfagre. Olav vaks opp hos den russiske kongen, drog p\u00e5 vikingtokter, blei kristen og avslutta livet sitt som konge i Noreg. Olaf Tryggvason was the grandson of Harald Hairfair. Olaf grew up at the court of the Russian king, went on Viking raids, converted to Christianity and ended his life as the king of Norway.","og_url":"https:\/\/avaldsnes.info\/de\/informasjon\/olav-tryggvason\/","og_site_name":"Avaldsnes","article_modified_time":"2020-05-11T16:12:50+00:00","og_image":[{"url":"https:\/\/avaldsnes.info\/content\/uploads\/2013\/07\/kultsted-999-stort-300x193.jpg","type":"","width":"","height":""}],"twitter_misc":{"Est. reading time":"34 minutes"},"schema":{"@context":"https:\/\/schema.org","@graph":[{"@type":"WebPage","@id":"https:\/\/avaldsnes.info\/de\/informasjon\/olav-tryggvason\/","url":"https:\/\/avaldsnes.info\/de\/informasjon\/olav-tryggvason\/","name":"Olav TryggvasonOlaf Tryggvason - Avaldsnes","isPartOf":{"@id":"https:\/\/avaldsnes.info\/de\/#website"},"primaryImageOfPage":{"@id":"https:\/\/avaldsnes.info\/de\/informasjon\/olav-tryggvason\/#primaryimage"},"image":{"@id":"https:\/\/avaldsnes.info\/de\/informasjon\/olav-tryggvason\/#primaryimage"},"thumbnailUrl":"https:\/\/avaldsnes.info\/content\/uploads\/2013\/07\/kultsted-999-stort-300x193.jpg","datePublished":"2013-10-16T19:36:46+00:00","dateModified":"2020-05-11T16:12:50+00:00","description":"Olav Tryggvason var sonesonsson til Harald H\u00e5rfagre. Olav vaks opp hos den russiske kongen, drog p\u00e5 vikingtokter, blei kristen og avslutta livet sitt som konge i Noreg. Olaf Tryggvason was the grandson of Harald Hairfair. Olaf grew up at the court of the Russian king, went on Viking raids, converted to Christianity and ended his life as the king of Norway.","breadcrumb":{"@id":"https:\/\/avaldsnes.info\/de\/informasjon\/olav-tryggvason\/#breadcrumb"},"inLanguage":"de-DE","potentialAction":[{"@type":"ReadAction","target":[["https:\/\/avaldsnes.info\/de\/informasjon\/olav-tryggvason\/"]]}]},{"@type":"ImageObject","inLanguage":"de-DE","@id":"https:\/\/avaldsnes.info\/de\/informasjon\/olav-tryggvason\/#primaryimage","url":"https:\/\/avaldsnes.info\/content\/uploads\/2013\/07\/kultsted-999-stort-300x193.jpg","contentUrl":"https:\/\/avaldsnes.info\/content\/uploads\/2013\/07\/kultsted-999-stort-300x193.jpg"},{"@type":"BreadcrumbList","@id":"https:\/\/avaldsnes.info\/de\/informasjon\/olav-tryggvason\/#breadcrumb","itemListElement":[{"@type":"ListItem","position":1,"name":"Home","item":"https:\/\/avaldsnes.info\/de\/"},{"@type":"ListItem","position":2,"name":"(Norsk) Olav Tryggvason"}]},{"@type":"WebSite","@id":"https:\/\/avaldsnes.info\/de\/#website","url":"https:\/\/avaldsnes.info\/de\/","name":"Avaldsnes","description":"Norges eldste kongesete","potentialAction":[{"@type":"SearchAction","target":{"@type":"EntryPoint","urlTemplate":"https:\/\/avaldsnes.info\/de\/?s={search_term_string}"},"query-input":{"@type":"PropertyValueSpecification","valueRequired":true,"valueName":"search_term_string"}}],"inLanguage":"de-DE"}]}},"_links":{"self":[{"href":"https:\/\/avaldsnes.info\/de\/wp-json\/wp\/v2\/pages\/2321"}],"collection":[{"href":"https:\/\/avaldsnes.info\/de\/wp-json\/wp\/v2\/pages"}],"about":[{"href":"https:\/\/avaldsnes.info\/de\/wp-json\/wp\/v2\/types\/page"}],"author":[{"embeddable":true,"href":"https:\/\/avaldsnes.info\/de\/wp-json\/wp\/v2\/users\/3"}],"replies":[{"embeddable":true,"href":"https:\/\/avaldsnes.info\/de\/wp-json\/wp\/v2\/comments?post=2321"}],"version-history":[{"count":67,"href":"https:\/\/avaldsnes.info\/de\/wp-json\/wp\/v2\/pages\/2321\/revisions"}],"predecessor-version":[{"id":6009,"href":"https:\/\/avaldsnes.info\/de\/wp-json\/wp\/v2\/pages\/2321\/revisions\/6009"}],"up":[{"embeddable":true,"href":"https:\/\/avaldsnes.info\/de\/wp-json\/wp\/v2\/pages\/22"}],"wp:attachment":[{"href":"https:\/\/avaldsnes.info\/de\/wp-json\/wp\/v2\/media?parent=2321"}],"curies":[{"name":"wp","href":"https:\/\/api.w.org\/{rel}","templated":true}]}}