{"id":2319,"date":"2013-10-16T19:36:10","date_gmt":"2013-10-16T19:36:10","guid":{"rendered":"https:\/\/avaldsnes.info\/?page_id=2319"},"modified":"2020-02-28T16:29:52","modified_gmt":"2020-02-28T16:29:52","slug":"hakon-den-gode","status":"publish","type":"page","link":"https:\/\/avaldsnes.info\/de\/informasjon\/hakon-den-gode\/","title":{"rendered":"(Norsk) H\u00e5kon den gode"},"content":{"rendered":"<p class=\"qtranxs-available-languages-message qtranxs-available-languages-message-de\">Leider ist der Eintrag nur auf <a href=\"https:\/\/avaldsnes.info\/no\/wp-json\/wp\/v2\/pages\/2319\" class=\"qtranxs-available-language-link qtranxs-available-language-link-no\" title=\"Norsk\">Norsk<\/a> und <a href=\"https:\/\/avaldsnes.info\/en\/wp-json\/wp\/v2\/pages\/2319\" class=\"qtranxs-available-language-link qtranxs-available-language-link-en\" title=\"English\">English<\/a> verf\u00fcgbar.<\/p>","protected":false},"excerpt":{"rendered":"<p>Leider ist der Eintrag nur auf Norsk und English verf\u00fcgbar.<\/p>\n","protected":false},"author":3,"featured_media":0,"parent":22,"menu_order":6,"comment_status":"closed","ping_status":"open","template":"","meta":{"footnotes":""},"yoast_head":"<!-- This site is optimized with the Yoast SEO plugin v27.1.1 - https:\/\/yoast.com\/product\/yoast-seo-wordpress\/ -->\n<title>H\u00e5kon den gode Haakon the Good<\/title>\n<meta name=\"description\" content=\"D\u00e5 Harald H\u00e5rfagre var ca 70 \u00e5r gammal, fekk han barn med ei av frillene sine. Ho heitte Tora Mostrastong. H\u00e5kon den gode var berre 10 \u00e5r gammal d\u00e5 han blei sendt til England for \u00e5 bli fostra av den engelske kong Aethelstan (Adalstein).\" \/>\n<meta name=\"robots\" content=\"index, follow, max-snippet:-1, max-image-preview:large, max-video-preview:-1\" \/>\n<link rel=\"canonical\" href=\"https:\/\/avaldsnes.info\/de\/informasjon\/hakon-den-gode\/\" \/>\n<meta property=\"og:locale\" content=\"de_DE\" \/>\n<meta property=\"og:type\" content=\"article\" \/>\n<meta property=\"og:title\" content=\"H\u00e5kon den gode Haakon the Good\" \/>\n<meta property=\"og:description\" content=\"D\u00e5 Harald H\u00e5rfagre var ca 70 \u00e5r gammal, fekk han barn med ei av frillene sine. Ho heitte Tora Mostrastong. H\u00e5kon den gode var berre 10 \u00e5r gammal d\u00e5 han blei sendt til England for \u00e5 bli fostra av den engelske kong Aethelstan (Adalstein).\" \/>\n<meta property=\"og:url\" content=\"https:\/\/avaldsnes.info\/de\/informasjon\/hakon-den-gode\/\" \/>\n<meta property=\"og:site_name\" content=\"Avaldsnes\" \/>\n<meta property=\"article:modified_time\" content=\"2020-02-28T16:29:52+00:00\" \/>\n<meta property=\"og:image\" content=\"https:\/\/avaldsnes.info\/content\/uploads\/2013\/10\/flyfoto-avald-nov5-300x142.jpg\" \/>\n<meta name=\"twitter:label1\" content=\"Est. reading time\" \/>\n\t<meta name=\"twitter:data1\" content=\"19 minutes\" \/>\n<script type=\"application\/ld+json\" class=\"yoast-schema-graph\">{\"@context\":\"https:\/\/schema.org\",\"@graph\":[{\"@type\":\"WebPage\",\"@id\":\"https:\/\/avaldsnes.info\/de\/informasjon\/hakon-den-gode\/\",\"url\":\"https:\/\/avaldsnes.info\/de\/informasjon\/hakon-den-gode\/\",\"name\":\"H\u00e5kon den gode Haakon the Good\",\"isPartOf\":{\"@id\":\"https:\/\/avaldsnes.info\/de\/#website\"},\"primaryImageOfPage\":{\"@id\":\"https:\/\/avaldsnes.info\/de\/informasjon\/hakon-den-gode\/#primaryimage\"},\"image\":{\"@id\":\"https:\/\/avaldsnes.info\/de\/informasjon\/hakon-den-gode\/#primaryimage\"},\"thumbnailUrl\":\"https:\/\/avaldsnes.info\/content\/uploads\/2013\/10\/flyfoto-avald-nov5-300x142.jpg\",\"datePublished\":\"2013-10-16T19:36:10+00:00\",\"dateModified\":\"2020-02-28T16:29:52+00:00\",\"description\":\"D\u00e5 Harald H\u00e5rfagre var ca 70 \u00e5r gammal, fekk han barn med ei av frillene sine. Ho heitte Tora Mostrastong. H\u00e5kon den gode var berre 10 \u00e5r gammal d\u00e5 han blei sendt til England for \u00e5 bli fostra av den engelske kong Aethelstan (Adalstein).\",\"breadcrumb\":{\"@id\":\"https:\/\/avaldsnes.info\/de\/informasjon\/hakon-den-gode\/#breadcrumb\"},\"inLanguage\":\"de-DE\",\"potentialAction\":[{\"@type\":\"ReadAction\",\"target\":[[\"https:\/\/avaldsnes.info\/de\/informasjon\/hakon-den-gode\/\"]]}]},{\"@type\":\"ImageObject\",\"inLanguage\":\"de-DE\",\"@id\":\"https:\/\/avaldsnes.info\/de\/informasjon\/hakon-den-gode\/#primaryimage\",\"url\":\"https:\/\/avaldsnes.info\/content\/uploads\/2013\/10\/flyfoto-avald-nov5-300x142.jpg\",\"contentUrl\":\"https:\/\/avaldsnes.info\/content\/uploads\/2013\/10\/flyfoto-avald-nov5-300x142.jpg\"},{\"@type\":\"BreadcrumbList\",\"@id\":\"https:\/\/avaldsnes.info\/de\/informasjon\/hakon-den-gode\/#breadcrumb\",\"itemListElement\":[{\"@type\":\"ListItem\",\"position\":1,\"name\":\"Home\",\"item\":\"https:\/\/avaldsnes.info\/de\/\"},{\"@type\":\"ListItem\",\"position\":2,\"name\":\"(Norsk) H\u00e5kon den gode\"}]},{\"@type\":\"WebSite\",\"@id\":\"https:\/\/avaldsnes.info\/de\/#website\",\"url\":\"https:\/\/avaldsnes.info\/de\/\",\"name\":\"Avaldsnes\",\"description\":\"Norges eldste kongesete\",\"potentialAction\":[{\"@type\":\"SearchAction\",\"target\":{\"@type\":\"EntryPoint\",\"urlTemplate\":\"https:\/\/avaldsnes.info\/de\/?s={search_term_string}\"},\"query-input\":{\"@type\":\"PropertyValueSpecification\",\"valueRequired\":true,\"valueName\":\"search_term_string\"}}],\"inLanguage\":\"de-DE\"}]}<\/script>\n<!-- \/ Yoast SEO plugin. -->","yoast_head_json":{"title":"H\u00e5kon den gode Haakon the Good","description":"D\u00e5 Harald H\u00e5rfagre var ca 70 \u00e5r gammal, fekk han barn med ei av frillene sine. Ho heitte Tora Mostrastong. H\u00e5kon den gode var berre 10 \u00e5r gammal d\u00e5 han blei sendt til England for \u00e5 bli fostra av den engelske kong Aethelstan (Adalstein).","robots":{"index":"index","follow":"follow","max-snippet":"max-snippet:-1","max-image-preview":"max-image-preview:large","max-video-preview":"max-video-preview:-1"},"canonical":"https:\/\/avaldsnes.info\/de\/informasjon\/hakon-den-gode\/","og_locale":"de_DE","og_type":"article","og_title":"H\u00e5kon den gode Haakon the Good","og_description":"D\u00e5 Harald H\u00e5rfagre var ca 70 \u00e5r gammal, fekk han barn med ei av frillene sine. Ho heitte Tora Mostrastong. H\u00e5kon den gode var berre 10 \u00e5r gammal d\u00e5 han blei sendt til England for \u00e5 bli fostra av den engelske kong Aethelstan (Adalstein).","og_url":"https:\/\/avaldsnes.info\/de\/informasjon\/hakon-den-gode\/","og_site_name":"Avaldsnes","article_modified_time":"2020-02-28T16:29:52+00:00","og_image":[{"url":"https:\/\/avaldsnes.info\/content\/uploads\/2013\/10\/flyfoto-avald-nov5-300x142.jpg","type":"","width":"","height":""}],"twitter_misc":{"Est. reading time":"19 minutes"},"schema":{"@context":"https:\/\/schema.org","@graph":[{"@type":"WebPage","@id":"https:\/\/avaldsnes.info\/de\/informasjon\/hakon-den-gode\/","url":"https:\/\/avaldsnes.info\/de\/informasjon\/hakon-den-gode\/","name":"H\u00e5kon den gode Haakon the Good","isPartOf":{"@id":"https:\/\/avaldsnes.info\/de\/#website"},"primaryImageOfPage":{"@id":"https:\/\/avaldsnes.info\/de\/informasjon\/hakon-den-gode\/#primaryimage"},"image":{"@id":"https:\/\/avaldsnes.info\/de\/informasjon\/hakon-den-gode\/#primaryimage"},"thumbnailUrl":"https:\/\/avaldsnes.info\/content\/uploads\/2013\/10\/flyfoto-avald-nov5-300x142.jpg","datePublished":"2013-10-16T19:36:10+00:00","dateModified":"2020-02-28T16:29:52+00:00","description":"D\u00e5 Harald H\u00e5rfagre var ca 70 \u00e5r gammal, fekk han barn med ei av frillene sine. Ho heitte Tora Mostrastong. H\u00e5kon den gode var berre 10 \u00e5r gammal d\u00e5 han blei sendt til England for \u00e5 bli fostra av den engelske kong Aethelstan (Adalstein).","breadcrumb":{"@id":"https:\/\/avaldsnes.info\/de\/informasjon\/hakon-den-gode\/#breadcrumb"},"inLanguage":"de-DE","potentialAction":[{"@type":"ReadAction","target":[["https:\/\/avaldsnes.info\/de\/informasjon\/hakon-den-gode\/"]]}]},{"@type":"ImageObject","inLanguage":"de-DE","@id":"https:\/\/avaldsnes.info\/de\/informasjon\/hakon-den-gode\/#primaryimage","url":"https:\/\/avaldsnes.info\/content\/uploads\/2013\/10\/flyfoto-avald-nov5-300x142.jpg","contentUrl":"https:\/\/avaldsnes.info\/content\/uploads\/2013\/10\/flyfoto-avald-nov5-300x142.jpg"},{"@type":"BreadcrumbList","@id":"https:\/\/avaldsnes.info\/de\/informasjon\/hakon-den-gode\/#breadcrumb","itemListElement":[{"@type":"ListItem","position":1,"name":"Home","item":"https:\/\/avaldsnes.info\/de\/"},{"@type":"ListItem","position":2,"name":"(Norsk) H\u00e5kon den gode"}]},{"@type":"WebSite","@id":"https:\/\/avaldsnes.info\/de\/#website","url":"https:\/\/avaldsnes.info\/de\/","name":"Avaldsnes","description":"Norges eldste kongesete","potentialAction":[{"@type":"SearchAction","target":{"@type":"EntryPoint","urlTemplate":"https:\/\/avaldsnes.info\/de\/?s={search_term_string}"},"query-input":{"@type":"PropertyValueSpecification","valueRequired":true,"valueName":"search_term_string"}}],"inLanguage":"de-DE"}]}},"_links":{"self":[{"href":"https:\/\/avaldsnes.info\/de\/wp-json\/wp\/v2\/pages\/2319"}],"collection":[{"href":"https:\/\/avaldsnes.info\/de\/wp-json\/wp\/v2\/pages"}],"about":[{"href":"https:\/\/avaldsnes.info\/de\/wp-json\/wp\/v2\/types\/page"}],"author":[{"embeddable":true,"href":"https:\/\/avaldsnes.info\/de\/wp-json\/wp\/v2\/users\/3"}],"replies":[{"embeddable":true,"href":"https:\/\/avaldsnes.info\/de\/wp-json\/wp\/v2\/comments?post=2319"}],"version-history":[{"count":48,"href":"https:\/\/avaldsnes.info\/de\/wp-json\/wp\/v2\/pages\/2319\/revisions"}],"predecessor-version":[{"id":5817,"href":"https:\/\/avaldsnes.info\/de\/wp-json\/wp\/v2\/pages\/2319\/revisions\/5817"}],"up":[{"embeddable":true,"href":"https:\/\/avaldsnes.info\/de\/wp-json\/wp\/v2\/pages\/22"}],"wp:attachment":[{"href":"https:\/\/avaldsnes.info\/de\/wp-json\/wp\/v2\/media?parent=2319"}],"curies":[{"name":"wp","href":"https:\/\/api.w.org\/{rel}","templated":true}]}}