{"id":2317,"date":"2013-10-16T19:35:26","date_gmt":"2013-10-16T19:35:26","guid":{"rendered":"https:\/\/avaldsnes.info\/?page_id=2317"},"modified":"2016-05-06T10:02:40","modified_gmt":"2016-05-06T10:02:40","slug":"eirik-blodoks","status":"publish","type":"page","link":"https:\/\/avaldsnes.info\/de\/informasjon\/eirik-blodoks\/","title":{"rendered":"(Norsk) Eirik Blod\u00f8ks"},"content":{"rendered":"<p><div id=\"attachment_3473\" style=\"width: 296px\" class=\"wp-caption aligncenter\"><a href=\"https:\/\/avaldsnes.info\/content\/uploads\/2013\/10\/Eric_Bloodaxe_Norse_king_of_York_952_954.jpg\"><img loading=\"lazy\" decoding=\"async\" aria-describedby=\"caption-attachment-3473\" src=\"https:\/\/avaldsnes.info\/content\/uploads\/2013\/10\/Eric_Bloodaxe_Norse_king_of_York_952_954-286x300.jpg\" alt=\"Mynt sl\u00e5tt under Eirik Blod\u00f8ks si tid som &quot;konge av York&quot; (952 - 954) P\u00e5 mynten st\u00e5r &quot;EIKCUS REX&quot;. Own work by uploader, Foto British Museum\" width=\"286\" height=\"300\" class=\"size-medium wp-image-3473\" srcset=\"https:\/\/avaldsnes.info\/content\/uploads\/2013\/10\/Eric_Bloodaxe_Norse_king_of_York_952_954-286x300.jpg 286w, https:\/\/avaldsnes.info\/content\/uploads\/2013\/10\/Eric_Bloodaxe_Norse_king_of_York_952_954.jpg 517w\" sizes=\"(max-width: 286px) 100vw, 286px\" \/><\/a><p id=\"caption-attachment-3473\" class=\"wp-caption-text\">Mynt sl\u00e5tt under Eirik Blod\u00f8ks si tid som &#8220;konge av York&#8221; (952 &#8211; 954) P\u00e5 mynten st\u00e5r &#8220;EIKCUS REX&#8221;. Own work by uploader, Foto British Museum<\/p><\/div><\/p>","protected":false},"excerpt":{"rendered":"<p>Leider ist der Eintrag nur auf Norsk und English verf\u00fcgbar.<\/p>\n","protected":false},"author":3,"featured_media":0,"parent":22,"menu_order":7,"comment_status":"closed","ping_status":"open","template":"","meta":{"footnotes":""},"yoast_head":"<!-- This site is optimized with the Yoast SEO plugin v27.1.1 - https:\/\/yoast.com\/product\/yoast-seo-wordpress\/ -->\n<title>Eirik Blod\u00f8ks Eric Bloodaxe<\/title>\n<meta name=\"description\" content=\"Eir\u00edkr bl\u00f3\u00f0\u00f8x (885 - 954)\u00a0Konge i Noreg fr\u00e5 ca 931 - 935 Harald H\u00e5rfagre hadde mange koner og mange barn. Eirik Blod\u00f8ks var den sonen han sette h\u00f8gast\" \/>\n<meta name=\"robots\" content=\"index, follow, max-snippet:-1, max-image-preview:large, max-video-preview:-1\" \/>\n<link rel=\"canonical\" href=\"https:\/\/avaldsnes.info\/de\/informasjon\/eirik-blodoks\/\" \/>\n<meta property=\"og:locale\" content=\"de_DE\" \/>\n<meta property=\"og:type\" content=\"article\" \/>\n<meta property=\"og:title\" content=\"Eirik Blod\u00f8ks Eric Bloodaxe\" \/>\n<meta property=\"og:description\" content=\"Eir\u00edkr bl\u00f3\u00f0\u00f8x (885 - 954)\u00a0Konge i Noreg fr\u00e5 ca 931 - 935 Harald H\u00e5rfagre hadde mange koner og mange barn. Eirik Blod\u00f8ks var den sonen han sette h\u00f8gast\" \/>\n<meta property=\"og:url\" content=\"https:\/\/avaldsnes.info\/de\/informasjon\/eirik-blodoks\/\" \/>\n<meta property=\"og:site_name\" content=\"Avaldsnes\" \/>\n<meta property=\"article:modified_time\" content=\"2016-05-06T10:02:40+00:00\" \/>\n<meta property=\"og:image\" content=\"https:\/\/avaldsnes.info\/content\/uploads\/2013\/10\/Gunnhild-egger-sine-sonar-300x175.jpg\" \/>\n<meta name=\"twitter:label1\" content=\"Est. reading time\" \/>\n\t<meta name=\"twitter:data1\" content=\"15 minutes\" \/>\n<script type=\"application\/ld+json\" class=\"yoast-schema-graph\">{\"@context\":\"https:\/\/schema.org\",\"@graph\":[{\"@type\":\"WebPage\",\"@id\":\"https:\/\/avaldsnes.info\/de\/informasjon\/eirik-blodoks\/\",\"url\":\"https:\/\/avaldsnes.info\/de\/informasjon\/eirik-blodoks\/\",\"name\":\"Eirik Blod\u00f8ks Eric Bloodaxe\",\"isPartOf\":{\"@id\":\"https:\/\/avaldsnes.info\/de\/#website\"},\"primaryImageOfPage\":{\"@id\":\"https:\/\/avaldsnes.info\/de\/informasjon\/eirik-blodoks\/#primaryimage\"},\"image\":{\"@id\":\"https:\/\/avaldsnes.info\/de\/informasjon\/eirik-blodoks\/#primaryimage\"},\"thumbnailUrl\":\"https:\/\/avaldsnes.info\/content\/uploads\/2013\/10\/Gunnhild-egger-sine-sonar-300x175.jpg\",\"datePublished\":\"2013-10-16T19:35:26+00:00\",\"dateModified\":\"2016-05-06T10:02:40+00:00\",\"description\":\"Eir\u00edkr bl\u00f3\u00f0\u00f8x (885 - 954)\u00a0Konge i Noreg fr\u00e5 ca 931 - 935 Harald H\u00e5rfagre hadde mange koner og mange barn. Eirik Blod\u00f8ks var den sonen han sette h\u00f8gast\",\"breadcrumb\":{\"@id\":\"https:\/\/avaldsnes.info\/de\/informasjon\/eirik-blodoks\/#breadcrumb\"},\"inLanguage\":\"de-DE\",\"potentialAction\":[{\"@type\":\"ReadAction\",\"target\":[[\"https:\/\/avaldsnes.info\/de\/informasjon\/eirik-blodoks\/\"]]}]},{\"@type\":\"ImageObject\",\"inLanguage\":\"de-DE\",\"@id\":\"https:\/\/avaldsnes.info\/de\/informasjon\/eirik-blodoks\/#primaryimage\",\"url\":\"https:\/\/avaldsnes.info\/content\/uploads\/2013\/10\/Gunnhild-egger-sine-sonar-300x175.jpg\",\"contentUrl\":\"https:\/\/avaldsnes.info\/content\/uploads\/2013\/10\/Gunnhild-egger-sine-sonar-300x175.jpg\"},{\"@type\":\"BreadcrumbList\",\"@id\":\"https:\/\/avaldsnes.info\/de\/informasjon\/eirik-blodoks\/#breadcrumb\",\"itemListElement\":[{\"@type\":\"ListItem\",\"position\":1,\"name\":\"Home\",\"item\":\"https:\/\/avaldsnes.info\/de\/\"},{\"@type\":\"ListItem\",\"position\":2,\"name\":\"(Norsk) Eirik Blod\u00f8ks\"}]},{\"@type\":\"WebSite\",\"@id\":\"https:\/\/avaldsnes.info\/de\/#website\",\"url\":\"https:\/\/avaldsnes.info\/de\/\",\"name\":\"Avaldsnes\",\"description\":\"Norges eldste kongesete\",\"potentialAction\":[{\"@type\":\"SearchAction\",\"target\":{\"@type\":\"EntryPoint\",\"urlTemplate\":\"https:\/\/avaldsnes.info\/de\/?s={search_term_string}\"},\"query-input\":{\"@type\":\"PropertyValueSpecification\",\"valueRequired\":true,\"valueName\":\"search_term_string\"}}],\"inLanguage\":\"de-DE\"}]}<\/script>\n<!-- \/ Yoast SEO plugin. -->","yoast_head_json":{"title":"Eirik Blod\u00f8ks Eric Bloodaxe","description":"Eir\u00edkr bl\u00f3\u00f0\u00f8x (885 - 954)\u00a0Konge i Noreg fr\u00e5 ca 931 - 935 Harald H\u00e5rfagre hadde mange koner og mange barn. Eirik Blod\u00f8ks var den sonen han sette h\u00f8gast","robots":{"index":"index","follow":"follow","max-snippet":"max-snippet:-1","max-image-preview":"max-image-preview:large","max-video-preview":"max-video-preview:-1"},"canonical":"https:\/\/avaldsnes.info\/de\/informasjon\/eirik-blodoks\/","og_locale":"de_DE","og_type":"article","og_title":"Eirik Blod\u00f8ks Eric Bloodaxe","og_description":"Eir\u00edkr bl\u00f3\u00f0\u00f8x (885 - 954)\u00a0Konge i Noreg fr\u00e5 ca 931 - 935 Harald H\u00e5rfagre hadde mange koner og mange barn. Eirik Blod\u00f8ks var den sonen han sette h\u00f8gast","og_url":"https:\/\/avaldsnes.info\/de\/informasjon\/eirik-blodoks\/","og_site_name":"Avaldsnes","article_modified_time":"2016-05-06T10:02:40+00:00","og_image":[{"url":"https:\/\/avaldsnes.info\/content\/uploads\/2013\/10\/Gunnhild-egger-sine-sonar-300x175.jpg","type":"","width":"","height":""}],"twitter_misc":{"Est. reading time":"15 minutes"},"schema":{"@context":"https:\/\/schema.org","@graph":[{"@type":"WebPage","@id":"https:\/\/avaldsnes.info\/de\/informasjon\/eirik-blodoks\/","url":"https:\/\/avaldsnes.info\/de\/informasjon\/eirik-blodoks\/","name":"Eirik Blod\u00f8ks Eric Bloodaxe","isPartOf":{"@id":"https:\/\/avaldsnes.info\/de\/#website"},"primaryImageOfPage":{"@id":"https:\/\/avaldsnes.info\/de\/informasjon\/eirik-blodoks\/#primaryimage"},"image":{"@id":"https:\/\/avaldsnes.info\/de\/informasjon\/eirik-blodoks\/#primaryimage"},"thumbnailUrl":"https:\/\/avaldsnes.info\/content\/uploads\/2013\/10\/Gunnhild-egger-sine-sonar-300x175.jpg","datePublished":"2013-10-16T19:35:26+00:00","dateModified":"2016-05-06T10:02:40+00:00","description":"Eir\u00edkr bl\u00f3\u00f0\u00f8x (885 - 954)\u00a0Konge i Noreg fr\u00e5 ca 931 - 935 Harald H\u00e5rfagre hadde mange koner og mange barn. Eirik Blod\u00f8ks var den sonen han sette h\u00f8gast","breadcrumb":{"@id":"https:\/\/avaldsnes.info\/de\/informasjon\/eirik-blodoks\/#breadcrumb"},"inLanguage":"de-DE","potentialAction":[{"@type":"ReadAction","target":[["https:\/\/avaldsnes.info\/de\/informasjon\/eirik-blodoks\/"]]}]},{"@type":"ImageObject","inLanguage":"de-DE","@id":"https:\/\/avaldsnes.info\/de\/informasjon\/eirik-blodoks\/#primaryimage","url":"https:\/\/avaldsnes.info\/content\/uploads\/2013\/10\/Gunnhild-egger-sine-sonar-300x175.jpg","contentUrl":"https:\/\/avaldsnes.info\/content\/uploads\/2013\/10\/Gunnhild-egger-sine-sonar-300x175.jpg"},{"@type":"BreadcrumbList","@id":"https:\/\/avaldsnes.info\/de\/informasjon\/eirik-blodoks\/#breadcrumb","itemListElement":[{"@type":"ListItem","position":1,"name":"Home","item":"https:\/\/avaldsnes.info\/de\/"},{"@type":"ListItem","position":2,"name":"(Norsk) Eirik Blod\u00f8ks"}]},{"@type":"WebSite","@id":"https:\/\/avaldsnes.info\/de\/#website","url":"https:\/\/avaldsnes.info\/de\/","name":"Avaldsnes","description":"Norges eldste kongesete","potentialAction":[{"@type":"SearchAction","target":{"@type":"EntryPoint","urlTemplate":"https:\/\/avaldsnes.info\/de\/?s={search_term_string}"},"query-input":{"@type":"PropertyValueSpecification","valueRequired":true,"valueName":"search_term_string"}}],"inLanguage":"de-DE"}]}},"_links":{"self":[{"href":"https:\/\/avaldsnes.info\/de\/wp-json\/wp\/v2\/pages\/2317"}],"collection":[{"href":"https:\/\/avaldsnes.info\/de\/wp-json\/wp\/v2\/pages"}],"about":[{"href":"https:\/\/avaldsnes.info\/de\/wp-json\/wp\/v2\/types\/page"}],"author":[{"embeddable":true,"href":"https:\/\/avaldsnes.info\/de\/wp-json\/wp\/v2\/users\/3"}],"replies":[{"embeddable":true,"href":"https:\/\/avaldsnes.info\/de\/wp-json\/wp\/v2\/comments?post=2317"}],"version-history":[{"count":42,"href":"https:\/\/avaldsnes.info\/de\/wp-json\/wp\/v2\/pages\/2317\/revisions"}],"predecessor-version":[{"id":4659,"href":"https:\/\/avaldsnes.info\/de\/wp-json\/wp\/v2\/pages\/2317\/revisions\/4659"}],"up":[{"embeddable":true,"href":"https:\/\/avaldsnes.info\/de\/wp-json\/wp\/v2\/pages\/22"}],"wp:attachment":[{"href":"https:\/\/avaldsnes.info\/de\/wp-json\/wp\/v2\/media?parent=2317"}],"curies":[{"name":"wp","href":"https:\/\/api.w.org\/{rel}","templated":true}]}}