{"id":2315,"date":"2013-10-16T19:34:37","date_gmt":"2013-10-16T19:34:37","guid":{"rendered":"https:\/\/avaldsnes.info\/?page_id=2315"},"modified":"2022-08-09T10:48:26","modified_gmt":"2022-08-09T10:48:26","slug":"harald-harfagre","status":"publish","type":"page","link":"https:\/\/avaldsnes.info\/de\/informasjon\/harald-harfagre\/","title":{"rendered":"(Norsk) Harald H\u00e5rfagre"},"content":{"rendered":"<p><\/p>\n<p><div id=\"attachment_469\" style=\"width: 310px\" class=\"wp-caption aligncenter\"><a href=\"https:\/\/avaldsnes.info\/content\/uploads\/2013\/07\/halsringar-av-s\u00f8lv-vikingtid-fune-ved-sj\u00f8kanten.jpg\"><img loading=\"lazy\" decoding=\"async\" aria-describedby=\"caption-attachment-469\" src=\"https:\/\/avaldsnes.info\/content\/uploads\/2013\/07\/halsringar-av-s\u00f8lv-vikingtid-fune-ved-sj\u00f8kanten-300x225.jpg\" alt=\"Two large rings of silver from the Viking Age. Found by the seaside, Possibly rings given to show alianse with people who performed important duties for the king. (Photo Marit Synn\u00f8ve Vea)\" width=\"300\" height=\"225\" class=\"size-medium wp-image-469\" srcset=\"https:\/\/avaldsnes.info\/content\/uploads\/2013\/07\/halsringar-av-s\u00f8lv-vikingtid-fune-ved-sj\u00f8kanten-300x225.jpg 300w, https:\/\/avaldsnes.info\/content\/uploads\/2013\/07\/halsringar-av-s\u00f8lv-vikingtid-fune-ved-sj\u00f8kanten-1024x768.jpg 1024w\" sizes=\"(max-width: 300px) 100vw, 300px\" \/><\/a><p id=\"caption-attachment-469\" class=\"wp-caption-text\">En stor halsring og en armring i s\u00f8lv, vikingtid, funnet i sj\u00f8kanten,Nordre Eike. Muligens allianseringer gitt til personer som utf\u00f8rte viktige oppgaver for kongemakten (Foto M.S. Vea)<\/p><\/div>\n<\/p>\n<div id=\"attachment_2680\" style=\"width: 310px\" class=\"wp-caption aligncenter\"><a href=\"https:\/\/avaldsnes.info\/content\/uploads\/2013\/07\/Living-area-royal-manor.jpg\"><img loading=\"lazy\" decoding=\"async\" aria-describedby=\"caption-attachment-2680\" src=\"https:\/\/avaldsnes.info\/content\/uploads\/2013\/07\/Living-area-royal-manor-300x199.jpg\" alt=\"The image shows the &quot;workshop area&quot;, the &quot;living area&quot; and the area for religious\/political activities in those locations that have been investigated. (Photo KIB Media)\" width=\"300\" height=\"199\" class=\"size-medium wp-image-2680\" srcset=\"https:\/\/avaldsnes.info\/content\/uploads\/2013\/07\/Living-area-royal-manor-300x199.jpg 300w, https:\/\/avaldsnes.info\/content\/uploads\/2013\/07\/Living-area-royal-manor-480x320.jpg 480w, https:\/\/avaldsnes.info\/content\/uploads\/2013\/07\/Living-area-royal-manor.jpg 958w\" sizes=\"(max-width: 300px) 100vw, 300px\" \/><\/a><p id=\"caption-attachment-2680\" class=\"wp-caption-text\">The image shows the &#8220;workshop area&#8221;, the &#8220;living area&#8221; and the area for religious\/political activities in those locations that have been investigated. (Photo KIB Media)<\/p><\/div>\n<\/p>\n<p><\/p>","protected":false},"excerpt":{"rendered":"","protected":false},"author":3,"featured_media":0,"parent":22,"menu_order":8,"comment_status":"closed","ping_status":"open","template":"","meta":{"footnotes":""},"yoast_head":"<!-- This site is optimized with the Yoast SEO plugin v27.1.1 - https:\/\/yoast.com\/product\/yoast-seo-wordpress\/ -->\n<title>Harald H\u00e5rfagre Harald Fairhair<\/title>\n<meta name=\"description\" content=\"Haraldr h\u00e1rfagri (ca 850 -931\/32) rikssamlar og dynastigrunnleggar. Slaget i Hafrsfjord. Avaldsnes kongsg\u00e5rd. Osebergskipet. Harald Fairhair was the king who unified Norway into one kingdom after winning the Battle of Hafrsfjord in ca. 870.\" \/>\n<meta name=\"robots\" content=\"index, follow, max-snippet:-1, max-image-preview:large, max-video-preview:-1\" \/>\n<link rel=\"canonical\" href=\"https:\/\/avaldsnes.info\/de\/informasjon\/harald-harfagre\/\" \/>\n<meta property=\"og:locale\" content=\"de_DE\" \/>\n<meta property=\"og:type\" content=\"article\" \/>\n<meta property=\"og:title\" content=\"Harald H\u00e5rfagre Harald Fairhair\" \/>\n<meta property=\"og:description\" content=\"Haraldr h\u00e1rfagri (ca 850 -931\/32) rikssamlar og dynastigrunnleggar. Slaget i Hafrsfjord. Avaldsnes kongsg\u00e5rd. Osebergskipet. Harald Fairhair was the king who unified Norway into one kingdom after winning the Battle of Hafrsfjord in ca. 870.\" \/>\n<meta property=\"og:url\" content=\"https:\/\/avaldsnes.info\/de\/informasjon\/harald-harfagre\/\" \/>\n<meta property=\"og:site_name\" content=\"Avaldsnes\" \/>\n<meta property=\"article:modified_time\" content=\"2022-08-09T10:48:26+00:00\" \/>\n<meta property=\"og:image\" content=\"https:\/\/avaldsnes.info\/content\/uploads\/2013\/10\/Harald-Harfagre-sine-kongsgardar1-197x300.jpg\" \/>\n<meta name=\"twitter:label1\" content=\"Est. reading time\" \/>\n\t<meta name=\"twitter:data1\" content=\"19 minutes\" \/>\n<script type=\"application\/ld+json\" class=\"yoast-schema-graph\">{\"@context\":\"https:\/\/schema.org\",\"@graph\":[{\"@type\":\"WebPage\",\"@id\":\"https:\/\/avaldsnes.info\/de\/informasjon\/harald-harfagre\/\",\"url\":\"https:\/\/avaldsnes.info\/de\/informasjon\/harald-harfagre\/\",\"name\":\"Harald H\u00e5rfagre Harald Fairhair\",\"isPartOf\":{\"@id\":\"https:\/\/avaldsnes.info\/de\/#website\"},\"primaryImageOfPage\":{\"@id\":\"https:\/\/avaldsnes.info\/de\/informasjon\/harald-harfagre\/#primaryimage\"},\"image\":{\"@id\":\"https:\/\/avaldsnes.info\/de\/informasjon\/harald-harfagre\/#primaryimage\"},\"thumbnailUrl\":\"https:\/\/avaldsnes.info\/content\/uploads\/2013\/10\/Harald-Harfagre-sine-kongsgardar1-197x300.jpg\",\"datePublished\":\"2013-10-16T19:34:37+00:00\",\"dateModified\":\"2022-08-09T10:48:26+00:00\",\"description\":\"Haraldr h\u00e1rfagri (ca 850 -931\/32) rikssamlar og dynastigrunnleggar. Slaget i Hafrsfjord. Avaldsnes kongsg\u00e5rd. Osebergskipet. Harald Fairhair was the king who unified Norway into one kingdom after winning the Battle of Hafrsfjord in ca. 870.\",\"breadcrumb\":{\"@id\":\"https:\/\/avaldsnes.info\/de\/informasjon\/harald-harfagre\/#breadcrumb\"},\"inLanguage\":\"de-DE\",\"potentialAction\":[{\"@type\":\"ReadAction\",\"target\":[[\"https:\/\/avaldsnes.info\/de\/informasjon\/harald-harfagre\/\"]]}]},{\"@type\":\"ImageObject\",\"inLanguage\":\"de-DE\",\"@id\":\"https:\/\/avaldsnes.info\/de\/informasjon\/harald-harfagre\/#primaryimage\",\"url\":\"https:\/\/avaldsnes.info\/content\/uploads\/2013\/10\/Harald-Harfagre-sine-kongsgardar1-197x300.jpg\",\"contentUrl\":\"https:\/\/avaldsnes.info\/content\/uploads\/2013\/10\/Harald-Harfagre-sine-kongsgardar1-197x300.jpg\"},{\"@type\":\"BreadcrumbList\",\"@id\":\"https:\/\/avaldsnes.info\/de\/informasjon\/harald-harfagre\/#breadcrumb\",\"itemListElement\":[{\"@type\":\"ListItem\",\"position\":1,\"name\":\"Home\",\"item\":\"https:\/\/avaldsnes.info\/de\/\"},{\"@type\":\"ListItem\",\"position\":2,\"name\":\"(Norsk) Harald H\u00e5rfagre\"}]},{\"@type\":\"WebSite\",\"@id\":\"https:\/\/avaldsnes.info\/de\/#website\",\"url\":\"https:\/\/avaldsnes.info\/de\/\",\"name\":\"Avaldsnes\",\"description\":\"Norges eldste kongesete\",\"potentialAction\":[{\"@type\":\"SearchAction\",\"target\":{\"@type\":\"EntryPoint\",\"urlTemplate\":\"https:\/\/avaldsnes.info\/de\/?s={search_term_string}\"},\"query-input\":{\"@type\":\"PropertyValueSpecification\",\"valueRequired\":true,\"valueName\":\"search_term_string\"}}],\"inLanguage\":\"de-DE\"}]}<\/script>\n<!-- \/ Yoast SEO plugin. -->","yoast_head_json":{"title":"Harald H\u00e5rfagre Harald Fairhair","description":"Haraldr h\u00e1rfagri (ca 850 -931\/32) rikssamlar og dynastigrunnleggar. Slaget i Hafrsfjord. Avaldsnes kongsg\u00e5rd. Osebergskipet. Harald Fairhair was the king who unified Norway into one kingdom after winning the Battle of Hafrsfjord in ca. 870.","robots":{"index":"index","follow":"follow","max-snippet":"max-snippet:-1","max-image-preview":"max-image-preview:large","max-video-preview":"max-video-preview:-1"},"canonical":"https:\/\/avaldsnes.info\/de\/informasjon\/harald-harfagre\/","og_locale":"de_DE","og_type":"article","og_title":"Harald H\u00e5rfagre Harald Fairhair","og_description":"Haraldr h\u00e1rfagri (ca 850 -931\/32) rikssamlar og dynastigrunnleggar. Slaget i Hafrsfjord. Avaldsnes kongsg\u00e5rd. Osebergskipet. Harald Fairhair was the king who unified Norway into one kingdom after winning the Battle of Hafrsfjord in ca. 870.","og_url":"https:\/\/avaldsnes.info\/de\/informasjon\/harald-harfagre\/","og_site_name":"Avaldsnes","article_modified_time":"2022-08-09T10:48:26+00:00","og_image":[{"url":"https:\/\/avaldsnes.info\/content\/uploads\/2013\/10\/Harald-Harfagre-sine-kongsgardar1-197x300.jpg","type":"","width":"","height":""}],"twitter_misc":{"Est. reading time":"19 minutes"},"schema":{"@context":"https:\/\/schema.org","@graph":[{"@type":"WebPage","@id":"https:\/\/avaldsnes.info\/de\/informasjon\/harald-harfagre\/","url":"https:\/\/avaldsnes.info\/de\/informasjon\/harald-harfagre\/","name":"Harald H\u00e5rfagre Harald Fairhair","isPartOf":{"@id":"https:\/\/avaldsnes.info\/de\/#website"},"primaryImageOfPage":{"@id":"https:\/\/avaldsnes.info\/de\/informasjon\/harald-harfagre\/#primaryimage"},"image":{"@id":"https:\/\/avaldsnes.info\/de\/informasjon\/harald-harfagre\/#primaryimage"},"thumbnailUrl":"https:\/\/avaldsnes.info\/content\/uploads\/2013\/10\/Harald-Harfagre-sine-kongsgardar1-197x300.jpg","datePublished":"2013-10-16T19:34:37+00:00","dateModified":"2022-08-09T10:48:26+00:00","description":"Haraldr h\u00e1rfagri (ca 850 -931\/32) rikssamlar og dynastigrunnleggar. Slaget i Hafrsfjord. Avaldsnes kongsg\u00e5rd. Osebergskipet. Harald Fairhair was the king who unified Norway into one kingdom after winning the Battle of Hafrsfjord in ca. 870.","breadcrumb":{"@id":"https:\/\/avaldsnes.info\/de\/informasjon\/harald-harfagre\/#breadcrumb"},"inLanguage":"de-DE","potentialAction":[{"@type":"ReadAction","target":[["https:\/\/avaldsnes.info\/de\/informasjon\/harald-harfagre\/"]]}]},{"@type":"ImageObject","inLanguage":"de-DE","@id":"https:\/\/avaldsnes.info\/de\/informasjon\/harald-harfagre\/#primaryimage","url":"https:\/\/avaldsnes.info\/content\/uploads\/2013\/10\/Harald-Harfagre-sine-kongsgardar1-197x300.jpg","contentUrl":"https:\/\/avaldsnes.info\/content\/uploads\/2013\/10\/Harald-Harfagre-sine-kongsgardar1-197x300.jpg"},{"@type":"BreadcrumbList","@id":"https:\/\/avaldsnes.info\/de\/informasjon\/harald-harfagre\/#breadcrumb","itemListElement":[{"@type":"ListItem","position":1,"name":"Home","item":"https:\/\/avaldsnes.info\/de\/"},{"@type":"ListItem","position":2,"name":"(Norsk) Harald H\u00e5rfagre"}]},{"@type":"WebSite","@id":"https:\/\/avaldsnes.info\/de\/#website","url":"https:\/\/avaldsnes.info\/de\/","name":"Avaldsnes","description":"Norges eldste kongesete","potentialAction":[{"@type":"SearchAction","target":{"@type":"EntryPoint","urlTemplate":"https:\/\/avaldsnes.info\/de\/?s={search_term_string}"},"query-input":{"@type":"PropertyValueSpecification","valueRequired":true,"valueName":"search_term_string"}}],"inLanguage":"de-DE"}]}},"_links":{"self":[{"href":"https:\/\/avaldsnes.info\/de\/wp-json\/wp\/v2\/pages\/2315"}],"collection":[{"href":"https:\/\/avaldsnes.info\/de\/wp-json\/wp\/v2\/pages"}],"about":[{"href":"https:\/\/avaldsnes.info\/de\/wp-json\/wp\/v2\/types\/page"}],"author":[{"embeddable":true,"href":"https:\/\/avaldsnes.info\/de\/wp-json\/wp\/v2\/users\/3"}],"replies":[{"embeddable":true,"href":"https:\/\/avaldsnes.info\/de\/wp-json\/wp\/v2\/comments?post=2315"}],"version-history":[{"count":74,"href":"https:\/\/avaldsnes.info\/de\/wp-json\/wp\/v2\/pages\/2315\/revisions"}],"predecessor-version":[{"id":5707,"href":"https:\/\/avaldsnes.info\/de\/wp-json\/wp\/v2\/pages\/2315\/revisions\/5707"}],"up":[{"embeddable":true,"href":"https:\/\/avaldsnes.info\/de\/wp-json\/wp\/v2\/pages\/22"}],"wp:attachment":[{"href":"https:\/\/avaldsnes.info\/de\/wp-json\/wp\/v2\/media?parent=2315"}],"curies":[{"name":"wp","href":"https:\/\/api.w.org\/{rel}","templated":true}]}}