{"id":2308,"date":"2013-10-16T19:31:26","date_gmt":"2013-10-16T19:31:26","guid":{"rendered":"https:\/\/avaldsnes.info\/?page_id=2308"},"modified":"2019-02-14T09:55:29","modified_gmt":"2019-02-14T09:55:29","slug":"hjorleiv-den-kvinnekjaere","status":"publish","type":"page","link":"https:\/\/avaldsnes.info\/de\/informasjon\/hjorleiv-den-kvinnekjaere\/","title":{"rendered":"(Norsk) Hj\u00f8rleiv den kvinnekj\u00e6re"},"content":{"rendered":"<p class=\"qtranxs-available-languages-message qtranxs-available-languages-message-de\">Leider ist der Eintrag nur auf <a href=\"https:\/\/avaldsnes.info\/no\/wp-json\/wp\/v2\/pages\/2308\" class=\"qtranxs-available-language-link qtranxs-available-language-link-no\" title=\"Norsk\">Norsk<\/a> und <a href=\"https:\/\/avaldsnes.info\/en\/wp-json\/wp\/v2\/pages\/2308\" class=\"qtranxs-available-language-link qtranxs-available-language-link-en\" title=\"English\">English<\/a> verf\u00fcgbar.<\/p>","protected":false},"excerpt":{"rendered":"<p>Leider ist der Eintrag nur auf Norsk und English verf\u00fcgbar.<\/p>\n","protected":false},"author":3,"featured_media":0,"parent":22,"menu_order":12,"comment_status":"closed","ping_status":"open","template":"","meta":{"footnotes":""},"yoast_head":"<!-- This site is optimized with the Yoast SEO plugin v27.1.1 - https:\/\/yoast.com\/product\/yoast-seo-wordpress\/ -->\n<title>Hj\u00f8rleiv den kvinnekj\u00e6re - Hjorleif the woman-lover<\/title>\n<meta name=\"description\" content=\"D\u00e5 Hj\u00f8r d\u00f8yde, blei sonen Hj\u00f8rleiv med tilnamnet den kvinnekj\u00e6re, konge etter far sin. When Hjor died, his son Hjorleif, nicknamed the woman-lover, became king and must at some point have conquered parts of Hordaland.\" \/>\n<meta name=\"robots\" content=\"index, follow, max-snippet:-1, max-image-preview:large, max-video-preview:-1\" \/>\n<link rel=\"canonical\" href=\"https:\/\/avaldsnes.info\/de\/informasjon\/hjorleiv-den-kvinnekjaere\/\" \/>\n<meta property=\"og:locale\" content=\"de_DE\" \/>\n<meta property=\"og:type\" content=\"article\" \/>\n<meta property=\"og:title\" content=\"Hj\u00f8rleiv den kvinnekj\u00e6re - Hjorleif the woman-lover\" \/>\n<meta property=\"og:description\" content=\"D\u00e5 Hj\u00f8r d\u00f8yde, blei sonen Hj\u00f8rleiv med tilnamnet den kvinnekj\u00e6re, konge etter far sin. When Hjor died, his son Hjorleif, nicknamed the woman-lover, became king and must at some point have conquered parts of Hordaland.\" \/>\n<meta property=\"og:url\" content=\"https:\/\/avaldsnes.info\/de\/informasjon\/hjorleiv-den-kvinnekjaere\/\" \/>\n<meta property=\"og:site_name\" content=\"Avaldsnes\" \/>\n<meta property=\"article:modified_time\" content=\"2019-02-14T09:55:29+00:00\" \/>\n<meta name=\"twitter:label1\" content=\"Est. reading time\" \/>\n\t<meta name=\"twitter:data1\" content=\"8 minutes\" \/>\n<script type=\"application\/ld+json\" class=\"yoast-schema-graph\">{\"@context\":\"https:\/\/schema.org\",\"@graph\":[{\"@type\":\"WebPage\",\"@id\":\"https:\/\/avaldsnes.info\/de\/informasjon\/hjorleiv-den-kvinnekjaere\/\",\"url\":\"https:\/\/avaldsnes.info\/de\/informasjon\/hjorleiv-den-kvinnekjaere\/\",\"name\":\"Hj\u00f8rleiv den kvinnekj\u00e6re - Hjorleif the woman-lover\",\"isPartOf\":{\"@id\":\"https:\/\/avaldsnes.info\/de\/#website\"},\"datePublished\":\"2013-10-16T19:31:26+00:00\",\"dateModified\":\"2019-02-14T09:55:29+00:00\",\"description\":\"D\u00e5 Hj\u00f8r d\u00f8yde, blei sonen Hj\u00f8rleiv med tilnamnet den kvinnekj\u00e6re, konge etter far sin. When Hjor died, his son Hjorleif, nicknamed the woman-lover, became king and must at some point have conquered parts of Hordaland.\",\"breadcrumb\":{\"@id\":\"https:\/\/avaldsnes.info\/de\/informasjon\/hjorleiv-den-kvinnekjaere\/#breadcrumb\"},\"inLanguage\":\"de-DE\",\"potentialAction\":[{\"@type\":\"ReadAction\",\"target\":[[\"https:\/\/avaldsnes.info\/de\/informasjon\/hjorleiv-den-kvinnekjaere\/\"]]}]},{\"@type\":\"BreadcrumbList\",\"@id\":\"https:\/\/avaldsnes.info\/de\/informasjon\/hjorleiv-den-kvinnekjaere\/#breadcrumb\",\"itemListElement\":[{\"@type\":\"ListItem\",\"position\":1,\"name\":\"Home\",\"item\":\"https:\/\/avaldsnes.info\/de\/\"},{\"@type\":\"ListItem\",\"position\":2,\"name\":\"(Norsk) Hj\u00f8rleiv den kvinnekj\u00e6re\"}]},{\"@type\":\"WebSite\",\"@id\":\"https:\/\/avaldsnes.info\/de\/#website\",\"url\":\"https:\/\/avaldsnes.info\/de\/\",\"name\":\"Avaldsnes\",\"description\":\"Norges eldste kongesete\",\"potentialAction\":[{\"@type\":\"SearchAction\",\"target\":{\"@type\":\"EntryPoint\",\"urlTemplate\":\"https:\/\/avaldsnes.info\/de\/?s={search_term_string}\"},\"query-input\":{\"@type\":\"PropertyValueSpecification\",\"valueRequired\":true,\"valueName\":\"search_term_string\"}}],\"inLanguage\":\"de-DE\"}]}<\/script>\n<!-- \/ Yoast SEO plugin. -->","yoast_head_json":{"title":"Hj\u00f8rleiv den kvinnekj\u00e6re - Hjorleif the woman-lover","description":"D\u00e5 Hj\u00f8r d\u00f8yde, blei sonen Hj\u00f8rleiv med tilnamnet den kvinnekj\u00e6re, konge etter far sin. When Hjor died, his son Hjorleif, nicknamed the woman-lover, became king and must at some point have conquered parts of Hordaland.","robots":{"index":"index","follow":"follow","max-snippet":"max-snippet:-1","max-image-preview":"max-image-preview:large","max-video-preview":"max-video-preview:-1"},"canonical":"https:\/\/avaldsnes.info\/de\/informasjon\/hjorleiv-den-kvinnekjaere\/","og_locale":"de_DE","og_type":"article","og_title":"Hj\u00f8rleiv den kvinnekj\u00e6re - Hjorleif the woman-lover","og_description":"D\u00e5 Hj\u00f8r d\u00f8yde, blei sonen Hj\u00f8rleiv med tilnamnet den kvinnekj\u00e6re, konge etter far sin. When Hjor died, his son Hjorleif, nicknamed the woman-lover, became king and must at some point have conquered parts of Hordaland.","og_url":"https:\/\/avaldsnes.info\/de\/informasjon\/hjorleiv-den-kvinnekjaere\/","og_site_name":"Avaldsnes","article_modified_time":"2019-02-14T09:55:29+00:00","twitter_misc":{"Est. reading time":"8 minutes"},"schema":{"@context":"https:\/\/schema.org","@graph":[{"@type":"WebPage","@id":"https:\/\/avaldsnes.info\/de\/informasjon\/hjorleiv-den-kvinnekjaere\/","url":"https:\/\/avaldsnes.info\/de\/informasjon\/hjorleiv-den-kvinnekjaere\/","name":"Hj\u00f8rleiv den kvinnekj\u00e6re - Hjorleif the woman-lover","isPartOf":{"@id":"https:\/\/avaldsnes.info\/de\/#website"},"datePublished":"2013-10-16T19:31:26+00:00","dateModified":"2019-02-14T09:55:29+00:00","description":"D\u00e5 Hj\u00f8r d\u00f8yde, blei sonen Hj\u00f8rleiv med tilnamnet den kvinnekj\u00e6re, konge etter far sin. When Hjor died, his son Hjorleif, nicknamed the woman-lover, became king and must at some point have conquered parts of Hordaland.","breadcrumb":{"@id":"https:\/\/avaldsnes.info\/de\/informasjon\/hjorleiv-den-kvinnekjaere\/#breadcrumb"},"inLanguage":"de-DE","potentialAction":[{"@type":"ReadAction","target":[["https:\/\/avaldsnes.info\/de\/informasjon\/hjorleiv-den-kvinnekjaere\/"]]}]},{"@type":"BreadcrumbList","@id":"https:\/\/avaldsnes.info\/de\/informasjon\/hjorleiv-den-kvinnekjaere\/#breadcrumb","itemListElement":[{"@type":"ListItem","position":1,"name":"Home","item":"https:\/\/avaldsnes.info\/de\/"},{"@type":"ListItem","position":2,"name":"(Norsk) Hj\u00f8rleiv den kvinnekj\u00e6re"}]},{"@type":"WebSite","@id":"https:\/\/avaldsnes.info\/de\/#website","url":"https:\/\/avaldsnes.info\/de\/","name":"Avaldsnes","description":"Norges eldste kongesete","potentialAction":[{"@type":"SearchAction","target":{"@type":"EntryPoint","urlTemplate":"https:\/\/avaldsnes.info\/de\/?s={search_term_string}"},"query-input":{"@type":"PropertyValueSpecification","valueRequired":true,"valueName":"search_term_string"}}],"inLanguage":"de-DE"}]}},"_links":{"self":[{"href":"https:\/\/avaldsnes.info\/de\/wp-json\/wp\/v2\/pages\/2308"}],"collection":[{"href":"https:\/\/avaldsnes.info\/de\/wp-json\/wp\/v2\/pages"}],"about":[{"href":"https:\/\/avaldsnes.info\/de\/wp-json\/wp\/v2\/types\/page"}],"author":[{"embeddable":true,"href":"https:\/\/avaldsnes.info\/de\/wp-json\/wp\/v2\/users\/3"}],"replies":[{"embeddable":true,"href":"https:\/\/avaldsnes.info\/de\/wp-json\/wp\/v2\/comments?post=2308"}],"version-history":[{"count":24,"href":"https:\/\/avaldsnes.info\/de\/wp-json\/wp\/v2\/pages\/2308\/revisions"}],"predecessor-version":[{"id":5587,"href":"https:\/\/avaldsnes.info\/de\/wp-json\/wp\/v2\/pages\/2308\/revisions\/5587"}],"up":[{"embeddable":true,"href":"https:\/\/avaldsnes.info\/de\/wp-json\/wp\/v2\/pages\/22"}],"wp:attachment":[{"href":"https:\/\/avaldsnes.info\/de\/wp-json\/wp\/v2\/media?parent=2308"}],"curies":[{"name":"wp","href":"https:\/\/api.w.org\/{rel}","templated":true}]}}