{"id":2306,"date":"2013-10-16T19:30:35","date_gmt":"2013-10-16T19:30:35","guid":{"rendered":"https:\/\/avaldsnes.info\/?page_id=2306"},"modified":"2022-08-09T12:03:29","modified_gmt":"2022-08-09T12:03:29","slug":"hjor","status":"publish","type":"page","link":"https:\/\/avaldsnes.info\/de\/informasjon\/hjor\/","title":{"rendered":"(Norsk) Hj\u00f8r"},"content":{"rendered":"<p class=\"qtranxs-available-languages-message qtranxs-available-languages-message-de\">Leider ist der Eintrag nur auf <a href=\"https:\/\/avaldsnes.info\/no\/wp-json\/wp\/v2\/pages\/2306\" class=\"qtranxs-available-language-link qtranxs-available-language-link-no\" title=\"Norsk\">Norsk<\/a> und <a href=\"https:\/\/avaldsnes.info\/en\/wp-json\/wp\/v2\/pages\/2306\" class=\"qtranxs-available-language-link qtranxs-available-language-link-en\" title=\"English\">English<\/a> verf\u00fcgbar.<\/p>","protected":false},"excerpt":{"rendered":"<p>Leider ist der Eintrag nur auf Norsk und English verf\u00fcgbar.<\/p>\n","protected":false},"author":3,"featured_media":0,"parent":22,"menu_order":10,"comment_status":"closed","ping_status":"open","template":"","meta":{"footnotes":""},"yoast_head":"<!-- This site is optimized with the Yoast SEO plugin v27.1.1 - https:\/\/yoast.com\/product\/yoast-seo-wordpress\/ -->\n<title>Hj\u00f8r og Ljufvina<\/title>\n<meta name=\"description\" content=\"Hj\u00f8r Halvsson og Ljufvina var konge og dronning p\u00e5 Avaldsnes d\u00e5 Harald H\u00e5rfagre tok makta ca 870. Hj\u00f8r var dermed den siste av Augvald si slekt som var konge p\u00e5 Avaldsnes.\u00a0Ljufvina var ei mongolsk\u00e6tta prinsesse, m\u00f8rkhuda og annleis - men like fullt dronning over det norr\u00f8ne folket ved Karmsundet.\" \/>\n<meta name=\"robots\" content=\"index, follow, max-snippet:-1, max-image-preview:large, max-video-preview:-1\" \/>\n<link rel=\"canonical\" href=\"https:\/\/avaldsnes.info\/de\/informasjon\/hjor\/\" \/>\n<meta property=\"og:locale\" content=\"de_DE\" \/>\n<meta property=\"og:type\" content=\"article\" \/>\n<meta property=\"og:title\" content=\"Hj\u00f8r og Ljufvina\" \/>\n<meta property=\"og:description\" content=\"Hj\u00f8r Halvsson og Ljufvina var konge og dronning p\u00e5 Avaldsnes d\u00e5 Harald H\u00e5rfagre tok makta ca 870. Hj\u00f8r var dermed den siste av Augvald si slekt som var konge p\u00e5 Avaldsnes.\u00a0Ljufvina var ei mongolsk\u00e6tta prinsesse, m\u00f8rkhuda og annleis - men like fullt dronning over det norr\u00f8ne folket ved Karmsundet.\" \/>\n<meta property=\"og:url\" content=\"https:\/\/avaldsnes.info\/de\/informasjon\/hjor\/\" \/>\n<meta property=\"og:site_name\" content=\"Avaldsnes\" \/>\n<meta property=\"article:modified_time\" content=\"2022-08-09T12:03:29+00:00\" \/>\n<meta property=\"og:image\" content=\"https:\/\/avaldsnes.info\/content\/uploads\/2013\/10\/Bjarmeland-300x171.jpg\" \/>\n<meta name=\"twitter:label1\" content=\"Est. reading time\" \/>\n\t<meta name=\"twitter:data1\" content=\"18 minutes\" \/>\n<script type=\"application\/ld+json\" class=\"yoast-schema-graph\">{\"@context\":\"https:\/\/schema.org\",\"@graph\":[{\"@type\":\"WebPage\",\"@id\":\"https:\/\/avaldsnes.info\/de\/informasjon\/hjor\/\",\"url\":\"https:\/\/avaldsnes.info\/de\/informasjon\/hjor\/\",\"name\":\"Hj\u00f8r og Ljufvina\",\"isPartOf\":{\"@id\":\"https:\/\/avaldsnes.info\/de\/#website\"},\"primaryImageOfPage\":{\"@id\":\"https:\/\/avaldsnes.info\/de\/informasjon\/hjor\/#primaryimage\"},\"image\":{\"@id\":\"https:\/\/avaldsnes.info\/de\/informasjon\/hjor\/#primaryimage\"},\"thumbnailUrl\":\"https:\/\/avaldsnes.info\/content\/uploads\/2013\/10\/Bjarmeland-300x171.jpg\",\"datePublished\":\"2013-10-16T19:30:35+00:00\",\"dateModified\":\"2022-08-09T12:03:29+00:00\",\"description\":\"Hj\u00f8r Halvsson og Ljufvina var konge og dronning p\u00e5 Avaldsnes d\u00e5 Harald H\u00e5rfagre tok makta ca 870. Hj\u00f8r var dermed den siste av Augvald si slekt som var konge p\u00e5 Avaldsnes.\u00a0Ljufvina var ei mongolsk\u00e6tta prinsesse, m\u00f8rkhuda og annleis - men like fullt dronning over det norr\u00f8ne folket ved Karmsundet.\",\"breadcrumb\":{\"@id\":\"https:\/\/avaldsnes.info\/de\/informasjon\/hjor\/#breadcrumb\"},\"inLanguage\":\"de-DE\",\"potentialAction\":[{\"@type\":\"ReadAction\",\"target\":[[\"https:\/\/avaldsnes.info\/de\/informasjon\/hjor\/\"]]}]},{\"@type\":\"ImageObject\",\"inLanguage\":\"de-DE\",\"@id\":\"https:\/\/avaldsnes.info\/de\/informasjon\/hjor\/#primaryimage\",\"url\":\"https:\/\/avaldsnes.info\/content\/uploads\/2013\/10\/Bjarmeland-300x171.jpg\",\"contentUrl\":\"https:\/\/avaldsnes.info\/content\/uploads\/2013\/10\/Bjarmeland-300x171.jpg\"},{\"@type\":\"BreadcrumbList\",\"@id\":\"https:\/\/avaldsnes.info\/de\/informasjon\/hjor\/#breadcrumb\",\"itemListElement\":[{\"@type\":\"ListItem\",\"position\":1,\"name\":\"Home\",\"item\":\"https:\/\/avaldsnes.info\/de\/\"},{\"@type\":\"ListItem\",\"position\":2,\"name\":\"(Norsk) Hj\u00f8r\"}]},{\"@type\":\"WebSite\",\"@id\":\"https:\/\/avaldsnes.info\/de\/#website\",\"url\":\"https:\/\/avaldsnes.info\/de\/\",\"name\":\"Avaldsnes\",\"description\":\"Norges eldste kongesete\",\"potentialAction\":[{\"@type\":\"SearchAction\",\"target\":{\"@type\":\"EntryPoint\",\"urlTemplate\":\"https:\/\/avaldsnes.info\/de\/?s={search_term_string}\"},\"query-input\":{\"@type\":\"PropertyValueSpecification\",\"valueRequired\":true,\"valueName\":\"search_term_string\"}}],\"inLanguage\":\"de-DE\"}]}<\/script>\n<!-- \/ Yoast SEO plugin. -->","yoast_head_json":{"title":"Hj\u00f8r og Ljufvina","description":"Hj\u00f8r Halvsson og Ljufvina var konge og dronning p\u00e5 Avaldsnes d\u00e5 Harald H\u00e5rfagre tok makta ca 870. Hj\u00f8r var dermed den siste av Augvald si slekt som var konge p\u00e5 Avaldsnes.\u00a0Ljufvina var ei mongolsk\u00e6tta prinsesse, m\u00f8rkhuda og annleis - men like fullt dronning over det norr\u00f8ne folket ved Karmsundet.","robots":{"index":"index","follow":"follow","max-snippet":"max-snippet:-1","max-image-preview":"max-image-preview:large","max-video-preview":"max-video-preview:-1"},"canonical":"https:\/\/avaldsnes.info\/de\/informasjon\/hjor\/","og_locale":"de_DE","og_type":"article","og_title":"Hj\u00f8r og Ljufvina","og_description":"Hj\u00f8r Halvsson og Ljufvina var konge og dronning p\u00e5 Avaldsnes d\u00e5 Harald H\u00e5rfagre tok makta ca 870. Hj\u00f8r var dermed den siste av Augvald si slekt som var konge p\u00e5 Avaldsnes.\u00a0Ljufvina var ei mongolsk\u00e6tta prinsesse, m\u00f8rkhuda og annleis - men like fullt dronning over det norr\u00f8ne folket ved Karmsundet.","og_url":"https:\/\/avaldsnes.info\/de\/informasjon\/hjor\/","og_site_name":"Avaldsnes","article_modified_time":"2022-08-09T12:03:29+00:00","og_image":[{"url":"https:\/\/avaldsnes.info\/content\/uploads\/2013\/10\/Bjarmeland-300x171.jpg","type":"","width":"","height":""}],"twitter_misc":{"Est. reading time":"18 minutes"},"schema":{"@context":"https:\/\/schema.org","@graph":[{"@type":"WebPage","@id":"https:\/\/avaldsnes.info\/de\/informasjon\/hjor\/","url":"https:\/\/avaldsnes.info\/de\/informasjon\/hjor\/","name":"Hj\u00f8r og Ljufvina","isPartOf":{"@id":"https:\/\/avaldsnes.info\/de\/#website"},"primaryImageOfPage":{"@id":"https:\/\/avaldsnes.info\/de\/informasjon\/hjor\/#primaryimage"},"image":{"@id":"https:\/\/avaldsnes.info\/de\/informasjon\/hjor\/#primaryimage"},"thumbnailUrl":"https:\/\/avaldsnes.info\/content\/uploads\/2013\/10\/Bjarmeland-300x171.jpg","datePublished":"2013-10-16T19:30:35+00:00","dateModified":"2022-08-09T12:03:29+00:00","description":"Hj\u00f8r Halvsson og Ljufvina var konge og dronning p\u00e5 Avaldsnes d\u00e5 Harald H\u00e5rfagre tok makta ca 870. Hj\u00f8r var dermed den siste av Augvald si slekt som var konge p\u00e5 Avaldsnes.\u00a0Ljufvina var ei mongolsk\u00e6tta prinsesse, m\u00f8rkhuda og annleis - men like fullt dronning over det norr\u00f8ne folket ved Karmsundet.","breadcrumb":{"@id":"https:\/\/avaldsnes.info\/de\/informasjon\/hjor\/#breadcrumb"},"inLanguage":"de-DE","potentialAction":[{"@type":"ReadAction","target":[["https:\/\/avaldsnes.info\/de\/informasjon\/hjor\/"]]}]},{"@type":"ImageObject","inLanguage":"de-DE","@id":"https:\/\/avaldsnes.info\/de\/informasjon\/hjor\/#primaryimage","url":"https:\/\/avaldsnes.info\/content\/uploads\/2013\/10\/Bjarmeland-300x171.jpg","contentUrl":"https:\/\/avaldsnes.info\/content\/uploads\/2013\/10\/Bjarmeland-300x171.jpg"},{"@type":"BreadcrumbList","@id":"https:\/\/avaldsnes.info\/de\/informasjon\/hjor\/#breadcrumb","itemListElement":[{"@type":"ListItem","position":1,"name":"Home","item":"https:\/\/avaldsnes.info\/de\/"},{"@type":"ListItem","position":2,"name":"(Norsk) Hj\u00f8r"}]},{"@type":"WebSite","@id":"https:\/\/avaldsnes.info\/de\/#website","url":"https:\/\/avaldsnes.info\/de\/","name":"Avaldsnes","description":"Norges eldste kongesete","potentialAction":[{"@type":"SearchAction","target":{"@type":"EntryPoint","urlTemplate":"https:\/\/avaldsnes.info\/de\/?s={search_term_string}"},"query-input":{"@type":"PropertyValueSpecification","valueRequired":true,"valueName":"search_term_string"}}],"inLanguage":"de-DE"}]}},"_links":{"self":[{"href":"https:\/\/avaldsnes.info\/de\/wp-json\/wp\/v2\/pages\/2306"}],"collection":[{"href":"https:\/\/avaldsnes.info\/de\/wp-json\/wp\/v2\/pages"}],"about":[{"href":"https:\/\/avaldsnes.info\/de\/wp-json\/wp\/v2\/types\/page"}],"author":[{"embeddable":true,"href":"https:\/\/avaldsnes.info\/de\/wp-json\/wp\/v2\/users\/3"}],"replies":[{"embeddable":true,"href":"https:\/\/avaldsnes.info\/de\/wp-json\/wp\/v2\/comments?post=2306"}],"version-history":[{"count":54,"href":"https:\/\/avaldsnes.info\/de\/wp-json\/wp\/v2\/pages\/2306\/revisions"}],"predecessor-version":[{"id":5588,"href":"https:\/\/avaldsnes.info\/de\/wp-json\/wp\/v2\/pages\/2306\/revisions\/5588"}],"up":[{"embeddable":true,"href":"https:\/\/avaldsnes.info\/de\/wp-json\/wp\/v2\/pages\/22"}],"wp:attachment":[{"href":"https:\/\/avaldsnes.info\/de\/wp-json\/wp\/v2\/media?parent=2306"}],"curies":[{"name":"wp","href":"https:\/\/api.w.org\/{rel}","templated":true}]}}