{"id":2294,"date":"2013-10-16T19:20:15","date_gmt":"2013-10-16T19:20:15","guid":{"rendered":"https:\/\/avaldsnes.info\/?page_id=2294"},"modified":"2020-09-07T07:54:58","modified_gmt":"2020-09-07T07:54:58","slug":"tormod-torfaeus","status":"publish","type":"page","link":"https:\/\/avaldsnes.info\/de\/forskning\/tormod-torfaeus\/","title":{"rendered":"(Norsk) Tormod Torf\u00e6us"},"content":{"rendered":"<p class=\"qtranxs-available-languages-message qtranxs-available-languages-message-de\">Leider ist der Eintrag nur auf <a href=\"https:\/\/avaldsnes.info\/no\/wp-json\/wp\/v2\/pages\/2294\" class=\"qtranxs-available-language-link qtranxs-available-language-link-no\" title=\"Norsk\">Norsk<\/a> verf\u00fcgbar.<\/p>","protected":false},"excerpt":{"rendered":"<p>Leider ist der Eintrag nur auf Norsk verf\u00fcgbar.<\/p>\n","protected":false},"author":3,"featured_media":0,"parent":7,"menu_order":1,"comment_status":"closed","ping_status":"open","template":"","meta":{"footnotes":""},"yoast_head":"<!-- This site is optimized with the Yoast SEO plugin v27.1.1 - https:\/\/yoast.com\/product\/yoast-seo-wordpress\/ -->\n<title>Tormod Torf\u00e6us<\/title>\n<meta name=\"description\" content=\"Tormod Torf\u00e6us (Tormudur Torfason)\u00a0(1636 \u2013 1719) \u00a0ble f\u00f8dt p\u00e5 Engey ved Reykjavik p\u00e5 Island. Han levde de 50 siste \u00e5r av sitt liv levde p\u00e5 Stangeland i Kopervik som danskekongens arkivar og historieskriver.\" \/>\n<meta name=\"robots\" content=\"index, follow, max-snippet:-1, max-image-preview:large, max-video-preview:-1\" \/>\n<link rel=\"canonical\" href=\"https:\/\/avaldsnes.info\/de\/forskning\/tormod-torfaeus\/\" \/>\n<meta property=\"og:locale\" content=\"de_DE\" \/>\n<meta property=\"og:type\" content=\"article\" \/>\n<meta property=\"og:title\" content=\"Tormod Torf\u00e6us\" \/>\n<meta property=\"og:description\" content=\"Tormod Torf\u00e6us (Tormudur Torfason)\u00a0(1636 \u2013 1719) \u00a0ble f\u00f8dt p\u00e5 Engey ved Reykjavik p\u00e5 Island. Han levde de 50 siste \u00e5r av sitt liv levde p\u00e5 Stangeland i Kopervik som danskekongens arkivar og historieskriver.\" \/>\n<meta property=\"og:url\" content=\"https:\/\/avaldsnes.info\/de\/forskning\/tormod-torfaeus\/\" \/>\n<meta property=\"og:site_name\" content=\"Avaldsnes\" \/>\n<meta property=\"article:modified_time\" content=\"2020-09-07T07:54:58+00:00\" \/>\n<meta property=\"og:image\" content=\"https:\/\/avaldsnes.info\/content\/uploads\/2014\/08\/STANGALANDSGARDEN-lite-300x211.jpg\" \/>\n<meta name=\"twitter:label1\" content=\"Est. reading time\" \/>\n\t<meta name=\"twitter:data1\" content=\"8 minutes\" \/>\n<script type=\"application\/ld+json\" class=\"yoast-schema-graph\">{\"@context\":\"https:\/\/schema.org\",\"@graph\":[{\"@type\":\"WebPage\",\"@id\":\"https:\/\/avaldsnes.info\/de\/forskning\/tormod-torfaeus\/\",\"url\":\"https:\/\/avaldsnes.info\/de\/forskning\/tormod-torfaeus\/\",\"name\":\"Tormod Torf\u00e6us\",\"isPartOf\":{\"@id\":\"https:\/\/avaldsnes.info\/de\/#website\"},\"primaryImageOfPage\":{\"@id\":\"https:\/\/avaldsnes.info\/de\/forskning\/tormod-torfaeus\/#primaryimage\"},\"image\":{\"@id\":\"https:\/\/avaldsnes.info\/de\/forskning\/tormod-torfaeus\/#primaryimage\"},\"thumbnailUrl\":\"https:\/\/avaldsnes.info\/content\/uploads\/2014\/08\/STANGALANDSGARDEN-lite-300x211.jpg\",\"datePublished\":\"2013-10-16T19:20:15+00:00\",\"dateModified\":\"2020-09-07T07:54:58+00:00\",\"description\":\"Tormod Torf\u00e6us (Tormudur Torfason)\u00a0(1636 \u2013 1719) \u00a0ble f\u00f8dt p\u00e5 Engey ved Reykjavik p\u00e5 Island. Han levde de 50 siste \u00e5r av sitt liv levde p\u00e5 Stangeland i Kopervik som danskekongens arkivar og historieskriver.\",\"breadcrumb\":{\"@id\":\"https:\/\/avaldsnes.info\/de\/forskning\/tormod-torfaeus\/#breadcrumb\"},\"inLanguage\":\"de-DE\",\"potentialAction\":[{\"@type\":\"ReadAction\",\"target\":[[\"https:\/\/avaldsnes.info\/de\/forskning\/tormod-torfaeus\/\"]]}]},{\"@type\":\"ImageObject\",\"inLanguage\":\"de-DE\",\"@id\":\"https:\/\/avaldsnes.info\/de\/forskning\/tormod-torfaeus\/#primaryimage\",\"url\":\"https:\/\/avaldsnes.info\/content\/uploads\/2014\/08\/STANGALANDSGARDEN-lite-300x211.jpg\",\"contentUrl\":\"https:\/\/avaldsnes.info\/content\/uploads\/2014\/08\/STANGALANDSGARDEN-lite-300x211.jpg\"},{\"@type\":\"BreadcrumbList\",\"@id\":\"https:\/\/avaldsnes.info\/de\/forskning\/tormod-torfaeus\/#breadcrumb\",\"itemListElement\":[{\"@type\":\"ListItem\",\"position\":1,\"name\":\"Home\",\"item\":\"https:\/\/avaldsnes.info\/de\/\"},{\"@type\":\"ListItem\",\"position\":2,\"name\":\"(Norsk) Tormod Torf\u00e6us\"}]},{\"@type\":\"WebSite\",\"@id\":\"https:\/\/avaldsnes.info\/de\/#website\",\"url\":\"https:\/\/avaldsnes.info\/de\/\",\"name\":\"Avaldsnes\",\"description\":\"Norges eldste kongesete\",\"potentialAction\":[{\"@type\":\"SearchAction\",\"target\":{\"@type\":\"EntryPoint\",\"urlTemplate\":\"https:\/\/avaldsnes.info\/de\/?s={search_term_string}\"},\"query-input\":{\"@type\":\"PropertyValueSpecification\",\"valueRequired\":true,\"valueName\":\"search_term_string\"}}],\"inLanguage\":\"de-DE\"}]}<\/script>\n<!-- \/ Yoast SEO plugin. -->","yoast_head_json":{"title":"Tormod Torf\u00e6us","description":"Tormod Torf\u00e6us (Tormudur Torfason)\u00a0(1636 \u2013 1719) \u00a0ble f\u00f8dt p\u00e5 Engey ved Reykjavik p\u00e5 Island. Han levde de 50 siste \u00e5r av sitt liv levde p\u00e5 Stangeland i Kopervik som danskekongens arkivar og historieskriver.","robots":{"index":"index","follow":"follow","max-snippet":"max-snippet:-1","max-image-preview":"max-image-preview:large","max-video-preview":"max-video-preview:-1"},"canonical":"https:\/\/avaldsnes.info\/de\/forskning\/tormod-torfaeus\/","og_locale":"de_DE","og_type":"article","og_title":"Tormod Torf\u00e6us","og_description":"Tormod Torf\u00e6us (Tormudur Torfason)\u00a0(1636 \u2013 1719) \u00a0ble f\u00f8dt p\u00e5 Engey ved Reykjavik p\u00e5 Island. Han levde de 50 siste \u00e5r av sitt liv levde p\u00e5 Stangeland i Kopervik som danskekongens arkivar og historieskriver.","og_url":"https:\/\/avaldsnes.info\/de\/forskning\/tormod-torfaeus\/","og_site_name":"Avaldsnes","article_modified_time":"2020-09-07T07:54:58+00:00","og_image":[{"url":"https:\/\/avaldsnes.info\/content\/uploads\/2014\/08\/STANGALANDSGARDEN-lite-300x211.jpg","type":"","width":"","height":""}],"twitter_misc":{"Est. reading time":"8 minutes"},"schema":{"@context":"https:\/\/schema.org","@graph":[{"@type":"WebPage","@id":"https:\/\/avaldsnes.info\/de\/forskning\/tormod-torfaeus\/","url":"https:\/\/avaldsnes.info\/de\/forskning\/tormod-torfaeus\/","name":"Tormod Torf\u00e6us","isPartOf":{"@id":"https:\/\/avaldsnes.info\/de\/#website"},"primaryImageOfPage":{"@id":"https:\/\/avaldsnes.info\/de\/forskning\/tormod-torfaeus\/#primaryimage"},"image":{"@id":"https:\/\/avaldsnes.info\/de\/forskning\/tormod-torfaeus\/#primaryimage"},"thumbnailUrl":"https:\/\/avaldsnes.info\/content\/uploads\/2014\/08\/STANGALANDSGARDEN-lite-300x211.jpg","datePublished":"2013-10-16T19:20:15+00:00","dateModified":"2020-09-07T07:54:58+00:00","description":"Tormod Torf\u00e6us (Tormudur Torfason)\u00a0(1636 \u2013 1719) \u00a0ble f\u00f8dt p\u00e5 Engey ved Reykjavik p\u00e5 Island. Han levde de 50 siste \u00e5r av sitt liv levde p\u00e5 Stangeland i Kopervik som danskekongens arkivar og historieskriver.","breadcrumb":{"@id":"https:\/\/avaldsnes.info\/de\/forskning\/tormod-torfaeus\/#breadcrumb"},"inLanguage":"de-DE","potentialAction":[{"@type":"ReadAction","target":[["https:\/\/avaldsnes.info\/de\/forskning\/tormod-torfaeus\/"]]}]},{"@type":"ImageObject","inLanguage":"de-DE","@id":"https:\/\/avaldsnes.info\/de\/forskning\/tormod-torfaeus\/#primaryimage","url":"https:\/\/avaldsnes.info\/content\/uploads\/2014\/08\/STANGALANDSGARDEN-lite-300x211.jpg","contentUrl":"https:\/\/avaldsnes.info\/content\/uploads\/2014\/08\/STANGALANDSGARDEN-lite-300x211.jpg"},{"@type":"BreadcrumbList","@id":"https:\/\/avaldsnes.info\/de\/forskning\/tormod-torfaeus\/#breadcrumb","itemListElement":[{"@type":"ListItem","position":1,"name":"Home","item":"https:\/\/avaldsnes.info\/de\/"},{"@type":"ListItem","position":2,"name":"(Norsk) Tormod Torf\u00e6us"}]},{"@type":"WebSite","@id":"https:\/\/avaldsnes.info\/de\/#website","url":"https:\/\/avaldsnes.info\/de\/","name":"Avaldsnes","description":"Norges eldste kongesete","potentialAction":[{"@type":"SearchAction","target":{"@type":"EntryPoint","urlTemplate":"https:\/\/avaldsnes.info\/de\/?s={search_term_string}"},"query-input":{"@type":"PropertyValueSpecification","valueRequired":true,"valueName":"search_term_string"}}],"inLanguage":"de-DE"}]}},"_links":{"self":[{"href":"https:\/\/avaldsnes.info\/de\/wp-json\/wp\/v2\/pages\/2294"}],"collection":[{"href":"https:\/\/avaldsnes.info\/de\/wp-json\/wp\/v2\/pages"}],"about":[{"href":"https:\/\/avaldsnes.info\/de\/wp-json\/wp\/v2\/types\/page"}],"author":[{"embeddable":true,"href":"https:\/\/avaldsnes.info\/de\/wp-json\/wp\/v2\/users\/3"}],"replies":[{"embeddable":true,"href":"https:\/\/avaldsnes.info\/de\/wp-json\/wp\/v2\/comments?post=2294"}],"version-history":[{"count":23,"href":"https:\/\/avaldsnes.info\/de\/wp-json\/wp\/v2\/pages\/2294\/revisions"}],"predecessor-version":[{"id":6064,"href":"https:\/\/avaldsnes.info\/de\/wp-json\/wp\/v2\/pages\/2294\/revisions\/6064"}],"up":[{"embeddable":true,"href":"https:\/\/avaldsnes.info\/de\/wp-json\/wp\/v2\/pages\/7"}],"wp:attachment":[{"href":"https:\/\/avaldsnes.info\/de\/wp-json\/wp\/v2\/media?parent=2294"}],"curies":[{"name":"wp","href":"https:\/\/api.w.org\/{rel}","templated":true}]}}