{"id":2285,"date":"2013-10-16T19:15:02","date_gmt":"2013-10-16T19:15:02","guid":{"rendered":"https:\/\/avaldsnes.info\/?page_id=2285"},"modified":"2022-11-24T11:41:03","modified_gmt":"2022-11-24T11:41:03","slug":"havneundersokelser","status":"publish","type":"page","link":"https:\/\/avaldsnes.info\/de\/forskning\/havneundersokelser\/","title":{"rendered":"(Norsk) Havneunders\u00f8kelser"},"content":{"rendered":"<p class=\"qtranxs-available-languages-message qtranxs-available-languages-message-de\">Leider ist der Eintrag nur auf <a href=\"https:\/\/avaldsnes.info\/no\/wp-json\/wp\/v2\/pages\/2285\" class=\"qtranxs-available-language-link qtranxs-available-language-link-no\" title=\"Norsk\">Norsk<\/a> verf\u00fcgbar.<\/p>","protected":false},"excerpt":{"rendered":"<p>Leider ist der Eintrag nur auf Norsk verf\u00fcgbar.<\/p>\n","protected":false},"author":3,"featured_media":0,"parent":7,"menu_order":5,"comment_status":"closed","ping_status":"open","template":"","meta":{"footnotes":""},"yoast_head":"<!-- This site is optimized with the Yoast SEO plugin v27.1.1 - https:\/\/yoast.com\/product\/yoast-seo-wordpress\/ -->\n<title>Havneunders\u00f8kelserSurveys of the harbour area  - Avaldsnes<\/title>\n<meta name=\"description\" content=\"Tekst Marit Synn\u00f8ve Vea AVALDSNES HAVNEPROSJEKT P\u00e5 70- og 80-tallet ble det tatt noen sm\u00e5 sjakter i havbunnen p\u00e5 Avaldsnes. I perioden 1998 \u2013 2012\" \/>\n<meta name=\"robots\" content=\"index, follow, max-snippet:-1, max-image-preview:large, max-video-preview:-1\" \/>\n<link rel=\"canonical\" href=\"https:\/\/avaldsnes.info\/de\/forskning\/havneundersokelser\/\" \/>\n<meta property=\"og:locale\" content=\"de_DE\" \/>\n<meta property=\"og:type\" content=\"article\" \/>\n<meta property=\"og:title\" content=\"Havneunders\u00f8kelserSurveys of the harbour area  - Avaldsnes\" \/>\n<meta property=\"og:description\" content=\"Tekst Marit Synn\u00f8ve Vea AVALDSNES HAVNEPROSJEKT P\u00e5 70- og 80-tallet ble det tatt noen sm\u00e5 sjakter i havbunnen p\u00e5 Avaldsnes. I perioden 1998 \u2013 2012\" \/>\n<meta property=\"og:url\" content=\"https:\/\/avaldsnes.info\/de\/forskning\/havneundersokelser\/\" \/>\n<meta property=\"og:site_name\" content=\"Avaldsnes\" \/>\n<meta property=\"article:modified_time\" content=\"2022-11-24T11:41:03+00:00\" \/>\n<meta property=\"og:image\" content=\"https:\/\/avaldsnes.info\/content\/uploads\/2013\/10\/Rudolf-Svensen-bilde-5-198x300.jpg\" \/>\n<meta name=\"twitter:label1\" content=\"Est. reading time\" \/>\n\t<meta name=\"twitter:data1\" content=\"13 minutes\" \/>\n<script type=\"application\/ld+json\" class=\"yoast-schema-graph\">{\"@context\":\"https:\/\/schema.org\",\"@graph\":[{\"@type\":\"WebPage\",\"@id\":\"https:\/\/avaldsnes.info\/de\/forskning\/havneundersokelser\/\",\"url\":\"https:\/\/avaldsnes.info\/de\/forskning\/havneundersokelser\/\",\"name\":\"Havneunders\u00f8kelserSurveys of the harbour area - Avaldsnes\",\"isPartOf\":{\"@id\":\"https:\/\/avaldsnes.info\/de\/#website\"},\"primaryImageOfPage\":{\"@id\":\"https:\/\/avaldsnes.info\/de\/forskning\/havneundersokelser\/#primaryimage\"},\"image\":{\"@id\":\"https:\/\/avaldsnes.info\/de\/forskning\/havneundersokelser\/#primaryimage\"},\"thumbnailUrl\":\"https:\/\/avaldsnes.info\/content\/uploads\/2013\/10\/Rudolf-Svensen-bilde-5-198x300.jpg\",\"datePublished\":\"2013-10-16T19:15:02+00:00\",\"dateModified\":\"2022-11-24T11:41:03+00:00\",\"description\":\"Tekst Marit Synn\u00f8ve Vea AVALDSNES HAVNEPROSJEKT P\u00e5 70- og 80-tallet ble det tatt noen sm\u00e5 sjakter i havbunnen p\u00e5 Avaldsnes. I perioden 1998 \u2013 2012\",\"breadcrumb\":{\"@id\":\"https:\/\/avaldsnes.info\/de\/forskning\/havneundersokelser\/#breadcrumb\"},\"inLanguage\":\"de-DE\",\"potentialAction\":[{\"@type\":\"ReadAction\",\"target\":[[\"https:\/\/avaldsnes.info\/de\/forskning\/havneundersokelser\/\"]]}]},{\"@type\":\"ImageObject\",\"inLanguage\":\"de-DE\",\"@id\":\"https:\/\/avaldsnes.info\/de\/forskning\/havneundersokelser\/#primaryimage\",\"url\":\"https:\/\/avaldsnes.info\/content\/uploads\/2013\/10\/Rudolf-Svensen-bilde-5-198x300.jpg\",\"contentUrl\":\"https:\/\/avaldsnes.info\/content\/uploads\/2013\/10\/Rudolf-Svensen-bilde-5-198x300.jpg\"},{\"@type\":\"BreadcrumbList\",\"@id\":\"https:\/\/avaldsnes.info\/de\/forskning\/havneundersokelser\/#breadcrumb\",\"itemListElement\":[{\"@type\":\"ListItem\",\"position\":1,\"name\":\"Home\",\"item\":\"https:\/\/avaldsnes.info\/de\/\"},{\"@type\":\"ListItem\",\"position\":2,\"name\":\"(Norsk) Havneunders\u00f8kelser\"}]},{\"@type\":\"WebSite\",\"@id\":\"https:\/\/avaldsnes.info\/de\/#website\",\"url\":\"https:\/\/avaldsnes.info\/de\/\",\"name\":\"Avaldsnes\",\"description\":\"Norges eldste kongesete\",\"potentialAction\":[{\"@type\":\"SearchAction\",\"target\":{\"@type\":\"EntryPoint\",\"urlTemplate\":\"https:\/\/avaldsnes.info\/de\/?s={search_term_string}\"},\"query-input\":{\"@type\":\"PropertyValueSpecification\",\"valueRequired\":true,\"valueName\":\"search_term_string\"}}],\"inLanguage\":\"de-DE\"}]}<\/script>\n<!-- \/ Yoast SEO plugin. -->","yoast_head_json":{"title":"Havneunders\u00f8kelserSurveys of the harbour area  - Avaldsnes","description":"Tekst Marit Synn\u00f8ve Vea AVALDSNES HAVNEPROSJEKT P\u00e5 70- og 80-tallet ble det tatt noen sm\u00e5 sjakter i havbunnen p\u00e5 Avaldsnes. I perioden 1998 \u2013 2012","robots":{"index":"index","follow":"follow","max-snippet":"max-snippet:-1","max-image-preview":"max-image-preview:large","max-video-preview":"max-video-preview:-1"},"canonical":"https:\/\/avaldsnes.info\/de\/forskning\/havneundersokelser\/","og_locale":"de_DE","og_type":"article","og_title":"Havneunders\u00f8kelserSurveys of the harbour area  - Avaldsnes","og_description":"Tekst Marit Synn\u00f8ve Vea AVALDSNES HAVNEPROSJEKT P\u00e5 70- og 80-tallet ble det tatt noen sm\u00e5 sjakter i havbunnen p\u00e5 Avaldsnes. I perioden 1998 \u2013 2012","og_url":"https:\/\/avaldsnes.info\/de\/forskning\/havneundersokelser\/","og_site_name":"Avaldsnes","article_modified_time":"2022-11-24T11:41:03+00:00","og_image":[{"url":"https:\/\/avaldsnes.info\/content\/uploads\/2013\/10\/Rudolf-Svensen-bilde-5-198x300.jpg","type":"","width":"","height":""}],"twitter_misc":{"Est. reading time":"13 minutes"},"schema":{"@context":"https:\/\/schema.org","@graph":[{"@type":"WebPage","@id":"https:\/\/avaldsnes.info\/de\/forskning\/havneundersokelser\/","url":"https:\/\/avaldsnes.info\/de\/forskning\/havneundersokelser\/","name":"Havneunders\u00f8kelserSurveys of the harbour area - Avaldsnes","isPartOf":{"@id":"https:\/\/avaldsnes.info\/de\/#website"},"primaryImageOfPage":{"@id":"https:\/\/avaldsnes.info\/de\/forskning\/havneundersokelser\/#primaryimage"},"image":{"@id":"https:\/\/avaldsnes.info\/de\/forskning\/havneundersokelser\/#primaryimage"},"thumbnailUrl":"https:\/\/avaldsnes.info\/content\/uploads\/2013\/10\/Rudolf-Svensen-bilde-5-198x300.jpg","datePublished":"2013-10-16T19:15:02+00:00","dateModified":"2022-11-24T11:41:03+00:00","description":"Tekst Marit Synn\u00f8ve Vea AVALDSNES HAVNEPROSJEKT P\u00e5 70- og 80-tallet ble det tatt noen sm\u00e5 sjakter i havbunnen p\u00e5 Avaldsnes. I perioden 1998 \u2013 2012","breadcrumb":{"@id":"https:\/\/avaldsnes.info\/de\/forskning\/havneundersokelser\/#breadcrumb"},"inLanguage":"de-DE","potentialAction":[{"@type":"ReadAction","target":[["https:\/\/avaldsnes.info\/de\/forskning\/havneundersokelser\/"]]}]},{"@type":"ImageObject","inLanguage":"de-DE","@id":"https:\/\/avaldsnes.info\/de\/forskning\/havneundersokelser\/#primaryimage","url":"https:\/\/avaldsnes.info\/content\/uploads\/2013\/10\/Rudolf-Svensen-bilde-5-198x300.jpg","contentUrl":"https:\/\/avaldsnes.info\/content\/uploads\/2013\/10\/Rudolf-Svensen-bilde-5-198x300.jpg"},{"@type":"BreadcrumbList","@id":"https:\/\/avaldsnes.info\/de\/forskning\/havneundersokelser\/#breadcrumb","itemListElement":[{"@type":"ListItem","position":1,"name":"Home","item":"https:\/\/avaldsnes.info\/de\/"},{"@type":"ListItem","position":2,"name":"(Norsk) Havneunders\u00f8kelser"}]},{"@type":"WebSite","@id":"https:\/\/avaldsnes.info\/de\/#website","url":"https:\/\/avaldsnes.info\/de\/","name":"Avaldsnes","description":"Norges eldste kongesete","potentialAction":[{"@type":"SearchAction","target":{"@type":"EntryPoint","urlTemplate":"https:\/\/avaldsnes.info\/de\/?s={search_term_string}"},"query-input":{"@type":"PropertyValueSpecification","valueRequired":true,"valueName":"search_term_string"}}],"inLanguage":"de-DE"}]}},"_links":{"self":[{"href":"https:\/\/avaldsnes.info\/de\/wp-json\/wp\/v2\/pages\/2285"}],"collection":[{"href":"https:\/\/avaldsnes.info\/de\/wp-json\/wp\/v2\/pages"}],"about":[{"href":"https:\/\/avaldsnes.info\/de\/wp-json\/wp\/v2\/types\/page"}],"author":[{"embeddable":true,"href":"https:\/\/avaldsnes.info\/de\/wp-json\/wp\/v2\/users\/3"}],"replies":[{"embeddable":true,"href":"https:\/\/avaldsnes.info\/de\/wp-json\/wp\/v2\/comments?post=2285"}],"version-history":[{"count":88,"href":"https:\/\/avaldsnes.info\/de\/wp-json\/wp\/v2\/pages\/2285\/revisions"}],"predecessor-version":[{"id":6484,"href":"https:\/\/avaldsnes.info\/de\/wp-json\/wp\/v2\/pages\/2285\/revisions\/6484"}],"up":[{"embeddable":true,"href":"https:\/\/avaldsnes.info\/de\/wp-json\/wp\/v2\/pages\/7"}],"wp:attachment":[{"href":"https:\/\/avaldsnes.info\/de\/wp-json\/wp\/v2\/media?parent=2285"}],"curies":[{"name":"wp","href":"https:\/\/api.w.org\/{rel}","templated":true}]}}