{"id":218,"date":"2013-04-06T12:51:55","date_gmt":"2013-04-06T12:51:55","guid":{"rendered":"https:\/\/avaldsnes.info\/?page_id=218"},"modified":"2014-11-17T09:31:23","modified_gmt":"2014-11-17T09:31:23","slug":"vikingbat","status":"publish","type":"page","link":"https:\/\/avaldsnes.info\/de\/vikinggard\/vikingbat\/","title":{"rendered":"(Norsk) Vikingb\u00e5t"},"content":{"rendered":"<p class=\"qtranxs-available-languages-message qtranxs-available-languages-message-de\">Leider ist der Eintrag nur auf <a href=\"https:\/\/avaldsnes.info\/no\/wp-json\/wp\/v2\/pages\/218\" class=\"qtranxs-available-language-link qtranxs-available-language-link-no\" title=\"Norsk\">Norsk<\/a> und <a href=\"https:\/\/avaldsnes.info\/en\/wp-json\/wp\/v2\/pages\/218\" class=\"qtranxs-available-language-link qtranxs-available-language-link-en\" title=\"English\">English<\/a> verf\u00fcgbar.<\/p>","protected":false},"excerpt":{"rendered":"<p>Leider ist der Eintrag nur auf Norsk und English verf\u00fcgbar.<\/p>\n","protected":false},"author":3,"featured_media":0,"parent":11,"menu_order":1,"comment_status":"closed","ping_status":"open","template":"","meta":{"footnotes":""},"yoast_head":"<!-- This site is optimized with the Yoast SEO plugin v27.1.1 - https:\/\/yoast.com\/product\/yoast-seo-wordpress\/ -->\n<title>vikingb\u00e5t, rekonstruksjon av f\u00f8lgeb\u00e5t til Gokstadskipet<\/title>\n<meta name=\"description\" content=\"holmrygr vikingb\u00e5t vikinggarden avaldsnes rekonstruksjon treb\u00e5tbygging vikingskipshuset gokstadskipet f\u00f8lgeb\u00e5t vikingskip\" \/>\n<meta name=\"robots\" content=\"index, follow, max-snippet:-1, max-image-preview:large, max-video-preview:-1\" \/>\n<link rel=\"canonical\" href=\"https:\/\/avaldsnes.info\/de\/vikinggard\/vikingbat\/\" \/>\n<meta property=\"og:locale\" content=\"de_DE\" \/>\n<meta property=\"og:type\" content=\"article\" \/>\n<meta property=\"og:title\" content=\"vikingb\u00e5t, rekonstruksjon av f\u00f8lgeb\u00e5t til Gokstadskipet\" \/>\n<meta property=\"og:description\" content=\"holmrygr vikingb\u00e5t vikinggarden avaldsnes rekonstruksjon treb\u00e5tbygging vikingskipshuset gokstadskipet f\u00f8lgeb\u00e5t vikingskip\" \/>\n<meta property=\"og:url\" content=\"https:\/\/avaldsnes.info\/de\/vikinggard\/vikingbat\/\" \/>\n<meta property=\"og:site_name\" content=\"Avaldsnes\" \/>\n<meta property=\"article:modified_time\" content=\"2014-11-17T09:31:23+00:00\" \/>\n<meta name=\"twitter:label1\" content=\"Est. reading time\" \/>\n\t<meta name=\"twitter:data1\" content=\"3 minutes\" \/>\n<script type=\"application\/ld+json\" class=\"yoast-schema-graph\">{\"@context\":\"https:\/\/schema.org\",\"@graph\":[{\"@type\":\"WebPage\",\"@id\":\"https:\/\/avaldsnes.info\/de\/vikinggard\/vikingbat\/\",\"url\":\"https:\/\/avaldsnes.info\/de\/vikinggard\/vikingbat\/\",\"name\":\"vikingb\u00e5t, rekonstruksjon av f\u00f8lgeb\u00e5t til Gokstadskipet\",\"isPartOf\":{\"@id\":\"https:\/\/avaldsnes.info\/de\/#website\"},\"datePublished\":\"2013-04-06T12:51:55+00:00\",\"dateModified\":\"2014-11-17T09:31:23+00:00\",\"description\":\"holmrygr vikingb\u00e5t vikinggarden avaldsnes rekonstruksjon treb\u00e5tbygging vikingskipshuset gokstadskipet f\u00f8lgeb\u00e5t vikingskip\",\"breadcrumb\":{\"@id\":\"https:\/\/avaldsnes.info\/de\/vikinggard\/vikingbat\/#breadcrumb\"},\"inLanguage\":\"de-DE\",\"potentialAction\":[{\"@type\":\"ReadAction\",\"target\":[[\"https:\/\/avaldsnes.info\/de\/vikinggard\/vikingbat\/\"]]}]},{\"@type\":\"BreadcrumbList\",\"@id\":\"https:\/\/avaldsnes.info\/de\/vikinggard\/vikingbat\/#breadcrumb\",\"itemListElement\":[{\"@type\":\"ListItem\",\"position\":1,\"name\":\"Home\",\"item\":\"https:\/\/avaldsnes.info\/de\/\"},{\"@type\":\"ListItem\",\"position\":2,\"name\":\"Vikinggard\",\"item\":\"https:\/\/avaldsnes.info\/de\/vikinggard\/\"},{\"@type\":\"ListItem\",\"position\":3,\"name\":\"(Norsk) Vikingb\u00e5t\"}]},{\"@type\":\"WebSite\",\"@id\":\"https:\/\/avaldsnes.info\/de\/#website\",\"url\":\"https:\/\/avaldsnes.info\/de\/\",\"name\":\"Avaldsnes\",\"description\":\"Norges eldste kongesete\",\"potentialAction\":[{\"@type\":\"SearchAction\",\"target\":{\"@type\":\"EntryPoint\",\"urlTemplate\":\"https:\/\/avaldsnes.info\/de\/?s={search_term_string}\"},\"query-input\":{\"@type\":\"PropertyValueSpecification\",\"valueRequired\":true,\"valueName\":\"search_term_string\"}}],\"inLanguage\":\"de-DE\"}]}<\/script>\n<!-- \/ Yoast SEO plugin. -->","yoast_head_json":{"title":"vikingb\u00e5t, rekonstruksjon av f\u00f8lgeb\u00e5t til Gokstadskipet","description":"holmrygr vikingb\u00e5t vikinggarden avaldsnes rekonstruksjon treb\u00e5tbygging vikingskipshuset gokstadskipet f\u00f8lgeb\u00e5t vikingskip","robots":{"index":"index","follow":"follow","max-snippet":"max-snippet:-1","max-image-preview":"max-image-preview:large","max-video-preview":"max-video-preview:-1"},"canonical":"https:\/\/avaldsnes.info\/de\/vikinggard\/vikingbat\/","og_locale":"de_DE","og_type":"article","og_title":"vikingb\u00e5t, rekonstruksjon av f\u00f8lgeb\u00e5t til Gokstadskipet","og_description":"holmrygr vikingb\u00e5t vikinggarden avaldsnes rekonstruksjon treb\u00e5tbygging vikingskipshuset gokstadskipet f\u00f8lgeb\u00e5t vikingskip","og_url":"https:\/\/avaldsnes.info\/de\/vikinggard\/vikingbat\/","og_site_name":"Avaldsnes","article_modified_time":"2014-11-17T09:31:23+00:00","twitter_misc":{"Est. reading time":"3 minutes"},"schema":{"@context":"https:\/\/schema.org","@graph":[{"@type":"WebPage","@id":"https:\/\/avaldsnes.info\/de\/vikinggard\/vikingbat\/","url":"https:\/\/avaldsnes.info\/de\/vikinggard\/vikingbat\/","name":"vikingb\u00e5t, rekonstruksjon av f\u00f8lgeb\u00e5t til Gokstadskipet","isPartOf":{"@id":"https:\/\/avaldsnes.info\/de\/#website"},"datePublished":"2013-04-06T12:51:55+00:00","dateModified":"2014-11-17T09:31:23+00:00","description":"holmrygr vikingb\u00e5t vikinggarden avaldsnes rekonstruksjon treb\u00e5tbygging vikingskipshuset gokstadskipet f\u00f8lgeb\u00e5t vikingskip","breadcrumb":{"@id":"https:\/\/avaldsnes.info\/de\/vikinggard\/vikingbat\/#breadcrumb"},"inLanguage":"de-DE","potentialAction":[{"@type":"ReadAction","target":[["https:\/\/avaldsnes.info\/de\/vikinggard\/vikingbat\/"]]}]},{"@type":"BreadcrumbList","@id":"https:\/\/avaldsnes.info\/de\/vikinggard\/vikingbat\/#breadcrumb","itemListElement":[{"@type":"ListItem","position":1,"name":"Home","item":"https:\/\/avaldsnes.info\/de\/"},{"@type":"ListItem","position":2,"name":"Vikinggard","item":"https:\/\/avaldsnes.info\/de\/vikinggard\/"},{"@type":"ListItem","position":3,"name":"(Norsk) Vikingb\u00e5t"}]},{"@type":"WebSite","@id":"https:\/\/avaldsnes.info\/de\/#website","url":"https:\/\/avaldsnes.info\/de\/","name":"Avaldsnes","description":"Norges eldste kongesete","potentialAction":[{"@type":"SearchAction","target":{"@type":"EntryPoint","urlTemplate":"https:\/\/avaldsnes.info\/de\/?s={search_term_string}"},"query-input":{"@type":"PropertyValueSpecification","valueRequired":true,"valueName":"search_term_string"}}],"inLanguage":"de-DE"}]}},"_links":{"self":[{"href":"https:\/\/avaldsnes.info\/de\/wp-json\/wp\/v2\/pages\/218"}],"collection":[{"href":"https:\/\/avaldsnes.info\/de\/wp-json\/wp\/v2\/pages"}],"about":[{"href":"https:\/\/avaldsnes.info\/de\/wp-json\/wp\/v2\/types\/page"}],"author":[{"embeddable":true,"href":"https:\/\/avaldsnes.info\/de\/wp-json\/wp\/v2\/users\/3"}],"replies":[{"embeddable":true,"href":"https:\/\/avaldsnes.info\/de\/wp-json\/wp\/v2\/comments?post=218"}],"version-history":[{"count":18,"href":"https:\/\/avaldsnes.info\/de\/wp-json\/wp\/v2\/pages\/218\/revisions"}],"predecessor-version":[{"id":221,"href":"https:\/\/avaldsnes.info\/de\/wp-json\/wp\/v2\/pages\/218\/revisions\/221"}],"up":[{"embeddable":true,"href":"https:\/\/avaldsnes.info\/de\/wp-json\/wp\/v2\/pages\/11"}],"wp:attachment":[{"href":"https:\/\/avaldsnes.info\/de\/wp-json\/wp\/v2\/media?parent=218"}],"curies":[{"name":"wp","href":"https:\/\/api.w.org\/{rel}","templated":true}]}}