{"id":17,"date":"2012-12-10T13:52:51","date_gmt":"2012-12-10T13:52:51","guid":{"rendered":"https:\/\/avaldsnes.info\/?page_id=17"},"modified":"2024-12-02T09:39:29","modified_gmt":"2024-12-02T09:39:29","slug":"vikingfestival","status":"publish","type":"page","link":"https:\/\/avaldsnes.info\/de\/vikingfestival\/","title":{"rendered":"Vikingfestival"},"content":{"rendered":"<p><\/p>\n<p><p><strong>Lorem Ipsum<\/strong>\u00a0er rett og slett dummytekst fra og for trykkeindustrien. Lorem Ipsum har v\u00e6rt bransjens standard for dummytekst helt siden 1500-tallet, da en ukjent boktrykker stokket en mengde bokstaver for \u00e5 lage et pr\u00f8veeksemplar av en bok.<\/p>\n<p>Lorem Ipsum har t\u00e5lt tidens tann usedvanlig godt, og har i tillegg til \u00e5 best\u00e5 gjennom fem \u00e5rhundrer ogs\u00e5 t\u00e5lt spranget over til elektronisk typografi uten vesentlige endringer. Lorem Ipsum ble gjort allment kjent i 1960-\u00e5rene ved lanseringen av Letraset-ark med avsnitt fra Lorem Ipsum, og senere med sideombrekkingsprogrammet Aldus PageMaker som tok i bruk nettopp Lorem Ipsum for dummytekst.<\/p>\n<\/p>\n<div id=\"attachment_4158\" style=\"width: 310px\" class=\"wp-caption aligncenter\"><a href=\"https:\/\/avaldsnes.info\/content\/uploads\/2012\/12\/Viking.jpg\"><img loading=\"lazy\" decoding=\"async\" aria-describedby=\"caption-attachment-4158\" src=\"https:\/\/avaldsnes.info\/content\/uploads\/2012\/12\/Viking-300x200.jpg\" alt=\"(Foto \u00d8.Iversen)\" width=\"300\" height=\"200\" class=\"size-medium wp-image-4158\" srcset=\"https:\/\/avaldsnes.info\/content\/uploads\/2012\/12\/Viking-300x200.jpg 300w, https:\/\/avaldsnes.info\/content\/uploads\/2012\/12\/Viking-1024x682.jpg 1024w, https:\/\/avaldsnes.info\/content\/uploads\/2012\/12\/Viking-960x640.jpg 960w, https:\/\/avaldsnes.info\/content\/uploads\/2012\/12\/Viking-480x320.jpg 480w, https:\/\/avaldsnes.info\/content\/uploads\/2012\/12\/Viking.jpg 1500w\" sizes=\"(max-width: 300px) 100vw, 300px\" \/><\/a><p id=\"caption-attachment-4158\" class=\"wp-caption-text\">(Foto \u00d8.Iversen)<\/p><\/div>\n<\/p>\n<p><\/p>","protected":false},"excerpt":{"rendered":"<p>Lorem Ipsum har v\u00e6rt bransjens standard for dummytekst helt siden 1500-tallet, da en ukjent boktrykker stokket en mengde bokstaver for \u00e5 lage et pr\u00f8veeksemplar av en bok.<\/p>\n","protected":false},"author":1,"featured_media":77,"parent":0,"menu_order":8,"comment_status":"closed","ping_status":"open","template":"","meta":{"footnotes":""},"yoast_head":"<!-- This site is optimized with the Yoast SEO plugin v27.1.1 - https:\/\/yoast.com\/product\/yoast-seo-wordpress\/ -->\n<title>Vikingfestival Avaldsnes. Vikingmarked<\/title>\n<meta name=\"description\" content=\"VESTLANDETS ST\u00d8RSTE VIKINGMARKED. Hvert \u00e5r, omkring andre helga i juni, arrangeres det en fire dagers Vikingfestival p\u00e5 Vikinggarden Avaldsnes. Da kommer ...\" \/>\n<meta name=\"robots\" content=\"index, follow, max-snippet:-1, max-image-preview:large, max-video-preview:-1\" \/>\n<link rel=\"canonical\" href=\"https:\/\/avaldsnes.info\/de\/vikingfestival\/\" \/>\n<meta property=\"og:locale\" content=\"de_DE\" \/>\n<meta property=\"og:type\" content=\"article\" \/>\n<meta property=\"og:title\" content=\"Vikingfestival Avaldsnes. Vikingmarked\" \/>\n<meta property=\"og:description\" content=\"VESTLANDETS ST\u00d8RSTE VIKINGMARKED. Hvert \u00e5r, omkring andre helga i juni, arrangeres det en fire dagers Vikingfestival p\u00e5 Vikinggarden Avaldsnes. Da kommer ...\" \/>\n<meta property=\"og:url\" content=\"https:\/\/avaldsnes.info\/de\/vikingfestival\/\" \/>\n<meta property=\"og:site_name\" content=\"Avaldsnes\" \/>\n<meta property=\"article:modified_time\" content=\"2024-12-02T09:39:29+00:00\" \/>\n<meta property=\"og:image\" content=\"https:\/\/avaldsnes.info\/content\/uploads\/2012\/12\/vikingfestival.jpg\" \/>\n\t<meta property=\"og:image:width\" content=\"303\" \/>\n\t<meta property=\"og:image:height\" content=\"198\" \/>\n\t<meta property=\"og:image:type\" content=\"image\/jpeg\" \/>\n<meta name=\"twitter:label1\" content=\"Est. reading time\" \/>\n\t<meta name=\"twitter:data1\" content=\"2 minutes\" \/>\n<script type=\"application\/ld+json\" class=\"yoast-schema-graph\">{\"@context\":\"https:\/\/schema.org\",\"@graph\":[{\"@type\":\"WebPage\",\"@id\":\"https:\/\/avaldsnes.info\/de\/vikingfestival\/\",\"url\":\"https:\/\/avaldsnes.info\/de\/vikingfestival\/\",\"name\":\"Vikingfestival Avaldsnes. Vikingmarked\",\"isPartOf\":{\"@id\":\"https:\/\/avaldsnes.info\/de\/#website\"},\"primaryImageOfPage\":{\"@id\":\"https:\/\/avaldsnes.info\/de\/vikingfestival\/#primaryimage\"},\"image\":{\"@id\":\"https:\/\/avaldsnes.info\/de\/vikingfestival\/#primaryimage\"},\"thumbnailUrl\":\"https:\/\/avaldsnes.info\/content\/uploads\/2012\/12\/vikingfestival.jpg\",\"datePublished\":\"2012-12-10T13:52:51+00:00\",\"dateModified\":\"2024-12-02T09:39:29+00:00\",\"description\":\"VESTLANDETS ST\u00d8RSTE VIKINGMARKED. Hvert \u00e5r, omkring andre helga i juni, arrangeres det en fire dagers Vikingfestival p\u00e5 Vikinggarden Avaldsnes. Da kommer ...\",\"breadcrumb\":{\"@id\":\"https:\/\/avaldsnes.info\/de\/vikingfestival\/#breadcrumb\"},\"inLanguage\":\"de-DE\",\"potentialAction\":[{\"@type\":\"ReadAction\",\"target\":[[\"https:\/\/avaldsnes.info\/de\/vikingfestival\/\"]]}]},{\"@type\":\"ImageObject\",\"inLanguage\":\"de-DE\",\"@id\":\"https:\/\/avaldsnes.info\/de\/vikingfestival\/#primaryimage\",\"url\":\"https:\/\/avaldsnes.info\/content\/uploads\/2012\/12\/vikingfestival.jpg\",\"contentUrl\":\"https:\/\/avaldsnes.info\/content\/uploads\/2012\/12\/vikingfestival.jpg\",\"width\":303,\"height\":198},{\"@type\":\"BreadcrumbList\",\"@id\":\"https:\/\/avaldsnes.info\/de\/vikingfestival\/#breadcrumb\",\"itemListElement\":[{\"@type\":\"ListItem\",\"position\":1,\"name\":\"Home\",\"item\":\"https:\/\/avaldsnes.info\/de\/\"},{\"@type\":\"ListItem\",\"position\":2,\"name\":\"Vikingfestival\"}]},{\"@type\":\"WebSite\",\"@id\":\"https:\/\/avaldsnes.info\/de\/#website\",\"url\":\"https:\/\/avaldsnes.info\/de\/\",\"name\":\"Avaldsnes\",\"description\":\"Norges eldste kongesete\",\"potentialAction\":[{\"@type\":\"SearchAction\",\"target\":{\"@type\":\"EntryPoint\",\"urlTemplate\":\"https:\/\/avaldsnes.info\/de\/?s={search_term_string}\"},\"query-input\":{\"@type\":\"PropertyValueSpecification\",\"valueRequired\":true,\"valueName\":\"search_term_string\"}}],\"inLanguage\":\"de-DE\"}]}<\/script>\n<!-- \/ Yoast SEO plugin. -->","yoast_head_json":{"title":"Vikingfestival Avaldsnes. Vikingmarked","description":"VESTLANDETS ST\u00d8RSTE VIKINGMARKED. Hvert \u00e5r, omkring andre helga i juni, arrangeres det en fire dagers Vikingfestival p\u00e5 Vikinggarden Avaldsnes. Da kommer ...","robots":{"index":"index","follow":"follow","max-snippet":"max-snippet:-1","max-image-preview":"max-image-preview:large","max-video-preview":"max-video-preview:-1"},"canonical":"https:\/\/avaldsnes.info\/de\/vikingfestival\/","og_locale":"de_DE","og_type":"article","og_title":"Vikingfestival Avaldsnes. Vikingmarked","og_description":"VESTLANDETS ST\u00d8RSTE VIKINGMARKED. Hvert \u00e5r, omkring andre helga i juni, arrangeres det en fire dagers Vikingfestival p\u00e5 Vikinggarden Avaldsnes. Da kommer ...","og_url":"https:\/\/avaldsnes.info\/de\/vikingfestival\/","og_site_name":"Avaldsnes","article_modified_time":"2024-12-02T09:39:29+00:00","og_image":[{"width":303,"height":198,"url":"https:\/\/avaldsnes.info\/content\/uploads\/2012\/12\/vikingfestival.jpg","type":"image\/jpeg"}],"twitter_misc":{"Est. reading time":"2 minutes"},"schema":{"@context":"https:\/\/schema.org","@graph":[{"@type":"WebPage","@id":"https:\/\/avaldsnes.info\/de\/vikingfestival\/","url":"https:\/\/avaldsnes.info\/de\/vikingfestival\/","name":"Vikingfestival Avaldsnes. Vikingmarked","isPartOf":{"@id":"https:\/\/avaldsnes.info\/de\/#website"},"primaryImageOfPage":{"@id":"https:\/\/avaldsnes.info\/de\/vikingfestival\/#primaryimage"},"image":{"@id":"https:\/\/avaldsnes.info\/de\/vikingfestival\/#primaryimage"},"thumbnailUrl":"https:\/\/avaldsnes.info\/content\/uploads\/2012\/12\/vikingfestival.jpg","datePublished":"2012-12-10T13:52:51+00:00","dateModified":"2024-12-02T09:39:29+00:00","description":"VESTLANDETS ST\u00d8RSTE VIKINGMARKED. Hvert \u00e5r, omkring andre helga i juni, arrangeres det en fire dagers Vikingfestival p\u00e5 Vikinggarden Avaldsnes. Da kommer ...","breadcrumb":{"@id":"https:\/\/avaldsnes.info\/de\/vikingfestival\/#breadcrumb"},"inLanguage":"de-DE","potentialAction":[{"@type":"ReadAction","target":[["https:\/\/avaldsnes.info\/de\/vikingfestival\/"]]}]},{"@type":"ImageObject","inLanguage":"de-DE","@id":"https:\/\/avaldsnes.info\/de\/vikingfestival\/#primaryimage","url":"https:\/\/avaldsnes.info\/content\/uploads\/2012\/12\/vikingfestival.jpg","contentUrl":"https:\/\/avaldsnes.info\/content\/uploads\/2012\/12\/vikingfestival.jpg","width":303,"height":198},{"@type":"BreadcrumbList","@id":"https:\/\/avaldsnes.info\/de\/vikingfestival\/#breadcrumb","itemListElement":[{"@type":"ListItem","position":1,"name":"Home","item":"https:\/\/avaldsnes.info\/de\/"},{"@type":"ListItem","position":2,"name":"Vikingfestival"}]},{"@type":"WebSite","@id":"https:\/\/avaldsnes.info\/de\/#website","url":"https:\/\/avaldsnes.info\/de\/","name":"Avaldsnes","description":"Norges eldste kongesete","potentialAction":[{"@type":"SearchAction","target":{"@type":"EntryPoint","urlTemplate":"https:\/\/avaldsnes.info\/de\/?s={search_term_string}"},"query-input":{"@type":"PropertyValueSpecification","valueRequired":true,"valueName":"search_term_string"}}],"inLanguage":"de-DE"}]}},"_links":{"self":[{"href":"https:\/\/avaldsnes.info\/de\/wp-json\/wp\/v2\/pages\/17"}],"collection":[{"href":"https:\/\/avaldsnes.info\/de\/wp-json\/wp\/v2\/pages"}],"about":[{"href":"https:\/\/avaldsnes.info\/de\/wp-json\/wp\/v2\/types\/page"}],"author":[{"embeddable":true,"href":"https:\/\/avaldsnes.info\/de\/wp-json\/wp\/v2\/users\/1"}],"replies":[{"embeddable":true,"href":"https:\/\/avaldsnes.info\/de\/wp-json\/wp\/v2\/comments?post=17"}],"version-history":[{"count":81,"href":"https:\/\/avaldsnes.info\/de\/wp-json\/wp\/v2\/pages\/17\/revisions"}],"predecessor-version":[{"id":6555,"href":"https:\/\/avaldsnes.info\/de\/wp-json\/wp\/v2\/pages\/17\/revisions\/6555"}],"wp:featuredmedia":[{"embeddable":true,"href":"https:\/\/avaldsnes.info\/de\/wp-json\/wp\/v2\/media\/77"}],"wp:attachment":[{"href":"https:\/\/avaldsnes.info\/de\/wp-json\/wp\/v2\/media?parent=17"}],"curies":[{"name":"wp","href":"https:\/\/api.w.org\/{rel}","templated":true}]}}