{"id":161,"date":"2013-03-27T12:20:59","date_gmt":"2013-03-27T12:20:59","guid":{"rendered":"https:\/\/avaldsnes.info\/?page_id=161"},"modified":"2021-01-22T11:00:20","modified_gmt":"2021-01-22T11:00:20","slug":"langhus","status":"publish","type":"page","link":"https:\/\/avaldsnes.info\/de\/vikinggard\/langhus\/","title":{"rendered":"(Norsk) Langhus"},"content":{"rendered":"<p class=\"qtranxs-available-languages-message qtranxs-available-languages-message-de\">Leider ist der Eintrag nur auf <a href=\"https:\/\/avaldsnes.info\/no\/wp-json\/wp\/v2\/pages\/161\" class=\"qtranxs-available-language-link qtranxs-available-language-link-no\" title=\"Norsk\">Norsk<\/a> und <a href=\"https:\/\/avaldsnes.info\/en\/wp-json\/wp\/v2\/pages\/161\" class=\"qtranxs-available-language-link qtranxs-available-language-link-en\" title=\"English\">English<\/a> verf\u00fcgbar.<\/p>","protected":false},"excerpt":{"rendered":"<p>Leider ist der Eintrag nur auf Norsk und English verf\u00fcgbar.<\/p>\n","protected":false},"author":3,"featured_media":0,"parent":11,"menu_order":7,"comment_status":"closed","ping_status":"open","template":"","meta":{"footnotes":""},"yoast_head":"<!-- This site is optimized with the Yoast SEO plugin v27.1.1 - https:\/\/yoast.com\/product\/yoast-seo-wordpress\/ -->\n<title>langhus Avaldsnes viking rekonstruksjon vikinggard vikingtida grindbygd f\u00f8rhistorisk relikvieskrin storfamilie vikinggraver storfamilie<\/title>\n<meta name=\"description\" content=\"Langhuset p\u00e5 Vikinggarden. Ein rekonstruksjon av langhus fr\u00e5 Oma i Rogaland. Huset er fr\u00e5 ca 950 e.Kr. Det grindbygde huset er ca er ca 24 m langt og stod ferdig i 1997.\" \/>\n<meta name=\"robots\" content=\"index, follow, max-snippet:-1, max-image-preview:large, max-video-preview:-1\" \/>\n<link rel=\"canonical\" href=\"https:\/\/avaldsnes.info\/de\/vikinggard\/langhus\/\" \/>\n<meta property=\"og:locale\" content=\"de_DE\" \/>\n<meta property=\"og:type\" content=\"article\" \/>\n<meta property=\"og:title\" content=\"langhus Avaldsnes viking rekonstruksjon vikinggard vikingtida grindbygd f\u00f8rhistorisk relikvieskrin storfamilie vikinggraver storfamilie\" \/>\n<meta property=\"og:description\" content=\"Langhuset p\u00e5 Vikinggarden. Ein rekonstruksjon av langhus fr\u00e5 Oma i Rogaland. Huset er fr\u00e5 ca 950 e.Kr. Det grindbygde huset er ca er ca 24 m langt og stod ferdig i 1997.\" \/>\n<meta property=\"og:url\" content=\"https:\/\/avaldsnes.info\/de\/vikinggard\/langhus\/\" \/>\n<meta property=\"og:site_name\" content=\"Avaldsnes\" \/>\n<meta property=\"article:modified_time\" content=\"2021-01-22T11:00:20+00:00\" \/>\n<meta property=\"og:image\" content=\"https:\/\/avaldsnes.info\/content\/uploads\/2013\/03\/Relikvieskrin-300x173.jpg\" \/>\n<meta name=\"twitter:label1\" content=\"Est. reading time\" \/>\n\t<meta name=\"twitter:data1\" content=\"4 minutes\" \/>\n<script type=\"application\/ld+json\" class=\"yoast-schema-graph\">{\"@context\":\"https:\/\/schema.org\",\"@graph\":[{\"@type\":\"WebPage\",\"@id\":\"https:\/\/avaldsnes.info\/de\/vikinggard\/langhus\/\",\"url\":\"https:\/\/avaldsnes.info\/de\/vikinggard\/langhus\/\",\"name\":\"langhus Avaldsnes viking rekonstruksjon vikinggard vikingtida grindbygd f\u00f8rhistorisk relikvieskrin storfamilie vikinggraver storfamilie\",\"isPartOf\":{\"@id\":\"https:\/\/avaldsnes.info\/de\/#website\"},\"primaryImageOfPage\":{\"@id\":\"https:\/\/avaldsnes.info\/de\/vikinggard\/langhus\/#primaryimage\"},\"image\":{\"@id\":\"https:\/\/avaldsnes.info\/de\/vikinggard\/langhus\/#primaryimage\"},\"thumbnailUrl\":\"https:\/\/avaldsnes.info\/content\/uploads\/2013\/03\/Relikvieskrin-300x173.jpg\",\"datePublished\":\"2013-03-27T12:20:59+00:00\",\"dateModified\":\"2021-01-22T11:00:20+00:00\",\"description\":\"Langhuset p\u00e5 Vikinggarden. Ein rekonstruksjon av langhus fr\u00e5 Oma i Rogaland. Huset er fr\u00e5 ca 950 e.Kr. Det grindbygde huset er ca er ca 24 m langt og stod ferdig i 1997.\",\"breadcrumb\":{\"@id\":\"https:\/\/avaldsnes.info\/de\/vikinggard\/langhus\/#breadcrumb\"},\"inLanguage\":\"de-DE\",\"potentialAction\":[{\"@type\":\"ReadAction\",\"target\":[[\"https:\/\/avaldsnes.info\/de\/vikinggard\/langhus\/\"]]}]},{\"@type\":\"ImageObject\",\"inLanguage\":\"de-DE\",\"@id\":\"https:\/\/avaldsnes.info\/de\/vikinggard\/langhus\/#primaryimage\",\"url\":\"https:\/\/avaldsnes.info\/content\/uploads\/2013\/03\/Relikvieskrin-300x173.jpg\",\"contentUrl\":\"https:\/\/avaldsnes.info\/content\/uploads\/2013\/03\/Relikvieskrin-300x173.jpg\"},{\"@type\":\"BreadcrumbList\",\"@id\":\"https:\/\/avaldsnes.info\/de\/vikinggard\/langhus\/#breadcrumb\",\"itemListElement\":[{\"@type\":\"ListItem\",\"position\":1,\"name\":\"Home\",\"item\":\"https:\/\/avaldsnes.info\/de\/\"},{\"@type\":\"ListItem\",\"position\":2,\"name\":\"(Norsk) Langhus\"}]},{\"@type\":\"WebSite\",\"@id\":\"https:\/\/avaldsnes.info\/de\/#website\",\"url\":\"https:\/\/avaldsnes.info\/de\/\",\"name\":\"Avaldsnes\",\"description\":\"Norges eldste kongesete\",\"potentialAction\":[{\"@type\":\"SearchAction\",\"target\":{\"@type\":\"EntryPoint\",\"urlTemplate\":\"https:\/\/avaldsnes.info\/de\/?s={search_term_string}\"},\"query-input\":{\"@type\":\"PropertyValueSpecification\",\"valueRequired\":true,\"valueName\":\"search_term_string\"}}],\"inLanguage\":\"de-DE\"}]}<\/script>\n<!-- \/ Yoast SEO plugin. -->","yoast_head_json":{"title":"langhus Avaldsnes viking rekonstruksjon vikinggard vikingtida grindbygd f\u00f8rhistorisk relikvieskrin storfamilie vikinggraver storfamilie","description":"Langhuset p\u00e5 Vikinggarden. Ein rekonstruksjon av langhus fr\u00e5 Oma i Rogaland. Huset er fr\u00e5 ca 950 e.Kr. Det grindbygde huset er ca er ca 24 m langt og stod ferdig i 1997.","robots":{"index":"index","follow":"follow","max-snippet":"max-snippet:-1","max-image-preview":"max-image-preview:large","max-video-preview":"max-video-preview:-1"},"canonical":"https:\/\/avaldsnes.info\/de\/vikinggard\/langhus\/","og_locale":"de_DE","og_type":"article","og_title":"langhus Avaldsnes viking rekonstruksjon vikinggard vikingtida grindbygd f\u00f8rhistorisk relikvieskrin storfamilie vikinggraver storfamilie","og_description":"Langhuset p\u00e5 Vikinggarden. Ein rekonstruksjon av langhus fr\u00e5 Oma i Rogaland. Huset er fr\u00e5 ca 950 e.Kr. Det grindbygde huset er ca er ca 24 m langt og stod ferdig i 1997.","og_url":"https:\/\/avaldsnes.info\/de\/vikinggard\/langhus\/","og_site_name":"Avaldsnes","article_modified_time":"2021-01-22T11:00:20+00:00","og_image":[{"url":"https:\/\/avaldsnes.info\/content\/uploads\/2013\/03\/Relikvieskrin-300x173.jpg","type":"","width":"","height":""}],"twitter_misc":{"Est. reading time":"4 minutes"},"schema":{"@context":"https:\/\/schema.org","@graph":[{"@type":"WebPage","@id":"https:\/\/avaldsnes.info\/de\/vikinggard\/langhus\/","url":"https:\/\/avaldsnes.info\/de\/vikinggard\/langhus\/","name":"langhus Avaldsnes viking rekonstruksjon vikinggard vikingtida grindbygd f\u00f8rhistorisk relikvieskrin storfamilie vikinggraver storfamilie","isPartOf":{"@id":"https:\/\/avaldsnes.info\/de\/#website"},"primaryImageOfPage":{"@id":"https:\/\/avaldsnes.info\/de\/vikinggard\/langhus\/#primaryimage"},"image":{"@id":"https:\/\/avaldsnes.info\/de\/vikinggard\/langhus\/#primaryimage"},"thumbnailUrl":"https:\/\/avaldsnes.info\/content\/uploads\/2013\/03\/Relikvieskrin-300x173.jpg","datePublished":"2013-03-27T12:20:59+00:00","dateModified":"2021-01-22T11:00:20+00:00","description":"Langhuset p\u00e5 Vikinggarden. Ein rekonstruksjon av langhus fr\u00e5 Oma i Rogaland. Huset er fr\u00e5 ca 950 e.Kr. Det grindbygde huset er ca er ca 24 m langt og stod ferdig i 1997.","breadcrumb":{"@id":"https:\/\/avaldsnes.info\/de\/vikinggard\/langhus\/#breadcrumb"},"inLanguage":"de-DE","potentialAction":[{"@type":"ReadAction","target":[["https:\/\/avaldsnes.info\/de\/vikinggard\/langhus\/"]]}]},{"@type":"ImageObject","inLanguage":"de-DE","@id":"https:\/\/avaldsnes.info\/de\/vikinggard\/langhus\/#primaryimage","url":"https:\/\/avaldsnes.info\/content\/uploads\/2013\/03\/Relikvieskrin-300x173.jpg","contentUrl":"https:\/\/avaldsnes.info\/content\/uploads\/2013\/03\/Relikvieskrin-300x173.jpg"},{"@type":"BreadcrumbList","@id":"https:\/\/avaldsnes.info\/de\/vikinggard\/langhus\/#breadcrumb","itemListElement":[{"@type":"ListItem","position":1,"name":"Home","item":"https:\/\/avaldsnes.info\/de\/"},{"@type":"ListItem","position":2,"name":"(Norsk) Langhus"}]},{"@type":"WebSite","@id":"https:\/\/avaldsnes.info\/de\/#website","url":"https:\/\/avaldsnes.info\/de\/","name":"Avaldsnes","description":"Norges eldste kongesete","potentialAction":[{"@type":"SearchAction","target":{"@type":"EntryPoint","urlTemplate":"https:\/\/avaldsnes.info\/de\/?s={search_term_string}"},"query-input":{"@type":"PropertyValueSpecification","valueRequired":true,"valueName":"search_term_string"}}],"inLanguage":"de-DE"}]}},"_links":{"self":[{"href":"https:\/\/avaldsnes.info\/de\/wp-json\/wp\/v2\/pages\/161"}],"collection":[{"href":"https:\/\/avaldsnes.info\/de\/wp-json\/wp\/v2\/pages"}],"about":[{"href":"https:\/\/avaldsnes.info\/de\/wp-json\/wp\/v2\/types\/page"}],"author":[{"embeddable":true,"href":"https:\/\/avaldsnes.info\/de\/wp-json\/wp\/v2\/users\/3"}],"replies":[{"embeddable":true,"href":"https:\/\/avaldsnes.info\/de\/wp-json\/wp\/v2\/comments?post=161"}],"version-history":[{"count":34,"href":"https:\/\/avaldsnes.info\/de\/wp-json\/wp\/v2\/pages\/161\/revisions"}],"predecessor-version":[{"id":163,"href":"https:\/\/avaldsnes.info\/de\/wp-json\/wp\/v2\/pages\/161\/revisions\/163"}],"up":[{"embeddable":true,"href":"https:\/\/avaldsnes.info\/de\/wp-json\/wp\/v2\/pages\/11"}],"wp:attachment":[{"href":"https:\/\/avaldsnes.info\/de\/wp-json\/wp\/v2\/media?parent=161"}],"curies":[{"name":"wp","href":"https:\/\/api.w.org\/{rel}","templated":true}]}}