{"id":1581,"date":"2013-09-11T14:11:34","date_gmt":"2013-09-11T14:11:34","guid":{"rendered":"https:\/\/avaldsnes.info\/?page_id=1581"},"modified":"2018-10-19T12:14:35","modified_gmt":"2018-10-19T12:14:35","slug":"samfunnet","status":"publish","type":"page","link":"https:\/\/avaldsnes.info\/de\/viking\/samfunnet\/","title":{"rendered":"(Norsk) Samfunnet"},"content":{"rendered":"<p class=\"qtranxs-available-languages-message qtranxs-available-languages-message-de\">Leider ist der Eintrag nur auf <a href=\"https:\/\/avaldsnes.info\/no\/wp-json\/wp\/v2\/pages\/1581\" class=\"qtranxs-available-language-link qtranxs-available-language-link-no\" title=\"Norsk\">Norsk<\/a> und <a href=\"https:\/\/avaldsnes.info\/en\/wp-json\/wp\/v2\/pages\/1581\" class=\"qtranxs-available-language-link qtranxs-available-language-link-en\" title=\"English\">English<\/a> verf\u00fcgbar.<\/p>","protected":false},"excerpt":{"rendered":"<p>Leider ist der Eintrag nur auf Norsk und English verf\u00fcgbar.<\/p>\n","protected":false},"author":3,"featured_media":0,"parent":20,"menu_order":4,"comment_status":"closed","ping_status":"open","template":"","meta":{"footnotes":""},"yoast_head":"<!-- This site is optimized with the Yoast SEO plugin v27.1.1 - https:\/\/yoast.com\/product\/yoast-seo-wordpress\/ -->\n<title>Samfunn. Tinget, Gulatingsloven, fredl\u00f8shet, \u00e6ttesamfunn, \u00e6re og hevn<\/title>\n<meta name=\"description\" content=\"Vikingene var sv\u00e6rt rettsbeviste, men de hadde ikke politi som kunne straffe lovbrytere. Trygghet fant vikingene gjennom slekta og gjennom lovverket. Lovverket ble h\u00e5ndhevet p\u00e5 tinget. Sammenlignet med andre styresett p\u00e5 denne tida, var den norr\u00f8ne tingordningen sv\u00e6rt demokratisk.\" \/>\n<meta name=\"robots\" content=\"index, follow, max-snippet:-1, max-image-preview:large, max-video-preview:-1\" \/>\n<link rel=\"canonical\" href=\"https:\/\/avaldsnes.info\/de\/viking\/samfunnet\/\" \/>\n<meta property=\"og:locale\" content=\"de_DE\" \/>\n<meta property=\"og:type\" content=\"article\" \/>\n<meta property=\"og:title\" content=\"Samfunn. Tinget, Gulatingsloven, fredl\u00f8shet, \u00e6ttesamfunn, \u00e6re og hevn\" \/>\n<meta property=\"og:description\" content=\"Vikingene var sv\u00e6rt rettsbeviste, men de hadde ikke politi som kunne straffe lovbrytere. Trygghet fant vikingene gjennom slekta og gjennom lovverket. Lovverket ble h\u00e5ndhevet p\u00e5 tinget. Sammenlignet med andre styresett p\u00e5 denne tida, var den norr\u00f8ne tingordningen sv\u00e6rt demokratisk.\" \/>\n<meta property=\"og:url\" content=\"https:\/\/avaldsnes.info\/de\/viking\/samfunnet\/\" \/>\n<meta property=\"og:site_name\" content=\"Avaldsnes\" \/>\n<meta property=\"article:modified_time\" content=\"2018-10-19T12:14:35+00:00\" \/>\n<meta property=\"og:image\" content=\"https:\/\/avaldsnes.info\/content\/uploads\/2013\/09\/Tusenaarsstaden_Gulatinget-300x200.jpg\" \/>\n<meta name=\"twitter:label1\" content=\"Est. reading time\" \/>\n\t<meta name=\"twitter:data1\" content=\"27 minutes\" \/>\n<script type=\"application\/ld+json\" class=\"yoast-schema-graph\">{\"@context\":\"https:\/\/schema.org\",\"@graph\":[{\"@type\":\"WebPage\",\"@id\":\"https:\/\/avaldsnes.info\/de\/viking\/samfunnet\/\",\"url\":\"https:\/\/avaldsnes.info\/de\/viking\/samfunnet\/\",\"name\":\"Samfunn. Tinget, Gulatingsloven, fredl\u00f8shet, \u00e6ttesamfunn, \u00e6re og hevn\",\"isPartOf\":{\"@id\":\"https:\/\/avaldsnes.info\/de\/#website\"},\"primaryImageOfPage\":{\"@id\":\"https:\/\/avaldsnes.info\/de\/viking\/samfunnet\/#primaryimage\"},\"image\":{\"@id\":\"https:\/\/avaldsnes.info\/de\/viking\/samfunnet\/#primaryimage\"},\"thumbnailUrl\":\"https:\/\/avaldsnes.info\/content\/uploads\/2013\/09\/Tusenaarsstaden_Gulatinget-300x200.jpg\",\"datePublished\":\"2013-09-11T14:11:34+00:00\",\"dateModified\":\"2018-10-19T12:14:35+00:00\",\"description\":\"Vikingene var sv\u00e6rt rettsbeviste, men de hadde ikke politi som kunne straffe lovbrytere. Trygghet fant vikingene gjennom slekta og gjennom lovverket. Lovverket ble h\u00e5ndhevet p\u00e5 tinget. Sammenlignet med andre styresett p\u00e5 denne tida, var den norr\u00f8ne tingordningen sv\u00e6rt demokratisk.\",\"breadcrumb\":{\"@id\":\"https:\/\/avaldsnes.info\/de\/viking\/samfunnet\/#breadcrumb\"},\"inLanguage\":\"de-DE\",\"potentialAction\":[{\"@type\":\"ReadAction\",\"target\":[[\"https:\/\/avaldsnes.info\/de\/viking\/samfunnet\/\"]]}]},{\"@type\":\"ImageObject\",\"inLanguage\":\"de-DE\",\"@id\":\"https:\/\/avaldsnes.info\/de\/viking\/samfunnet\/#primaryimage\",\"url\":\"https:\/\/avaldsnes.info\/content\/uploads\/2013\/09\/Tusenaarsstaden_Gulatinget-300x200.jpg\",\"contentUrl\":\"https:\/\/avaldsnes.info\/content\/uploads\/2013\/09\/Tusenaarsstaden_Gulatinget-300x200.jpg\"},{\"@type\":\"BreadcrumbList\",\"@id\":\"https:\/\/avaldsnes.info\/de\/viking\/samfunnet\/#breadcrumb\",\"itemListElement\":[{\"@type\":\"ListItem\",\"position\":1,\"name\":\"Home\",\"item\":\"https:\/\/avaldsnes.info\/de\/\"},{\"@type\":\"ListItem\",\"position\":2,\"name\":\"(Norsk) Samfunnet\"}]},{\"@type\":\"WebSite\",\"@id\":\"https:\/\/avaldsnes.info\/de\/#website\",\"url\":\"https:\/\/avaldsnes.info\/de\/\",\"name\":\"Avaldsnes\",\"description\":\"Norges eldste kongesete\",\"potentialAction\":[{\"@type\":\"SearchAction\",\"target\":{\"@type\":\"EntryPoint\",\"urlTemplate\":\"https:\/\/avaldsnes.info\/de\/?s={search_term_string}\"},\"query-input\":{\"@type\":\"PropertyValueSpecification\",\"valueRequired\":true,\"valueName\":\"search_term_string\"}}],\"inLanguage\":\"de-DE\"}]}<\/script>\n<!-- \/ Yoast SEO plugin. -->","yoast_head_json":{"title":"Samfunn. Tinget, Gulatingsloven, fredl\u00f8shet, \u00e6ttesamfunn, \u00e6re og hevn","description":"Vikingene var sv\u00e6rt rettsbeviste, men de hadde ikke politi som kunne straffe lovbrytere. Trygghet fant vikingene gjennom slekta og gjennom lovverket. Lovverket ble h\u00e5ndhevet p\u00e5 tinget. Sammenlignet med andre styresett p\u00e5 denne tida, var den norr\u00f8ne tingordningen sv\u00e6rt demokratisk.","robots":{"index":"index","follow":"follow","max-snippet":"max-snippet:-1","max-image-preview":"max-image-preview:large","max-video-preview":"max-video-preview:-1"},"canonical":"https:\/\/avaldsnes.info\/de\/viking\/samfunnet\/","og_locale":"de_DE","og_type":"article","og_title":"Samfunn. Tinget, Gulatingsloven, fredl\u00f8shet, \u00e6ttesamfunn, \u00e6re og hevn","og_description":"Vikingene var sv\u00e6rt rettsbeviste, men de hadde ikke politi som kunne straffe lovbrytere. Trygghet fant vikingene gjennom slekta og gjennom lovverket. Lovverket ble h\u00e5ndhevet p\u00e5 tinget. Sammenlignet med andre styresett p\u00e5 denne tida, var den norr\u00f8ne tingordningen sv\u00e6rt demokratisk.","og_url":"https:\/\/avaldsnes.info\/de\/viking\/samfunnet\/","og_site_name":"Avaldsnes","article_modified_time":"2018-10-19T12:14:35+00:00","og_image":[{"url":"https:\/\/avaldsnes.info\/content\/uploads\/2013\/09\/Tusenaarsstaden_Gulatinget-300x200.jpg","type":"","width":"","height":""}],"twitter_misc":{"Est. reading time":"27 minutes"},"schema":{"@context":"https:\/\/schema.org","@graph":[{"@type":"WebPage","@id":"https:\/\/avaldsnes.info\/de\/viking\/samfunnet\/","url":"https:\/\/avaldsnes.info\/de\/viking\/samfunnet\/","name":"Samfunn. Tinget, Gulatingsloven, fredl\u00f8shet, \u00e6ttesamfunn, \u00e6re og hevn","isPartOf":{"@id":"https:\/\/avaldsnes.info\/de\/#website"},"primaryImageOfPage":{"@id":"https:\/\/avaldsnes.info\/de\/viking\/samfunnet\/#primaryimage"},"image":{"@id":"https:\/\/avaldsnes.info\/de\/viking\/samfunnet\/#primaryimage"},"thumbnailUrl":"https:\/\/avaldsnes.info\/content\/uploads\/2013\/09\/Tusenaarsstaden_Gulatinget-300x200.jpg","datePublished":"2013-09-11T14:11:34+00:00","dateModified":"2018-10-19T12:14:35+00:00","description":"Vikingene var sv\u00e6rt rettsbeviste, men de hadde ikke politi som kunne straffe lovbrytere. Trygghet fant vikingene gjennom slekta og gjennom lovverket. Lovverket ble h\u00e5ndhevet p\u00e5 tinget. Sammenlignet med andre styresett p\u00e5 denne tida, var den norr\u00f8ne tingordningen sv\u00e6rt demokratisk.","breadcrumb":{"@id":"https:\/\/avaldsnes.info\/de\/viking\/samfunnet\/#breadcrumb"},"inLanguage":"de-DE","potentialAction":[{"@type":"ReadAction","target":[["https:\/\/avaldsnes.info\/de\/viking\/samfunnet\/"]]}]},{"@type":"ImageObject","inLanguage":"de-DE","@id":"https:\/\/avaldsnes.info\/de\/viking\/samfunnet\/#primaryimage","url":"https:\/\/avaldsnes.info\/content\/uploads\/2013\/09\/Tusenaarsstaden_Gulatinget-300x200.jpg","contentUrl":"https:\/\/avaldsnes.info\/content\/uploads\/2013\/09\/Tusenaarsstaden_Gulatinget-300x200.jpg"},{"@type":"BreadcrumbList","@id":"https:\/\/avaldsnes.info\/de\/viking\/samfunnet\/#breadcrumb","itemListElement":[{"@type":"ListItem","position":1,"name":"Home","item":"https:\/\/avaldsnes.info\/de\/"},{"@type":"ListItem","position":2,"name":"(Norsk) Samfunnet"}]},{"@type":"WebSite","@id":"https:\/\/avaldsnes.info\/de\/#website","url":"https:\/\/avaldsnes.info\/de\/","name":"Avaldsnes","description":"Norges eldste kongesete","potentialAction":[{"@type":"SearchAction","target":{"@type":"EntryPoint","urlTemplate":"https:\/\/avaldsnes.info\/de\/?s={search_term_string}"},"query-input":{"@type":"PropertyValueSpecification","valueRequired":true,"valueName":"search_term_string"}}],"inLanguage":"de-DE"}]}},"_links":{"self":[{"href":"https:\/\/avaldsnes.info\/de\/wp-json\/wp\/v2\/pages\/1581"}],"collection":[{"href":"https:\/\/avaldsnes.info\/de\/wp-json\/wp\/v2\/pages"}],"about":[{"href":"https:\/\/avaldsnes.info\/de\/wp-json\/wp\/v2\/types\/page"}],"author":[{"embeddable":true,"href":"https:\/\/avaldsnes.info\/de\/wp-json\/wp\/v2\/users\/3"}],"replies":[{"embeddable":true,"href":"https:\/\/avaldsnes.info\/de\/wp-json\/wp\/v2\/comments?post=1581"}],"version-history":[{"count":113,"href":"https:\/\/avaldsnes.info\/de\/wp-json\/wp\/v2\/pages\/1581\/revisions"}],"predecessor-version":[{"id":5507,"href":"https:\/\/avaldsnes.info\/de\/wp-json\/wp\/v2\/pages\/1581\/revisions\/5507"}],"up":[{"embeddable":true,"href":"https:\/\/avaldsnes.info\/de\/wp-json\/wp\/v2\/pages\/20"}],"wp:attachment":[{"href":"https:\/\/avaldsnes.info\/de\/wp-json\/wp\/v2\/media?parent=1581"}],"curies":[{"name":"wp","href":"https:\/\/api.w.org\/{rel}","templated":true}]}}