{"id":1444,"date":"2013-08-29T08:57:11","date_gmt":"2013-08-29T08:57:11","guid":{"rendered":"https:\/\/avaldsnes.info\/?page_id=1444"},"modified":"2014-11-17T09:32:20","modified_gmt":"2014-11-17T09:32:20","slug":"kjaerlighet-og-ekteskap","status":"publish","type":"page","link":"https:\/\/avaldsnes.info\/de\/viking\/kjaerlighet-og-ekteskap\/","title":{"rendered":"(Norsk) Kj\u00e6rlighet og ekteskap"},"content":{"rendered":"<p class=\"qtranxs-available-languages-message qtranxs-available-languages-message-de\">Leider ist der Eintrag nur auf <a href=\"https:\/\/avaldsnes.info\/no\/wp-json\/wp\/v2\/pages\/1444\" class=\"qtranxs-available-language-link qtranxs-available-language-link-no\" title=\"Norsk\">Norsk<\/a> und <a href=\"https:\/\/avaldsnes.info\/en\/wp-json\/wp\/v2\/pages\/1444\" class=\"qtranxs-available-language-link qtranxs-available-language-link-en\" title=\"English\">English<\/a> verf\u00fcgbar.<\/p>","protected":false},"excerpt":{"rendered":"<p>Leider ist der Eintrag nur auf Norsk und English verf\u00fcgbar.<\/p>\n","protected":false},"author":3,"featured_media":0,"parent":20,"menu_order":3,"comment_status":"closed","ping_status":"open","template":"","meta":{"footnotes":""},"yoast_head":"<!-- This site is optimized with the Yoast SEO plugin v27.1.1 - https:\/\/yoast.com\/product\/yoast-seo-wordpress\/ -->\n<title>Kj\u00e6rlighet og ekteskap i vikingtid.<\/title>\n<meta name=\"description\" content=\"Ekteskap var en familieaff\u00e6re som skulle skape b\u00e5nd og allianser. Motivene kunne v\u00e6re praktiske, \u00f8konomiske eller politiske. Kj\u00e6rlighet hadde lite med saken \u00e5 gj\u00f8re\" \/>\n<meta name=\"robots\" content=\"index, follow, max-snippet:-1, max-image-preview:large, max-video-preview:-1\" \/>\n<link rel=\"canonical\" href=\"https:\/\/avaldsnes.info\/de\/viking\/kjaerlighet-og-ekteskap\/\" \/>\n<meta property=\"og:locale\" content=\"de_DE\" \/>\n<meta property=\"og:type\" content=\"article\" \/>\n<meta property=\"og:title\" content=\"Kj\u00e6rlighet og ekteskap i vikingtid.\" \/>\n<meta property=\"og:description\" content=\"Ekteskap var en familieaff\u00e6re som skulle skape b\u00e5nd og allianser. Motivene kunne v\u00e6re praktiske, \u00f8konomiske eller politiske. Kj\u00e6rlighet hadde lite med saken \u00e5 gj\u00f8re\" \/>\n<meta property=\"og:url\" content=\"https:\/\/avaldsnes.info\/de\/viking\/kjaerlighet-og-ekteskap\/\" \/>\n<meta property=\"og:site_name\" content=\"Avaldsnes\" \/>\n<meta property=\"article:modified_time\" content=\"2014-11-17T09:32:20+00:00\" \/>\n<meta property=\"og:image\" content=\"https:\/\/avaldsnes.info\/content\/uploads\/2013\/08\/Hagbard-og-Signe-1861-by-Josef-Wilhelm-Wallander.-248x300.jpg\" \/>\n<meta name=\"twitter:label1\" content=\"Est. reading time\" \/>\n\t<meta name=\"twitter:data1\" content=\"37 minutes\" \/>\n<script type=\"application\/ld+json\" class=\"yoast-schema-graph\">{\"@context\":\"https:\/\/schema.org\",\"@graph\":[{\"@type\":\"WebPage\",\"@id\":\"https:\/\/avaldsnes.info\/de\/viking\/kjaerlighet-og-ekteskap\/\",\"url\":\"https:\/\/avaldsnes.info\/de\/viking\/kjaerlighet-og-ekteskap\/\",\"name\":\"Kj\u00e6rlighet og ekteskap i vikingtid.\",\"isPartOf\":{\"@id\":\"https:\/\/avaldsnes.info\/de\/#website\"},\"primaryImageOfPage\":{\"@id\":\"https:\/\/avaldsnes.info\/de\/viking\/kjaerlighet-og-ekteskap\/#primaryimage\"},\"image\":{\"@id\":\"https:\/\/avaldsnes.info\/de\/viking\/kjaerlighet-og-ekteskap\/#primaryimage\"},\"thumbnailUrl\":\"https:\/\/avaldsnes.info\/content\/uploads\/2013\/08\/Hagbard-og-Signe-1861-by-Josef-Wilhelm-Wallander.-248x300.jpg\",\"datePublished\":\"2013-08-29T08:57:11+00:00\",\"dateModified\":\"2014-11-17T09:32:20+00:00\",\"description\":\"Ekteskap var en familieaff\u00e6re som skulle skape b\u00e5nd og allianser. Motivene kunne v\u00e6re praktiske, \u00f8konomiske eller politiske. Kj\u00e6rlighet hadde lite med saken \u00e5 gj\u00f8re\",\"breadcrumb\":{\"@id\":\"https:\/\/avaldsnes.info\/de\/viking\/kjaerlighet-og-ekteskap\/#breadcrumb\"},\"inLanguage\":\"de-DE\",\"potentialAction\":[{\"@type\":\"ReadAction\",\"target\":[[\"https:\/\/avaldsnes.info\/de\/viking\/kjaerlighet-og-ekteskap\/\"]]}]},{\"@type\":\"ImageObject\",\"inLanguage\":\"de-DE\",\"@id\":\"https:\/\/avaldsnes.info\/de\/viking\/kjaerlighet-og-ekteskap\/#primaryimage\",\"url\":\"https:\/\/avaldsnes.info\/content\/uploads\/2013\/08\/Hagbard-og-Signe-1861-by-Josef-Wilhelm-Wallander.-248x300.jpg\",\"contentUrl\":\"https:\/\/avaldsnes.info\/content\/uploads\/2013\/08\/Hagbard-og-Signe-1861-by-Josef-Wilhelm-Wallander.-248x300.jpg\"},{\"@type\":\"BreadcrumbList\",\"@id\":\"https:\/\/avaldsnes.info\/de\/viking\/kjaerlighet-og-ekteskap\/#breadcrumb\",\"itemListElement\":[{\"@type\":\"ListItem\",\"position\":1,\"name\":\"Home\",\"item\":\"https:\/\/avaldsnes.info\/de\/\"},{\"@type\":\"ListItem\",\"position\":2,\"name\":\"(Norsk) Kj\u00e6rlighet og ekteskap\"}]},{\"@type\":\"WebSite\",\"@id\":\"https:\/\/avaldsnes.info\/de\/#website\",\"url\":\"https:\/\/avaldsnes.info\/de\/\",\"name\":\"Avaldsnes\",\"description\":\"Norges eldste kongesete\",\"potentialAction\":[{\"@type\":\"SearchAction\",\"target\":{\"@type\":\"EntryPoint\",\"urlTemplate\":\"https:\/\/avaldsnes.info\/de\/?s={search_term_string}\"},\"query-input\":{\"@type\":\"PropertyValueSpecification\",\"valueRequired\":true,\"valueName\":\"search_term_string\"}}],\"inLanguage\":\"de-DE\"}]}<\/script>\n<!-- \/ Yoast SEO plugin. -->","yoast_head_json":{"title":"Kj\u00e6rlighet og ekteskap i vikingtid.","description":"Ekteskap var en familieaff\u00e6re som skulle skape b\u00e5nd og allianser. Motivene kunne v\u00e6re praktiske, \u00f8konomiske eller politiske. Kj\u00e6rlighet hadde lite med saken \u00e5 gj\u00f8re","robots":{"index":"index","follow":"follow","max-snippet":"max-snippet:-1","max-image-preview":"max-image-preview:large","max-video-preview":"max-video-preview:-1"},"canonical":"https:\/\/avaldsnes.info\/de\/viking\/kjaerlighet-og-ekteskap\/","og_locale":"de_DE","og_type":"article","og_title":"Kj\u00e6rlighet og ekteskap i vikingtid.","og_description":"Ekteskap var en familieaff\u00e6re som skulle skape b\u00e5nd og allianser. Motivene kunne v\u00e6re praktiske, \u00f8konomiske eller politiske. Kj\u00e6rlighet hadde lite med saken \u00e5 gj\u00f8re","og_url":"https:\/\/avaldsnes.info\/de\/viking\/kjaerlighet-og-ekteskap\/","og_site_name":"Avaldsnes","article_modified_time":"2014-11-17T09:32:20+00:00","og_image":[{"url":"https:\/\/avaldsnes.info\/content\/uploads\/2013\/08\/Hagbard-og-Signe-1861-by-Josef-Wilhelm-Wallander.-248x300.jpg","type":"","width":"","height":""}],"twitter_misc":{"Est. reading time":"37 minutes"},"schema":{"@context":"https:\/\/schema.org","@graph":[{"@type":"WebPage","@id":"https:\/\/avaldsnes.info\/de\/viking\/kjaerlighet-og-ekteskap\/","url":"https:\/\/avaldsnes.info\/de\/viking\/kjaerlighet-og-ekteskap\/","name":"Kj\u00e6rlighet og ekteskap i vikingtid.","isPartOf":{"@id":"https:\/\/avaldsnes.info\/de\/#website"},"primaryImageOfPage":{"@id":"https:\/\/avaldsnes.info\/de\/viking\/kjaerlighet-og-ekteskap\/#primaryimage"},"image":{"@id":"https:\/\/avaldsnes.info\/de\/viking\/kjaerlighet-og-ekteskap\/#primaryimage"},"thumbnailUrl":"https:\/\/avaldsnes.info\/content\/uploads\/2013\/08\/Hagbard-og-Signe-1861-by-Josef-Wilhelm-Wallander.-248x300.jpg","datePublished":"2013-08-29T08:57:11+00:00","dateModified":"2014-11-17T09:32:20+00:00","description":"Ekteskap var en familieaff\u00e6re som skulle skape b\u00e5nd og allianser. Motivene kunne v\u00e6re praktiske, \u00f8konomiske eller politiske. Kj\u00e6rlighet hadde lite med saken \u00e5 gj\u00f8re","breadcrumb":{"@id":"https:\/\/avaldsnes.info\/de\/viking\/kjaerlighet-og-ekteskap\/#breadcrumb"},"inLanguage":"de-DE","potentialAction":[{"@type":"ReadAction","target":[["https:\/\/avaldsnes.info\/de\/viking\/kjaerlighet-og-ekteskap\/"]]}]},{"@type":"ImageObject","inLanguage":"de-DE","@id":"https:\/\/avaldsnes.info\/de\/viking\/kjaerlighet-og-ekteskap\/#primaryimage","url":"https:\/\/avaldsnes.info\/content\/uploads\/2013\/08\/Hagbard-og-Signe-1861-by-Josef-Wilhelm-Wallander.-248x300.jpg","contentUrl":"https:\/\/avaldsnes.info\/content\/uploads\/2013\/08\/Hagbard-og-Signe-1861-by-Josef-Wilhelm-Wallander.-248x300.jpg"},{"@type":"BreadcrumbList","@id":"https:\/\/avaldsnes.info\/de\/viking\/kjaerlighet-og-ekteskap\/#breadcrumb","itemListElement":[{"@type":"ListItem","position":1,"name":"Home","item":"https:\/\/avaldsnes.info\/de\/"},{"@type":"ListItem","position":2,"name":"(Norsk) Kj\u00e6rlighet og ekteskap"}]},{"@type":"WebSite","@id":"https:\/\/avaldsnes.info\/de\/#website","url":"https:\/\/avaldsnes.info\/de\/","name":"Avaldsnes","description":"Norges eldste kongesete","potentialAction":[{"@type":"SearchAction","target":{"@type":"EntryPoint","urlTemplate":"https:\/\/avaldsnes.info\/de\/?s={search_term_string}"},"query-input":{"@type":"PropertyValueSpecification","valueRequired":true,"valueName":"search_term_string"}}],"inLanguage":"de-DE"}]}},"_links":{"self":[{"href":"https:\/\/avaldsnes.info\/de\/wp-json\/wp\/v2\/pages\/1444"}],"collection":[{"href":"https:\/\/avaldsnes.info\/de\/wp-json\/wp\/v2\/pages"}],"about":[{"href":"https:\/\/avaldsnes.info\/de\/wp-json\/wp\/v2\/types\/page"}],"author":[{"embeddable":true,"href":"https:\/\/avaldsnes.info\/de\/wp-json\/wp\/v2\/users\/3"}],"replies":[{"embeddable":true,"href":"https:\/\/avaldsnes.info\/de\/wp-json\/wp\/v2\/comments?post=1444"}],"version-history":[{"count":89,"href":"https:\/\/avaldsnes.info\/de\/wp-json\/wp\/v2\/pages\/1444\/revisions"}],"predecessor-version":[{"id":1447,"href":"https:\/\/avaldsnes.info\/de\/wp-json\/wp\/v2\/pages\/1444\/revisions\/1447"}],"up":[{"embeddable":true,"href":"https:\/\/avaldsnes.info\/de\/wp-json\/wp\/v2\/pages\/20"}],"wp:attachment":[{"href":"https:\/\/avaldsnes.info\/de\/wp-json\/wp\/v2\/media?parent=1444"}],"curies":[{"name":"wp","href":"https:\/\/api.w.org\/{rel}","templated":true}]}}