{"id":13,"date":"2012-12-10T13:52:29","date_gmt":"2012-12-10T13:52:29","guid":{"rendered":"https:\/\/avaldsnes.info\/?page_id=13"},"modified":"2026-02-25T09:40:35","modified_gmt":"2026-02-25T09:40:35","slug":"olavskirken","status":"publish","type":"page","link":"https:\/\/avaldsnes.info\/de\/olavskirken\/","title":{"rendered":"Olavskirken"},"content":{"rendered":"<p><\/p>\n<h1>Lorem Ipsum<\/h1>\n<p class=\"lead\"><strong>Lorem Ipsum<\/strong>\u00a0er rett og slett dummytekst fra og for trykkeindustrien.<\/p>\n<p>Lorem Ipsum har v\u00e6rt bransjens standard for dummytekst helt siden 1500-tallet, da en ukjent boktrykker stokket en mengde bokstaver for \u00e5 lage et pr\u00f8veeksemplar av en bok.<\/p>\n<p>Lorem Ipsum har t\u00e5lt tidens tann usedvanlig godt, og har i tillegg til \u00e5 best\u00e5 gjennom fem \u00e5rhundrer ogs\u00e5 t\u00e5lt spranget over til elektronisk typografi uten vesentlige endringer. Lorem Ipsum ble gjort allment kjent i 1960-\u00e5rene ved lanseringen av Letraset-ark med avsnitt fra Lorem Ipsum, og senere med sideombrekkingsprogrammet Aldus PageMaker som tok i bruk nettopp Lorem Ipsum for dummytekst.<\/p>\n<\/p>\n<p><\/p>","protected":false},"excerpt":{"rendered":"<p>Lorem Ipsum Lorem Ipsum\u00a0er rett og slett dummytekst fra og for trykkeindustrien. Lorem Ipsum har v\u00e6rt bransjens standard for dummytekst helt siden 1500-tallet, da en ukjent boktrykker stokket en mengde bokstaver for \u00e5 lage et pr\u00f8veeksemplar av en bok. Lorem Ipsum har t\u00e5lt tidens tann usedvanlig godt, og har i tillegg til \u00e5 best\u00e5 gjennom [&hellip;]<\/p>\n","protected":false},"author":1,"featured_media":0,"parent":0,"menu_order":4,"comment_status":"closed","ping_status":"open","template":"","meta":{"footnotes":""},"yoast_head":"<!-- This site is optimized with the Yoast SEO plugin v27.1.1 - https:\/\/yoast.com\/product\/yoast-seo-wordpress\/ -->\n<title>Olavskirken - Avaldsnes<\/title>\n<meta name=\"description\" content=\"Olavskirken p\u00e5 Avaldsnes ble reist av H\u00e5kon H\u00e5konsson rundt 1250. Den var da kongens personlige kirke og en del av et st\u00f8rre kongsg\u00e5rdanlegg. Trolig har den v\u00e6rt en overbygd gangveg fra kirken til kongshallen.\" \/>\n<meta name=\"robots\" content=\"index, follow, max-snippet:-1, max-image-preview:large, max-video-preview:-1\" \/>\n<link rel=\"canonical\" href=\"https:\/\/avaldsnes.info\/de\/olavskirken\/\" \/>\n<meta property=\"og:locale\" content=\"de_DE\" \/>\n<meta property=\"og:type\" content=\"article\" \/>\n<meta property=\"og:title\" content=\"Olavskirken - Avaldsnes\" \/>\n<meta property=\"og:description\" content=\"Olavskirken p\u00e5 Avaldsnes ble reist av H\u00e5kon H\u00e5konsson rundt 1250. Den var da kongens personlige kirke og en del av et st\u00f8rre kongsg\u00e5rdanlegg. Trolig har den v\u00e6rt en overbygd gangveg fra kirken til kongshallen.\" \/>\n<meta property=\"og:url\" content=\"https:\/\/avaldsnes.info\/de\/olavskirken\/\" \/>\n<meta property=\"og:site_name\" content=\"Avaldsnes\" \/>\n<meta property=\"article:modified_time\" content=\"2026-02-25T09:40:35+00:00\" \/>\n<meta property=\"og:image\" content=\"https:\/\/avaldsnes.info\/content\/uploads\/2012\/12\/Avaldsnes_06-300x171.jpg\" \/>\n<meta name=\"twitter:label1\" content=\"Est. reading time\" \/>\n\t<meta name=\"twitter:data1\" content=\"5 minutes\" \/>\n<script type=\"application\/ld+json\" class=\"yoast-schema-graph\">{\"@context\":\"https:\/\/schema.org\",\"@graph\":[{\"@type\":\"WebPage\",\"@id\":\"https:\/\/avaldsnes.info\/de\/olavskirken\/\",\"url\":\"https:\/\/avaldsnes.info\/de\/olavskirken\/\",\"name\":\"Olavskirken - Avaldsnes\",\"isPartOf\":{\"@id\":\"https:\/\/avaldsnes.info\/de\/#website\"},\"primaryImageOfPage\":{\"@id\":\"https:\/\/avaldsnes.info\/de\/olavskirken\/#primaryimage\"},\"image\":{\"@id\":\"https:\/\/avaldsnes.info\/de\/olavskirken\/#primaryimage\"},\"thumbnailUrl\":\"https:\/\/avaldsnes.info\/content\/uploads\/2012\/12\/Avaldsnes_06-300x171.jpg\",\"datePublished\":\"2012-12-10T13:52:29+00:00\",\"dateModified\":\"2026-02-25T09:40:35+00:00\",\"description\":\"Olavskirken p\u00e5 Avaldsnes ble reist av H\u00e5kon H\u00e5konsson rundt 1250. Den var da kongens personlige kirke og en del av et st\u00f8rre kongsg\u00e5rdanlegg. Trolig har den v\u00e6rt en overbygd gangveg fra kirken til kongshallen.\",\"breadcrumb\":{\"@id\":\"https:\/\/avaldsnes.info\/de\/olavskirken\/#breadcrumb\"},\"inLanguage\":\"de-DE\",\"potentialAction\":[{\"@type\":\"ReadAction\",\"target\":[[\"https:\/\/avaldsnes.info\/de\/olavskirken\/\"]]}]},{\"@type\":\"ImageObject\",\"inLanguage\":\"de-DE\",\"@id\":\"https:\/\/avaldsnes.info\/de\/olavskirken\/#primaryimage\",\"url\":\"https:\/\/avaldsnes.info\/content\/uploads\/2012\/12\/Avaldsnes_06-300x171.jpg\",\"contentUrl\":\"https:\/\/avaldsnes.info\/content\/uploads\/2012\/12\/Avaldsnes_06-300x171.jpg\"},{\"@type\":\"BreadcrumbList\",\"@id\":\"https:\/\/avaldsnes.info\/de\/olavskirken\/#breadcrumb\",\"itemListElement\":[{\"@type\":\"ListItem\",\"position\":1,\"name\":\"Home\",\"item\":\"https:\/\/avaldsnes.info\/de\/\"},{\"@type\":\"ListItem\",\"position\":2,\"name\":\"Olavskirken\"}]},{\"@type\":\"WebSite\",\"@id\":\"https:\/\/avaldsnes.info\/de\/#website\",\"url\":\"https:\/\/avaldsnes.info\/de\/\",\"name\":\"Avaldsnes\",\"description\":\"Norges eldste kongesete\",\"potentialAction\":[{\"@type\":\"SearchAction\",\"target\":{\"@type\":\"EntryPoint\",\"urlTemplate\":\"https:\/\/avaldsnes.info\/de\/?s={search_term_string}\"},\"query-input\":{\"@type\":\"PropertyValueSpecification\",\"valueRequired\":true,\"valueName\":\"search_term_string\"}}],\"inLanguage\":\"de-DE\"}]}<\/script>\n<!-- \/ Yoast SEO plugin. -->","yoast_head_json":{"title":"Olavskirken - Avaldsnes","description":"Olavskirken p\u00e5 Avaldsnes ble reist av H\u00e5kon H\u00e5konsson rundt 1250. Den var da kongens personlige kirke og en del av et st\u00f8rre kongsg\u00e5rdanlegg. Trolig har den v\u00e6rt en overbygd gangveg fra kirken til kongshallen.","robots":{"index":"index","follow":"follow","max-snippet":"max-snippet:-1","max-image-preview":"max-image-preview:large","max-video-preview":"max-video-preview:-1"},"canonical":"https:\/\/avaldsnes.info\/de\/olavskirken\/","og_locale":"de_DE","og_type":"article","og_title":"Olavskirken - Avaldsnes","og_description":"Olavskirken p\u00e5 Avaldsnes ble reist av H\u00e5kon H\u00e5konsson rundt 1250. Den var da kongens personlige kirke og en del av et st\u00f8rre kongsg\u00e5rdanlegg. Trolig har den v\u00e6rt en overbygd gangveg fra kirken til kongshallen.","og_url":"https:\/\/avaldsnes.info\/de\/olavskirken\/","og_site_name":"Avaldsnes","article_modified_time":"2026-02-25T09:40:35+00:00","og_image":[{"url":"https:\/\/avaldsnes.info\/content\/uploads\/2012\/12\/Avaldsnes_06-300x171.jpg","type":"","width":"","height":""}],"twitter_misc":{"Est. reading time":"5 minutes"},"schema":{"@context":"https:\/\/schema.org","@graph":[{"@type":"WebPage","@id":"https:\/\/avaldsnes.info\/de\/olavskirken\/","url":"https:\/\/avaldsnes.info\/de\/olavskirken\/","name":"Olavskirken - Avaldsnes","isPartOf":{"@id":"https:\/\/avaldsnes.info\/de\/#website"},"primaryImageOfPage":{"@id":"https:\/\/avaldsnes.info\/de\/olavskirken\/#primaryimage"},"image":{"@id":"https:\/\/avaldsnes.info\/de\/olavskirken\/#primaryimage"},"thumbnailUrl":"https:\/\/avaldsnes.info\/content\/uploads\/2012\/12\/Avaldsnes_06-300x171.jpg","datePublished":"2012-12-10T13:52:29+00:00","dateModified":"2026-02-25T09:40:35+00:00","description":"Olavskirken p\u00e5 Avaldsnes ble reist av H\u00e5kon H\u00e5konsson rundt 1250. Den var da kongens personlige kirke og en del av et st\u00f8rre kongsg\u00e5rdanlegg. Trolig har den v\u00e6rt en overbygd gangveg fra kirken til kongshallen.","breadcrumb":{"@id":"https:\/\/avaldsnes.info\/de\/olavskirken\/#breadcrumb"},"inLanguage":"de-DE","potentialAction":[{"@type":"ReadAction","target":[["https:\/\/avaldsnes.info\/de\/olavskirken\/"]]}]},{"@type":"ImageObject","inLanguage":"de-DE","@id":"https:\/\/avaldsnes.info\/de\/olavskirken\/#primaryimage","url":"https:\/\/avaldsnes.info\/content\/uploads\/2012\/12\/Avaldsnes_06-300x171.jpg","contentUrl":"https:\/\/avaldsnes.info\/content\/uploads\/2012\/12\/Avaldsnes_06-300x171.jpg"},{"@type":"BreadcrumbList","@id":"https:\/\/avaldsnes.info\/de\/olavskirken\/#breadcrumb","itemListElement":[{"@type":"ListItem","position":1,"name":"Home","item":"https:\/\/avaldsnes.info\/de\/"},{"@type":"ListItem","position":2,"name":"Olavskirken"}]},{"@type":"WebSite","@id":"https:\/\/avaldsnes.info\/de\/#website","url":"https:\/\/avaldsnes.info\/de\/","name":"Avaldsnes","description":"Norges eldste kongesete","potentialAction":[{"@type":"SearchAction","target":{"@type":"EntryPoint","urlTemplate":"https:\/\/avaldsnes.info\/de\/?s={search_term_string}"},"query-input":{"@type":"PropertyValueSpecification","valueRequired":true,"valueName":"search_term_string"}}],"inLanguage":"de-DE"}]}},"_links":{"self":[{"href":"https:\/\/avaldsnes.info\/de\/wp-json\/wp\/v2\/pages\/13"}],"collection":[{"href":"https:\/\/avaldsnes.info\/de\/wp-json\/wp\/v2\/pages"}],"about":[{"href":"https:\/\/avaldsnes.info\/de\/wp-json\/wp\/v2\/types\/page"}],"author":[{"embeddable":true,"href":"https:\/\/avaldsnes.info\/de\/wp-json\/wp\/v2\/users\/1"}],"replies":[{"embeddable":true,"href":"https:\/\/avaldsnes.info\/de\/wp-json\/wp\/v2\/comments?post=13"}],"version-history":[{"count":53,"href":"https:\/\/avaldsnes.info\/de\/wp-json\/wp\/v2\/pages\/13\/revisions"}],"predecessor-version":[{"id":6567,"href":"https:\/\/avaldsnes.info\/de\/wp-json\/wp\/v2\/pages\/13\/revisions\/6567"}],"wp:attachment":[{"href":"https:\/\/avaldsnes.info\/de\/wp-json\/wp\/v2\/media?parent=13"}],"curies":[{"name":"wp","href":"https:\/\/api.w.org\/{rel}","templated":true}]}}