{"id":124,"date":"2013-03-25T10:32:27","date_gmt":"2013-03-25T10:32:27","guid":{"rendered":"https:\/\/avaldsnes.info\/?page_id=124"},"modified":"2022-08-09T12:26:37","modified_gmt":"2022-08-09T12:26:37","slug":"%e4%b8%ad%e6%96%87-presse","status":"publish","type":"page","link":"https:\/\/avaldsnes.info\/de\/informasjon\/%e4%b8%ad%e6%96%87-presse\/","title":{"rendered":"(Norsk) Flagghaugfyrsten"},"content":{"rendered":"<p class=\"qtranxs-available-languages-message qtranxs-available-languages-message-de\">Leider ist der Eintrag nur auf <a href=\"https:\/\/avaldsnes.info\/no\/wp-json\/wp\/v2\/pages\/124\" class=\"qtranxs-available-language-link qtranxs-available-language-link-no\" title=\"Norsk\">Norsk<\/a> und <a href=\"https:\/\/avaldsnes.info\/en\/wp-json\/wp\/v2\/pages\/124\" class=\"qtranxs-available-language-link qtranxs-available-language-link-en\" title=\"English\">English<\/a> verf\u00fcgbar.<\/p>","protected":false},"excerpt":{"rendered":"<p>Leider ist der Eintrag nur auf Norsk und English verf\u00fcgbar.<\/p>\n","protected":false},"author":1,"featured_media":0,"parent":22,"menu_order":15,"comment_status":"closed","ping_status":"open","template":"","meta":{"footnotes":""},"yoast_head":"<!-- This site is optimized with the Yoast SEO plugin v27.1.1 - https:\/\/yoast.com\/product\/yoast-seo-wordpress\/ -->\n<title>Flagghaugfyrsten (Yngre romartid) Avaldsnes<\/title>\n<meta name=\"description\" content=\"Tekst Marit Synn\u00f8ve Vea Flagghaugfyrsten levde p\u00e5 200-talet. Han kan ha vore den f\u00f8rste av avaldsnesfyrstane som blei kalla konge (GN konungr) eller drott\" \/>\n<meta name=\"robots\" content=\"index, follow, max-snippet:-1, max-image-preview:large, max-video-preview:-1\" \/>\n<link rel=\"canonical\" href=\"https:\/\/avaldsnes.info\/de\/informasjon\/\u4e2d\u6587-presse\/\" \/>\n<meta property=\"og:locale\" content=\"de_DE\" \/>\n<meta property=\"og:type\" content=\"article\" \/>\n<meta property=\"og:title\" content=\"Flagghaugfyrsten (Yngre romartid) Avaldsnes\" \/>\n<meta property=\"og:description\" content=\"Tekst Marit Synn\u00f8ve Vea Flagghaugfyrsten levde p\u00e5 200-talet. Han kan ha vore den f\u00f8rste av avaldsnesfyrstane som blei kalla konge (GN konungr) eller drott\" \/>\n<meta property=\"og:url\" content=\"https:\/\/avaldsnes.info\/de\/informasjon\/\u4e2d\u6587-presse\/\" \/>\n<meta property=\"og:site_name\" content=\"Avaldsnes\" \/>\n<meta property=\"article:modified_time\" content=\"2022-08-09T12:26:37+00:00\" \/>\n<meta property=\"og:image\" content=\"https:\/\/avaldsnes.info\/content\/uploads\/2013\/03\/flagghaugfunn1-225x300.jpg\" \/>\n<meta name=\"twitter:label1\" content=\"Est. reading time\" \/>\n\t<meta name=\"twitter:data1\" content=\"17 minutes\" \/>\n<script type=\"application\/ld+json\" class=\"yoast-schema-graph\">{\"@context\":\"https:\/\/schema.org\",\"@graph\":[{\"@type\":\"WebPage\",\"@id\":\"https:\/\/avaldsnes.info\/de\/informasjon\/%e4%b8%ad%e6%96%87-presse\/\",\"url\":\"https:\/\/avaldsnes.info\/de\/informasjon\/%e4%b8%ad%e6%96%87-presse\/\",\"name\":\"Flagghaugfyrsten (Yngre romartid) Avaldsnes\",\"isPartOf\":{\"@id\":\"https:\/\/avaldsnes.info\/de\/#website\"},\"primaryImageOfPage\":{\"@id\":\"https:\/\/avaldsnes.info\/de\/informasjon\/%e4%b8%ad%e6%96%87-presse\/#primaryimage\"},\"image\":{\"@id\":\"https:\/\/avaldsnes.info\/de\/informasjon\/%e4%b8%ad%e6%96%87-presse\/#primaryimage\"},\"thumbnailUrl\":\"https:\/\/avaldsnes.info\/content\/uploads\/2013\/03\/flagghaugfunn1-225x300.jpg\",\"datePublished\":\"2013-03-25T10:32:27+00:00\",\"dateModified\":\"2022-08-09T12:26:37+00:00\",\"description\":\"Tekst Marit Synn\u00f8ve Vea Flagghaugfyrsten levde p\u00e5 200-talet. Han kan ha vore den f\u00f8rste av avaldsnesfyrstane som blei kalla konge (GN konungr) eller drott\",\"breadcrumb\":{\"@id\":\"https:\/\/avaldsnes.info\/de\/informasjon\/%e4%b8%ad%e6%96%87-presse\/#breadcrumb\"},\"inLanguage\":\"de-DE\",\"potentialAction\":[{\"@type\":\"ReadAction\",\"target\":[[\"https:\/\/avaldsnes.info\/de\/informasjon\/%e4%b8%ad%e6%96%87-presse\/\"]]}]},{\"@type\":\"ImageObject\",\"inLanguage\":\"de-DE\",\"@id\":\"https:\/\/avaldsnes.info\/de\/informasjon\/%e4%b8%ad%e6%96%87-presse\/#primaryimage\",\"url\":\"https:\/\/avaldsnes.info\/content\/uploads\/2013\/03\/flagghaugfunn1-225x300.jpg\",\"contentUrl\":\"https:\/\/avaldsnes.info\/content\/uploads\/2013\/03\/flagghaugfunn1-225x300.jpg\"},{\"@type\":\"BreadcrumbList\",\"@id\":\"https:\/\/avaldsnes.info\/de\/informasjon\/%e4%b8%ad%e6%96%87-presse\/#breadcrumb\",\"itemListElement\":[{\"@type\":\"ListItem\",\"position\":1,\"name\":\"Home\",\"item\":\"https:\/\/avaldsnes.info\/de\/\"},{\"@type\":\"ListItem\",\"position\":2,\"name\":\"(Norsk) Flagghaugfyrsten\"}]},{\"@type\":\"WebSite\",\"@id\":\"https:\/\/avaldsnes.info\/de\/#website\",\"url\":\"https:\/\/avaldsnes.info\/de\/\",\"name\":\"Avaldsnes\",\"description\":\"Norges eldste kongesete\",\"potentialAction\":[{\"@type\":\"SearchAction\",\"target\":{\"@type\":\"EntryPoint\",\"urlTemplate\":\"https:\/\/avaldsnes.info\/de\/?s={search_term_string}\"},\"query-input\":{\"@type\":\"PropertyValueSpecification\",\"valueRequired\":true,\"valueName\":\"search_term_string\"}}],\"inLanguage\":\"de-DE\"}]}<\/script>\n<!-- \/ Yoast SEO plugin. -->","yoast_head_json":{"title":"Flagghaugfyrsten (Yngre romartid) Avaldsnes","description":"Tekst Marit Synn\u00f8ve Vea Flagghaugfyrsten levde p\u00e5 200-talet. Han kan ha vore den f\u00f8rste av avaldsnesfyrstane som blei kalla konge (GN konungr) eller drott","robots":{"index":"index","follow":"follow","max-snippet":"max-snippet:-1","max-image-preview":"max-image-preview:large","max-video-preview":"max-video-preview:-1"},"canonical":"https:\/\/avaldsnes.info\/de\/informasjon\/\u4e2d\u6587-presse\/","og_locale":"de_DE","og_type":"article","og_title":"Flagghaugfyrsten (Yngre romartid) Avaldsnes","og_description":"Tekst Marit Synn\u00f8ve Vea Flagghaugfyrsten levde p\u00e5 200-talet. Han kan ha vore den f\u00f8rste av avaldsnesfyrstane som blei kalla konge (GN konungr) eller drott","og_url":"https:\/\/avaldsnes.info\/de\/informasjon\/\u4e2d\u6587-presse\/","og_site_name":"Avaldsnes","article_modified_time":"2022-08-09T12:26:37+00:00","og_image":[{"url":"https:\/\/avaldsnes.info\/content\/uploads\/2013\/03\/flagghaugfunn1-225x300.jpg","type":"","width":"","height":""}],"twitter_misc":{"Est. reading time":"17 minutes"},"schema":{"@context":"https:\/\/schema.org","@graph":[{"@type":"WebPage","@id":"https:\/\/avaldsnes.info\/de\/informasjon\/%e4%b8%ad%e6%96%87-presse\/","url":"https:\/\/avaldsnes.info\/de\/informasjon\/%e4%b8%ad%e6%96%87-presse\/","name":"Flagghaugfyrsten (Yngre romartid) Avaldsnes","isPartOf":{"@id":"https:\/\/avaldsnes.info\/de\/#website"},"primaryImageOfPage":{"@id":"https:\/\/avaldsnes.info\/de\/informasjon\/%e4%b8%ad%e6%96%87-presse\/#primaryimage"},"image":{"@id":"https:\/\/avaldsnes.info\/de\/informasjon\/%e4%b8%ad%e6%96%87-presse\/#primaryimage"},"thumbnailUrl":"https:\/\/avaldsnes.info\/content\/uploads\/2013\/03\/flagghaugfunn1-225x300.jpg","datePublished":"2013-03-25T10:32:27+00:00","dateModified":"2022-08-09T12:26:37+00:00","description":"Tekst Marit Synn\u00f8ve Vea Flagghaugfyrsten levde p\u00e5 200-talet. Han kan ha vore den f\u00f8rste av avaldsnesfyrstane som blei kalla konge (GN konungr) eller drott","breadcrumb":{"@id":"https:\/\/avaldsnes.info\/de\/informasjon\/%e4%b8%ad%e6%96%87-presse\/#breadcrumb"},"inLanguage":"de-DE","potentialAction":[{"@type":"ReadAction","target":[["https:\/\/avaldsnes.info\/de\/informasjon\/%e4%b8%ad%e6%96%87-presse\/"]]}]},{"@type":"ImageObject","inLanguage":"de-DE","@id":"https:\/\/avaldsnes.info\/de\/informasjon\/%e4%b8%ad%e6%96%87-presse\/#primaryimage","url":"https:\/\/avaldsnes.info\/content\/uploads\/2013\/03\/flagghaugfunn1-225x300.jpg","contentUrl":"https:\/\/avaldsnes.info\/content\/uploads\/2013\/03\/flagghaugfunn1-225x300.jpg"},{"@type":"BreadcrumbList","@id":"https:\/\/avaldsnes.info\/de\/informasjon\/%e4%b8%ad%e6%96%87-presse\/#breadcrumb","itemListElement":[{"@type":"ListItem","position":1,"name":"Home","item":"https:\/\/avaldsnes.info\/de\/"},{"@type":"ListItem","position":2,"name":"(Norsk) Flagghaugfyrsten"}]},{"@type":"WebSite","@id":"https:\/\/avaldsnes.info\/de\/#website","url":"https:\/\/avaldsnes.info\/de\/","name":"Avaldsnes","description":"Norges eldste kongesete","potentialAction":[{"@type":"SearchAction","target":{"@type":"EntryPoint","urlTemplate":"https:\/\/avaldsnes.info\/de\/?s={search_term_string}"},"query-input":{"@type":"PropertyValueSpecification","valueRequired":true,"valueName":"search_term_string"}}],"inLanguage":"de-DE"}]}},"_links":{"self":[{"href":"https:\/\/avaldsnes.info\/de\/wp-json\/wp\/v2\/pages\/124"}],"collection":[{"href":"https:\/\/avaldsnes.info\/de\/wp-json\/wp\/v2\/pages"}],"about":[{"href":"https:\/\/avaldsnes.info\/de\/wp-json\/wp\/v2\/types\/page"}],"author":[{"embeddable":true,"href":"https:\/\/avaldsnes.info\/de\/wp-json\/wp\/v2\/users\/1"}],"replies":[{"embeddable":true,"href":"https:\/\/avaldsnes.info\/de\/wp-json\/wp\/v2\/comments?post=124"}],"version-history":[{"count":70,"href":"https:\/\/avaldsnes.info\/de\/wp-json\/wp\/v2\/pages\/124\/revisions"}],"predecessor-version":[{"id":6263,"href":"https:\/\/avaldsnes.info\/de\/wp-json\/wp\/v2\/pages\/124\/revisions\/6263"}],"up":[{"embeddable":true,"href":"https:\/\/avaldsnes.info\/de\/wp-json\/wp\/v2\/pages\/22"}],"wp:attachment":[{"href":"https:\/\/avaldsnes.info\/de\/wp-json\/wp\/v2\/media?parent=124"}],"curies":[{"name":"wp","href":"https:\/\/api.w.org\/{rel}","templated":true}]}}