{"id":1145,"date":"2013-08-21T14:43:39","date_gmt":"2013-08-21T14:43:39","guid":{"rendered":"https:\/\/avaldsnes.info\/?page_id=1145"},"modified":"2022-11-23T11:25:02","modified_gmt":"2022-11-23T11:25:02","slug":"steinalder-12-000-1-500-f-kr","status":"publish","type":"page","link":"https:\/\/avaldsnes.info\/de\/historie\/steinalder-12-000-1-500-f-kr\/","title":{"rendered":"(Norsk) Steinalder (12 000 &#8211; 1 800 f. Kr)"},"content":{"rendered":"<p class=\"qtranxs-available-languages-message qtranxs-available-languages-message-de\">Leider ist der Eintrag nur auf <a href=\"https:\/\/avaldsnes.info\/no\/wp-json\/wp\/v2\/pages\/1145\" class=\"qtranxs-available-language-link qtranxs-available-language-link-no\" title=\"Norsk\">Norsk<\/a> und <a href=\"https:\/\/avaldsnes.info\/en\/wp-json\/wp\/v2\/pages\/1145\" class=\"qtranxs-available-language-link qtranxs-available-language-link-en\" title=\"English\">English<\/a> verf\u00fcgbar.<\/p>","protected":false},"excerpt":{"rendered":"<p>Leider ist der Eintrag nur auf Norsk und English verf\u00fcgbar.<\/p>\n","protected":false},"author":3,"featured_media":0,"parent":5,"menu_order":8,"comment_status":"closed","ping_status":"open","template":"","meta":{"footnotes":""},"yoast_head":"<!-- This site is optimized with the Yoast SEO plugin v27.1.1 - https:\/\/yoast.com\/product\/yoast-seo-wordpress\/ -->\n<title>Steinalder (12 000 - 1 800 f. Kr) Avaldsnes<\/title>\n<meta name=\"description\" content=\"Steinalder. Karm\u00f8y ligger i det omr\u00e5det som f\u00f8rst dukket fram da isen trakk seg bort for ca 14000 \u00e5r siden, men fremdeles var store deler av Norge dekket av en iskappe. Menneskene jaktet b\u00e5de p\u00e5 sel og storvilt. Skjell og fisk var en viktig del av kosten\" \/>\n<meta name=\"robots\" content=\"index, follow, max-snippet:-1, max-image-preview:large, max-video-preview:-1\" \/>\n<link rel=\"canonical\" href=\"https:\/\/avaldsnes.info\/de\/historie\/steinalder-12-000-1-500-f-kr\/\" \/>\n<meta property=\"og:locale\" content=\"de_DE\" \/>\n<meta property=\"og:type\" content=\"article\" \/>\n<meta property=\"og:title\" content=\"Steinalder (12 000 - 1 800 f. Kr) Avaldsnes\" \/>\n<meta property=\"og:description\" content=\"Steinalder. Karm\u00f8y ligger i det omr\u00e5det som f\u00f8rst dukket fram da isen trakk seg bort for ca 14000 \u00e5r siden, men fremdeles var store deler av Norge dekket av en iskappe. Menneskene jaktet b\u00e5de p\u00e5 sel og storvilt. Skjell og fisk var en viktig del av kosten\" \/>\n<meta property=\"og:url\" content=\"https:\/\/avaldsnes.info\/de\/historie\/steinalder-12-000-1-500-f-kr\/\" \/>\n<meta property=\"og:site_name\" content=\"Avaldsnes\" \/>\n<meta property=\"article:modified_time\" content=\"2022-11-23T11:25:02+00:00\" \/>\n<meta property=\"og:image\" content=\"https:\/\/avaldsnes.info\/content\/uploads\/2013\/08\/Boplass-bratthelgeland.-Foto-Marit-S.-Vea-300x200.jpg\" \/>\n<meta name=\"twitter:label1\" content=\"Est. reading time\" \/>\n\t<meta name=\"twitter:data1\" content=\"14 minutes\" \/>\n<script type=\"application\/ld+json\" class=\"yoast-schema-graph\">{\"@context\":\"https:\/\/schema.org\",\"@graph\":[{\"@type\":\"WebPage\",\"@id\":\"https:\/\/avaldsnes.info\/de\/historie\/steinalder-12-000-1-500-f-kr\/\",\"url\":\"https:\/\/avaldsnes.info\/de\/historie\/steinalder-12-000-1-500-f-kr\/\",\"name\":\"Steinalder (12 000 - 1 800 f. Kr) Avaldsnes\",\"isPartOf\":{\"@id\":\"https:\/\/avaldsnes.info\/de\/#website\"},\"primaryImageOfPage\":{\"@id\":\"https:\/\/avaldsnes.info\/de\/historie\/steinalder-12-000-1-500-f-kr\/#primaryimage\"},\"image\":{\"@id\":\"https:\/\/avaldsnes.info\/de\/historie\/steinalder-12-000-1-500-f-kr\/#primaryimage\"},\"thumbnailUrl\":\"https:\/\/avaldsnes.info\/content\/uploads\/2013\/08\/Boplass-bratthelgeland.-Foto-Marit-S.-Vea-300x200.jpg\",\"datePublished\":\"2013-08-21T14:43:39+00:00\",\"dateModified\":\"2022-11-23T11:25:02+00:00\",\"description\":\"Steinalder. Karm\u00f8y ligger i det omr\u00e5det som f\u00f8rst dukket fram da isen trakk seg bort for ca 14000 \u00e5r siden, men fremdeles var store deler av Norge dekket av en iskappe. Menneskene jaktet b\u00e5de p\u00e5 sel og storvilt. Skjell og fisk var en viktig del av kosten\",\"breadcrumb\":{\"@id\":\"https:\/\/avaldsnes.info\/de\/historie\/steinalder-12-000-1-500-f-kr\/#breadcrumb\"},\"inLanguage\":\"de-DE\",\"potentialAction\":[{\"@type\":\"ReadAction\",\"target\":[[\"https:\/\/avaldsnes.info\/de\/historie\/steinalder-12-000-1-500-f-kr\/\"]]}]},{\"@type\":\"ImageObject\",\"inLanguage\":\"de-DE\",\"@id\":\"https:\/\/avaldsnes.info\/de\/historie\/steinalder-12-000-1-500-f-kr\/#primaryimage\",\"url\":\"https:\/\/avaldsnes.info\/content\/uploads\/2013\/08\/Boplass-bratthelgeland.-Foto-Marit-S.-Vea-300x200.jpg\",\"contentUrl\":\"https:\/\/avaldsnes.info\/content\/uploads\/2013\/08\/Boplass-bratthelgeland.-Foto-Marit-S.-Vea-300x200.jpg\"},{\"@type\":\"BreadcrumbList\",\"@id\":\"https:\/\/avaldsnes.info\/de\/historie\/steinalder-12-000-1-500-f-kr\/#breadcrumb\",\"itemListElement\":[{\"@type\":\"ListItem\",\"position\":1,\"name\":\"Home\",\"item\":\"https:\/\/avaldsnes.info\/de\/\"},{\"@type\":\"ListItem\",\"position\":2,\"name\":\"Historie\",\"item\":\"https:\/\/avaldsnes.info\/de\/historie\/\"},{\"@type\":\"ListItem\",\"position\":3,\"name\":\"(Norsk) Steinalder (12 000 &#8211; 1 800 f. Kr)\"}]},{\"@type\":\"WebSite\",\"@id\":\"https:\/\/avaldsnes.info\/de\/#website\",\"url\":\"https:\/\/avaldsnes.info\/de\/\",\"name\":\"Avaldsnes\",\"description\":\"Norges eldste kongesete\",\"potentialAction\":[{\"@type\":\"SearchAction\",\"target\":{\"@type\":\"EntryPoint\",\"urlTemplate\":\"https:\/\/avaldsnes.info\/de\/?s={search_term_string}\"},\"query-input\":{\"@type\":\"PropertyValueSpecification\",\"valueRequired\":true,\"valueName\":\"search_term_string\"}}],\"inLanguage\":\"de-DE\"}]}<\/script>\n<!-- \/ Yoast SEO plugin. -->","yoast_head_json":{"title":"Steinalder (12 000 - 1 800 f. Kr) Avaldsnes","description":"Steinalder. Karm\u00f8y ligger i det omr\u00e5det som f\u00f8rst dukket fram da isen trakk seg bort for ca 14000 \u00e5r siden, men fremdeles var store deler av Norge dekket av en iskappe. Menneskene jaktet b\u00e5de p\u00e5 sel og storvilt. Skjell og fisk var en viktig del av kosten","robots":{"index":"index","follow":"follow","max-snippet":"max-snippet:-1","max-image-preview":"max-image-preview:large","max-video-preview":"max-video-preview:-1"},"canonical":"https:\/\/avaldsnes.info\/de\/historie\/steinalder-12-000-1-500-f-kr\/","og_locale":"de_DE","og_type":"article","og_title":"Steinalder (12 000 - 1 800 f. Kr) Avaldsnes","og_description":"Steinalder. Karm\u00f8y ligger i det omr\u00e5det som f\u00f8rst dukket fram da isen trakk seg bort for ca 14000 \u00e5r siden, men fremdeles var store deler av Norge dekket av en iskappe. Menneskene jaktet b\u00e5de p\u00e5 sel og storvilt. Skjell og fisk var en viktig del av kosten","og_url":"https:\/\/avaldsnes.info\/de\/historie\/steinalder-12-000-1-500-f-kr\/","og_site_name":"Avaldsnes","article_modified_time":"2022-11-23T11:25:02+00:00","og_image":[{"url":"https:\/\/avaldsnes.info\/content\/uploads\/2013\/08\/Boplass-bratthelgeland.-Foto-Marit-S.-Vea-300x200.jpg","type":"","width":"","height":""}],"twitter_misc":{"Est. reading time":"14 minutes"},"schema":{"@context":"https:\/\/schema.org","@graph":[{"@type":"WebPage","@id":"https:\/\/avaldsnes.info\/de\/historie\/steinalder-12-000-1-500-f-kr\/","url":"https:\/\/avaldsnes.info\/de\/historie\/steinalder-12-000-1-500-f-kr\/","name":"Steinalder (12 000 - 1 800 f. Kr) Avaldsnes","isPartOf":{"@id":"https:\/\/avaldsnes.info\/de\/#website"},"primaryImageOfPage":{"@id":"https:\/\/avaldsnes.info\/de\/historie\/steinalder-12-000-1-500-f-kr\/#primaryimage"},"image":{"@id":"https:\/\/avaldsnes.info\/de\/historie\/steinalder-12-000-1-500-f-kr\/#primaryimage"},"thumbnailUrl":"https:\/\/avaldsnes.info\/content\/uploads\/2013\/08\/Boplass-bratthelgeland.-Foto-Marit-S.-Vea-300x200.jpg","datePublished":"2013-08-21T14:43:39+00:00","dateModified":"2022-11-23T11:25:02+00:00","description":"Steinalder. Karm\u00f8y ligger i det omr\u00e5det som f\u00f8rst dukket fram da isen trakk seg bort for ca 14000 \u00e5r siden, men fremdeles var store deler av Norge dekket av en iskappe. Menneskene jaktet b\u00e5de p\u00e5 sel og storvilt. Skjell og fisk var en viktig del av kosten","breadcrumb":{"@id":"https:\/\/avaldsnes.info\/de\/historie\/steinalder-12-000-1-500-f-kr\/#breadcrumb"},"inLanguage":"de-DE","potentialAction":[{"@type":"ReadAction","target":[["https:\/\/avaldsnes.info\/de\/historie\/steinalder-12-000-1-500-f-kr\/"]]}]},{"@type":"ImageObject","inLanguage":"de-DE","@id":"https:\/\/avaldsnes.info\/de\/historie\/steinalder-12-000-1-500-f-kr\/#primaryimage","url":"https:\/\/avaldsnes.info\/content\/uploads\/2013\/08\/Boplass-bratthelgeland.-Foto-Marit-S.-Vea-300x200.jpg","contentUrl":"https:\/\/avaldsnes.info\/content\/uploads\/2013\/08\/Boplass-bratthelgeland.-Foto-Marit-S.-Vea-300x200.jpg"},{"@type":"BreadcrumbList","@id":"https:\/\/avaldsnes.info\/de\/historie\/steinalder-12-000-1-500-f-kr\/#breadcrumb","itemListElement":[{"@type":"ListItem","position":1,"name":"Home","item":"https:\/\/avaldsnes.info\/de\/"},{"@type":"ListItem","position":2,"name":"Historie","item":"https:\/\/avaldsnes.info\/de\/historie\/"},{"@type":"ListItem","position":3,"name":"(Norsk) Steinalder (12 000 &#8211; 1 800 f. Kr)"}]},{"@type":"WebSite","@id":"https:\/\/avaldsnes.info\/de\/#website","url":"https:\/\/avaldsnes.info\/de\/","name":"Avaldsnes","description":"Norges eldste kongesete","potentialAction":[{"@type":"SearchAction","target":{"@type":"EntryPoint","urlTemplate":"https:\/\/avaldsnes.info\/de\/?s={search_term_string}"},"query-input":{"@type":"PropertyValueSpecification","valueRequired":true,"valueName":"search_term_string"}}],"inLanguage":"de-DE"}]}},"_links":{"self":[{"href":"https:\/\/avaldsnes.info\/de\/wp-json\/wp\/v2\/pages\/1145"}],"collection":[{"href":"https:\/\/avaldsnes.info\/de\/wp-json\/wp\/v2\/pages"}],"about":[{"href":"https:\/\/avaldsnes.info\/de\/wp-json\/wp\/v2\/types\/page"}],"author":[{"embeddable":true,"href":"https:\/\/avaldsnes.info\/de\/wp-json\/wp\/v2\/users\/3"}],"replies":[{"embeddable":true,"href":"https:\/\/avaldsnes.info\/de\/wp-json\/wp\/v2\/comments?post=1145"}],"version-history":[{"count":115,"href":"https:\/\/avaldsnes.info\/de\/wp-json\/wp\/v2\/pages\/1145\/revisions"}],"predecessor-version":[{"id":6463,"href":"https:\/\/avaldsnes.info\/de\/wp-json\/wp\/v2\/pages\/1145\/revisions\/6463"}],"up":[{"embeddable":true,"href":"https:\/\/avaldsnes.info\/de\/wp-json\/wp\/v2\/pages\/5"}],"wp:attachment":[{"href":"https:\/\/avaldsnes.info\/de\/wp-json\/wp\/v2\/media?parent=1145"}],"curies":[{"name":"wp","href":"https:\/\/api.w.org\/{rel}","templated":true}]}}