{"id":102,"date":"2013-03-25T09:37:42","date_gmt":"2013-03-25T09:37:42","guid":{"rendered":"https:\/\/avaldsnes.info\/?page_id=102"},"modified":"2020-12-07T11:00:42","modified_gmt":"2020-12-07T11:00:42","slug":"lorem-ipsum","status":"publish","type":"page","link":"https:\/\/avaldsnes.info\/de\/viking\/lorem-ipsum\/","title":{"rendered":"(Norsk) Runer og magi"},"content":{"rendered":"<p><\/p>\n<p><p class=\"lead\">Lorem Ipsum\u00a0er rett og slett dummytekst fra og for trykkeindustrien. Lorem Ipsum har v\u00e6rt bransjens standard for dummytekst helt siden 1500-tallet, da en ukjent boktrykker stokket en mengde bokstaver for \u00e5 lage et pr\u00f8veeksemplar av en bok.<\/p>\n<p>Lorem Ipsum har t\u00e5lt tidens tann usedvanlig godt, og har i tillegg til \u00e5 best\u00e5 gjennom fem \u00e5rhundrer ogs\u00e5 t\u00e5lt spranget over til elektronisk typografi uten vesentlige endringer. Lorem Ipsum ble gjort allment kjent i 1960-\u00e5rene ved lanseringen av Letraset-ark med avsnitt fra Lorem Ipsum, og senere med sideombrekkingsprogrammet Aldus PageMaker som tok i bruk nettopp Lorem Ipsum for dummytekst.<\/p>\n<\/p>\n<p><\/p>","protected":false},"excerpt":{"rendered":"<p>Lorem Ipsum\u00a0er rett og slett dummytekst fra og for trykkeindustrien. Lorem Ipsum har v\u00e6rt bransjens standard for dummytekst helt siden 1500-tallet, da en ukjent boktrykker stokket en mengde bokstaver for \u00e5 lage et pr\u00f8veeksemplar av en bok. Lorem Ipsum har t\u00e5lt tidens tann usedvanlig godt, og har i tillegg til \u00e5 best\u00e5 gjennom fem \u00e5rhundrer [&hellip;]<\/p>\n","protected":false},"author":1,"featured_media":0,"parent":20,"menu_order":5,"comment_status":"closed","ping_status":"open","template":"","meta":{"footnotes":""},"yoast_head":"<!-- This site is optimized with the Yoast SEO plugin v27.1.1 - https:\/\/yoast.com\/product\/yoast-seo-wordpress\/ -->\n<title>Runer og magi<\/title>\n<meta name=\"description\" content=\"Runene er vevd inn i den norr\u00f8ne religionen, og er n\u00e6rt knyttet til seid og skaldskap. Runene ble aldri oppfunnet. H\u00e5vam\u00e5l forteller at de ble funnet av Odin som l\u00e6rte seg runer da han hang seg selv i et vindbl\u00e5st tre (Yggdrasil) som offer til seg selv. Senere gav Odin runene til menneskene.\" \/>\n<meta name=\"robots\" content=\"index, follow, max-snippet:-1, max-image-preview:large, max-video-preview:-1\" \/>\n<link rel=\"canonical\" href=\"https:\/\/avaldsnes.info\/de\/viking\/lorem-ipsum\/\" \/>\n<meta property=\"og:locale\" content=\"de_DE\" \/>\n<meta property=\"og:type\" content=\"article\" \/>\n<meta property=\"og:title\" content=\"Runer og magi\" \/>\n<meta property=\"og:description\" content=\"Runene er vevd inn i den norr\u00f8ne religionen, og er n\u00e6rt knyttet til seid og skaldskap. Runene ble aldri oppfunnet. H\u00e5vam\u00e5l forteller at de ble funnet av Odin som l\u00e6rte seg runer da han hang seg selv i et vindbl\u00e5st tre (Yggdrasil) som offer til seg selv. Senere gav Odin runene til menneskene.\" \/>\n<meta property=\"og:url\" content=\"https:\/\/avaldsnes.info\/de\/viking\/lorem-ipsum\/\" \/>\n<meta property=\"og:site_name\" content=\"Avaldsnes\" \/>\n<meta property=\"article:modified_time\" content=\"2020-12-07T11:00:42+00:00\" \/>\n<meta property=\"og:image\" content=\"https:\/\/avaldsnes.info\/content\/uploads\/2013\/03\/296PX-1-148x300.jpg\" \/>\n<meta name=\"twitter:label1\" content=\"Est. reading time\" \/>\n\t<meta name=\"twitter:data1\" content=\"26 minutes\" \/>\n<script type=\"application\/ld+json\" class=\"yoast-schema-graph\">{\"@context\":\"https:\/\/schema.org\",\"@graph\":[{\"@type\":\"WebPage\",\"@id\":\"https:\/\/avaldsnes.info\/de\/viking\/lorem-ipsum\/\",\"url\":\"https:\/\/avaldsnes.info\/de\/viking\/lorem-ipsum\/\",\"name\":\"Runer og magi\",\"isPartOf\":{\"@id\":\"https:\/\/avaldsnes.info\/de\/#website\"},\"primaryImageOfPage\":{\"@id\":\"https:\/\/avaldsnes.info\/de\/viking\/lorem-ipsum\/#primaryimage\"},\"image\":{\"@id\":\"https:\/\/avaldsnes.info\/de\/viking\/lorem-ipsum\/#primaryimage\"},\"thumbnailUrl\":\"https:\/\/avaldsnes.info\/content\/uploads\/2013\/03\/296PX-1-148x300.jpg\",\"datePublished\":\"2013-03-25T09:37:42+00:00\",\"dateModified\":\"2020-12-07T11:00:42+00:00\",\"description\":\"Runene er vevd inn i den norr\u00f8ne religionen, og er n\u00e6rt knyttet til seid og skaldskap. Runene ble aldri oppfunnet. H\u00e5vam\u00e5l forteller at de ble funnet av Odin som l\u00e6rte seg runer da han hang seg selv i et vindbl\u00e5st tre (Yggdrasil) som offer til seg selv. Senere gav Odin runene til menneskene.\",\"breadcrumb\":{\"@id\":\"https:\/\/avaldsnes.info\/de\/viking\/lorem-ipsum\/#breadcrumb\"},\"inLanguage\":\"de-DE\",\"potentialAction\":[{\"@type\":\"ReadAction\",\"target\":[[\"https:\/\/avaldsnes.info\/de\/viking\/lorem-ipsum\/\"]]}]},{\"@type\":\"ImageObject\",\"inLanguage\":\"de-DE\",\"@id\":\"https:\/\/avaldsnes.info\/de\/viking\/lorem-ipsum\/#primaryimage\",\"url\":\"https:\/\/avaldsnes.info\/content\/uploads\/2013\/03\/296PX-1-148x300.jpg\",\"contentUrl\":\"https:\/\/avaldsnes.info\/content\/uploads\/2013\/03\/296PX-1-148x300.jpg\"},{\"@type\":\"BreadcrumbList\",\"@id\":\"https:\/\/avaldsnes.info\/de\/viking\/lorem-ipsum\/#breadcrumb\",\"itemListElement\":[{\"@type\":\"ListItem\",\"position\":1,\"name\":\"Home\",\"item\":\"https:\/\/avaldsnes.info\/de\/\"},{\"@type\":\"ListItem\",\"position\":2,\"name\":\"(Norsk) Runer og magi\"}]},{\"@type\":\"WebSite\",\"@id\":\"https:\/\/avaldsnes.info\/de\/#website\",\"url\":\"https:\/\/avaldsnes.info\/de\/\",\"name\":\"Avaldsnes\",\"description\":\"Norges eldste kongesete\",\"potentialAction\":[{\"@type\":\"SearchAction\",\"target\":{\"@type\":\"EntryPoint\",\"urlTemplate\":\"https:\/\/avaldsnes.info\/de\/?s={search_term_string}\"},\"query-input\":{\"@type\":\"PropertyValueSpecification\",\"valueRequired\":true,\"valueName\":\"search_term_string\"}}],\"inLanguage\":\"de-DE\"}]}<\/script>\n<!-- \/ Yoast SEO plugin. -->","yoast_head_json":{"title":"Runer og magi","description":"Runene er vevd inn i den norr\u00f8ne religionen, og er n\u00e6rt knyttet til seid og skaldskap. Runene ble aldri oppfunnet. H\u00e5vam\u00e5l forteller at de ble funnet av Odin som l\u00e6rte seg runer da han hang seg selv i et vindbl\u00e5st tre (Yggdrasil) som offer til seg selv. Senere gav Odin runene til menneskene.","robots":{"index":"index","follow":"follow","max-snippet":"max-snippet:-1","max-image-preview":"max-image-preview:large","max-video-preview":"max-video-preview:-1"},"canonical":"https:\/\/avaldsnes.info\/de\/viking\/lorem-ipsum\/","og_locale":"de_DE","og_type":"article","og_title":"Runer og magi","og_description":"Runene er vevd inn i den norr\u00f8ne religionen, og er n\u00e6rt knyttet til seid og skaldskap. Runene ble aldri oppfunnet. H\u00e5vam\u00e5l forteller at de ble funnet av Odin som l\u00e6rte seg runer da han hang seg selv i et vindbl\u00e5st tre (Yggdrasil) som offer til seg selv. Senere gav Odin runene til menneskene.","og_url":"https:\/\/avaldsnes.info\/de\/viking\/lorem-ipsum\/","og_site_name":"Avaldsnes","article_modified_time":"2020-12-07T11:00:42+00:00","og_image":[{"url":"https:\/\/avaldsnes.info\/content\/uploads\/2013\/03\/296PX-1-148x300.jpg","type":"","width":"","height":""}],"twitter_misc":{"Est. reading time":"26 minutes"},"schema":{"@context":"https:\/\/schema.org","@graph":[{"@type":"WebPage","@id":"https:\/\/avaldsnes.info\/de\/viking\/lorem-ipsum\/","url":"https:\/\/avaldsnes.info\/de\/viking\/lorem-ipsum\/","name":"Runer og magi","isPartOf":{"@id":"https:\/\/avaldsnes.info\/de\/#website"},"primaryImageOfPage":{"@id":"https:\/\/avaldsnes.info\/de\/viking\/lorem-ipsum\/#primaryimage"},"image":{"@id":"https:\/\/avaldsnes.info\/de\/viking\/lorem-ipsum\/#primaryimage"},"thumbnailUrl":"https:\/\/avaldsnes.info\/content\/uploads\/2013\/03\/296PX-1-148x300.jpg","datePublished":"2013-03-25T09:37:42+00:00","dateModified":"2020-12-07T11:00:42+00:00","description":"Runene er vevd inn i den norr\u00f8ne religionen, og er n\u00e6rt knyttet til seid og skaldskap. Runene ble aldri oppfunnet. H\u00e5vam\u00e5l forteller at de ble funnet av Odin som l\u00e6rte seg runer da han hang seg selv i et vindbl\u00e5st tre (Yggdrasil) som offer til seg selv. Senere gav Odin runene til menneskene.","breadcrumb":{"@id":"https:\/\/avaldsnes.info\/de\/viking\/lorem-ipsum\/#breadcrumb"},"inLanguage":"de-DE","potentialAction":[{"@type":"ReadAction","target":[["https:\/\/avaldsnes.info\/de\/viking\/lorem-ipsum\/"]]}]},{"@type":"ImageObject","inLanguage":"de-DE","@id":"https:\/\/avaldsnes.info\/de\/viking\/lorem-ipsum\/#primaryimage","url":"https:\/\/avaldsnes.info\/content\/uploads\/2013\/03\/296PX-1-148x300.jpg","contentUrl":"https:\/\/avaldsnes.info\/content\/uploads\/2013\/03\/296PX-1-148x300.jpg"},{"@type":"BreadcrumbList","@id":"https:\/\/avaldsnes.info\/de\/viking\/lorem-ipsum\/#breadcrumb","itemListElement":[{"@type":"ListItem","position":1,"name":"Home","item":"https:\/\/avaldsnes.info\/de\/"},{"@type":"ListItem","position":2,"name":"(Norsk) Runer og magi"}]},{"@type":"WebSite","@id":"https:\/\/avaldsnes.info\/de\/#website","url":"https:\/\/avaldsnes.info\/de\/","name":"Avaldsnes","description":"Norges eldste kongesete","potentialAction":[{"@type":"SearchAction","target":{"@type":"EntryPoint","urlTemplate":"https:\/\/avaldsnes.info\/de\/?s={search_term_string}"},"query-input":{"@type":"PropertyValueSpecification","valueRequired":true,"valueName":"search_term_string"}}],"inLanguage":"de-DE"}]}},"_links":{"self":[{"href":"https:\/\/avaldsnes.info\/de\/wp-json\/wp\/v2\/pages\/102"}],"collection":[{"href":"https:\/\/avaldsnes.info\/de\/wp-json\/wp\/v2\/pages"}],"about":[{"href":"https:\/\/avaldsnes.info\/de\/wp-json\/wp\/v2\/types\/page"}],"author":[{"embeddable":true,"href":"https:\/\/avaldsnes.info\/de\/wp-json\/wp\/v2\/users\/1"}],"replies":[{"embeddable":true,"href":"https:\/\/avaldsnes.info\/de\/wp-json\/wp\/v2\/comments?post=102"}],"version-history":[{"count":169,"href":"https:\/\/avaldsnes.info\/de\/wp-json\/wp\/v2\/pages\/102\/revisions"}],"predecessor-version":[{"id":6117,"href":"https:\/\/avaldsnes.info\/de\/wp-json\/wp\/v2\/pages\/102\/revisions\/6117"}],"up":[{"embeddable":true,"href":"https:\/\/avaldsnes.info\/de\/wp-json\/wp\/v2\/pages\/20"}],"wp:attachment":[{"href":"https:\/\/avaldsnes.info\/de\/wp-json\/wp\/v2\/media?parent=102"}],"curies":[{"name":"wp","href":"https:\/\/api.w.org\/{rel}","templated":true}]}}